{"id":1168,"date":"2021-11-25T10:28:02","date_gmt":"2021-11-25T16:28:02","guid":{"rendered":"https:\/\/cenfo.net\/bolsatrabajo\/?page_id=1168"},"modified":"2022-05-20T15:31:16","modified_gmt":"2022-05-20T21:31:16","slug":"terminos-condiciones","status":"publish","type":"page","link":"https:\/\/ucenfotec.ac.cr\/\/bolsatrabajo\/terminos-condiciones\/","title":{"rendered":"T\u00e9rminos y condiciones"},"content":{"rendered":"<p><div class=\"fusion-fullwidth fullwidth-box fusion-builder-row-1 fusion-flex-container nonhundred-percent-fullwidth non-hundred-percent-height-scrolling\" style=\"--awb-border-radius-top-left:0px;--awb-border-radius-top-right:0px;--awb-border-radius-bottom-right:0px;--awb-border-radius-bottom-left:0px;--awb-flex-wrap:wrap;\" ><div class=\"fusion-builder-row fusion-row fusion-flex-align-items-flex-start fusion-flex-content-wrap\" style=\"max-width:1289.6px;margin-left: calc(-4% \/ 2 );margin-right: calc(-4% \/ 2 );\"><div class=\"fusion-layout-column fusion_builder_column fusion-builder-column-0 fusion_builder_column_1_1 1_1 fusion-flex-column\" style=\"--awb-bg-size:cover;--awb-width-large:100%;--awb-margin-top-large:0px;--awb-spacing-right-large:1.92%;--awb-margin-bottom-large:20px;--awb-spacing-left-large:1.92%;--awb-width-medium:100%;--awb-order-medium:0;--awb-spacing-right-medium:1.92%;--awb-spacing-left-medium:1.92%;--awb-width-small:100%;--awb-order-small:0;--awb-spacing-right-small:1.92%;--awb-spacing-left-small:1.92%;\"><div class=\"fusion-column-wrapper fusion-column-has-shadow fusion-flex-justify-content-flex-start fusion-content-layout-column\"><div class=\"fusion-title title fusion-title-1 fusion-sep-none fusion-title-center fusion-title-text fusion-title-size-one\" style=\"--awb-margin-top:0px;--awb-margin-bottom:10px;--awb-margin-top-small:0px;--awb-margin-right-small:0px;--awb-margin-bottom-small:20px;--awb-margin-left-small:0px;--awb-font-size:36px;\"><h1 class=\"fusion-title-heading title-heading-center fusion-responsive-typography-calculated\" style=\"margin:0;font-size:1em;--fontSize:36;line-height:1.5;\"><b>T\u00c9RMINOS Y CONDICIONES PARA EL\u00a0 PORTAL DE LA BOLSA DE TRABAJO UNIVERSIDAD CENFOTEC.<\/b><\/h1><\/div><\/div><\/div><\/div><\/div><div class=\"fusion-fullwidth fullwidth-box fusion-builder-row-2 fusion-flex-container nonhundred-percent-fullwidth non-hundred-percent-height-scrolling\" style=\"--awb-border-radius-top-left:0px;--awb-border-radius-top-right:0px;--awb-border-radius-bottom-right:0px;--awb-border-radius-bottom-left:0px;--awb-flex-wrap:wrap;\" ><div class=\"fusion-builder-row fusion-row fusion-flex-align-items-flex-start fusion-flex-content-wrap\" style=\"max-width:1289.6px;margin-left: calc(-4% \/ 2 );margin-right: calc(-4% \/ 2 );\"><div class=\"fusion-layout-column fusion_builder_column fusion-builder-column-1 fusion_builder_column_1_1 1_1 fusion-flex-column\" style=\"--awb-bg-size:cover;--awb-width-large:100%;--awb-margin-top-large:0px;--awb-spacing-right-large:1.92%;--awb-margin-bottom-large:20px;--awb-spacing-left-large:1.92%;--awb-width-medium:100%;--awb-order-medium:0;--awb-spacing-right-medium:1.92%;--awb-spacing-left-medium:1.92%;--awb-width-small:100%;--awb-order-small:0;--awb-spacing-right-small:1.92%;--awb-spacing-left-small:1.92%;\"><div class=\"fusion-column-wrapper fusion-column-has-shadow fusion-flex-justify-content-flex-start fusion-content-layout-column\"><div class=\"fusion-text fusion-text-1\"><p data-uw-styling-context=\"true\"><span style=\"font-weight: 400;\" data-uw-styling-context=\"true\">En esta p\u00e1gina se establecen los &#8220;T\u00e9rminos y condiciones&#8221; bajo los cuales podr\u00e1 utilizar la herramienta denominada Bolsa de Trabajo de la Universidad Cenfotec. Al usar este portal, usted acepta estar sujeto a los mismos. La persona usuaria acepta y reconoce que este Portal es una herramienta que ofrece la Universidad Cenfotec. En caso de que no est\u00e9 de acuerdo con t\u00e9rminos de uso y privacidad, deber\u00e1 abstenerse de utilizarlo.<\/span><\/p>\n<ol data-uw-styling-context=\"true\">\n<li data-uw-styling-context=\"true\"><span style=\"font-weight: 400;\" data-uw-styling-context=\"true\"> T\u00c9RMINOS.<\/span><\/li>\n<\/ol>\n<p data-uw-styling-context=\"true\"><span style=\"font-weight: 400;\" data-uw-styling-context=\"true\">ACEPTACI\u00d3N Y MODIFICACIONES: Los t\u00e9rminos y condiciones pueden ser actualizados y modificados en cualquier momento y sin previa notificaci\u00f3n por parte de la Universidad Cenfotec. <\/span><\/p>\n<ol start=\"2\" data-uw-styling-context=\"true\">\n<li data-uw-styling-context=\"true\"><span style=\"font-weight: 400;\" data-uw-styling-context=\"true\"> OBJETIVO DEL PORTAL.<\/span><\/li>\n<\/ol>\n<p data-uw-styling-context=\"true\"><span style=\"font-weight: 400;\" data-uw-styling-context=\"true\">Ser nexo y enlace entre empresas que buscan cubrir sus vacantes con perfiles de estudiantes y personas egresadas de la Universidad, \u200b\u200bo cualquier usuario externo que desee incorporarse a los puestos de trabajo publicados.<\/span><\/p>\n<ol start=\"3\" data-uw-styling-context=\"true\">\n<li data-uw-styling-context=\"true\"><span style=\"font-weight: 400;\" data-uw-styling-context=\"true\"> REGLAS DE USO GENERAL DEL PORTAL.<\/span><\/li>\n<\/ol>\n<p data-uw-styling-context=\"true\"><span style=\"font-weight: 400;\" data-uw-styling-context=\"true\">La Universidad Cenfotec se reserva el derecho de suspender el acceso o cancelar el uso de ESTE PORTAL si se determina que existe una violaci\u00f3n de cualquiera de estos t\u00e9rminos y condiciones.<\/span><\/p>\n<p data-uw-styling-context=\"true\"><span style=\"font-weight: 400;\" data-uw-styling-context=\"true\">La persona <\/span><b data-uw-styling-context=\"true\">usuaria<\/b><span style=\"font-weight: 400;\" data-uw-styling-context=\"true\"> se obliga a abstenerse de utilizar el Portal y los Servicios con fines o efectos il\u00edcitos, contrarios a lo establecido en estos T\u00e9rminos y Condiciones Generales, lesivos de los derechos e intereses de terceros, o que de cualquier forma puedan da\u00f1ar, inutilizar, sobrecargar o deteriorar el sitio y los Servicios o impedir la normal utilizaci\u00f3n o disfrute del sitio y de los Servicios por parte de los Usuarios.<\/span><\/p>\n<p data-uw-styling-context=\"true\"><span style=\"font-weight: 400;\" data-uw-styling-context=\"true\">Es responsabilidad directa de las <\/span><b data-uw-styling-context=\"true\">empresas<\/b><span style=\"font-weight: 400;\" data-uw-styling-context=\"true\">, que la publicaci\u00f3n de ofertas a trav\u00e9s del Portal cumpla con la ley seg\u00fan la jurisdicci\u00f3n correspondiente, dependiendo de donde se encuentre la oferta de trabajo. Los documentos encontrados que infrinjan las normas de publicaci\u00f3n se eliminar\u00e1n a discreci\u00f3n exclusiva de la bolsa de trabajo.<\/span><\/p>\n<p data-uw-styling-context=\"true\"><span style=\"font-weight: 400;\" data-uw-styling-context=\"true\">Los oferentes extender\u00e1n la informaci\u00f3n sin ninguna contraprestaci\u00f3n monetaria o en especie y no generan obligaci\u00f3n alguna por parte de la Universidad Cenfotec.<\/span><\/p>\n<p data-uw-styling-context=\"true\"><span style=\"font-weight: 400;\" data-uw-styling-context=\"true\">Es responsabilidad directa de las empresas que la publicaci\u00f3n de ofertas a trav\u00e9s de este portal est\u00e9 apegada a la ley. En particular, es de suma importancia cumplir con las obligaciones contra la discriminaci\u00f3n establecidas por la legislaci\u00f3n y no restringir el acceso al empleo por motivos de etnia o nacionalidad, g\u00e9nero, edad, discapacidad, condici\u00f3n social, condiciones de salud, religi\u00f3n, opiniones, preferencias, estado civil o cualquier otra que ata\u00f1e a la dignidad humana y tenga por objeto o vulnerar los derechos y libertades de los individuos.<\/span><\/p>\n<ol start=\"4\" data-uw-styling-context=\"true\">\n<li data-uw-styling-context=\"true\"><span style=\"font-weight: 400;\" data-uw-styling-context=\"true\"> PRIVACIDAD Y USO DE INFORMACI\u00d3N PERSONAL<\/span><\/li>\n<\/ol>\n<p data-uw-styling-context=\"true\"><span style=\"font-weight: 400;\" data-uw-styling-context=\"true\">Las empresas no podr\u00e1n utilizar la informaci\u00f3n proporcionada por los usuarios del portal Bolsa de trabajo Universidad Cenfotec para fines distintos a los explicados anteriormente. Queda, por tanto, prohibido utilizar los datos personales para publicidad, campa\u00f1as, creaci\u00f3n de datos y\/o cualquier otro acto distinto al de contrataci\u00f3n y selecci\u00f3n.<\/span><\/p>\n<ol start=\"5\" data-uw-styling-context=\"true\">\n<li data-uw-styling-context=\"true\"><span style=\"font-weight: 400;\" data-uw-styling-context=\"true\"> L\u00cdMITE DE RESPONSABILIDAD <\/span><\/li>\n<\/ol>\n<p data-uw-styling-context=\"true\"><span style=\"font-weight: 400;\" data-uw-styling-context=\"true\">La persona lectora, usuaria o empresa expresamente comprende y conviene en que:<\/span><\/p>\n<ol data-uw-styling-context=\"true\">\n<li style=\"font-weight: 400;\" aria-level=\"1\" data-uw-styling-context=\"true\"><span style=\"font-weight: 400;\" data-uw-styling-context=\"true\">La Bolsa de Trabajo de la Universidad Cenfotec se reserva el derecho de autorizar la publicaci\u00f3n de una vacante u oferta de empleo, as\u00ed como tambi\u00e9n el derecho de autorizar el acceso de una organizaci\u00f3n a la Bolsa de Trabajo. <\/span><\/li>\n<li style=\"font-weight: 400;\" aria-level=\"1\" data-uw-styling-context=\"true\"><span style=\"font-weight: 400;\" data-uw-styling-context=\"true\">La Bolsa de Trabajo de la Universidad Cenfotec no tiene responsabilidad, ni injerencia alguna, en el proceso de reclutamiento, selecci\u00f3n y sobre las condiciones laborales ofrecidas por las empresas.<\/span><\/li>\n<li style=\"font-weight: 400;\" aria-level=\"1\" data-uw-styling-context=\"true\"><span style=\"font-weight: 400;\" data-uw-styling-context=\"true\">La Bolsa de trabajo de la Universidad Cenfotec no se hace responsable de lo que las empresas publiquen y de lo que los usuarios registren sobre sus conocimientos, habilidades, experiencia u otros.<\/span><\/li>\n<li style=\"font-weight: 400;\" aria-level=\"1\" data-uw-styling-context=\"true\"><span style=\"font-weight: 400;\" data-uw-styling-context=\"true\">La Bolsa de Empleo de la Universidad Cenfotec no se hace responsable de la contrataci\u00f3n de usuarios por parte de las empresas o cualquier otro relacionado con el portal de servicios de la Bolsa de Empleo de la Universidad Cenfotec.<\/span><\/li>\n<li style=\"font-weight: 400;\" aria-level=\"1\" data-uw-styling-context=\"true\"><span style=\"font-weight: 400;\" data-uw-styling-context=\"true\">El servicio de Bolsa de Trabajo no garantiza en modo alguno la contrataci\u00f3n de los usuarios que utilicen los servicios del portal.<\/span><\/li>\n<li style=\"font-weight: 400;\" aria-level=\"1\" data-uw-styling-context=\"true\"><span style=\"font-weight: 400;\" data-uw-styling-context=\"true\">La utilizaci\u00f3n del portal es una responsabilidad individual. El portal es provisto y actualizado seg\u00fan se encuentre disponible.<\/span><\/li>\n<li style=\"font-weight: 400;\" aria-level=\"1\" data-uw-styling-context=\"true\"><span style=\"font-weight: 400;\" data-uw-styling-context=\"true\">La Bolsa de trabajo de la Universidad Cenfotec no documentar\u00e1 ninguna informaci\u00f3n o datos particulares, sobre los procesos de reclutamiento o selecci\u00f3n entre postulantes u oferentes. <\/span><\/li>\n<\/ol>\n<ol start=\"6\" data-uw-styling-context=\"true\">\n<li data-uw-styling-context=\"true\"><span style=\"font-weight: 400;\" data-uw-styling-context=\"true\"> POL\u00cdTICAS DE ACCESO AL PORTAL<\/span><\/li>\n<\/ol>\n<p data-uw-styling-context=\"true\"><span style=\"font-weight: 400;\" data-uw-styling-context=\"true\">La Universidad Cenfotec no se hace responsable de los acuerdos que puedan establecer la empresa y el usuario de este servicio. Estando enterados los usuarios de este servicio y de acuerdo con cada uno de los puntos anteriormente se\u00f1alados, manifiesta su consentimiento al momento del registro de sus datos en este portal.<\/span><\/p>\n<ol start=\"7\" data-uw-styling-context=\"true\">\n<li data-uw-styling-context=\"true\"><span style=\"font-weight: 400;\" data-uw-styling-context=\"true\"> LEY APLICABLE Y JURISDICCI\u00d3N <\/span><\/li>\n<\/ol>\n<p data-uw-styling-context=\"true\"><span style=\"font-weight: 400;\" data-uw-styling-context=\"true\">Los presentes T\u00e9rminos y Condiciones se rigen por las leyes aplicables de la Rep\u00fablica de Costa Rica. Para la interpretaci\u00f3n y cumplimiento de las presentes disposiciones, as\u00ed como para todo aquello que no est\u00e9 expresamente estipulado en las mismas, las partes se someter\u00e1n a las Leyes y Jurisdicci\u00f3n de los Tribunales de Costa Rica, renunciando expresa e irrevocablemente desde este momento a cualquier otro fuero que les corresponda o llegar\u00e9 a corresponder en raz\u00f3n de su domicilio presente o futuro. <\/span><\/p>\n<\/div><\/div><\/div><\/div><\/div><\/p>\n","protected":false},"excerpt":{"rendered":"","protected":false},"author":1,"featured_media":0,"parent":0,"menu_order":0,"comment_status":"closed","ping_status":"closed","template":"","meta":{"_relevanssi_hide_post":"","_relevanssi_hide_content":"","_relevanssi_pin_for_all":"","_relevanssi_pin_keywords":"","_relevanssi_unpin_keywords":"","_relevanssi_related_keywords":"","_relevanssi_related_include_ids":"","_relevanssi_related_exclude_ids":"","_relevanssi_related_no_append":"","_relevanssi_related_not_related":"","_relevanssi_related_posts":"","_relevanssi_noindex_reason":"","footnotes":""},"class_list":["post-1168","page","type-page","status-publish","hentry"],"_links":{"self":[{"href":"https:\/\/ucenfotec.ac.cr\/\/bolsatrabajo\/wp-json\/wp\/v2\/pages\/1168","targetHints":{"allow":["GET"]}}],"collection":[{"href":"https:\/\/ucenfotec.ac.cr\/\/bolsatrabajo\/wp-json\/wp\/v2\/pages"}],"about":[{"href":"https:\/\/ucenfotec.ac.cr\/\/bolsatrabajo\/wp-json\/wp\/v2\/types\/page"}],"author":[{"embeddable":true,"href":"https:\/\/ucenfotec.ac.cr\/\/bolsatrabajo\/wp-json\/wp\/v2\/users\/1"}],"replies":[{"embeddable":true,"href":"https:\/\/ucenfotec.ac.cr\/\/bolsatrabajo\/wp-json\/wp\/v2\/comments?post=1168"}],"version-history":[{"count":7,"href":"https:\/\/ucenfotec.ac.cr\/\/bolsatrabajo\/wp-json\/wp\/v2\/pages\/1168\/revisions"}],"predecessor-version":[{"id":1401,"href":"https:\/\/ucenfotec.ac.cr\/\/bolsatrabajo\/wp-json\/wp\/v2\/pages\/1168\/revisions\/1401"}],"wp:attachment":[{"href":"https:\/\/ucenfotec.ac.cr\/\/bolsatrabajo\/wp-json\/wp\/v2\/media?parent=1168"}],"curies":[{"name":"wp","href":"https:\/\/api.w.org\/{rel}","templated":true}]}}