{"id":2450,"date":"2021-11-13T09:38:27","date_gmt":"2021-11-13T15:38:27","guid":{"rendered":"https:\/\/cenfo.net\/egresados\/?page_id=2450"},"modified":"2024-12-03T19:10:13","modified_gmt":"2024-12-04T01:10:13","slug":"blog","status":"publish","type":"page","link":"https:\/\/ucenfotec.ac.cr\/\/egresados\/blog\/","title":{"rendered":"Blog"},"content":{"rendered":"<div class=\"fusion-fullwidth fullwidth-box fusion-builder-row-1 fusion-flex-container nonhundred-percent-fullwidth non-hundred-percent-height-scrolling\" style=\"--awb-background-position:left top;--awb-border-sizes-top:0px;--awb-border-sizes-bottom:0px;--awb-border-sizes-left:0px;--awb-border-sizes-right:0px;--awb-border-radius-top-left:0px;--awb-border-radius-top-right:0px;--awb-border-radius-bottom-right:0px;--awb-border-radius-bottom-left:0px;--awb-padding-top:0px;--awb-padding-bottom:0px;--awb-background-color:#faf9f8;--awb-flex-wrap:wrap;\" ><div class=\"fusion-builder-row fusion-row fusion-flex-align-items-flex-start fusion-flex-content-wrap\" style=\"max-width:1331.2px;margin-left: calc(-4% \/ 2 );margin-right: calc(-4% \/ 2 );\"><div class=\"fusion-layout-column fusion_builder_column fusion-builder-column-0 fusion_builder_column_1_6 1_6 fusion-flex-column fusion-no-small-visibility\" style=\"--awb-bg-size:cover;--awb-width-large:16.666666666667%;--awb-margin-top-large:10px;--awb-spacing-right-large:11.52%;--awb-margin-bottom-large:10px;--awb-spacing-left-large:11.52%;--awb-width-medium:100%;--awb-spacing-right-medium:1.92%;--awb-spacing-left-medium:1.92%;--awb-width-small:100%;--awb-spacing-right-small:1.92%;--awb-spacing-left-small:1.92%;\"><div class=\"fusion-column-wrapper fusion-flex-justify-content-flex-start fusion-content-layout-column\"><\/div><\/div><div class=\"fusion-layout-column fusion_builder_column fusion-builder-column-1 fusion_builder_column_2_3 2_3 fusion-flex-column\" style=\"--awb-bg-size:cover;--awb-width-large:66.666666666667%;--awb-margin-top-large:10px;--awb-spacing-right-large:2.88%;--awb-margin-bottom-large:3%;--awb-spacing-left-large:2.88%;--awb-width-medium:100%;--awb-spacing-right-medium:1.92%;--awb-spacing-left-medium:1.92%;--awb-width-small:100%;--awb-spacing-right-small:1.92%;--awb-spacing-left-small:1.92%;\"><div class=\"fusion-column-wrapper fusion-flex-justify-content-flex-start fusion-content-layout-column\"><div class=\"fusion-blog-shortcode fusion-blog-shortcode-1 fusion-blog-archive fusion-blog-layout-medium-alternate fusion-blog-no\"><div class=\"fusion-posts-container fusion-posts-container-no fusion-no-meta-info fusion-blog-rollover\" data-pages=\"0\"><article id=\"blog-1-post-3052\" class=\"fusion-post-medium-alternate post-3052 post type-post status-publish format-standard has-post-thumbnail hentry category-blog category-noticias\">\n<div class=\"fusion-date-and-formats\"><div class=\"fusion-date-box updated\"><span class=\"fusion-date\">21<\/span><span class=\"fusion-month-year\">05, 2022<\/span><\/div><div class=\"fusion-format-box\"><i class=\"awb-icon-pen\" aria-hidden=\"true\"><\/i><\/div><\/div>\t<style type=\"text\/css\">\n\t\t\n\t\t\n\t\t\n\t\t\n\t\t\t<\/style>\n\n\n\t\t\t<div class=\"fusion-flexslider flexslider fusion-flexslider-loading fusion-post-slideshow\" style=\"\">\n\t\t<ul class=\"slides\">\n\t\t\t\n\t\t\t\t\t\t\t\t\t\t\t\t\t\t<li><div  class=\"fusion-image-wrapper fusion-image-size-fixed\" aria-haspopup=\"true\">\n\t\t\t\t<img decoding=\"async\" width=\"320\" height=\"202\" src=\"https:\/\/ucenfotec.ac.cr\/egresados\/wp-content\/uploads\/sites\/19\/2022\/05\/code-g77820b524_1920-320x202.jpg\" class=\"attachment-blog-medium size-blog-medium lazyload wp-post-image\" alt=\"https:\/\/pixabay.com\/\" srcset=\"data:image\/svg+xml,%3Csvg%20xmlns%3D%27http%3A%2F%2Fwww.w3.org%2F2000%2Fsvg%27%20width%3D%271920%27%20height%3D%271281%27%20viewBox%3D%270%200%201920%201281%27%3E%3Crect%20width%3D%271920%27%20height%3D%271281%27%20fill-opacity%3D%220%22%2F%3E%3C%2Fsvg%3E\" data-orig-src=\"https:\/\/ucenfotec.ac.cr\/egresados\/wp-content\/uploads\/sites\/19\/2022\/05\/code-g77820b524_1920-320x202.jpg\" data-srcset=\"https:\/\/ucenfotec.ac.cr\/egresados\/wp-content\/uploads\/sites\/19\/2022\/05\/code-g77820b524_1920-320x202.jpg 320w, https:\/\/ucenfotec.ac.cr\/egresados\/wp-content\/uploads\/sites\/19\/2022\/05\/code-g77820b524_1920-700x441.jpg 700w\" data-sizes=\"auto\" \/><div class=\"fusion-rollover\">\n\t<div class=\"fusion-rollover-content\">\n\n\t\t\t\t\t\t\t\t\t\t\t\t\t\t<a class=\"fusion-rollover-link\" href=\"https:\/\/ucenfotec.ac.cr\/\/egresados\/la-tecnologia-revoluciona-el-mercado-laboral\/\">La Tecnolog\u00eda Revoluciona el Mercado Laboral<\/a>\n\t\t\t\n\t\t\t\t\t\t\t\t\t\t\t\t\t\t\n\t\t\t\t\t\t\t\t\n\t\t\t\t\t\t\t\t\t\t\t\t\t<div class=\"fusion-rollover-sep\"><\/div>\n\t\t\t\t\n\t\t\t\t\t\t\t\t\t\t\t\t\t\t\t\t\t\t<a class=\"fusion-rollover-gallery\" href=\"https:\/\/ucenfotec.ac.cr\/egresados\/wp-content\/uploads\/sites\/19\/2022\/05\/code-g77820b524_1920.jpg\" data-options=\"\" data-id=\"3052\" data-rel=\"iLightbox[gallery]\" data-title=\"https:\/\/pixabay.com\/\" data-caption=\"\">\n\t\t\t\t\t\tGaler\u00eda\t\t\t\t\t<\/a>\n\t\t\t\t\t\t\t\t\t\t\t\t\t\t\n\t\t\n\t\t\t\t\t\t\t\t\n\t\t\t\t\t\t\t\t\n\t\t\n\t\t\t\t\t\t<a class=\"fusion-link-wrapper\" href=\"https:\/\/ucenfotec.ac.cr\/\/egresados\/la-tecnologia-revoluciona-el-mercado-laboral\/\" aria-label=\"La Tecnolog\u00eda Revoluciona el Mercado Laboral\"><\/a>\n\t<\/div>\n<\/div>\n<\/div>\n<\/li>\n\t\t\t\n\t\t\t\n\t\t\t\t\t\t\t\t\t\t\t\t\t\t\t\t\t\t\t\t\t\t\t\t\t\t\t\t\t\t\t\t\t\t\t\t\t\t\t\t\t\t\t\t\t\t\t\t\t\t\t\t\t\t\t\t\t\t\t\t\t\t\t\t\t\t\t\t<\/ul>\n\t<\/div>\n\t<div class=\"fusion-post-content post-content\"><h2 class=\"blog-shortcode-post-title entry-title\"><a href=\"https:\/\/ucenfotec.ac.cr\/\/egresados\/la-tecnologia-revoluciona-el-mercado-laboral\/\">La Tecnolog\u00eda Revoluciona el Mercado Laboral<\/a><\/h2><div class=\"fusion-post-content-container\"><p>En los \u00faltimos a\u00f1os, se ha confirmado el crecimiento exponencial de la ola tecnol\u00f3gica; aunque se han creado muchas expectativas al respecto, es con el pasar del tiempo que se evidencia su impacto real en el tejido social.\u00a0 Actualmente, se experimentan grandes procesos de automatizaci\u00f3n empresarial; en el Informe sobre Tecnolog\u00eda e Informaci\u00f3n de Naciones Unidas, se consideran algunas estimaciones que \u201csugieren que en los pr\u00f3ximos 20 a\u00f1os en Europa<a href=\"https:\/\/ucenfotec.ac.cr\/\/egresados\/la-tecnologia-revoluciona-el-mercado-laboral\/\"> [...]<\/a><\/p><\/div><\/div><div class=\"fusion-clearfix\"><\/div><\/article>\n<\/div><\/div><\/div><\/div><\/div><\/div>\n","protected":false},"excerpt":{"rendered":"","protected":false},"author":1,"featured_media":0,"parent":0,"menu_order":0,"comment_status":"closed","ping_status":"closed","template":"100-width.php","meta":{"_relevanssi_hide_post":"","_relevanssi_hide_content":"","_relevanssi_pin_for_all":"","_relevanssi_pin_keywords":"","_relevanssi_unpin_keywords":"","_relevanssi_related_keywords":"","_relevanssi_related_include_ids":"","_relevanssi_related_exclude_ids":"","_relevanssi_related_no_append":"","_relevanssi_related_not_related":"","_relevanssi_related_posts":"","_relevanssi_noindex_reason":"","footnotes":""},"class_list":["post-2450","page","type-page","status-publish","hentry"],"_links":{"self":[{"href":"https:\/\/ucenfotec.ac.cr\/\/egresados\/wp-json\/wp\/v2\/pages\/2450","targetHints":{"allow":["GET"]}}],"collection":[{"href":"https:\/\/ucenfotec.ac.cr\/\/egresados\/wp-json\/wp\/v2\/pages"}],"about":[{"href":"https:\/\/ucenfotec.ac.cr\/\/egresados\/wp-json\/wp\/v2\/types\/page"}],"author":[{"embeddable":true,"href":"https:\/\/ucenfotec.ac.cr\/\/egresados\/wp-json\/wp\/v2\/users\/1"}],"replies":[{"embeddable":true,"href":"https:\/\/ucenfotec.ac.cr\/\/egresados\/wp-json\/wp\/v2\/comments?post=2450"}],"version-history":[{"count":17,"href":"https:\/\/ucenfotec.ac.cr\/\/egresados\/wp-json\/wp\/v2\/pages\/2450\/revisions"}],"predecessor-version":[{"id":3985,"href":"https:\/\/ucenfotec.ac.cr\/\/egresados\/wp-json\/wp\/v2\/pages\/2450\/revisions\/3985"}],"wp:attachment":[{"href":"https:\/\/ucenfotec.ac.cr\/\/egresados\/wp-json\/wp\/v2\/media?parent=2450"}],"curies":[{"name":"wp","href":"https:\/\/api.w.org\/{rel}","templated":true}]}}