{"id":2676,"date":"2021-11-23T11:04:49","date_gmt":"2021-11-23T17:04:49","guid":{"rendered":"https:\/\/cenfo.net\/egresados\/?page_id=2676"},"modified":"2024-12-03T19:07:44","modified_gmt":"2024-12-04T01:07:44","slug":"programa-de-mentores","status":"publish","type":"page","link":"https:\/\/ucenfotec.ac.cr\/\/egresados\/programa-de-mentores\/","title":{"rendered":"Programa de mentores"},"content":{"rendered":"<div class=\"fusion-fullwidth fullwidth-box fusion-builder-row-1 fusion-flex-container nonhundred-percent-fullwidth non-hundred-percent-height-scrolling\" style=\"--awb-border-radius-top-left:0px;--awb-border-radius-top-right:0px;--awb-border-radius-bottom-right:0px;--awb-border-radius-bottom-left:0px;--awb-flex-wrap:wrap;\" ><div class=\"fusion-builder-row fusion-row fusion-flex-align-items-flex-start fusion-flex-content-wrap\" style=\"max-width:1331.2px;margin-left: calc(-4% \/ 2 );margin-right: calc(-4% \/ 2 );\"><div class=\"fusion-layout-column fusion_builder_column fusion-builder-column-0 fusion_builder_column_1_1 1_1 fusion-flex-column\" style=\"--awb-bg-size:cover;--awb-width-large:100%;--awb-margin-top-large:10px;--awb-spacing-right-large:1.92%;--awb-margin-bottom-large:10px;--awb-spacing-left-large:1.92%;--awb-width-medium:100%;--awb-order-medium:0;--awb-spacing-right-medium:1.92%;--awb-spacing-left-medium:1.92%;--awb-width-small:100%;--awb-order-small:0;--awb-spacing-right-small:1.92%;--awb-spacing-left-small:1.92%;\"><div class=\"fusion-column-wrapper fusion-column-has-shadow fusion-flex-justify-content-flex-start fusion-content-layout-column\"><div class=\"fusion-text fusion-text-1\" style=\"--awb-font-size:18px;--awb-margin-right:5%;--awb-margin-left:5%;\"><p>El programa de mentores es una alternativa de acompa\u00f1amiento por parte de los egresados hacia los estudiantes a lo largo de su carrera.<\/p>\n<p>Un mentor se convierte en una gu\u00eda o referencia para los estudiantes. Su trabajo puede dar inicio con aquellas personas que presentan inquietudes vocacionales y requieren una referencia o ejemplo de los beneficios que puede generar el estudiar una carrera en alguna de las \u00e1reas de tecnolog\u00edas de la informaci\u00f3n. Posteriormente el mentor puede acompa\u00f1ar al estudiante tanto en su vida acad\u00e9mica como en su proceso de inserci\u00f3n laboral.<\/p>\n<p>Si tiene alguna duda con respecto a la iniciativa, puede comunicarse con el departamento de Bienestar estudiantil y egresados, generando un tiquete, por medio del siguiente v\u00ednculo:<\/p>\n<\/p>\n<div class=\"fusion-button-wrapper fusion-align-block\"><a class=\"fusion-button button-flat fusion-button-default-size button-default fusion-button-default button-1 fusion-button-default-span fusion-button-default-type\" target=\"_blank\" rel=\"noopener noreferrer\" href=\"https:\/\/desk.zoho.com\/portal\/cenfotec868\/es\/signin\"><span class=\"fusion-button-text awb-button__text awb-button__text--default\">Solicitar asistencia<\/span><\/a><\/div>\n<p>O tambi\u00e9n puede inscribirse como mentor en el siguiente v\u00ednculo:<\/p>\n<\/p>\n<div class=\"fusion-button-wrapper fusion-align-block\"><a class=\"fusion-button button-flat fusion-button-default-size button-default fusion-button-default button-2 fusion-button-default-span fusion-button-default-type\" target=\"_blank\" rel=\"noopener noreferrer\" href=\"https:\/\/zfrmz.com\/Vnt0MkgoQ1MzYRfBnbgi?zf_lang=es\"><span class=\"fusion-button-text awb-button__text awb-button__text--default\">Formulario de inscripci\u00f3n<\/span><\/a><\/div>\n<\/div><\/div><\/div><\/div><\/div>\n","protected":false},"excerpt":{"rendered":"","protected":false},"author":1,"featured_media":0,"parent":0,"menu_order":0,"comment_status":"closed","ping_status":"closed","template":"","meta":{"_relevanssi_hide_post":"","_relevanssi_hide_content":"","_relevanssi_pin_for_all":"","_relevanssi_pin_keywords":"","_relevanssi_unpin_keywords":"","_relevanssi_related_keywords":"","_relevanssi_related_include_ids":"","_relevanssi_related_exclude_ids":"","_relevanssi_related_no_append":"","_relevanssi_related_not_related":"","_relevanssi_related_posts":"","_relevanssi_noindex_reason":"","footnotes":""},"class_list":["post-2676","page","type-page","status-publish","hentry"],"_links":{"self":[{"href":"https:\/\/ucenfotec.ac.cr\/\/egresados\/wp-json\/wp\/v2\/pages\/2676","targetHints":{"allow":["GET"]}}],"collection":[{"href":"https:\/\/ucenfotec.ac.cr\/\/egresados\/wp-json\/wp\/v2\/pages"}],"about":[{"href":"https:\/\/ucenfotec.ac.cr\/\/egresados\/wp-json\/wp\/v2\/types\/page"}],"author":[{"embeddable":true,"href":"https:\/\/ucenfotec.ac.cr\/\/egresados\/wp-json\/wp\/v2\/users\/1"}],"replies":[{"embeddable":true,"href":"https:\/\/ucenfotec.ac.cr\/\/egresados\/wp-json\/wp\/v2\/comments?post=2676"}],"version-history":[{"count":8,"href":"https:\/\/ucenfotec.ac.cr\/\/egresados\/wp-json\/wp\/v2\/pages\/2676\/revisions"}],"predecessor-version":[{"id":3984,"href":"https:\/\/ucenfotec.ac.cr\/\/egresados\/wp-json\/wp\/v2\/pages\/2676\/revisions\/3984"}],"wp:attachment":[{"href":"https:\/\/ucenfotec.ac.cr\/\/egresados\/wp-json\/wp\/v2\/media?parent=2676"}],"curies":[{"name":"wp","href":"https:\/\/api.w.org\/{rel}","templated":true}]}}