{"id":21921,"date":"2021-12-21T08:09:17","date_gmt":"2021-12-21T14:09:17","guid":{"rendered":"https:\/\/cenfo.net\/ecommerce\/?page_id=21921"},"modified":"2023-02-23T10:42:45","modified_gmt":"2023-02-23T16:42:45","slug":"referir-amigo","status":"publish","type":"page","link":"https:\/\/ucenfotec.ac.cr\/ecommerce\/referir-amigo\/","title":{"rendered":"Referir Amigo"},"content":{"rendered":"<p><div class=\"fusion-fullwidth fullwidth-box fusion-builder-row-1 fusion-flex-container nonhundred-percent-fullwidth non-hundred-percent-height-scrolling\" style=\"--awb-border-radius-top-left:0px;--awb-border-radius-top-right:0px;--awb-border-radius-bottom-right:0px;--awb-border-radius-bottom-left:0px;--awb-flex-wrap:wrap;\" ><div class=\"fusion-builder-row fusion-row fusion-flex-align-items-flex-start fusion-flex-content-wrap\" style=\"max-width:1216.8px;margin-left: calc(-4% \/ 2 );margin-right: calc(-4% \/ 2 );\"><div class=\"fusion-layout-column fusion_builder_column fusion-builder-column-0 fusion_builder_column_1_1 1_1 fusion-flex-column\" style=\"--awb-bg-size:cover;--awb-width-large:100%;--awb-margin-top-large:15px;--awb-spacing-right-large:1.92%;--awb-margin-bottom-large:15px;--awb-spacing-left-large:1.92%;--awb-width-medium:100%;--awb-order-medium:0;--awb-spacing-right-medium:1.92%;--awb-spacing-left-medium:1.92%;--awb-width-small:100%;--awb-order-small:0;--awb-spacing-right-small:1.92%;--awb-spacing-left-small:1.92%;\"><div class=\"fusion-column-wrapper fusion-column-has-shadow fusion-flex-justify-content-flex-start fusion-content-layout-column\">Invite a un amigo a trav\u00e9s de Facebook, Twitter o correo electr\u00f3nico y recibir\u00e1 un cr\u00e9dito de bienvenida de 5% para su amigo, adem\u00e1s usted recibir\u00e1 5% en su propia cuenta cuando su amigo realice su primera compra.\n[automatewoo_referrals_page]<\/div><\/div><\/div><\/div><div class=\"fusion-fullwidth fullwidth-box fusion-builder-row-2 fusion-flex-container has-pattern-background has-mask-background nonhundred-percent-fullwidth non-hundred-percent-height-scrolling\" style=\"--awb-border-radius-top-left:0px;--awb-border-radius-top-right:0px;--awb-border-radius-bottom-right:0px;--awb-border-radius-bottom-left:0px;--awb-flex-wrap:wrap;\" ><div class=\"fusion-builder-row fusion-row fusion-flex-align-items-flex-start fusion-flex-content-wrap\" style=\"max-width:1216.8px;margin-left: calc(-4% \/ 2 );margin-right: calc(-4% \/ 2 );\"><\/div><\/div><\/p>\n","protected":false},"excerpt":{"rendered":"","protected":false},"author":1,"featured_media":0,"parent":0,"menu_order":0,"comment_status":"closed","ping_status":"closed","template":"","meta":{"_relevanssi_hide_post":"","_relevanssi_hide_content":"","_relevanssi_pin_for_all":"","_relevanssi_pin_keywords":"","_relevanssi_unpin_keywords":"","_relevanssi_related_keywords":"","_relevanssi_related_include_ids":"","_relevanssi_related_exclude_ids":"","_relevanssi_related_no_append":"","_relevanssi_related_not_related":"","_relevanssi_related_posts":"","_relevanssi_noindex_reason":"","footnotes":""},"class_list":["post-21921","page","type-page","status-publish","hentry"],"yoast_head":"<!-- This site is optimized with the Yoast SEO Premium plugin v27.4 (Yoast SEO v27.4) - https:\/\/yoast.com\/product\/yoast-seo-premium-wordpress\/ -->\n<title>Referir Amigo - Cursos - CENFOTEC<\/title>\n<meta name=\"robots\" content=\"index, follow, max-snippet:-1, max-image-preview:large, max-video-preview:-1\" \/>\n<link rel=\"canonical\" href=\"https:\/\/ucenfotec.ac.cr\/ecommerce\/referir-amigo\/\" \/>\n<meta property=\"og:locale\" content=\"es_ES\" \/>\n<meta property=\"og:type\" content=\"article\" \/>\n<meta property=\"og:title\" content=\"Referir Amigo\" \/>\n<meta property=\"og:url\" content=\"https:\/\/ucenfotec.ac.cr\/ecommerce\/referir-amigo\/\" \/>\n<meta property=\"og:site_name\" content=\"Cursos - CENFOTEC\" \/>\n<meta property=\"article:modified_time\" content=\"2023-02-23T16:42:45+00:00\" \/>\n<meta name=\"twitter:card\" content=\"summary_large_image\" \/>\n<meta name=\"twitter:label1\" content=\"Tiempo de lectura\" \/>\n\t<meta name=\"twitter:data1\" content=\"3 minutos\" \/>\n<script type=\"application\/ld+json\" class=\"yoast-schema-graph\">{\"@context\":\"https:\\\/\\\/schema.org\",\"@graph\":[{\"@type\":\"WebPage\",\"@id\":\"https:\\\/\\\/ucenfotec.ac.cr\\\/ecommerce\\\/referir-amigo\\\/\",\"url\":\"https:\\\/\\\/ucenfotec.ac.cr\\\/ecommerce\\\/referir-amigo\\\/\",\"name\":\"Referir Amigo - Cursos - CENFOTEC\",\"isPartOf\":{\"@id\":\"https:\\\/\\\/ucenfotec.ac.cr\\\/ecommerce\\\/#website\"},\"datePublished\":\"2021-12-21T14:09:17+00:00\",\"dateModified\":\"2023-02-23T16:42:45+00:00\",\"breadcrumb\":{\"@id\":\"https:\\\/\\\/ucenfotec.ac.cr\\\/ecommerce\\\/referir-amigo\\\/#breadcrumb\"},\"inLanguage\":\"es\",\"potentialAction\":[{\"@type\":\"ReadAction\",\"target\":[\"https:\\\/\\\/ucenfotec.ac.cr\\\/ecommerce\\\/referir-amigo\\\/\"]}]},{\"@type\":\"BreadcrumbList\",\"@id\":\"https:\\\/\\\/ucenfotec.ac.cr\\\/ecommerce\\\/referir-amigo\\\/#breadcrumb\",\"itemListElement\":[{\"@type\":\"ListItem\",\"position\":1,\"name\":\"Portada\",\"item\":\"https:\\\/\\\/ucenfotec.ac.cr\\\/ecommerce\\\/\"},{\"@type\":\"ListItem\",\"position\":2,\"name\":\"Referir Amigo\"}]},{\"@type\":\"WebSite\",\"@id\":\"https:\\\/\\\/ucenfotec.ac.cr\\\/ecommerce\\\/#website\",\"url\":\"https:\\\/\\\/ucenfotec.ac.cr\\\/ecommerce\\\/\",\"name\":\"Cursos - CENFOTEC\",\"description\":\"Tienda en l\u00ednea de cursos ofrecidos por CENFOTEC\",\"potentialAction\":[{\"@type\":\"SearchAction\",\"target\":{\"@type\":\"EntryPoint\",\"urlTemplate\":\"https:\\\/\\\/ucenfotec.ac.cr\\\/ecommerce\\\/?s={search_term_string}\"},\"query-input\":{\"@type\":\"PropertyValueSpecification\",\"valueRequired\":true,\"valueName\":\"search_term_string\"}}],\"inLanguage\":\"es\"}]}<\/script>\n<!-- \/ Yoast SEO Premium plugin. -->","yoast_head_json":{"title":"Referir Amigo - Cursos - CENFOTEC","robots":{"index":"index","follow":"follow","max-snippet":"max-snippet:-1","max-image-preview":"max-image-preview:large","max-video-preview":"max-video-preview:-1"},"canonical":"https:\/\/ucenfotec.ac.cr\/ecommerce\/referir-amigo\/","og_locale":"es_ES","og_type":"article","og_title":"Referir Amigo","og_url":"https:\/\/ucenfotec.ac.cr\/ecommerce\/referir-amigo\/","og_site_name":"Cursos - CENFOTEC","article_modified_time":"2023-02-23T16:42:45+00:00","twitter_card":"summary_large_image","twitter_misc":{"Tiempo de lectura":"3 minutos"},"schema":{"@context":"https:\/\/schema.org","@graph":[{"@type":"WebPage","@id":"https:\/\/ucenfotec.ac.cr\/ecommerce\/referir-amigo\/","url":"https:\/\/ucenfotec.ac.cr\/ecommerce\/referir-amigo\/","name":"Referir Amigo - Cursos - CENFOTEC","isPartOf":{"@id":"https:\/\/ucenfotec.ac.cr\/ecommerce\/#website"},"datePublished":"2021-12-21T14:09:17+00:00","dateModified":"2023-02-23T16:42:45+00:00","breadcrumb":{"@id":"https:\/\/ucenfotec.ac.cr\/ecommerce\/referir-amigo\/#breadcrumb"},"inLanguage":"es","potentialAction":[{"@type":"ReadAction","target":["https:\/\/ucenfotec.ac.cr\/ecommerce\/referir-amigo\/"]}]},{"@type":"BreadcrumbList","@id":"https:\/\/ucenfotec.ac.cr\/ecommerce\/referir-amigo\/#breadcrumb","itemListElement":[{"@type":"ListItem","position":1,"name":"Portada","item":"https:\/\/ucenfotec.ac.cr\/ecommerce\/"},{"@type":"ListItem","position":2,"name":"Referir Amigo"}]},{"@type":"WebSite","@id":"https:\/\/ucenfotec.ac.cr\/ecommerce\/#website","url":"https:\/\/ucenfotec.ac.cr\/ecommerce\/","name":"Cursos - CENFOTEC","description":"Tienda en l\u00ednea de cursos ofrecidos por CENFOTEC","potentialAction":[{"@type":"SearchAction","target":{"@type":"EntryPoint","urlTemplate":"https:\/\/ucenfotec.ac.cr\/ecommerce\/?s={search_term_string}"},"query-input":{"@type":"PropertyValueSpecification","valueRequired":true,"valueName":"search_term_string"}}],"inLanguage":"es"}]}},"_links":{"self":[{"href":"https:\/\/ucenfotec.ac.cr\/ecommerce\/wp-json\/wp\/v2\/pages\/21921","targetHints":{"allow":["GET"]}}],"collection":[{"href":"https:\/\/ucenfotec.ac.cr\/ecommerce\/wp-json\/wp\/v2\/pages"}],"about":[{"href":"https:\/\/ucenfotec.ac.cr\/ecommerce\/wp-json\/wp\/v2\/types\/page"}],"author":[{"embeddable":true,"href":"https:\/\/ucenfotec.ac.cr\/ecommerce\/wp-json\/wp\/v2\/users\/1"}],"replies":[{"embeddable":true,"href":"https:\/\/ucenfotec.ac.cr\/ecommerce\/wp-json\/wp\/v2\/comments?post=21921"}],"version-history":[{"count":3,"href":"https:\/\/ucenfotec.ac.cr\/ecommerce\/wp-json\/wp\/v2\/pages\/21921\/revisions"}],"predecessor-version":[{"id":68737,"href":"https:\/\/ucenfotec.ac.cr\/ecommerce\/wp-json\/wp\/v2\/pages\/21921\/revisions\/68737"}],"wp:attachment":[{"href":"https:\/\/ucenfotec.ac.cr\/ecommerce\/wp-json\/wp\/v2\/media?parent=21921"}],"curies":[{"name":"wp","href":"https:\/\/api.w.org\/{rel}","templated":true}]}}