{"id":102563,"date":"2025-02-05T10:06:47","date_gmt":"2025-02-05T16:06:47","guid":{"rendered":"https:\/\/ucenfotec.ac.cr\/ecommerce\/?post_type=product&#038;p=102563"},"modified":"2026-04-10T12:57:50","modified_gmt":"2026-04-10T18:57:50","slug":"analista-de-centro-de-operaciones-de-seguridad-con-examen-de-certificacion-soc","status":"publish","type":"product","link":"https:\/\/ucenfotec.ac.cr\/ecommerce\/producto\/analista-de-centro-de-operaciones-de-seguridad-con-examen-de-certificacion-soc\/","title":{"rendered":"Analista de Centro de Operaciones de Seguridad con examen de certificaci\u00f3n (SOC)"},"content":{"rendered":"<div class=\"fusion-fullwidth fullwidth-box fusion-builder-row-1 fusion-flex-container nonhundred-percent-fullwidth non-hundred-percent-height-scrolling\" style=\"--awb-border-radius-top-left:0px;--awb-border-radius-top-right:0px;--awb-border-radius-bottom-right:0px;--awb-border-radius-bottom-left:0px;--awb-flex-wrap:wrap;\" ><div class=\"fusion-builder-row fusion-row fusion-flex-align-items-flex-start fusion-flex-content-wrap\" style=\"max-width:1216.8px;margin-left: calc(-4% \/ 2 );margin-right: calc(-4% \/ 2 );\"><div class=\"fusion-layout-column fusion_builder_column fusion-builder-column-0 fusion_builder_column_1_1 1_1 fusion-flex-column\" style=\"--awb-bg-size:cover;--awb-width-large:100%;--awb-margin-top-large:0px;--awb-spacing-right-large:1.92%;--awb-margin-bottom-large:0px;--awb-spacing-left-large:1.92%;--awb-width-medium:100%;--awb-spacing-right-medium:1.92%;--awb-spacing-left-medium:1.92%;--awb-width-small:100%;--awb-spacing-right-small:1.92%;--awb-spacing-left-small:1.92%;\"><div class=\"fusion-column-wrapper fusion-flex-justify-content-flex-start fusion-content-layout-column\"><div class=\"fusion-text fusion-text-1\"><p>El Centro de Operaciones de Seguridad (SOC) es una unidad especializada encargada de monitorear, detectar, analizar y responder a amenazas de ciberseguridad en una organizaci\u00f3n, utiliza herramientas como SIEM, inteligencia de amenazas y an\u00e1lisis forense para identificar ataques en tiempo real.<\/p>\n<p>Las principales tem\u00e1ticas del curso incluyen los conceptos esenciales del SOC, amenazas cibern\u00e9ticas, incidentes y registros de seguridad, informaci\u00f3n de seguridad y gesti\u00f3n de eventos (SIEM), respuesta a incidentes e integraci\u00f3n, operaci\u00f3n y futuro del SOC.<\/p>\n<p>El curso est\u00e1 dise\u00f1ado por competencias y alineado con el marco global de habilidades y competencias para un mundo digital SFIA8, por lo que se propone que los estudiantes logren responder a un nivel de responsabilidad 2, de manera que reciben y responden a solicitudes rutinarias de soporte en materia de seguridad.<\/p>\n<hr \/>\n<p><strong>Contenidos<\/strong><\/p>\n<p>1. SOC: Conceptos esenciales.<\/p>\n<p>2. Amenazas Cibern\u00e9ticas.<\/p>\n<p>3. Incidente y registros de seguridad.<\/p>\n<p>4. Informaci\u00f3n de Seguridad y Gesti\u00f3n de Eventos (SIEM).<\/p>\n<p>5. Respuesta a incidentes.<\/p>\n<p>6. Integraci\u00f3n, operaci\u00f3n y futuro del SOC.<\/p>\n<hr \/>\n<p><strong>Certificaci\u00f3n<\/strong><\/p>\n<p><strong>Casa Certificadora:<\/strong> <span data-sheets-root=\"1\">EC COUNCIL<br \/>\n<strong>Nombre de la Certificaci\u00f3n:<\/strong> Certified SOC Analyst (SCA)<\/span><\/p>\n<hr \/>\n<p><strong>Certificado e Insignia Digital<\/strong><\/p>\n<p>Al finalizar el curso el estudiante obtiene un t\u00edtulo e Insignia digital, socializable en tiempo real basada en tecnolog\u00eda blockchain que permite una vista m\u00e1s completa tras el logro alcanzado por el estudiante al poderla vincular con evidencias del resultado del aprendizaje en su perfil profesional. Es una certificaci\u00f3n segura.<\/p>\n<p><a href=\"https:\/\/ucenfotec.ac.cr\/ecommerce\/wp-content\/uploads\/sites\/13\/2025\/02\/CIB-912-E-Analista-de-Centro-de-Operaciones-de-Seguridad-con-Examen-de-Certificacion.png\"><img decoding=\"async\" class=\"lazyload aligncenter size-full wp-image-183322\" src=\"https:\/\/ucenfotec.ac.cr\/ecommerce\/wp-content\/uploads\/sites\/13\/2025\/02\/CIB-912-E-Analista-de-Centro-de-Operaciones-de-Seguridad-con-Examen-de-Certificacion.png\" data-orig-src=\"https:\/\/ucenfotec.ac.cr\/ecommerce\/wp-content\/uploads\/sites\/13\/2025\/02\/CIB-912-E-Analista-de-Centro-de-Operaciones-de-Seguridad-con-Examen-de-Certificacion.png\" alt=\"CIB-912-E-Analista de Centro de Operaciones de Seguridad con Examen de Certificacion - Universidad CENFOTEC\" width=\"300\" height=\"300\" srcset=\"data:image\/svg+xml,%3Csvg%20xmlns%3D%27http%3A%2F%2Fwww.w3.org%2F2000%2Fsvg%27%20width%3D%27300%27%20height%3D%27300%27%20viewBox%3D%270%200%20300%20300%27%3E%3Crect%20width%3D%27300%27%20height%3D%27300%27%20fill-opacity%3D%220%22%2F%3E%3C%2Fsvg%3E\" data-srcset=\"https:\/\/ucenfotec.ac.cr\/ecommerce\/wp-content\/uploads\/sites\/13\/2025\/02\/CIB-912-E-Analista-de-Centro-de-Operaciones-de-Seguridad-con-Examen-de-Certificacion-66x66.png 66w, https:\/\/ucenfotec.ac.cr\/ecommerce\/wp-content\/uploads\/sites\/13\/2025\/02\/CIB-912-E-Analista-de-Centro-de-Operaciones-de-Seguridad-con-Examen-de-Certificacion-100x100.png 100w, https:\/\/ucenfotec.ac.cr\/ecommerce\/wp-content\/uploads\/sites\/13\/2025\/02\/CIB-912-E-Analista-de-Centro-de-Operaciones-de-Seguridad-con-Examen-de-Certificacion-150x150.png 150w, https:\/\/ucenfotec.ac.cr\/ecommerce\/wp-content\/uploads\/sites\/13\/2025\/02\/CIB-912-E-Analista-de-Centro-de-Operaciones-de-Seguridad-con-Examen-de-Certificacion-200x200.png 200w, https:\/\/ucenfotec.ac.cr\/ecommerce\/wp-content\/uploads\/sites\/13\/2025\/02\/CIB-912-E-Analista-de-Centro-de-Operaciones-de-Seguridad-con-Examen-de-Certificacion.png 300w\" data-sizes=\"auto\" data-orig-sizes=\"(max-width: 300px) 100vw, 300px\" \/><\/a><\/p>\n<hr \/>\n<\/div><\/div><\/div><\/div><\/div>\n","protected":false},"excerpt":{"rendered":"<p class=\"ai-optimize-25\">Este curso capacita en la gesti\u00f3n de un Centro de Operaciones de Seguridad, abordando amenazas cibern\u00e9ticas, an\u00e1lisis con SIEM, respuesta a incidentes e integraci\u00f3n de tecnolog\u00edas que fortalecen la ciberseguridad (cuenta con examen de certificaci\u00f3n).<\/p>\n","protected":false},"featured_media":53376,"template":"","meta":{"_relevanssi_hide_post":"on","_relevanssi_hide_content":"on","_relevanssi_pin_for_all":"","_relevanssi_pin_keywords":"","_relevanssi_unpin_keywords":"","_relevanssi_related_keywords":"","_relevanssi_related_include_ids":"","_relevanssi_related_exclude_ids":"","_relevanssi_related_no_append":"","_relevanssi_related_not_related":"","_relevanssi_related_posts":"","_relevanssi_noindex_reason":"WooCommerce Yoast SEO Relevanssi index exclude"},"product_brand":[],"product_cat":[1087,655],"product_tag":[2375,2374,2116,2376,2381,1127,2377,2379,2380,2378,789,1759],"class_list":{"0":"post-102563","1":"product","2":"type-product","3":"status-publish","4":"has-post-thumbnail","6":"product_cat-agotado","7":"product_cat-ciberseguridad","8":"product_tag-ataque","9":"product_tag-centro-de-operaciones","10":"product_tag-centro-de-operaciones-en-seguridad-cirt-y-csirt-respuesta-a-incidentes","11":"product_tag-correo-electronico","12":"product_tag-deteccion-de-incidentes","13":"product_tag-gestion","14":"product_tag-incidente","15":"product_tag-irt","16":"product_tag-manejo-de-alertas","17":"product_tag-metodos-de-registro","18":"product_tag-seguridad","19":"product_tag-siem","21":"first","22":"outofstock","23":"virtual","24":"sold-individually","25":"taxable","26":"product-type-simple"},"yoast_head":"<!-- This site is optimized with the Yoast SEO Premium plugin v27.4 (Yoast SEO v27.4) - https:\/\/yoast.com\/product\/yoast-seo-premium-wordpress\/ -->\n<title>Analista de Centro de Operaciones de Seguridad con examen de certificaci\u00f3n (SOC)<\/title>\n<meta name=\"description\" content=\"Incluye examen para formaci\u00f3n en SOC, ciberseguridad, an\u00e1lisis con SIEM y respuesta a incidentes para detectar, prevenir y mitigar amenazas en la web.\" \/>\n<meta name=\"robots\" content=\"index, follow, max-snippet:-1, max-image-preview:large, max-video-preview:-1\" \/>\n<link rel=\"canonical\" href=\"https:\/\/ucenfotec.ac.cr\/ecommerce\/producto\/analista-de-centro-de-operaciones-de-seguridad-con-examen-de-certificacion-soc\/\" \/>\n<meta property=\"og:locale\" content=\"es_ES\" \/>\n<meta property=\"og:type\" content=\"article\" \/>\n<meta property=\"og:title\" content=\"Analista de Centro de Operaciones de Seguridad con examen de certificaci\u00f3n (SOC)\" \/>\n<meta property=\"og:description\" content=\"Incluye examen para formaci\u00f3n en SOC, ciberseguridad, an\u00e1lisis con SIEM y respuesta a incidentes para detectar, prevenir y mitigar amenazas en la web.\" \/>\n<meta property=\"og:url\" content=\"https:\/\/ucenfotec.ac.cr\/ecommerce\/producto\/analista-de-centro-de-operaciones-de-seguridad-con-examen-de-certificacion-soc\/\" \/>\n<meta property=\"og:site_name\" content=\"Cursos - CENFOTEC\" \/>\n<meta property=\"article:modified_time\" content=\"2026-04-10T18:57:50+00:00\" \/>\n<meta property=\"og:image\" content=\"https:\/\/ucenfotec.ac.cr\/ecommerce\/wp-content\/uploads\/sites\/13\/2022\/05\/Cybersecurity.jpg\" \/>\n\t<meta property=\"og:image:width\" content=\"500\" \/>\n\t<meta property=\"og:image:height\" content=\"650\" \/>\n\t<meta property=\"og:image:type\" content=\"image\/jpeg\" \/>\n<meta name=\"twitter:card\" content=\"summary_large_image\" \/>\n<meta name=\"twitter:label1\" content=\"Tiempo de lectura\" \/>\n\t<meta name=\"twitter:data1\" content=\"1 minuto\" \/>\n<script type=\"application\/ld+json\" class=\"yoast-schema-graph\">{\"@context\":\"https:\\\/\\\/schema.org\",\"@graph\":[{\"@type\":\"WebPage\",\"@id\":\"https:\\\/\\\/ucenfotec.ac.cr\\\/ecommerce\\\/producto\\\/analista-de-centro-de-operaciones-de-seguridad-con-examen-de-certificacion-soc\\\/\",\"url\":\"https:\\\/\\\/ucenfotec.ac.cr\\\/ecommerce\\\/producto\\\/analista-de-centro-de-operaciones-de-seguridad-con-examen-de-certificacion-soc\\\/\",\"name\":\"Analista de Centro de Operaciones de Seguridad con examen de certificaci\u00f3n (SOC)\",\"isPartOf\":{\"@id\":\"https:\\\/\\\/ucenfotec.ac.cr\\\/ecommerce\\\/#website\"},\"primaryImageOfPage\":{\"@id\":\"https:\\\/\\\/ucenfotec.ac.cr\\\/ecommerce\\\/producto\\\/analista-de-centro-de-operaciones-de-seguridad-con-examen-de-certificacion-soc\\\/#primaryimage\"},\"image\":{\"@id\":\"https:\\\/\\\/ucenfotec.ac.cr\\\/ecommerce\\\/producto\\\/analista-de-centro-de-operaciones-de-seguridad-con-examen-de-certificacion-soc\\\/#primaryimage\"},\"thumbnailUrl\":\"https:\\\/\\\/ucenfotec.ac.cr\\\/ecommerce\\\/wp-content\\\/uploads\\\/sites\\\/13\\\/2022\\\/05\\\/Cybersecurity.jpg\",\"datePublished\":\"2025-02-05T16:06:47+00:00\",\"dateModified\":\"2026-04-10T18:57:50+00:00\",\"description\":\"Incluye examen para formaci\u00f3n en SOC, ciberseguridad, an\u00e1lisis con SIEM y respuesta a incidentes para detectar, prevenir y mitigar amenazas en la web.\",\"breadcrumb\":{\"@id\":\"https:\\\/\\\/ucenfotec.ac.cr\\\/ecommerce\\\/producto\\\/analista-de-centro-de-operaciones-de-seguridad-con-examen-de-certificacion-soc\\\/#breadcrumb\"},\"inLanguage\":\"es\",\"potentialAction\":[{\"@type\":\"ReadAction\",\"target\":[\"https:\\\/\\\/ucenfotec.ac.cr\\\/ecommerce\\\/producto\\\/analista-de-centro-de-operaciones-de-seguridad-con-examen-de-certificacion-soc\\\/\"]}]},{\"@type\":\"ImageObject\",\"inLanguage\":\"es\",\"@id\":\"https:\\\/\\\/ucenfotec.ac.cr\\\/ecommerce\\\/producto\\\/analista-de-centro-de-operaciones-de-seguridad-con-examen-de-certificacion-soc\\\/#primaryimage\",\"url\":\"https:\\\/\\\/ucenfotec.ac.cr\\\/ecommerce\\\/wp-content\\\/uploads\\\/sites\\\/13\\\/2022\\\/05\\\/Cybersecurity.jpg\",\"contentUrl\":\"https:\\\/\\\/ucenfotec.ac.cr\\\/ecommerce\\\/wp-content\\\/uploads\\\/sites\\\/13\\\/2022\\\/05\\\/Cybersecurity.jpg\",\"width\":500,\"height\":650,\"caption\":\"Ciberseguridad - Universidad CENFOTEC\"},{\"@type\":\"BreadcrumbList\",\"@id\":\"https:\\\/\\\/ucenfotec.ac.cr\\\/ecommerce\\\/producto\\\/analista-de-centro-de-operaciones-de-seguridad-con-examen-de-certificacion-soc\\\/#breadcrumb\",\"itemListElement\":[{\"@type\":\"ListItem\",\"position\":1,\"name\":\"Portada\",\"item\":\"https:\\\/\\\/ucenfotec.ac.cr\\\/ecommerce\\\/\"},{\"@type\":\"ListItem\",\"position\":2,\"name\":\"Todos los Cursos\",\"item\":\"https:\\\/\\\/ucenfotec.ac.cr\\\/ecommerce\\\/todos-los-cursos\\\/\"},{\"@type\":\"ListItem\",\"position\":3,\"name\":\"Analista de Centro de Operaciones de Seguridad con examen de certificaci\u00f3n (SOC)\"}]},{\"@type\":\"WebSite\",\"@id\":\"https:\\\/\\\/ucenfotec.ac.cr\\\/ecommerce\\\/#website\",\"url\":\"https:\\\/\\\/ucenfotec.ac.cr\\\/ecommerce\\\/\",\"name\":\"Cursos - CENFOTEC\",\"description\":\"Tienda en l\u00ednea de cursos ofrecidos por CENFOTEC\",\"potentialAction\":[{\"@type\":\"SearchAction\",\"target\":{\"@type\":\"EntryPoint\",\"urlTemplate\":\"https:\\\/\\\/ucenfotec.ac.cr\\\/ecommerce\\\/?s={search_term_string}\"},\"query-input\":{\"@type\":\"PropertyValueSpecification\",\"valueRequired\":true,\"valueName\":\"search_term_string\"}}],\"inLanguage\":\"es\"}]}<\/script>\n<!-- \/ Yoast SEO Premium plugin. -->","yoast_head_json":{"title":"Analista de Centro de Operaciones de Seguridad con examen de certificaci\u00f3n (SOC)","description":"Incluye examen para formaci\u00f3n en SOC, ciberseguridad, an\u00e1lisis con SIEM y respuesta a incidentes para detectar, prevenir y mitigar amenazas en la web.","robots":{"index":"index","follow":"follow","max-snippet":"max-snippet:-1","max-image-preview":"max-image-preview:large","max-video-preview":"max-video-preview:-1"},"canonical":"https:\/\/ucenfotec.ac.cr\/ecommerce\/producto\/analista-de-centro-de-operaciones-de-seguridad-con-examen-de-certificacion-soc\/","og_locale":"es_ES","og_type":"article","og_title":"Analista de Centro de Operaciones de Seguridad con examen de certificaci\u00f3n (SOC)","og_description":"Incluye examen para formaci\u00f3n en SOC, ciberseguridad, an\u00e1lisis con SIEM y respuesta a incidentes para detectar, prevenir y mitigar amenazas en la web.","og_url":"https:\/\/ucenfotec.ac.cr\/ecommerce\/producto\/analista-de-centro-de-operaciones-de-seguridad-con-examen-de-certificacion-soc\/","og_site_name":"Cursos - CENFOTEC","article_modified_time":"2026-04-10T18:57:50+00:00","og_image":[{"width":500,"height":650,"url":"https:\/\/ucenfotec.ac.cr\/ecommerce\/wp-content\/uploads\/sites\/13\/2022\/05\/Cybersecurity.jpg","type":"image\/jpeg"}],"twitter_card":"summary_large_image","twitter_misc":{"Tiempo de lectura":"1 minuto"},"schema":{"@context":"https:\/\/schema.org","@graph":[{"@type":"WebPage","@id":"https:\/\/ucenfotec.ac.cr\/ecommerce\/producto\/analista-de-centro-de-operaciones-de-seguridad-con-examen-de-certificacion-soc\/","url":"https:\/\/ucenfotec.ac.cr\/ecommerce\/producto\/analista-de-centro-de-operaciones-de-seguridad-con-examen-de-certificacion-soc\/","name":"Analista de Centro de Operaciones de Seguridad con examen de certificaci\u00f3n (SOC)","isPartOf":{"@id":"https:\/\/ucenfotec.ac.cr\/ecommerce\/#website"},"primaryImageOfPage":{"@id":"https:\/\/ucenfotec.ac.cr\/ecommerce\/producto\/analista-de-centro-de-operaciones-de-seguridad-con-examen-de-certificacion-soc\/#primaryimage"},"image":{"@id":"https:\/\/ucenfotec.ac.cr\/ecommerce\/producto\/analista-de-centro-de-operaciones-de-seguridad-con-examen-de-certificacion-soc\/#primaryimage"},"thumbnailUrl":"https:\/\/ucenfotec.ac.cr\/ecommerce\/wp-content\/uploads\/sites\/13\/2022\/05\/Cybersecurity.jpg","datePublished":"2025-02-05T16:06:47+00:00","dateModified":"2026-04-10T18:57:50+00:00","description":"Incluye examen para formaci\u00f3n en SOC, ciberseguridad, an\u00e1lisis con SIEM y respuesta a incidentes para detectar, prevenir y mitigar amenazas en la web.","breadcrumb":{"@id":"https:\/\/ucenfotec.ac.cr\/ecommerce\/producto\/analista-de-centro-de-operaciones-de-seguridad-con-examen-de-certificacion-soc\/#breadcrumb"},"inLanguage":"es","potentialAction":[{"@type":"ReadAction","target":["https:\/\/ucenfotec.ac.cr\/ecommerce\/producto\/analista-de-centro-de-operaciones-de-seguridad-con-examen-de-certificacion-soc\/"]}]},{"@type":"ImageObject","inLanguage":"es","@id":"https:\/\/ucenfotec.ac.cr\/ecommerce\/producto\/analista-de-centro-de-operaciones-de-seguridad-con-examen-de-certificacion-soc\/#primaryimage","url":"https:\/\/ucenfotec.ac.cr\/ecommerce\/wp-content\/uploads\/sites\/13\/2022\/05\/Cybersecurity.jpg","contentUrl":"https:\/\/ucenfotec.ac.cr\/ecommerce\/wp-content\/uploads\/sites\/13\/2022\/05\/Cybersecurity.jpg","width":500,"height":650,"caption":"Ciberseguridad - Universidad CENFOTEC"},{"@type":"BreadcrumbList","@id":"https:\/\/ucenfotec.ac.cr\/ecommerce\/producto\/analista-de-centro-de-operaciones-de-seguridad-con-examen-de-certificacion-soc\/#breadcrumb","itemListElement":[{"@type":"ListItem","position":1,"name":"Portada","item":"https:\/\/ucenfotec.ac.cr\/ecommerce\/"},{"@type":"ListItem","position":2,"name":"Todos los Cursos","item":"https:\/\/ucenfotec.ac.cr\/ecommerce\/todos-los-cursos\/"},{"@type":"ListItem","position":3,"name":"Analista de Centro de Operaciones de Seguridad con examen de certificaci\u00f3n (SOC)"}]},{"@type":"WebSite","@id":"https:\/\/ucenfotec.ac.cr\/ecommerce\/#website","url":"https:\/\/ucenfotec.ac.cr\/ecommerce\/","name":"Cursos - CENFOTEC","description":"Tienda en l\u00ednea de cursos ofrecidos por CENFOTEC","potentialAction":[{"@type":"SearchAction","target":{"@type":"EntryPoint","urlTemplate":"https:\/\/ucenfotec.ac.cr\/ecommerce\/?s={search_term_string}"},"query-input":{"@type":"PropertyValueSpecification","valueRequired":true,"valueName":"search_term_string"}}],"inLanguage":"es"}]}},"_links":{"self":[{"href":"https:\/\/ucenfotec.ac.cr\/ecommerce\/wp-json\/wp\/v2\/product\/102563","targetHints":{"allow":["GET"]}}],"collection":[{"href":"https:\/\/ucenfotec.ac.cr\/ecommerce\/wp-json\/wp\/v2\/product"}],"about":[{"href":"https:\/\/ucenfotec.ac.cr\/ecommerce\/wp-json\/wp\/v2\/types\/product"}],"wp:featuredmedia":[{"embeddable":true,"href":"https:\/\/ucenfotec.ac.cr\/ecommerce\/wp-json\/wp\/v2\/media\/53376"}],"wp:attachment":[{"href":"https:\/\/ucenfotec.ac.cr\/ecommerce\/wp-json\/wp\/v2\/media?parent=102563"}],"wp:term":[{"taxonomy":"product_brand","embeddable":true,"href":"https:\/\/ucenfotec.ac.cr\/ecommerce\/wp-json\/wp\/v2\/product_brand?post=102563"},{"taxonomy":"product_cat","embeddable":true,"href":"https:\/\/ucenfotec.ac.cr\/ecommerce\/wp-json\/wp\/v2\/product_cat?post=102563"},{"taxonomy":"product_tag","embeddable":true,"href":"https:\/\/ucenfotec.ac.cr\/ecommerce\/wp-json\/wp\/v2\/product_tag?post=102563"}],"curies":[{"name":"wp","href":"https:\/\/api.w.org\/{rel}","templated":true}]}}