{"id":102568,"date":"2025-02-05T11:05:55","date_gmt":"2025-02-05T17:05:55","guid":{"rendered":"https:\/\/ucenfotec.ac.cr\/ecommerce\/?post_type=product&#038;p=102568"},"modified":"2026-03-25T10:06:34","modified_gmt":"2026-03-25T16:06:34","slug":"fundamentos-de-ciberseguridad-lcspc-con-examen-de-certificacion","status":"publish","type":"product","link":"https:\/\/ucenfotec.ac.cr\/ecommerce\/producto\/fundamentos-de-ciberseguridad-lcspc-con-examen-de-certificacion\/","title":{"rendered":"Fundamentos de Ciberseguridad (LCSPC) con examen de certificaci\u00f3n"},"content":{"rendered":"<div class=\"fusion-fullwidth fullwidth-box fusion-builder-row-1 fusion-flex-container nonhundred-percent-fullwidth non-hundred-percent-height-scrolling\" style=\"--awb-border-radius-top-left:0px;--awb-border-radius-top-right:0px;--awb-border-radius-bottom-right:0px;--awb-border-radius-bottom-left:0px;--awb-flex-wrap:wrap;\" ><div class=\"fusion-builder-row fusion-row fusion-flex-align-items-flex-start fusion-flex-content-wrap\" style=\"max-width:1216.8px;margin-left: calc(-4% \/ 2 );margin-right: calc(-4% \/ 2 );\"><div class=\"fusion-layout-column fusion_builder_column fusion-builder-column-0 fusion_builder_column_1_1 1_1 fusion-flex-column\" style=\"--awb-bg-size:cover;--awb-width-large:100%;--awb-margin-top-large:0px;--awb-spacing-right-large:1.92%;--awb-margin-bottom-large:0px;--awb-spacing-left-large:1.92%;--awb-width-medium:100%;--awb-spacing-right-medium:1.92%;--awb-spacing-left-medium:1.92%;--awb-width-small:100%;--awb-spacing-right-small:1.92%;--awb-spacing-left-small:1.92%;\"><div class=\"fusion-column-wrapper fusion-flex-justify-content-flex-start fusion-content-layout-column\"><div class=\"fusion-text fusion-text-1\"><p>La ciberseguridad es el conjunto de pr\u00e1cticas, procesos y tecnolog\u00edas dise\u00f1ados para proteger sistemas inform\u00e1ticos, redes y datos frente a accesos no autorizados, ataques cibern\u00e9ticos y da\u00f1os, que busca garantizar la confidencialidad, integridad y disponibilidad de la informaci\u00f3n, minimizando los riesgos en el entorno digital.<\/p>\n<p><span data-sheets-root=\"1\">Las principales tem\u00e1ticas del curso incluyen los conceptos b\u00e1sicos de ciberseguridad, los marcos ISO 27032 y NIST, y la implementaci\u00f3n o mejora de un programa de protecci\u00f3n de la informaci\u00f3n.<br \/>\nEl curso est\u00e1 dise\u00f1ado por competencias y alineado con el marco global de habilidades y competencias para un mundo digital SFIA9, por lo que se propone que los estudiantes logren aplicar los fundamentos de los marcos de seguridad inform\u00e1tica en programas destinados a mantener la confidencialidad, integridad y disponibilidad de la informaci\u00f3n en entornos cibern\u00e9ticos.<\/span><\/p>\n<hr \/>\n<p><strong>Contenidos<\/strong><\/p>\n<p>1. Conceptos Fundamentales de Ciberseguridad.<br \/>\n2. ISO\/IEC 27032.<br \/>\n3. Introducci\u00f3n al Marco de Ciberseguridad NIST.<br \/>\n4. Establecimiento o Mejora de un Programa de Ciberseguridad.<\/p>\n<hr \/>\n<p><strong>Certificaci\u00f3n<\/strong><\/p>\n<p><a href=\"https:\/\/ucenfotec.ac.cr\/ecommerce\/wp-content\/uploads\/sites\/13\/2025\/02\/Certiprof_Lead_Cybersecurity.png\"><img decoding=\"async\" class=\"lazyload aligncenter wp-image-122687 size-medium\" src=\"https:\/\/ucenfotec.ac.cr\/ecommerce\/wp-content\/uploads\/sites\/13\/2025\/02\/Certiprof_Lead_Cybersecurity-300x300.png\" data-orig-src=\"https:\/\/ucenfotec.ac.cr\/ecommerce\/wp-content\/uploads\/sites\/13\/2025\/02\/Certiprof_Lead_Cybersecurity-300x300.png\" alt=\"Certiprof_Lead_Cybersecurity - Universidad CENFOTEC\" width=\"300\" height=\"300\" srcset=\"data:image\/svg+xml,%3Csvg%20xmlns%3D%27http%3A%2F%2Fwww.w3.org%2F2000%2Fsvg%27%20width%3D%27300%27%20height%3D%27300%27%20viewBox%3D%270%200%20300%20300%27%3E%3Crect%20width%3D%27300%27%20height%3D%27300%27%20fill-opacity%3D%220%22%2F%3E%3C%2Fsvg%3E\" data-srcset=\"https:\/\/ucenfotec.ac.cr\/ecommerce\/wp-content\/uploads\/sites\/13\/2025\/02\/Certiprof_Lead_Cybersecurity-66x66.png 66w, https:\/\/ucenfotec.ac.cr\/ecommerce\/wp-content\/uploads\/sites\/13\/2025\/02\/Certiprof_Lead_Cybersecurity-100x100.png 100w, https:\/\/ucenfotec.ac.cr\/ecommerce\/wp-content\/uploads\/sites\/13\/2025\/02\/Certiprof_Lead_Cybersecurity-150x150.png 150w, https:\/\/ucenfotec.ac.cr\/ecommerce\/wp-content\/uploads\/sites\/13\/2025\/02\/Certiprof_Lead_Cybersecurity-200x200.png 200w, https:\/\/ucenfotec.ac.cr\/ecommerce\/wp-content\/uploads\/sites\/13\/2025\/02\/Certiprof_Lead_Cybersecurity-300x300.png 300w, https:\/\/ucenfotec.ac.cr\/ecommerce\/wp-content\/uploads\/sites\/13\/2025\/02\/Certiprof_Lead_Cybersecurity-400x400.png 400w, https:\/\/ucenfotec.ac.cr\/ecommerce\/wp-content\/uploads\/sites\/13\/2025\/02\/Certiprof_Lead_Cybersecurity.png 481w\" data-sizes=\"auto\" data-orig-sizes=\"(max-width: 300px) 100vw, 300px\" \/><\/a><\/p>\n<p><strong>Casa certificadora:<\/strong> <span data-sheets-root=\"1\">CERTIPROF<\/span><br \/>\n<strong>Nombre de la certificaci\u00f3n:<\/strong> <span data-sheets-root=\"1\">Certificaci\u00f3n de Profesional L\u00edder en Ciberseguridad (LCSPC)<\/span><\/p>\n<hr \/>\n<p><strong>Certificado e Insignia Digital<\/strong><\/p>\n<p>Al finalizar el curso el estudiante obtiene un t\u00edtulo e Insignia digital, socializable en tiempo real basada en tecnolog\u00eda blockchain que permite una vista m\u00e1s completa tras el logro alcanzado por el estudiante al poderla vincular con evidencias del resultado del aprendizaje en su perfil profesional. Es una certificaci\u00f3n segura.<\/p>\n<p><img decoding=\"async\" class=\"lazyload aligncenter size-medium wp-image-116460\" src=\"https:\/\/ucenfotec.ac.cr\/ecommerce\/wp-content\/uploads\/sites\/13\/2025\/02\/CIB-902-Fundamentos-de-Ciberseguridad-LCSPC-300x300.png\" data-orig-src=\"https:\/\/ucenfotec.ac.cr\/ecommerce\/wp-content\/uploads\/sites\/13\/2025\/02\/CIB-902-Fundamentos-de-Ciberseguridad-LCSPC-300x300.png\" alt=\"CIB-902-Fundamentos-de-Ciberseguridad-LCSPC - Universidad CENFOTEC\" width=\"300\" height=\"300\" srcset=\"data:image\/svg+xml,%3Csvg%20xmlns%3D%27http%3A%2F%2Fwww.w3.org%2F2000%2Fsvg%27%20width%3D%27300%27%20height%3D%27300%27%20viewBox%3D%270%200%20300%20300%27%3E%3Crect%20width%3D%27300%27%20height%3D%27300%27%20fill-opacity%3D%220%22%2F%3E%3C%2Fsvg%3E\" data-srcset=\"https:\/\/ucenfotec.ac.cr\/ecommerce\/wp-content\/uploads\/sites\/13\/2025\/02\/CIB-902-Fundamentos-de-Ciberseguridad-LCSPC-66x66.png 66w, https:\/\/ucenfotec.ac.cr\/ecommerce\/wp-content\/uploads\/sites\/13\/2025\/02\/CIB-902-Fundamentos-de-Ciberseguridad-LCSPC-100x100.png 100w, https:\/\/ucenfotec.ac.cr\/ecommerce\/wp-content\/uploads\/sites\/13\/2025\/02\/CIB-902-Fundamentos-de-Ciberseguridad-LCSPC-150x150.png 150w, https:\/\/ucenfotec.ac.cr\/ecommerce\/wp-content\/uploads\/sites\/13\/2025\/02\/CIB-902-Fundamentos-de-Ciberseguridad-LCSPC-200x200.png 200w, https:\/\/ucenfotec.ac.cr\/ecommerce\/wp-content\/uploads\/sites\/13\/2025\/02\/CIB-902-Fundamentos-de-Ciberseguridad-LCSPC-300x300.png 300w, https:\/\/ucenfotec.ac.cr\/ecommerce\/wp-content\/uploads\/sites\/13\/2025\/02\/CIB-902-Fundamentos-de-Ciberseguridad-LCSPC-400x400.png 400w, https:\/\/ucenfotec.ac.cr\/ecommerce\/wp-content\/uploads\/sites\/13\/2025\/02\/CIB-902-Fundamentos-de-Ciberseguridad-LCSPC-500x500.png 500w, https:\/\/ucenfotec.ac.cr\/ecommerce\/wp-content\/uploads\/sites\/13\/2025\/02\/CIB-902-Fundamentos-de-Ciberseguridad-LCSPC-600x600.png 600w, https:\/\/ucenfotec.ac.cr\/ecommerce\/wp-content\/uploads\/sites\/13\/2025\/02\/CIB-902-Fundamentos-de-Ciberseguridad-LCSPC-700x700.png 700w, https:\/\/ucenfotec.ac.cr\/ecommerce\/wp-content\/uploads\/sites\/13\/2025\/02\/CIB-902-Fundamentos-de-Ciberseguridad-LCSPC-768x768.png 768w, https:\/\/ucenfotec.ac.cr\/ecommerce\/wp-content\/uploads\/sites\/13\/2025\/02\/CIB-902-Fundamentos-de-Ciberseguridad-LCSPC-800x800.png 800w, https:\/\/ucenfotec.ac.cr\/ecommerce\/wp-content\/uploads\/sites\/13\/2025\/02\/CIB-902-Fundamentos-de-Ciberseguridad-LCSPC-1024x1024.png 1024w, https:\/\/ucenfotec.ac.cr\/ecommerce\/wp-content\/uploads\/sites\/13\/2025\/02\/CIB-902-Fundamentos-de-Ciberseguridad-LCSPC.png 1200w\" data-sizes=\"auto\" data-orig-sizes=\"(max-width: 300px) 100vw, 300px\" \/><\/p>\n<hr \/>\n<div class=\"fusion-aligncenter\"><\/div>\n<\/div><\/div><\/div><\/div><\/div>\n","protected":false},"excerpt":{"rendered":"<p class=\"ai-optimize-32\"><span data-sheets-root=\"1\">Este curso ofrece una capacitaci\u00f3n para la certificaci\u00f3n en ciberseguridad, cubriendo fundamentos, ISO\/IEC 27032 y NIST para desarrollar programas de ciberseguridad.<\/span><\/p>\n","protected":false},"featured_media":53376,"template":"","meta":{"_relevanssi_hide_post":"","_relevanssi_hide_content":"","_relevanssi_pin_for_all":"","_relevanssi_pin_keywords":"","_relevanssi_unpin_keywords":"","_relevanssi_related_keywords":"","_relevanssi_related_include_ids":"","_relevanssi_related_exclude_ids":"","_relevanssi_related_no_append":"","_relevanssi_related_not_related":"","_relevanssi_related_posts":"","_relevanssi_noindex_reason":""},"product_brand":[],"product_cat":[655],"product_tag":[730,736,1930],"class_list":{"0":"post-102568","1":"product","2":"type-product","3":"status-publish","4":"has-post-thumbnail","6":"product_cat-ciberseguridad","7":"product_tag-ciberseguridad","8":"product_tag-seguridad-de-la-informacion","9":"product_tag-seguridad-de-la-informacion-ciberseguridad","11":"first","12":"instock","13":"sold-individually","14":"taxable","15":"shipping-taxable","16":"purchasable","17":"product-type-variable"},"yoast_head":"<!-- This site is optimized with the Yoast SEO Premium plugin v27.4 (Yoast SEO v27.4) - https:\/\/yoast.com\/product\/yoast-seo-premium-wordpress\/ -->\n<title>Fundamentos de Ciberseguridad (LCSPC) con examen de certificaci\u00f3n<\/title>\n<meta name=\"description\" content=\"Curso que incluye un examen de certificaci\u00f3n en fundamentos de ciberseguridad.\" \/>\n<meta name=\"robots\" content=\"index, follow, max-snippet:-1, max-image-preview:large, max-video-preview:-1\" \/>\n<link rel=\"canonical\" href=\"https:\/\/ucenfotec.ac.cr\/ecommerce\/producto\/fundamentos-de-ciberseguridad-lcspc-con-examen-de-certificacion\/\" \/>\n<meta property=\"og:locale\" content=\"es_ES\" \/>\n<meta property=\"og:type\" content=\"article\" \/>\n<meta property=\"og:title\" content=\"Fundamentos de Ciberseguridad (LCSPC) con examen de certificaci\u00f3n\" \/>\n<meta property=\"og:description\" content=\"Curso que incluye un examen de certificaci\u00f3n en fundamentos de ciberseguridad.\" \/>\n<meta property=\"og:url\" content=\"https:\/\/ucenfotec.ac.cr\/ecommerce\/producto\/fundamentos-de-ciberseguridad-lcspc-con-examen-de-certificacion\/\" \/>\n<meta property=\"og:site_name\" content=\"Cursos - CENFOTEC\" \/>\n<meta property=\"article:modified_time\" content=\"2026-03-25T16:06:34+00:00\" \/>\n<meta property=\"og:image\" content=\"https:\/\/ucenfotec.ac.cr\/ecommerce\/wp-content\/uploads\/sites\/13\/2022\/05\/Cybersecurity.jpg\" \/>\n\t<meta property=\"og:image:width\" content=\"500\" \/>\n\t<meta property=\"og:image:height\" content=\"650\" \/>\n\t<meta property=\"og:image:type\" content=\"image\/jpeg\" \/>\n<meta name=\"twitter:card\" content=\"summary_large_image\" \/>\n<meta name=\"twitter:label1\" content=\"Tiempo de lectura\" \/>\n\t<meta name=\"twitter:data1\" content=\"1 minuto\" \/>\n<script type=\"application\/ld+json\" class=\"yoast-schema-graph\">{\"@context\":\"https:\\\/\\\/schema.org\",\"@graph\":[{\"@type\":\"WebPage\",\"@id\":\"https:\\\/\\\/ucenfotec.ac.cr\\\/ecommerce\\\/producto\\\/fundamentos-de-ciberseguridad-lcspc-con-examen-de-certificacion\\\/\",\"url\":\"https:\\\/\\\/ucenfotec.ac.cr\\\/ecommerce\\\/producto\\\/fundamentos-de-ciberseguridad-lcspc-con-examen-de-certificacion\\\/\",\"name\":\"Fundamentos de Ciberseguridad (LCSPC) con examen de certificaci\u00f3n\",\"isPartOf\":{\"@id\":\"https:\\\/\\\/ucenfotec.ac.cr\\\/ecommerce\\\/#website\"},\"primaryImageOfPage\":{\"@id\":\"https:\\\/\\\/ucenfotec.ac.cr\\\/ecommerce\\\/producto\\\/fundamentos-de-ciberseguridad-lcspc-con-examen-de-certificacion\\\/#primaryimage\"},\"image\":{\"@id\":\"https:\\\/\\\/ucenfotec.ac.cr\\\/ecommerce\\\/producto\\\/fundamentos-de-ciberseguridad-lcspc-con-examen-de-certificacion\\\/#primaryimage\"},\"thumbnailUrl\":\"https:\\\/\\\/ucenfotec.ac.cr\\\/ecommerce\\\/wp-content\\\/uploads\\\/sites\\\/13\\\/2022\\\/05\\\/Cybersecurity.jpg\",\"datePublished\":\"2025-02-05T17:05:55+00:00\",\"dateModified\":\"2026-03-25T16:06:34+00:00\",\"description\":\"Curso que incluye un examen de certificaci\u00f3n en fundamentos de ciberseguridad.\",\"breadcrumb\":{\"@id\":\"https:\\\/\\\/ucenfotec.ac.cr\\\/ecommerce\\\/producto\\\/fundamentos-de-ciberseguridad-lcspc-con-examen-de-certificacion\\\/#breadcrumb\"},\"inLanguage\":\"es\",\"potentialAction\":[{\"@type\":\"ReadAction\",\"target\":[\"https:\\\/\\\/ucenfotec.ac.cr\\\/ecommerce\\\/producto\\\/fundamentos-de-ciberseguridad-lcspc-con-examen-de-certificacion\\\/\"]}]},{\"@type\":\"ImageObject\",\"inLanguage\":\"es\",\"@id\":\"https:\\\/\\\/ucenfotec.ac.cr\\\/ecommerce\\\/producto\\\/fundamentos-de-ciberseguridad-lcspc-con-examen-de-certificacion\\\/#primaryimage\",\"url\":\"https:\\\/\\\/ucenfotec.ac.cr\\\/ecommerce\\\/wp-content\\\/uploads\\\/sites\\\/13\\\/2022\\\/05\\\/Cybersecurity.jpg\",\"contentUrl\":\"https:\\\/\\\/ucenfotec.ac.cr\\\/ecommerce\\\/wp-content\\\/uploads\\\/sites\\\/13\\\/2022\\\/05\\\/Cybersecurity.jpg\",\"width\":500,\"height\":650,\"caption\":\"Ciberseguridad - Universidad CENFOTEC\"},{\"@type\":\"BreadcrumbList\",\"@id\":\"https:\\\/\\\/ucenfotec.ac.cr\\\/ecommerce\\\/producto\\\/fundamentos-de-ciberseguridad-lcspc-con-examen-de-certificacion\\\/#breadcrumb\",\"itemListElement\":[{\"@type\":\"ListItem\",\"position\":1,\"name\":\"Portada\",\"item\":\"https:\\\/\\\/ucenfotec.ac.cr\\\/ecommerce\\\/\"},{\"@type\":\"ListItem\",\"position\":2,\"name\":\"Todos los Cursos\",\"item\":\"https:\\\/\\\/ucenfotec.ac.cr\\\/ecommerce\\\/todos-los-cursos\\\/\"},{\"@type\":\"ListItem\",\"position\":3,\"name\":\"Fundamentos de Ciberseguridad (LCSPC) con examen de certificaci\u00f3n\"}]},{\"@type\":\"WebSite\",\"@id\":\"https:\\\/\\\/ucenfotec.ac.cr\\\/ecommerce\\\/#website\",\"url\":\"https:\\\/\\\/ucenfotec.ac.cr\\\/ecommerce\\\/\",\"name\":\"Cursos - CENFOTEC\",\"description\":\"Tienda en l\u00ednea de cursos ofrecidos por CENFOTEC\",\"potentialAction\":[{\"@type\":\"SearchAction\",\"target\":{\"@type\":\"EntryPoint\",\"urlTemplate\":\"https:\\\/\\\/ucenfotec.ac.cr\\\/ecommerce\\\/?s={search_term_string}\"},\"query-input\":{\"@type\":\"PropertyValueSpecification\",\"valueRequired\":true,\"valueName\":\"search_term_string\"}}],\"inLanguage\":\"es\"}]}<\/script>\n<!-- \/ Yoast SEO Premium plugin. -->","yoast_head_json":{"title":"Fundamentos de Ciberseguridad (LCSPC) con examen de certificaci\u00f3n","description":"Curso que incluye un examen de certificaci\u00f3n en fundamentos de ciberseguridad.","robots":{"index":"index","follow":"follow","max-snippet":"max-snippet:-1","max-image-preview":"max-image-preview:large","max-video-preview":"max-video-preview:-1"},"canonical":"https:\/\/ucenfotec.ac.cr\/ecommerce\/producto\/fundamentos-de-ciberseguridad-lcspc-con-examen-de-certificacion\/","og_locale":"es_ES","og_type":"article","og_title":"Fundamentos de Ciberseguridad (LCSPC) con examen de certificaci\u00f3n","og_description":"Curso que incluye un examen de certificaci\u00f3n en fundamentos de ciberseguridad.","og_url":"https:\/\/ucenfotec.ac.cr\/ecommerce\/producto\/fundamentos-de-ciberseguridad-lcspc-con-examen-de-certificacion\/","og_site_name":"Cursos - CENFOTEC","article_modified_time":"2026-03-25T16:06:34+00:00","og_image":[{"width":500,"height":650,"url":"https:\/\/ucenfotec.ac.cr\/ecommerce\/wp-content\/uploads\/sites\/13\/2022\/05\/Cybersecurity.jpg","type":"image\/jpeg"}],"twitter_card":"summary_large_image","twitter_misc":{"Tiempo de lectura":"1 minuto"},"schema":{"@context":"https:\/\/schema.org","@graph":[{"@type":"WebPage","@id":"https:\/\/ucenfotec.ac.cr\/ecommerce\/producto\/fundamentos-de-ciberseguridad-lcspc-con-examen-de-certificacion\/","url":"https:\/\/ucenfotec.ac.cr\/ecommerce\/producto\/fundamentos-de-ciberseguridad-lcspc-con-examen-de-certificacion\/","name":"Fundamentos de Ciberseguridad (LCSPC) con examen de certificaci\u00f3n","isPartOf":{"@id":"https:\/\/ucenfotec.ac.cr\/ecommerce\/#website"},"primaryImageOfPage":{"@id":"https:\/\/ucenfotec.ac.cr\/ecommerce\/producto\/fundamentos-de-ciberseguridad-lcspc-con-examen-de-certificacion\/#primaryimage"},"image":{"@id":"https:\/\/ucenfotec.ac.cr\/ecommerce\/producto\/fundamentos-de-ciberseguridad-lcspc-con-examen-de-certificacion\/#primaryimage"},"thumbnailUrl":"https:\/\/ucenfotec.ac.cr\/ecommerce\/wp-content\/uploads\/sites\/13\/2022\/05\/Cybersecurity.jpg","datePublished":"2025-02-05T17:05:55+00:00","dateModified":"2026-03-25T16:06:34+00:00","description":"Curso que incluye un examen de certificaci\u00f3n en fundamentos de ciberseguridad.","breadcrumb":{"@id":"https:\/\/ucenfotec.ac.cr\/ecommerce\/producto\/fundamentos-de-ciberseguridad-lcspc-con-examen-de-certificacion\/#breadcrumb"},"inLanguage":"es","potentialAction":[{"@type":"ReadAction","target":["https:\/\/ucenfotec.ac.cr\/ecommerce\/producto\/fundamentos-de-ciberseguridad-lcspc-con-examen-de-certificacion\/"]}]},{"@type":"ImageObject","inLanguage":"es","@id":"https:\/\/ucenfotec.ac.cr\/ecommerce\/producto\/fundamentos-de-ciberseguridad-lcspc-con-examen-de-certificacion\/#primaryimage","url":"https:\/\/ucenfotec.ac.cr\/ecommerce\/wp-content\/uploads\/sites\/13\/2022\/05\/Cybersecurity.jpg","contentUrl":"https:\/\/ucenfotec.ac.cr\/ecommerce\/wp-content\/uploads\/sites\/13\/2022\/05\/Cybersecurity.jpg","width":500,"height":650,"caption":"Ciberseguridad - Universidad CENFOTEC"},{"@type":"BreadcrumbList","@id":"https:\/\/ucenfotec.ac.cr\/ecommerce\/producto\/fundamentos-de-ciberseguridad-lcspc-con-examen-de-certificacion\/#breadcrumb","itemListElement":[{"@type":"ListItem","position":1,"name":"Portada","item":"https:\/\/ucenfotec.ac.cr\/ecommerce\/"},{"@type":"ListItem","position":2,"name":"Todos los Cursos","item":"https:\/\/ucenfotec.ac.cr\/ecommerce\/todos-los-cursos\/"},{"@type":"ListItem","position":3,"name":"Fundamentos de Ciberseguridad (LCSPC) con examen de certificaci\u00f3n"}]},{"@type":"WebSite","@id":"https:\/\/ucenfotec.ac.cr\/ecommerce\/#website","url":"https:\/\/ucenfotec.ac.cr\/ecommerce\/","name":"Cursos - CENFOTEC","description":"Tienda en l\u00ednea de cursos ofrecidos por CENFOTEC","potentialAction":[{"@type":"SearchAction","target":{"@type":"EntryPoint","urlTemplate":"https:\/\/ucenfotec.ac.cr\/ecommerce\/?s={search_term_string}"},"query-input":{"@type":"PropertyValueSpecification","valueRequired":true,"valueName":"search_term_string"}}],"inLanguage":"es"}]}},"_links":{"self":[{"href":"https:\/\/ucenfotec.ac.cr\/ecommerce\/wp-json\/wp\/v2\/product\/102568","targetHints":{"allow":["GET"]}}],"collection":[{"href":"https:\/\/ucenfotec.ac.cr\/ecommerce\/wp-json\/wp\/v2\/product"}],"about":[{"href":"https:\/\/ucenfotec.ac.cr\/ecommerce\/wp-json\/wp\/v2\/types\/product"}],"wp:featuredmedia":[{"embeddable":true,"href":"https:\/\/ucenfotec.ac.cr\/ecommerce\/wp-json\/wp\/v2\/media\/53376"}],"wp:attachment":[{"href":"https:\/\/ucenfotec.ac.cr\/ecommerce\/wp-json\/wp\/v2\/media?parent=102568"}],"wp:term":[{"taxonomy":"product_brand","embeddable":true,"href":"https:\/\/ucenfotec.ac.cr\/ecommerce\/wp-json\/wp\/v2\/product_brand?post=102568"},{"taxonomy":"product_cat","embeddable":true,"href":"https:\/\/ucenfotec.ac.cr\/ecommerce\/wp-json\/wp\/v2\/product_cat?post=102568"},{"taxonomy":"product_tag","embeddable":true,"href":"https:\/\/ucenfotec.ac.cr\/ecommerce\/wp-json\/wp\/v2\/product_tag?post=102568"}],"curies":[{"name":"wp","href":"https:\/\/api.w.org\/{rel}","templated":true}]}}