{"id":114194,"date":"2025-06-04T09:11:30","date_gmt":"2025-06-04T15:11:30","guid":{"rendered":"https:\/\/ucenfotec.ac.cr\/ecommerce\/?post_type=product&#038;p=114194"},"modified":"2026-03-26T17:31:41","modified_gmt":"2026-03-26T23:31:41","slug":"power-bi-360-fundamentos-visualizacion-y-modelado","status":"publish","type":"product","link":"https:\/\/ucenfotec.ac.cr\/ecommerce\/producto\/power-bi-360-fundamentos-visualizacion-y-modelado\/","title":{"rendered":"Power BI 360\u00b0: Fundamentos, visualizaci\u00f3n y modelado"},"content":{"rendered":"<div class=\"fusion-fullwidth fullwidth-box fusion-builder-row-1 fusion-flex-container nonhundred-percent-fullwidth non-hundred-percent-height-scrolling\" style=\"--awb-border-radius-top-left:0px;--awb-border-radius-top-right:0px;--awb-border-radius-bottom-right:0px;--awb-border-radius-bottom-left:0px;--awb-flex-wrap:wrap;\" ><div class=\"fusion-builder-row fusion-row fusion-flex-align-items-flex-start fusion-flex-content-wrap\" style=\"max-width:1216.8px;margin-left: calc(-4% \/ 2 );margin-right: calc(-4% \/ 2 );\"><div class=\"fusion-layout-column fusion_builder_column fusion-builder-column-0 fusion_builder_column_1_1 1_1 fusion-flex-column\" style=\"--awb-bg-size:cover;--awb-width-large:100%;--awb-margin-top-large:0px;--awb-spacing-right-large:1.92%;--awb-margin-bottom-large:0px;--awb-spacing-left-large:1.92%;--awb-width-medium:100%;--awb-spacing-right-medium:1.92%;--awb-spacing-left-medium:1.92%;--awb-width-small:100%;--awb-spacing-right-small:1.92%;--awb-spacing-left-small:1.92%;\"><div class=\"fusion-column-wrapper fusion-flex-justify-content-flex-start fusion-content-layout-column\"><div class=\"fusion-text fusion-text-1\"><p><span data-sheets-root=\"1\">El an\u00e1lisis de datos consiste en el proceso de recolecci\u00f3n, transformaci\u00f3n y visualizaci\u00f3n de los datos con el prop\u00f3sito de descubrir informaci\u00f3n relevante que apoye la toma de decisiones empresariales mediante la b\u00fasqueda de hallazgos relacionados con los patrones, las tendencias y las relaciones de los activos digitales.<\/span><\/p>\n<p><span data-sheets-root=\"1\">Las principales tem\u00e1ticas por abordar en este curso son el servicio de Power BI y concepto de an\u00e1lisis de datos, importar datos a Power BI, limpieza y filtrado de datos, dise\u00f1o del reporte, creaci\u00f3n de dashboards y an\u00e1lisis en tiempo real, modelado de datos, funciones de inteligencia de tiempo, categorizaci\u00f3n de datos, opciones avanzadas para el desarrollo de reportes, la gesti\u00f3n de usuarios, el DAX avanzado, el lenguaje M, el dise\u00f1o de gr\u00e1ficos, los dashboards interactivos y las extensiones adicionales de Power BI.<\/span><\/p>\n<p><span data-sheets-root=\"1\">El curso est\u00e1 dise\u00f1ado por competencias y alineado con el marco de habilidades SFIA, por lo que se propone que los estudiantes logren responder a un nivel de habilidad 3, de manera que publican e informan sobre los resultados del modelo para satisfacer las necesidades del cliente y cumplir con los est\u00e1ndares acordados.<\/span><\/p>\n<hr \/>\n<p><strong>Contenidos<\/strong><\/p>\n<p><span data-sheets-root=\"1\">1. Servicio de Power BI y concepto de an\u00e1lisis de datos.<br \/>\n2. Importar datos a Power BI.<br \/>\n3. Limpieza y filtrado de datos. Desarrollo del modelo.<br \/>\n4. Dise\u00f1o del reporte (gr\u00e1ficas, interactividad).<br \/>\n5. Creaci\u00f3n de dashboards, an\u00e1lisis en tiempo real.<br \/>\n6. Modelado de datos.<br \/>\n7. Funciones de inteligencia de tiempo.<br \/>\n8. Opciones avanzadas, 9. Gesti\u00f3n de usuarios al publicar.<br \/>\n10. Programaci\u00f3n en DAX.<br \/>\n11. Lenguaje M, dise\u00f1o de gr\u00e1ficos y dashboards interactivos.<br \/>\n12. Extensiones visuales adicionales de Power BI.<\/span><\/p>\n<hr \/>\n<p><strong>Certificado e Insignia Digital<\/strong><\/p>\n<p>Al finalizar el curso el estudiante obtiene un t\u00edtulo e Insignia digital, socializable en tiempo real basada en tecnolog\u00eda blockchain que permite una vista m\u00e1s completa tras el logro alcanzado por el estudiante al poderla vincular con evidencias del resultado del aprendizaje en su perfil profesional.<\/p>\n<p>Es una certificaci\u00f3n segura.<\/p>\n<p><a href=\"https:\/\/ucenfotec.ac.cr\/ecommerce\/wp-content\/uploads\/sites\/13\/2025\/06\/SINF-912-Power-BI-360-Fundamentos-Visualizacion-y-Modelado.png\"><img decoding=\"async\" class=\"lazyload aligncenter size-full wp-image-314633\" src=\"https:\/\/ucenfotec.ac.cr\/ecommerce\/wp-content\/uploads\/sites\/13\/2025\/06\/SINF-912-Power-BI-360-Fundamentos-Visualizacion-y-Modelado.png\" data-orig-src=\"https:\/\/ucenfotec.ac.cr\/ecommerce\/wp-content\/uploads\/sites\/13\/2025\/06\/SINF-912-Power-BI-360-Fundamentos-Visualizacion-y-Modelado.png\" alt=\"SINF-912 Power BI 360 Fundamentos Visualizacion y Modelado - Universidad CENFOTEC\" width=\"300\" height=\"300\" srcset=\"data:image\/svg+xml,%3Csvg%20xmlns%3D%27http%3A%2F%2Fwww.w3.org%2F2000%2Fsvg%27%20width%3D%27300%27%20height%3D%27300%27%20viewBox%3D%270%200%20300%20300%27%3E%3Crect%20width%3D%27300%27%20height%3D%27300%27%20fill-opacity%3D%220%22%2F%3E%3C%2Fsvg%3E\" data-srcset=\"https:\/\/ucenfotec.ac.cr\/ecommerce\/wp-content\/uploads\/sites\/13\/2025\/06\/SINF-912-Power-BI-360-Fundamentos-Visualizacion-y-Modelado-66x66.png 66w, https:\/\/ucenfotec.ac.cr\/ecommerce\/wp-content\/uploads\/sites\/13\/2025\/06\/SINF-912-Power-BI-360-Fundamentos-Visualizacion-y-Modelado-100x100.png 100w, https:\/\/ucenfotec.ac.cr\/ecommerce\/wp-content\/uploads\/sites\/13\/2025\/06\/SINF-912-Power-BI-360-Fundamentos-Visualizacion-y-Modelado-150x150.png 150w, https:\/\/ucenfotec.ac.cr\/ecommerce\/wp-content\/uploads\/sites\/13\/2025\/06\/SINF-912-Power-BI-360-Fundamentos-Visualizacion-y-Modelado-200x200.png 200w, https:\/\/ucenfotec.ac.cr\/ecommerce\/wp-content\/uploads\/sites\/13\/2025\/06\/SINF-912-Power-BI-360-Fundamentos-Visualizacion-y-Modelado.png 300w\" data-sizes=\"auto\" data-orig-sizes=\"(max-width: 300px) 100vw, 300px\" \/><\/a><\/p>\n<hr \/>\n<\/div><\/div><\/div><\/div><\/div>\n","protected":false},"excerpt":{"rendered":"<p class=\"ai-optimize-27\"><span data-sheets-root=\"1\">Este curso permite desarrollar habilidades avanzadas en an\u00e1lisis de datos con Power BI, desde la transformaci\u00f3n y modelado hasta la creaci\u00f3n de dashboards interactivos, visualizaciones personalizadas y aplicaci\u00f3n de funciones DAX y M.<\/span><\/p>\n","protected":false},"featured_media":53377,"template":"","meta":{"_relevanssi_hide_post":"","_relevanssi_hide_content":"","_relevanssi_pin_for_all":"","_relevanssi_pin_keywords":"","_relevanssi_unpin_keywords":"","_relevanssi_related_keywords":"","_relevanssi_related_include_ids":"","_relevanssi_related_exclude_ids":"","_relevanssi_related_no_append":"","_relevanssi_related_not_related":"","_relevanssi_related_posts":"","_relevanssi_noindex_reason":""},"product_brand":[],"product_cat":[651],"product_tag":[1072,2534,2334,2314,2541,2533,2535,2537,1764,1718,2536,2540,1831,2436,2538,969,1070,2539,964],"class_list":{"0":"post-114194","1":"product","2":"type-product","3":"status-publish","4":"has-post-thumbnail","6":"product_cat-sistemas-de-informacion","7":"product_tag-analisis-de-datos","8":"product_tag-creacion-de-dashboard","9":"product_tag-dashboards","10":"product_tag-dax","11":"product_tag-diseno-de-graficos","12":"product_tag-diseno-del-reporte","13":"product_tag-extensiones-visuales","14":"product_tag-filatrado-de-datos","15":"product_tag-funciones","16":"product_tag-gestion-de-usuarios","17":"product_tag-importar-datos","18":"product_tag-lenguaje-m","19":"product_tag-limpieza-de-datos","20":"product_tag-modelado-de-datos","21":"product_tag-opciones-avanzadas","22":"product_tag-power-bi","23":"product_tag-programacion","24":"product_tag-programacion-de-dax","25":"product_tag-visualizacion-de-datos","27":"first","28":"instock","29":"virtual","30":"sold-individually","31":"taxable","32":"purchasable","33":"product-type-simple"},"yoast_head":"<!-- This site is optimized with the Yoast SEO Premium plugin v27.4 (Yoast SEO v27.4) - https:\/\/yoast.com\/product\/yoast-seo-premium-wordpress\/ -->\n<title>Power BI 360\u00b0: Fundamentos, visualizaci\u00f3n y modelado<\/title>\n<meta name=\"description\" content=\"Domine Power BI para transformar datos en visualizaciones efectivas, crear dashboards din\u00e1micos y aplicar funciones avanzadas para an\u00e1lisis.Domine Power BI para transformar datos en visualizaciones efectivas, crear dashboards din\u00e1micos y aplicar funciones avanzadas para an\u00e1lisis.\" \/>\n<meta name=\"robots\" content=\"index, follow, max-snippet:-1, max-image-preview:large, max-video-preview:-1\" \/>\n<link rel=\"canonical\" href=\"https:\/\/ucenfotec.ac.cr\/ecommerce\/producto\/power-bi-360-fundamentos-visualizacion-y-modelado\/\" \/>\n<meta property=\"og:locale\" content=\"es_ES\" \/>\n<meta property=\"og:type\" content=\"article\" \/>\n<meta property=\"og:title\" content=\"Power BI 360\u00b0: Fundamentos, visualizaci\u00f3n y modelado\" \/>\n<meta property=\"og:description\" content=\"Domine Power BI para transformar datos en visualizaciones efectivas, crear dashboards din\u00e1micos y aplicar funciones avanzadas para an\u00e1lisis.Domine Power BI para transformar datos en visualizaciones efectivas, crear dashboards din\u00e1micos y aplicar funciones avanzadas para an\u00e1lisis.\" \/>\n<meta property=\"og:url\" content=\"https:\/\/ucenfotec.ac.cr\/ecommerce\/producto\/power-bi-360-fundamentos-visualizacion-y-modelado\/\" \/>\n<meta property=\"og:site_name\" content=\"Cursos - CENFOTEC\" \/>\n<meta property=\"article:modified_time\" content=\"2026-03-26T23:31:41+00:00\" \/>\n<meta property=\"og:image\" content=\"https:\/\/ucenfotec.ac.cr\/ecommerce\/wp-content\/uploads\/sites\/13\/2022\/05\/Information-Systems.jpg\" \/>\n\t<meta property=\"og:image:width\" content=\"500\" \/>\n\t<meta property=\"og:image:height\" content=\"650\" \/>\n\t<meta property=\"og:image:type\" content=\"image\/jpeg\" \/>\n<meta name=\"twitter:card\" content=\"summary_large_image\" \/>\n<meta name=\"twitter:label1\" content=\"Tiempo de lectura\" \/>\n\t<meta name=\"twitter:data1\" content=\"1 minuto\" \/>\n<script type=\"application\/ld+json\" class=\"yoast-schema-graph\">{\"@context\":\"https:\\\/\\\/schema.org\",\"@graph\":[{\"@type\":\"WebPage\",\"@id\":\"https:\\\/\\\/ucenfotec.ac.cr\\\/ecommerce\\\/producto\\\/power-bi-360-fundamentos-visualizacion-y-modelado\\\/\",\"url\":\"https:\\\/\\\/ucenfotec.ac.cr\\\/ecommerce\\\/producto\\\/power-bi-360-fundamentos-visualizacion-y-modelado\\\/\",\"name\":\"Power BI 360\u00b0: Fundamentos, visualizaci\u00f3n y modelado\",\"isPartOf\":{\"@id\":\"https:\\\/\\\/ucenfotec.ac.cr\\\/ecommerce\\\/#website\"},\"primaryImageOfPage\":{\"@id\":\"https:\\\/\\\/ucenfotec.ac.cr\\\/ecommerce\\\/producto\\\/power-bi-360-fundamentos-visualizacion-y-modelado\\\/#primaryimage\"},\"image\":{\"@id\":\"https:\\\/\\\/ucenfotec.ac.cr\\\/ecommerce\\\/producto\\\/power-bi-360-fundamentos-visualizacion-y-modelado\\\/#primaryimage\"},\"thumbnailUrl\":\"https:\\\/\\\/ucenfotec.ac.cr\\\/ecommerce\\\/wp-content\\\/uploads\\\/sites\\\/13\\\/2022\\\/05\\\/Information-Systems.jpg\",\"datePublished\":\"2025-06-04T15:11:30+00:00\",\"dateModified\":\"2026-03-26T23:31:41+00:00\",\"description\":\"Domine Power BI para transformar datos en visualizaciones efectivas, crear dashboards din\u00e1micos y aplicar funciones avanzadas para an\u00e1lisis.Domine Power BI para transformar datos en visualizaciones efectivas, crear dashboards din\u00e1micos y aplicar funciones avanzadas para an\u00e1lisis.\",\"breadcrumb\":{\"@id\":\"https:\\\/\\\/ucenfotec.ac.cr\\\/ecommerce\\\/producto\\\/power-bi-360-fundamentos-visualizacion-y-modelado\\\/#breadcrumb\"},\"inLanguage\":\"es\",\"potentialAction\":[{\"@type\":\"ReadAction\",\"target\":[\"https:\\\/\\\/ucenfotec.ac.cr\\\/ecommerce\\\/producto\\\/power-bi-360-fundamentos-visualizacion-y-modelado\\\/\"]}]},{\"@type\":\"ImageObject\",\"inLanguage\":\"es\",\"@id\":\"https:\\\/\\\/ucenfotec.ac.cr\\\/ecommerce\\\/producto\\\/power-bi-360-fundamentos-visualizacion-y-modelado\\\/#primaryimage\",\"url\":\"https:\\\/\\\/ucenfotec.ac.cr\\\/ecommerce\\\/wp-content\\\/uploads\\\/sites\\\/13\\\/2022\\\/05\\\/Information-Systems.jpg\",\"contentUrl\":\"https:\\\/\\\/ucenfotec.ac.cr\\\/ecommerce\\\/wp-content\\\/uploads\\\/sites\\\/13\\\/2022\\\/05\\\/Information-Systems.jpg\",\"width\":500,\"height\":650,\"caption\":\"Sistemas de Informaci\u00f3n\"},{\"@type\":\"BreadcrumbList\",\"@id\":\"https:\\\/\\\/ucenfotec.ac.cr\\\/ecommerce\\\/producto\\\/power-bi-360-fundamentos-visualizacion-y-modelado\\\/#breadcrumb\",\"itemListElement\":[{\"@type\":\"ListItem\",\"position\":1,\"name\":\"Portada\",\"item\":\"https:\\\/\\\/ucenfotec.ac.cr\\\/ecommerce\\\/\"},{\"@type\":\"ListItem\",\"position\":2,\"name\":\"Todos los Cursos\",\"item\":\"https:\\\/\\\/ucenfotec.ac.cr\\\/ecommerce\\\/todos-los-cursos\\\/\"},{\"@type\":\"ListItem\",\"position\":3,\"name\":\"Power BI 360\u00b0: Fundamentos, visualizaci\u00f3n y modelado\"}]},{\"@type\":\"WebSite\",\"@id\":\"https:\\\/\\\/ucenfotec.ac.cr\\\/ecommerce\\\/#website\",\"url\":\"https:\\\/\\\/ucenfotec.ac.cr\\\/ecommerce\\\/\",\"name\":\"Cursos - CENFOTEC\",\"description\":\"Tienda en l\u00ednea de cursos ofrecidos por CENFOTEC\",\"potentialAction\":[{\"@type\":\"SearchAction\",\"target\":{\"@type\":\"EntryPoint\",\"urlTemplate\":\"https:\\\/\\\/ucenfotec.ac.cr\\\/ecommerce\\\/?s={search_term_string}\"},\"query-input\":{\"@type\":\"PropertyValueSpecification\",\"valueRequired\":true,\"valueName\":\"search_term_string\"}}],\"inLanguage\":\"es\"}]}<\/script>\n<!-- \/ Yoast SEO Premium plugin. -->","yoast_head_json":{"title":"Power BI 360\u00b0: Fundamentos, visualizaci\u00f3n y modelado","description":"Domine Power BI para transformar datos en visualizaciones efectivas, crear dashboards din\u00e1micos y aplicar funciones avanzadas para an\u00e1lisis.Domine Power BI para transformar datos en visualizaciones efectivas, crear dashboards din\u00e1micos y aplicar funciones avanzadas para an\u00e1lisis.","robots":{"index":"index","follow":"follow","max-snippet":"max-snippet:-1","max-image-preview":"max-image-preview:large","max-video-preview":"max-video-preview:-1"},"canonical":"https:\/\/ucenfotec.ac.cr\/ecommerce\/producto\/power-bi-360-fundamentos-visualizacion-y-modelado\/","og_locale":"es_ES","og_type":"article","og_title":"Power BI 360\u00b0: Fundamentos, visualizaci\u00f3n y modelado","og_description":"Domine Power BI para transformar datos en visualizaciones efectivas, crear dashboards din\u00e1micos y aplicar funciones avanzadas para an\u00e1lisis.Domine Power BI para transformar datos en visualizaciones efectivas, crear dashboards din\u00e1micos y aplicar funciones avanzadas para an\u00e1lisis.","og_url":"https:\/\/ucenfotec.ac.cr\/ecommerce\/producto\/power-bi-360-fundamentos-visualizacion-y-modelado\/","og_site_name":"Cursos - CENFOTEC","article_modified_time":"2026-03-26T23:31:41+00:00","og_image":[{"width":500,"height":650,"url":"https:\/\/ucenfotec.ac.cr\/ecommerce\/wp-content\/uploads\/sites\/13\/2022\/05\/Information-Systems.jpg","type":"image\/jpeg"}],"twitter_card":"summary_large_image","twitter_misc":{"Tiempo de lectura":"1 minuto"},"schema":{"@context":"https:\/\/schema.org","@graph":[{"@type":"WebPage","@id":"https:\/\/ucenfotec.ac.cr\/ecommerce\/producto\/power-bi-360-fundamentos-visualizacion-y-modelado\/","url":"https:\/\/ucenfotec.ac.cr\/ecommerce\/producto\/power-bi-360-fundamentos-visualizacion-y-modelado\/","name":"Power BI 360\u00b0: Fundamentos, visualizaci\u00f3n y modelado","isPartOf":{"@id":"https:\/\/ucenfotec.ac.cr\/ecommerce\/#website"},"primaryImageOfPage":{"@id":"https:\/\/ucenfotec.ac.cr\/ecommerce\/producto\/power-bi-360-fundamentos-visualizacion-y-modelado\/#primaryimage"},"image":{"@id":"https:\/\/ucenfotec.ac.cr\/ecommerce\/producto\/power-bi-360-fundamentos-visualizacion-y-modelado\/#primaryimage"},"thumbnailUrl":"https:\/\/ucenfotec.ac.cr\/ecommerce\/wp-content\/uploads\/sites\/13\/2022\/05\/Information-Systems.jpg","datePublished":"2025-06-04T15:11:30+00:00","dateModified":"2026-03-26T23:31:41+00:00","description":"Domine Power BI para transformar datos en visualizaciones efectivas, crear dashboards din\u00e1micos y aplicar funciones avanzadas para an\u00e1lisis.Domine Power BI para transformar datos en visualizaciones efectivas, crear dashboards din\u00e1micos y aplicar funciones avanzadas para an\u00e1lisis.","breadcrumb":{"@id":"https:\/\/ucenfotec.ac.cr\/ecommerce\/producto\/power-bi-360-fundamentos-visualizacion-y-modelado\/#breadcrumb"},"inLanguage":"es","potentialAction":[{"@type":"ReadAction","target":["https:\/\/ucenfotec.ac.cr\/ecommerce\/producto\/power-bi-360-fundamentos-visualizacion-y-modelado\/"]}]},{"@type":"ImageObject","inLanguage":"es","@id":"https:\/\/ucenfotec.ac.cr\/ecommerce\/producto\/power-bi-360-fundamentos-visualizacion-y-modelado\/#primaryimage","url":"https:\/\/ucenfotec.ac.cr\/ecommerce\/wp-content\/uploads\/sites\/13\/2022\/05\/Information-Systems.jpg","contentUrl":"https:\/\/ucenfotec.ac.cr\/ecommerce\/wp-content\/uploads\/sites\/13\/2022\/05\/Information-Systems.jpg","width":500,"height":650,"caption":"Sistemas de Informaci\u00f3n"},{"@type":"BreadcrumbList","@id":"https:\/\/ucenfotec.ac.cr\/ecommerce\/producto\/power-bi-360-fundamentos-visualizacion-y-modelado\/#breadcrumb","itemListElement":[{"@type":"ListItem","position":1,"name":"Portada","item":"https:\/\/ucenfotec.ac.cr\/ecommerce\/"},{"@type":"ListItem","position":2,"name":"Todos los Cursos","item":"https:\/\/ucenfotec.ac.cr\/ecommerce\/todos-los-cursos\/"},{"@type":"ListItem","position":3,"name":"Power BI 360\u00b0: Fundamentos, visualizaci\u00f3n y modelado"}]},{"@type":"WebSite","@id":"https:\/\/ucenfotec.ac.cr\/ecommerce\/#website","url":"https:\/\/ucenfotec.ac.cr\/ecommerce\/","name":"Cursos - CENFOTEC","description":"Tienda en l\u00ednea de cursos ofrecidos por CENFOTEC","potentialAction":[{"@type":"SearchAction","target":{"@type":"EntryPoint","urlTemplate":"https:\/\/ucenfotec.ac.cr\/ecommerce\/?s={search_term_string}"},"query-input":{"@type":"PropertyValueSpecification","valueRequired":true,"valueName":"search_term_string"}}],"inLanguage":"es"}]}},"_links":{"self":[{"href":"https:\/\/ucenfotec.ac.cr\/ecommerce\/wp-json\/wp\/v2\/product\/114194","targetHints":{"allow":["GET"]}}],"collection":[{"href":"https:\/\/ucenfotec.ac.cr\/ecommerce\/wp-json\/wp\/v2\/product"}],"about":[{"href":"https:\/\/ucenfotec.ac.cr\/ecommerce\/wp-json\/wp\/v2\/types\/product"}],"wp:featuredmedia":[{"embeddable":true,"href":"https:\/\/ucenfotec.ac.cr\/ecommerce\/wp-json\/wp\/v2\/media\/53377"}],"wp:attachment":[{"href":"https:\/\/ucenfotec.ac.cr\/ecommerce\/wp-json\/wp\/v2\/media?parent=114194"}],"wp:term":[{"taxonomy":"product_brand","embeddable":true,"href":"https:\/\/ucenfotec.ac.cr\/ecommerce\/wp-json\/wp\/v2\/product_brand?post=114194"},{"taxonomy":"product_cat","embeddable":true,"href":"https:\/\/ucenfotec.ac.cr\/ecommerce\/wp-json\/wp\/v2\/product_cat?post=114194"},{"taxonomy":"product_tag","embeddable":true,"href":"https:\/\/ucenfotec.ac.cr\/ecommerce\/wp-json\/wp\/v2\/product_tag?post=114194"}],"curies":[{"name":"wp","href":"https:\/\/api.w.org\/{rel}","templated":true}]}}