{"id":115823,"date":"2025-07-07T08:14:15","date_gmt":"2025-07-07T14:14:15","guid":{"rendered":"https:\/\/ucenfotec.ac.cr\/ecommerce\/?post_type=product&#038;p=115823"},"modified":"2026-03-31T08:47:14","modified_gmt":"2026-03-31T14:47:14","slug":"ccna-1-introduccion-a-las-redes-prof","status":"publish","type":"product","link":"https:\/\/ucenfotec.ac.cr\/ecommerce\/producto\/ccna-1-introduccion-a-las-redes-prof\/","title":{"rendered":"CCNA 1: Introducci\u00f3n a las Redes (Prof)"},"content":{"rendered":"<div class=\"fusion-fullwidth fullwidth-box fusion-builder-row-1 fusion-flex-container nonhundred-percent-fullwidth non-hundred-percent-height-scrolling\" style=\"--awb-border-radius-top-left:0px;--awb-border-radius-top-right:0px;--awb-border-radius-bottom-right:0px;--awb-border-radius-bottom-left:0px;--awb-flex-wrap:wrap;\" ><div class=\"fusion-builder-row fusion-row fusion-flex-align-items-flex-start fusion-flex-content-wrap\" style=\"max-width:1216.8px;margin-left: calc(-4% \/ 2 );margin-right: calc(-4% \/ 2 );\"><div class=\"fusion-layout-column fusion_builder_column fusion-builder-column-0 fusion_builder_column_1_1 1_1 fusion-flex-column\" style=\"--awb-bg-size:cover;--awb-width-large:100%;--awb-margin-top-large:0px;--awb-spacing-right-large:1.92%;--awb-margin-bottom-large:0px;--awb-spacing-left-large:1.92%;--awb-width-medium:100%;--awb-spacing-right-medium:1.92%;--awb-spacing-left-medium:1.92%;--awb-width-small:100%;--awb-spacing-right-small:1.92%;--awb-spacing-left-small:1.92%;\"><div class=\"fusion-column-wrapper fusion-flex-justify-content-flex-start fusion-content-layout-column\"><div class=\"fusion-text fusion-text-1\"><p><span data-sheets-root=\"1\">Las redes de datos son sistemas que permiten la interconexi\u00f3n de dispositivos mediante medios f\u00edsicos o inal\u00e1mbricos, con el fin de compartir informaci\u00f3n, recursos y servicios, estas estructuras est\u00e1n compuestas por componentes como switches, routers, cables, puntos de acceso y software especializado que gestionan el flujo de datos operando bajo modelos de referencia como OSI o TCP\/IP, y utilizando protocolos de comunicaci\u00f3n que aseguran la transmisi\u00f3n eficiente y segura de datos entre dispositivos locales o distribuidos geogr\u00e1ficamente.<\/span><\/p>\n<p><span data-sheets-root=\"1\">Las principales tem\u00e1ticas por abordar son las redes en la actualidad, la configuraci\u00f3n b\u00e1sica de switches y dispositivos finales, los protocolos y modelos, la capa f\u00edsica, de enlace de datos, de red de transporte y aplicaci\u00f3n, sistemas num\u00e9ricos aplicados al direccionamiento, el switching Ethernet, la resoluci\u00f3n de direcciones, la asignaci\u00f3n de direcciones IPv4 e IPv6, ICMP y los fundamentos de seguridad de la red.<\/span><\/p>\n<p><span data-sheets-root=\"1\">El curso est\u00e1 dise\u00f1ado por competencias y alineado con el marco global de habilidades y competencias para un mundo digital SFIA, por lo que se propone que los estudiantes logren responder a un nivel de responsabilidad 3, de manera que especifican las configuraciones t\u00e9cnicas y los componentes necesarios para una red peque\u00f1a o un segmento de red en infraestructuras m\u00e1s complejas. Este curso est\u00e1 dise\u00f1ado para preparar a los estudiantes para el examen de certificaci\u00f3n CCNA: Introducci\u00f3n a las Redes.<\/span><\/p>\n<hr \/>\n<p><strong>Contenidos<\/strong><\/p>\n<p><span data-sheets-root=\"1\">1. Las redes en la actualidad.<br \/>\n2. Configuraci\u00f3n b\u00e1sica de switches y dispositivos finales.<br \/>\n3. Protocolos y modelos.<br \/>\n4. Capa f\u00edsica.<br \/>\n5. Sistemas num\u00e9ricos.<br \/>\n6. Capa de enlace de datos.<br \/>\n7. Switching Ethernet.<br \/>\n8. Capa de red.<br \/>\n9. Resoluci\u00f3n de direcciones.<br \/>\n10. Asignaci\u00f3n de direcciones IPv4.<br \/>\n11. Asignaci\u00f3n de direcciones IPv6.<br \/>\n12. ICMP.<br \/>\n13. Capa de transporte.<br \/>\n14. Capa de aplicaci\u00f3n.<br \/>\n15. Fundamentos de seguridad de la red.<\/span><\/p>\n<hr \/>\n<p><strong>Certificado e Insignia Digital<\/strong><\/p>\n<p>Al finalizar el curso el estudiante obtiene un t\u00edtulo e Insignia digital, socializable en tiempo real basada en tecnolog\u00eda blockchain que permite una vista m\u00e1s completa tras el logro alcanzado por el estudiante al poderla vincular con evidencias del resultado del aprendizaje en su perfil profesional. Es una certificaci\u00f3n segura.<\/p>\n<p><a href=\"https:\/\/ucenfotec.ac.cr\/ecommerce\/wp-content\/uploads\/sites\/13\/2025\/07\/TI-703-CCNA-1-Introduccion-a-las-Redes-Prof.png\"><img decoding=\"async\" class=\"lazyload aligncenter size-full wp-image-318934\" src=\"https:\/\/ucenfotec.ac.cr\/ecommerce\/wp-content\/uploads\/sites\/13\/2025\/07\/TI-703-CCNA-1-Introduccion-a-las-Redes-Prof.png\" data-orig-src=\"https:\/\/ucenfotec.ac.cr\/ecommerce\/wp-content\/uploads\/sites\/13\/2025\/07\/TI-703-CCNA-1-Introduccion-a-las-Redes-Prof.png\" alt=\"TI-703 CCNA 1 Introduccion a las Redes Prof - Universidad CENFOTEC\" width=\"300\" height=\"300\" srcset=\"data:image\/svg+xml,%3Csvg%20xmlns%3D%27http%3A%2F%2Fwww.w3.org%2F2000%2Fsvg%27%20width%3D%27300%27%20height%3D%27300%27%20viewBox%3D%270%200%20300%20300%27%3E%3Crect%20width%3D%27300%27%20height%3D%27300%27%20fill-opacity%3D%220%22%2F%3E%3C%2Fsvg%3E\" data-srcset=\"https:\/\/ucenfotec.ac.cr\/ecommerce\/wp-content\/uploads\/sites\/13\/2025\/07\/TI-703-CCNA-1-Introduccion-a-las-Redes-Prof-66x66.png 66w, https:\/\/ucenfotec.ac.cr\/ecommerce\/wp-content\/uploads\/sites\/13\/2025\/07\/TI-703-CCNA-1-Introduccion-a-las-Redes-Prof-100x100.png 100w, https:\/\/ucenfotec.ac.cr\/ecommerce\/wp-content\/uploads\/sites\/13\/2025\/07\/TI-703-CCNA-1-Introduccion-a-las-Redes-Prof-150x150.png 150w, https:\/\/ucenfotec.ac.cr\/ecommerce\/wp-content\/uploads\/sites\/13\/2025\/07\/TI-703-CCNA-1-Introduccion-a-las-Redes-Prof-200x200.png 200w, https:\/\/ucenfotec.ac.cr\/ecommerce\/wp-content\/uploads\/sites\/13\/2025\/07\/TI-703-CCNA-1-Introduccion-a-las-Redes-Prof.png 300w\" data-sizes=\"auto\" data-orig-sizes=\"(max-width: 300px) 100vw, 300px\" \/><\/a><\/p>\n<hr \/>\n<\/div><\/div><\/div><\/div><\/div>\n","protected":false},"excerpt":{"rendered":"<p class=\"ai-optimize-25\"><span data-sheets-root=\"1\">Este curso proporciona las bases para comprender, configurar y asegurar redes peque\u00f1as, abarcando modelos OSI y TCP\/IP, IPv4\/IPv6, switching y protocolos clave.<\/span><\/p>\n","protected":false},"featured_media":53378,"template":"","meta":{"_relevanssi_hide_post":"","_relevanssi_hide_content":"","_relevanssi_pin_for_all":"","_relevanssi_pin_keywords":"","_relevanssi_unpin_keywords":"","_relevanssi_related_keywords":"","_relevanssi_related_include_ids":"","_relevanssi_related_exclude_ids":"","_relevanssi_related_no_append":"","_relevanssi_related_not_related":"","_relevanssi_related_posts":"","_relevanssi_noindex_reason":""},"product_brand":[],"product_cat":[16],"product_tag":[2947,2943,2946,2940,1741,1518,1363,2551,1738,2945,875,1740,2548,2547,2550,2939,794,2944,2546,2552,2948,2941,2543,2545,2942,2549,2544],"class_list":{"0":"post-115823","1":"product","2":"type-product","3":"status-publish","4":"has-post-thumbnail","6":"product_cat-tecnologias-de-informacion","7":"product_tag-capa-de-aplicacion","8":"product_tag-capa-de-red","9":"product_tag-capa-de-transporte","10":"product_tag-capa-fisica","11":"product_tag-ccna","12":"product_tag-cisco","13":"product_tag-cli","14":"product_tag-conectividad","15":"product_tag-direccionamiento","16":"product_tag-icmp","17":"product_tag-ipv4","18":"product_tag-ipv6","19":"product_tag-modelos","20":"product_tag-packet-tracer","21":"product_tag-protocolos-de-red","22":"product_tag-protocolos-y-modelos","23":"product_tag-redes","24":"product_tag-resolucion-de-direcciones","25":"product_tag-routers","26":"product_tag-seguridad-basica","27":"product_tag-seguridad-de-la-red","28":"product_tag-sistemas-numericos","29":"product_tag-subredes","30":"product_tag-switches","31":"product_tag-switching-ethernet","32":"product_tag-tipos-de-capas","33":"product_tag-vlsm","35":"first","36":"instock","37":"virtual","38":"sold-individually","39":"taxable","40":"purchasable","41":"product-type-simple"},"yoast_head":"<!-- This site is optimized with the Yoast SEO Premium plugin v27.4 (Yoast SEO v27.4) - https:\/\/yoast.com\/product\/yoast-seo-premium-wordpress\/ -->\n<title>CCNA 1: Introducci\u00f3n a las Redes (Prof)<\/title>\n<meta name=\"description\" content=\"Fundamentos esenciales para configurar redes peque\u00f1as con dispositivos Cisco, direccionamiento IPv4\/IPv6, protocolos clave y seguridad b\u00e1sica.\" \/>\n<meta name=\"robots\" content=\"index, follow, max-snippet:-1, max-image-preview:large, max-video-preview:-1\" \/>\n<link rel=\"canonical\" href=\"https:\/\/ucenfotec.ac.cr\/ecommerce\/producto\/ccna-1-introduccion-a-las-redes-prof\/\" \/>\n<meta property=\"og:locale\" content=\"es_ES\" \/>\n<meta property=\"og:type\" content=\"article\" \/>\n<meta property=\"og:title\" content=\"CCNA 1: Introducci\u00f3n a las Redes (Prof)\" \/>\n<meta property=\"og:description\" content=\"Fundamentos esenciales para configurar redes peque\u00f1as con dispositivos Cisco, direccionamiento IPv4\/IPv6, protocolos clave y seguridad b\u00e1sica.\" \/>\n<meta property=\"og:url\" content=\"https:\/\/ucenfotec.ac.cr\/ecommerce\/producto\/ccna-1-introduccion-a-las-redes-prof\/\" \/>\n<meta property=\"og:site_name\" content=\"Cursos - CENFOTEC\" \/>\n<meta property=\"article:modified_time\" content=\"2026-03-31T14:47:14+00:00\" \/>\n<meta property=\"og:image\" content=\"https:\/\/ucenfotec.ac.cr\/ecommerce\/wp-content\/uploads\/sites\/13\/2022\/05\/Information-Technology.jpg\" \/>\n\t<meta property=\"og:image:width\" content=\"500\" \/>\n\t<meta property=\"og:image:height\" content=\"650\" \/>\n\t<meta property=\"og:image:type\" content=\"image\/jpeg\" \/>\n<meta name=\"twitter:card\" content=\"summary_large_image\" \/>\n<meta name=\"twitter:description\" content=\"Fundamentos esenciales para configurar redes peque\u00f1as con dispositivos Cisco, direccionamiento IPv4\/IPv6, protocolos clave y seguridad b\u00e1sica.\" \/>\n<meta name=\"twitter:label1\" content=\"Tiempo de lectura\" \/>\n\t<meta name=\"twitter:data1\" content=\"1 minuto\" \/>\n<script type=\"application\/ld+json\" class=\"yoast-schema-graph\">{\"@context\":\"https:\\\/\\\/schema.org\",\"@graph\":[{\"@type\":\"WebPage\",\"@id\":\"https:\\\/\\\/ucenfotec.ac.cr\\\/ecommerce\\\/producto\\\/ccna-1-introduccion-a-las-redes-prof\\\/\",\"url\":\"https:\\\/\\\/ucenfotec.ac.cr\\\/ecommerce\\\/producto\\\/ccna-1-introduccion-a-las-redes-prof\\\/\",\"name\":\"CCNA 1: Introducci\u00f3n a las Redes (Prof)\",\"isPartOf\":{\"@id\":\"https:\\\/\\\/ucenfotec.ac.cr\\\/ecommerce\\\/#website\"},\"primaryImageOfPage\":{\"@id\":\"https:\\\/\\\/ucenfotec.ac.cr\\\/ecommerce\\\/producto\\\/ccna-1-introduccion-a-las-redes-prof\\\/#primaryimage\"},\"image\":{\"@id\":\"https:\\\/\\\/ucenfotec.ac.cr\\\/ecommerce\\\/producto\\\/ccna-1-introduccion-a-las-redes-prof\\\/#primaryimage\"},\"thumbnailUrl\":\"https:\\\/\\\/ucenfotec.ac.cr\\\/ecommerce\\\/wp-content\\\/uploads\\\/sites\\\/13\\\/2022\\\/05\\\/Information-Technology.jpg\",\"datePublished\":\"2025-07-07T14:14:15+00:00\",\"dateModified\":\"2026-03-31T14:47:14+00:00\",\"description\":\"Fundamentos esenciales para configurar redes peque\u00f1as con dispositivos Cisco, direccionamiento IPv4\\\/IPv6, protocolos clave y seguridad b\u00e1sica.\",\"breadcrumb\":{\"@id\":\"https:\\\/\\\/ucenfotec.ac.cr\\\/ecommerce\\\/producto\\\/ccna-1-introduccion-a-las-redes-prof\\\/#breadcrumb\"},\"inLanguage\":\"es\",\"potentialAction\":[{\"@type\":\"ReadAction\",\"target\":[\"https:\\\/\\\/ucenfotec.ac.cr\\\/ecommerce\\\/producto\\\/ccna-1-introduccion-a-las-redes-prof\\\/\"]}]},{\"@type\":\"ImageObject\",\"inLanguage\":\"es\",\"@id\":\"https:\\\/\\\/ucenfotec.ac.cr\\\/ecommerce\\\/producto\\\/ccna-1-introduccion-a-las-redes-prof\\\/#primaryimage\",\"url\":\"https:\\\/\\\/ucenfotec.ac.cr\\\/ecommerce\\\/wp-content\\\/uploads\\\/sites\\\/13\\\/2022\\\/05\\\/Information-Technology.jpg\",\"contentUrl\":\"https:\\\/\\\/ucenfotec.ac.cr\\\/ecommerce\\\/wp-content\\\/uploads\\\/sites\\\/13\\\/2022\\\/05\\\/Information-Technology.jpg\",\"width\":500,\"height\":650,\"caption\":\"Tecnolog\u00edas de Informaci\u00f3n - Universidad CENFOTEC\"},{\"@type\":\"BreadcrumbList\",\"@id\":\"https:\\\/\\\/ucenfotec.ac.cr\\\/ecommerce\\\/producto\\\/ccna-1-introduccion-a-las-redes-prof\\\/#breadcrumb\",\"itemListElement\":[{\"@type\":\"ListItem\",\"position\":1,\"name\":\"Portada\",\"item\":\"https:\\\/\\\/ucenfotec.ac.cr\\\/ecommerce\\\/\"},{\"@type\":\"ListItem\",\"position\":2,\"name\":\"Todos los Cursos\",\"item\":\"https:\\\/\\\/ucenfotec.ac.cr\\\/ecommerce\\\/todos-los-cursos\\\/\"},{\"@type\":\"ListItem\",\"position\":3,\"name\":\"CCNA 1: Introducci\u00f3n a las Redes (Prof)\"}]},{\"@type\":\"WebSite\",\"@id\":\"https:\\\/\\\/ucenfotec.ac.cr\\\/ecommerce\\\/#website\",\"url\":\"https:\\\/\\\/ucenfotec.ac.cr\\\/ecommerce\\\/\",\"name\":\"Cursos - CENFOTEC\",\"description\":\"Tienda en l\u00ednea de cursos ofrecidos por CENFOTEC\",\"potentialAction\":[{\"@type\":\"SearchAction\",\"target\":{\"@type\":\"EntryPoint\",\"urlTemplate\":\"https:\\\/\\\/ucenfotec.ac.cr\\\/ecommerce\\\/?s={search_term_string}\"},\"query-input\":{\"@type\":\"PropertyValueSpecification\",\"valueRequired\":true,\"valueName\":\"search_term_string\"}}],\"inLanguage\":\"es\"}]}<\/script>\n<!-- \/ Yoast SEO Premium plugin. -->","yoast_head_json":{"title":"CCNA 1: Introducci\u00f3n a las Redes (Prof)","description":"Fundamentos esenciales para configurar redes peque\u00f1as con dispositivos Cisco, direccionamiento IPv4\/IPv6, protocolos clave y seguridad b\u00e1sica.","robots":{"index":"index","follow":"follow","max-snippet":"max-snippet:-1","max-image-preview":"max-image-preview:large","max-video-preview":"max-video-preview:-1"},"canonical":"https:\/\/ucenfotec.ac.cr\/ecommerce\/producto\/ccna-1-introduccion-a-las-redes-prof\/","og_locale":"es_ES","og_type":"article","og_title":"CCNA 1: Introducci\u00f3n a las Redes (Prof)","og_description":"Fundamentos esenciales para configurar redes peque\u00f1as con dispositivos Cisco, direccionamiento IPv4\/IPv6, protocolos clave y seguridad b\u00e1sica.","og_url":"https:\/\/ucenfotec.ac.cr\/ecommerce\/producto\/ccna-1-introduccion-a-las-redes-prof\/","og_site_name":"Cursos - CENFOTEC","article_modified_time":"2026-03-31T14:47:14+00:00","og_image":[{"width":500,"height":650,"url":"https:\/\/ucenfotec.ac.cr\/ecommerce\/wp-content\/uploads\/sites\/13\/2022\/05\/Information-Technology.jpg","type":"image\/jpeg"}],"twitter_card":"summary_large_image","twitter_description":"Fundamentos esenciales para configurar redes peque\u00f1as con dispositivos Cisco, direccionamiento IPv4\/IPv6, protocolos clave y seguridad b\u00e1sica.","twitter_misc":{"Tiempo de lectura":"1 minuto"},"schema":{"@context":"https:\/\/schema.org","@graph":[{"@type":"WebPage","@id":"https:\/\/ucenfotec.ac.cr\/ecommerce\/producto\/ccna-1-introduccion-a-las-redes-prof\/","url":"https:\/\/ucenfotec.ac.cr\/ecommerce\/producto\/ccna-1-introduccion-a-las-redes-prof\/","name":"CCNA 1: Introducci\u00f3n a las Redes (Prof)","isPartOf":{"@id":"https:\/\/ucenfotec.ac.cr\/ecommerce\/#website"},"primaryImageOfPage":{"@id":"https:\/\/ucenfotec.ac.cr\/ecommerce\/producto\/ccna-1-introduccion-a-las-redes-prof\/#primaryimage"},"image":{"@id":"https:\/\/ucenfotec.ac.cr\/ecommerce\/producto\/ccna-1-introduccion-a-las-redes-prof\/#primaryimage"},"thumbnailUrl":"https:\/\/ucenfotec.ac.cr\/ecommerce\/wp-content\/uploads\/sites\/13\/2022\/05\/Information-Technology.jpg","datePublished":"2025-07-07T14:14:15+00:00","dateModified":"2026-03-31T14:47:14+00:00","description":"Fundamentos esenciales para configurar redes peque\u00f1as con dispositivos Cisco, direccionamiento IPv4\/IPv6, protocolos clave y seguridad b\u00e1sica.","breadcrumb":{"@id":"https:\/\/ucenfotec.ac.cr\/ecommerce\/producto\/ccna-1-introduccion-a-las-redes-prof\/#breadcrumb"},"inLanguage":"es","potentialAction":[{"@type":"ReadAction","target":["https:\/\/ucenfotec.ac.cr\/ecommerce\/producto\/ccna-1-introduccion-a-las-redes-prof\/"]}]},{"@type":"ImageObject","inLanguage":"es","@id":"https:\/\/ucenfotec.ac.cr\/ecommerce\/producto\/ccna-1-introduccion-a-las-redes-prof\/#primaryimage","url":"https:\/\/ucenfotec.ac.cr\/ecommerce\/wp-content\/uploads\/sites\/13\/2022\/05\/Information-Technology.jpg","contentUrl":"https:\/\/ucenfotec.ac.cr\/ecommerce\/wp-content\/uploads\/sites\/13\/2022\/05\/Information-Technology.jpg","width":500,"height":650,"caption":"Tecnolog\u00edas de Informaci\u00f3n - Universidad CENFOTEC"},{"@type":"BreadcrumbList","@id":"https:\/\/ucenfotec.ac.cr\/ecommerce\/producto\/ccna-1-introduccion-a-las-redes-prof\/#breadcrumb","itemListElement":[{"@type":"ListItem","position":1,"name":"Portada","item":"https:\/\/ucenfotec.ac.cr\/ecommerce\/"},{"@type":"ListItem","position":2,"name":"Todos los Cursos","item":"https:\/\/ucenfotec.ac.cr\/ecommerce\/todos-los-cursos\/"},{"@type":"ListItem","position":3,"name":"CCNA 1: Introducci\u00f3n a las Redes (Prof)"}]},{"@type":"WebSite","@id":"https:\/\/ucenfotec.ac.cr\/ecommerce\/#website","url":"https:\/\/ucenfotec.ac.cr\/ecommerce\/","name":"Cursos - CENFOTEC","description":"Tienda en l\u00ednea de cursos ofrecidos por CENFOTEC","potentialAction":[{"@type":"SearchAction","target":{"@type":"EntryPoint","urlTemplate":"https:\/\/ucenfotec.ac.cr\/ecommerce\/?s={search_term_string}"},"query-input":{"@type":"PropertyValueSpecification","valueRequired":true,"valueName":"search_term_string"}}],"inLanguage":"es"}]}},"_links":{"self":[{"href":"https:\/\/ucenfotec.ac.cr\/ecommerce\/wp-json\/wp\/v2\/product\/115823","targetHints":{"allow":["GET"]}}],"collection":[{"href":"https:\/\/ucenfotec.ac.cr\/ecommerce\/wp-json\/wp\/v2\/product"}],"about":[{"href":"https:\/\/ucenfotec.ac.cr\/ecommerce\/wp-json\/wp\/v2\/types\/product"}],"wp:featuredmedia":[{"embeddable":true,"href":"https:\/\/ucenfotec.ac.cr\/ecommerce\/wp-json\/wp\/v2\/media\/53378"}],"wp:attachment":[{"href":"https:\/\/ucenfotec.ac.cr\/ecommerce\/wp-json\/wp\/v2\/media?parent=115823"}],"wp:term":[{"taxonomy":"product_brand","embeddable":true,"href":"https:\/\/ucenfotec.ac.cr\/ecommerce\/wp-json\/wp\/v2\/product_brand?post=115823"},{"taxonomy":"product_cat","embeddable":true,"href":"https:\/\/ucenfotec.ac.cr\/ecommerce\/wp-json\/wp\/v2\/product_cat?post=115823"},{"taxonomy":"product_tag","embeddable":true,"href":"https:\/\/ucenfotec.ac.cr\/ecommerce\/wp-json\/wp\/v2\/product_tag?post=115823"}],"curies":[{"name":"wp","href":"https:\/\/api.w.org\/{rel}","templated":true}]}}