{"id":115984,"date":"2025-07-07T17:04:14","date_gmt":"2025-07-07T23:04:14","guid":{"rendered":"https:\/\/ucenfotec.ac.cr\/ecommerce\/?post_type=product&#038;p=115984"},"modified":"2026-05-14T13:04:55","modified_gmt":"2026-05-14T19:04:55","slug":"desarrollo-basico-de-aplicaciones-usando-power-apps-2","status":"publish","type":"product","link":"https:\/\/ucenfotec.ac.cr\/ecommerce\/producto\/desarrollo-basico-de-aplicaciones-usando-power-apps-2\/","title":{"rendered":"Desarrollo b\u00e1sico de aplicaciones usando Power Apps"},"content":{"rendered":"<div class=\"fusion-fullwidth fullwidth-box fusion-builder-row-1 fusion-flex-container nonhundred-percent-fullwidth non-hundred-percent-height-scrolling\" style=\"--awb-border-radius-top-left:0px;--awb-border-radius-top-right:0px;--awb-border-radius-bottom-right:0px;--awb-border-radius-bottom-left:0px;--awb-flex-wrap:wrap;\" ><div class=\"fusion-builder-row fusion-row fusion-flex-align-items-flex-start fusion-flex-content-wrap\" style=\"max-width:1216.8px;margin-left: calc(-4% \/ 2 );margin-right: calc(-4% \/ 2 );\"><div class=\"fusion-layout-column fusion_builder_column fusion-builder-column-0 fusion_builder_column_1_1 1_1 fusion-flex-column\" style=\"--awb-bg-size:cover;--awb-width-large:100%;--awb-margin-top-large:0px;--awb-spacing-right-large:1.92%;--awb-margin-bottom-large:0px;--awb-spacing-left-large:1.92%;--awb-width-medium:100%;--awb-spacing-right-medium:1.92%;--awb-spacing-left-medium:1.92%;--awb-width-small:100%;--awb-spacing-right-small:1.92%;--awb-spacing-left-small:1.92%;\"><div class=\"fusion-column-wrapper fusion-flex-justify-content-flex-start fusion-content-layout-column\"><div class=\"fusion-text fusion-text-1\"><p><span data-sheets-root=\"1\">Power Apps es una plataforma de desarrollo de aplicaciones de bajo c\u00f3digo creada por Microsoft que permite a los usuarios crear aplicaciones personalizadas para sus necesidades empresariales sin necesidad de tener habilidades avanzadas en programaci\u00f3n. Power Apps forma parte del conjunto de herramientas de Microsoft Power Platform, que tambi\u00e9n incluye Power BI, Power Automate y Power Virtual Agents.<\/span><\/p>\n<p><span data-sheets-root=\"1\">Este curso cubre temas como los componentes b\u00e1sicos de Power Apps, la creaci\u00f3n de aplicaciones canvas, la conexi\u00f3n de datos y el uso de fuentes comunes, as\u00ed como la automatizaci\u00f3n b\u00e1sica y la publicaci\u00f3n de aplicaciones.<\/span><\/p>\n<p><span data-sheets-root=\"1\">El curso est\u00e1 dise\u00f1ado por competencias y alineado con el marco de habilidades SFIA, por lo que se propone que los estudiantes logren responder a un nivel de habilidad 2, de manera que dise\u00f1a, codifica, verifica, prueba, documenta, modifica y refactoriza programas\/scripts simples en Power Apps. <\/span><\/p>\n<hr \/>\n<p><strong>Contenidos<\/strong><\/p>\n<p><span data-sheets-root=\"1\">1. Introducci\u00f3n a Power Apps y la plataforma.<br \/>\n2. Creaci\u00f3n de aplicaciones canvas.<br \/>\n3. Conexi\u00f3n de datos y uso de fuentes comunes.<br \/>\n4. Automatizaci\u00f3n b\u00e1sica y publicaci\u00f3n de aplicaciones.<\/span><\/p>\n<hr \/>\n<\/div><\/div><\/div><\/div><\/div>\n","protected":false},"excerpt":{"rendered":"<p class=\"ai-optimize-29\"><span data-sheets-root=\"1\">Este curso introduce al desarrollo de aplicaciones con Power Apps, guiando en el dise\u00f1o de interfaces, conexi\u00f3n de datos, automatizaci\u00f3n b\u00e1sica y publicaci\u00f3n efectiva.<\/span><\/p>\n","protected":false},"featured_media":53377,"template":"","meta":{"_relevanssi_hide_post":"","_relevanssi_hide_content":"","_relevanssi_pin_for_all":"","_relevanssi_pin_keywords":"","_relevanssi_unpin_keywords":"","_relevanssi_related_keywords":"","_relevanssi_related_include_ids":"","_relevanssi_related_exclude_ids":"","_relevanssi_related_no_append":"","_relevanssi_related_not_related":"","_relevanssi_related_posts":"","_relevanssi_noindex_reason":""},"product_brand":[],"product_cat":[651],"product_tag":[2233,817,3080,3078,1720,3079,1654,1655,1651,3081],"class_list":{"0":"post-115984","1":"product","2":"type-product","3":"status-publish","4":"has-post-thumbnail","6":"product_cat-sistemas-de-informacion","7":"product_tag-aplicaciones-canvas","8":"product_tag-automatizacion","9":"product_tag-automatizacion-basica","10":"product_tag-conexion-de-datos","11":"product_tag-desarrollo-de-aplicaciones","12":"product_tag-fuentes-comunes","13":"product_tag-integracion-de-datos","14":"product_tag-microsoft-365","15":"product_tag-power-apps","16":"product_tag-publicacion-de-aplicaciones","18":"first","19":"instock","20":"virtual","21":"sold-individually","22":"taxable","23":"purchasable","24":"product-type-simple"},"yoast_head":"<!-- This site is optimized with the Yoast SEO Premium plugin v27.4 (Yoast SEO v27.4) - https:\/\/yoast.com\/product\/yoast-seo-premium-wordpress\/ -->\n<title>Desarrollo b\u00e1sico de aplicaciones usando Power Apps<\/title>\n<meta name=\"description\" content=\"Descubre c\u00f3mo crear aplicaciones con Power Apps, conectar datos y automatizar procesos para soluciones de negocio efectivas.\" \/>\n<meta name=\"robots\" content=\"index, follow, max-snippet:-1, max-image-preview:large, max-video-preview:-1\" \/>\n<link rel=\"canonical\" href=\"https:\/\/ucenfotec.ac.cr\/ecommerce\/producto\/desarrollo-basico-de-aplicaciones-usando-power-apps-2\/\" \/>\n<meta property=\"og:locale\" content=\"es_ES\" \/>\n<meta property=\"og:type\" content=\"article\" \/>\n<meta property=\"og:title\" content=\"Desarrollo b\u00e1sico de aplicaciones usando Power Apps\" \/>\n<meta property=\"og:description\" content=\"Descubre c\u00f3mo crear aplicaciones con Power Apps, conectar datos y automatizar procesos para soluciones de negocio efectivas.\" \/>\n<meta property=\"og:url\" content=\"https:\/\/ucenfotec.ac.cr\/ecommerce\/producto\/desarrollo-basico-de-aplicaciones-usando-power-apps-2\/\" \/>\n<meta property=\"og:site_name\" content=\"Cursos - CENFOTEC\" \/>\n<meta property=\"article:modified_time\" content=\"2026-05-14T19:04:55+00:00\" \/>\n<meta property=\"og:image\" content=\"https:\/\/ucenfotec.ac.cr\/ecommerce\/wp-content\/uploads\/sites\/13\/2022\/05\/Information-Systems.jpg\" \/>\n\t<meta property=\"og:image:width\" content=\"500\" \/>\n\t<meta property=\"og:image:height\" content=\"650\" \/>\n\t<meta property=\"og:image:type\" content=\"image\/jpeg\" \/>\n<meta name=\"twitter:card\" content=\"summary_large_image\" \/>\n<meta name=\"twitter:label1\" content=\"Tiempo de lectura\" \/>\n\t<meta name=\"twitter:data1\" content=\"1 minuto\" \/>\n<script type=\"application\/ld+json\" class=\"yoast-schema-graph\">{\"@context\":\"https:\\\/\\\/schema.org\",\"@graph\":[{\"@type\":\"WebPage\",\"@id\":\"https:\\\/\\\/ucenfotec.ac.cr\\\/ecommerce\\\/producto\\\/desarrollo-basico-de-aplicaciones-usando-power-apps-2\\\/\",\"url\":\"https:\\\/\\\/ucenfotec.ac.cr\\\/ecommerce\\\/producto\\\/desarrollo-basico-de-aplicaciones-usando-power-apps-2\\\/\",\"name\":\"Desarrollo b\u00e1sico de aplicaciones usando Power Apps\",\"isPartOf\":{\"@id\":\"https:\\\/\\\/ucenfotec.ac.cr\\\/ecommerce\\\/#website\"},\"primaryImageOfPage\":{\"@id\":\"https:\\\/\\\/ucenfotec.ac.cr\\\/ecommerce\\\/producto\\\/desarrollo-basico-de-aplicaciones-usando-power-apps-2\\\/#primaryimage\"},\"image\":{\"@id\":\"https:\\\/\\\/ucenfotec.ac.cr\\\/ecommerce\\\/producto\\\/desarrollo-basico-de-aplicaciones-usando-power-apps-2\\\/#primaryimage\"},\"thumbnailUrl\":\"https:\\\/\\\/ucenfotec.ac.cr\\\/ecommerce\\\/wp-content\\\/uploads\\\/sites\\\/13\\\/2022\\\/05\\\/Information-Systems.jpg\",\"datePublished\":\"2025-07-07T23:04:14+00:00\",\"dateModified\":\"2026-05-14T19:04:55+00:00\",\"description\":\"Descubre c\u00f3mo crear aplicaciones con Power Apps, conectar datos y automatizar procesos para soluciones de negocio efectivas.\",\"breadcrumb\":{\"@id\":\"https:\\\/\\\/ucenfotec.ac.cr\\\/ecommerce\\\/producto\\\/desarrollo-basico-de-aplicaciones-usando-power-apps-2\\\/#breadcrumb\"},\"inLanguage\":\"es\",\"potentialAction\":[{\"@type\":\"ReadAction\",\"target\":[\"https:\\\/\\\/ucenfotec.ac.cr\\\/ecommerce\\\/producto\\\/desarrollo-basico-de-aplicaciones-usando-power-apps-2\\\/\"]}]},{\"@type\":\"ImageObject\",\"inLanguage\":\"es\",\"@id\":\"https:\\\/\\\/ucenfotec.ac.cr\\\/ecommerce\\\/producto\\\/desarrollo-basico-de-aplicaciones-usando-power-apps-2\\\/#primaryimage\",\"url\":\"https:\\\/\\\/ucenfotec.ac.cr\\\/ecommerce\\\/wp-content\\\/uploads\\\/sites\\\/13\\\/2022\\\/05\\\/Information-Systems.jpg\",\"contentUrl\":\"https:\\\/\\\/ucenfotec.ac.cr\\\/ecommerce\\\/wp-content\\\/uploads\\\/sites\\\/13\\\/2022\\\/05\\\/Information-Systems.jpg\",\"width\":500,\"height\":650,\"caption\":\"Sistemas de Informaci\u00f3n\"},{\"@type\":\"BreadcrumbList\",\"@id\":\"https:\\\/\\\/ucenfotec.ac.cr\\\/ecommerce\\\/producto\\\/desarrollo-basico-de-aplicaciones-usando-power-apps-2\\\/#breadcrumb\",\"itemListElement\":[{\"@type\":\"ListItem\",\"position\":1,\"name\":\"Portada\",\"item\":\"https:\\\/\\\/ucenfotec.ac.cr\\\/ecommerce\\\/\"},{\"@type\":\"ListItem\",\"position\":2,\"name\":\"Todos los Cursos\",\"item\":\"https:\\\/\\\/ucenfotec.ac.cr\\\/ecommerce\\\/todos-los-cursos\\\/\"},{\"@type\":\"ListItem\",\"position\":3,\"name\":\"Desarrollo b\u00e1sico de aplicaciones usando Power Apps\"}]},{\"@type\":\"WebSite\",\"@id\":\"https:\\\/\\\/ucenfotec.ac.cr\\\/ecommerce\\\/#website\",\"url\":\"https:\\\/\\\/ucenfotec.ac.cr\\\/ecommerce\\\/\",\"name\":\"Cursos - CENFOTEC\",\"description\":\"Tienda en l\u00ednea de cursos ofrecidos por CENFOTEC\",\"potentialAction\":[{\"@type\":\"SearchAction\",\"target\":{\"@type\":\"EntryPoint\",\"urlTemplate\":\"https:\\\/\\\/ucenfotec.ac.cr\\\/ecommerce\\\/?s={search_term_string}\"},\"query-input\":{\"@type\":\"PropertyValueSpecification\",\"valueRequired\":true,\"valueName\":\"search_term_string\"}}],\"inLanguage\":\"es\"}]}<\/script>\n<!-- \/ Yoast SEO Premium plugin. -->","yoast_head_json":{"title":"Desarrollo b\u00e1sico de aplicaciones usando Power Apps","description":"Descubre c\u00f3mo crear aplicaciones con Power Apps, conectar datos y automatizar procesos para soluciones de negocio efectivas.","robots":{"index":"index","follow":"follow","max-snippet":"max-snippet:-1","max-image-preview":"max-image-preview:large","max-video-preview":"max-video-preview:-1"},"canonical":"https:\/\/ucenfotec.ac.cr\/ecommerce\/producto\/desarrollo-basico-de-aplicaciones-usando-power-apps-2\/","og_locale":"es_ES","og_type":"article","og_title":"Desarrollo b\u00e1sico de aplicaciones usando Power Apps","og_description":"Descubre c\u00f3mo crear aplicaciones con Power Apps, conectar datos y automatizar procesos para soluciones de negocio efectivas.","og_url":"https:\/\/ucenfotec.ac.cr\/ecommerce\/producto\/desarrollo-basico-de-aplicaciones-usando-power-apps-2\/","og_site_name":"Cursos - CENFOTEC","article_modified_time":"2026-05-14T19:04:55+00:00","og_image":[{"width":500,"height":650,"url":"https:\/\/ucenfotec.ac.cr\/ecommerce\/wp-content\/uploads\/sites\/13\/2022\/05\/Information-Systems.jpg","type":"image\/jpeg"}],"twitter_card":"summary_large_image","twitter_misc":{"Tiempo de lectura":"1 minuto"},"schema":{"@context":"https:\/\/schema.org","@graph":[{"@type":"WebPage","@id":"https:\/\/ucenfotec.ac.cr\/ecommerce\/producto\/desarrollo-basico-de-aplicaciones-usando-power-apps-2\/","url":"https:\/\/ucenfotec.ac.cr\/ecommerce\/producto\/desarrollo-basico-de-aplicaciones-usando-power-apps-2\/","name":"Desarrollo b\u00e1sico de aplicaciones usando Power Apps","isPartOf":{"@id":"https:\/\/ucenfotec.ac.cr\/ecommerce\/#website"},"primaryImageOfPage":{"@id":"https:\/\/ucenfotec.ac.cr\/ecommerce\/producto\/desarrollo-basico-de-aplicaciones-usando-power-apps-2\/#primaryimage"},"image":{"@id":"https:\/\/ucenfotec.ac.cr\/ecommerce\/producto\/desarrollo-basico-de-aplicaciones-usando-power-apps-2\/#primaryimage"},"thumbnailUrl":"https:\/\/ucenfotec.ac.cr\/ecommerce\/wp-content\/uploads\/sites\/13\/2022\/05\/Information-Systems.jpg","datePublished":"2025-07-07T23:04:14+00:00","dateModified":"2026-05-14T19:04:55+00:00","description":"Descubre c\u00f3mo crear aplicaciones con Power Apps, conectar datos y automatizar procesos para soluciones de negocio efectivas.","breadcrumb":{"@id":"https:\/\/ucenfotec.ac.cr\/ecommerce\/producto\/desarrollo-basico-de-aplicaciones-usando-power-apps-2\/#breadcrumb"},"inLanguage":"es","potentialAction":[{"@type":"ReadAction","target":["https:\/\/ucenfotec.ac.cr\/ecommerce\/producto\/desarrollo-basico-de-aplicaciones-usando-power-apps-2\/"]}]},{"@type":"ImageObject","inLanguage":"es","@id":"https:\/\/ucenfotec.ac.cr\/ecommerce\/producto\/desarrollo-basico-de-aplicaciones-usando-power-apps-2\/#primaryimage","url":"https:\/\/ucenfotec.ac.cr\/ecommerce\/wp-content\/uploads\/sites\/13\/2022\/05\/Information-Systems.jpg","contentUrl":"https:\/\/ucenfotec.ac.cr\/ecommerce\/wp-content\/uploads\/sites\/13\/2022\/05\/Information-Systems.jpg","width":500,"height":650,"caption":"Sistemas de Informaci\u00f3n"},{"@type":"BreadcrumbList","@id":"https:\/\/ucenfotec.ac.cr\/ecommerce\/producto\/desarrollo-basico-de-aplicaciones-usando-power-apps-2\/#breadcrumb","itemListElement":[{"@type":"ListItem","position":1,"name":"Portada","item":"https:\/\/ucenfotec.ac.cr\/ecommerce\/"},{"@type":"ListItem","position":2,"name":"Todos los Cursos","item":"https:\/\/ucenfotec.ac.cr\/ecommerce\/todos-los-cursos\/"},{"@type":"ListItem","position":3,"name":"Desarrollo b\u00e1sico de aplicaciones usando Power Apps"}]},{"@type":"WebSite","@id":"https:\/\/ucenfotec.ac.cr\/ecommerce\/#website","url":"https:\/\/ucenfotec.ac.cr\/ecommerce\/","name":"Cursos - CENFOTEC","description":"Tienda en l\u00ednea de cursos ofrecidos por CENFOTEC","potentialAction":[{"@type":"SearchAction","target":{"@type":"EntryPoint","urlTemplate":"https:\/\/ucenfotec.ac.cr\/ecommerce\/?s={search_term_string}"},"query-input":{"@type":"PropertyValueSpecification","valueRequired":true,"valueName":"search_term_string"}}],"inLanguage":"es"}]}},"_links":{"self":[{"href":"https:\/\/ucenfotec.ac.cr\/ecommerce\/wp-json\/wp\/v2\/product\/115984","targetHints":{"allow":["GET"]}}],"collection":[{"href":"https:\/\/ucenfotec.ac.cr\/ecommerce\/wp-json\/wp\/v2\/product"}],"about":[{"href":"https:\/\/ucenfotec.ac.cr\/ecommerce\/wp-json\/wp\/v2\/types\/product"}],"wp:featuredmedia":[{"embeddable":true,"href":"https:\/\/ucenfotec.ac.cr\/ecommerce\/wp-json\/wp\/v2\/media\/53377"}],"wp:attachment":[{"href":"https:\/\/ucenfotec.ac.cr\/ecommerce\/wp-json\/wp\/v2\/media?parent=115984"}],"wp:term":[{"taxonomy":"product_brand","embeddable":true,"href":"https:\/\/ucenfotec.ac.cr\/ecommerce\/wp-json\/wp\/v2\/product_brand?post=115984"},{"taxonomy":"product_cat","embeddable":true,"href":"https:\/\/ucenfotec.ac.cr\/ecommerce\/wp-json\/wp\/v2\/product_cat?post=115984"},{"taxonomy":"product_tag","embeddable":true,"href":"https:\/\/ucenfotec.ac.cr\/ecommerce\/wp-json\/wp\/v2\/product_tag?post=115984"}],"curies":[{"name":"wp","href":"https:\/\/api.w.org\/{rel}","templated":true}]}}