{"id":116289,"date":"2025-07-09T20:09:01","date_gmt":"2025-07-10T02:09:01","guid":{"rendered":"https:\/\/ucenfotec.ac.cr\/ecommerce\/?post_type=product&#038;p=116289"},"modified":"2026-04-09T18:10:40","modified_gmt":"2026-04-10T00:10:40","slug":"certificacion-az-305-diseno-de-soluciones-de-infraestructura-de-microsoft-azure-con-examen-de-certificacion","status":"publish","type":"product","link":"https:\/\/ucenfotec.ac.cr\/ecommerce\/producto\/certificacion-az-305-diseno-de-soluciones-de-infraestructura-de-microsoft-azure-con-examen-de-certificacion\/","title":{"rendered":"Certificaci\u00f3n AZ-305 Dise\u00f1o de soluciones de infraestructura de Microsoft Azure con examen de certificaci\u00f3n"},"content":{"rendered":"<div class=\"fusion-fullwidth fullwidth-box fusion-builder-row-1 fusion-flex-container nonhundred-percent-fullwidth non-hundred-percent-height-scrolling\" style=\"--awb-border-radius-top-left:0px;--awb-border-radius-top-right:0px;--awb-border-radius-bottom-right:0px;--awb-border-radius-bottom-left:0px;--awb-flex-wrap:wrap;\" ><div class=\"fusion-builder-row fusion-row fusion-flex-align-items-flex-start fusion-flex-content-wrap\" style=\"max-width:1216.8px;margin-left: calc(-4% \/ 2 );margin-right: calc(-4% \/ 2 );\"><div class=\"fusion-layout-column fusion_builder_column fusion-builder-column-0 fusion_builder_column_1_1 1_1 fusion-flex-column\" style=\"--awb-bg-size:cover;--awb-width-large:100%;--awb-margin-top-large:0px;--awb-spacing-right-large:1.92%;--awb-margin-bottom-large:0px;--awb-spacing-left-large:1.92%;--awb-width-medium:100%;--awb-spacing-right-medium:1.92%;--awb-spacing-left-medium:1.92%;--awb-width-small:100%;--awb-spacing-right-small:1.92%;--awb-spacing-left-small:1.92%;\"><div class=\"fusion-column-wrapper fusion-flex-justify-content-flex-start fusion-content-layout-column\"><div class=\"fusion-text fusion-text-1\"><p><span data-sheets-root=\"1\">Microsoft Azure es una plataforma de servicios en la nube desarrollada por Microsoft que permite crear, implementar y administrar aplicaciones y soluciones a trav\u00e9s de una red global de centros de datos, ofreciendo una amplia gama de servicios, incluyendo c\u00f3mputo, almacenamiento, redes, bases de datos, inteligencia artificial y an\u00e1lisi, siendo altamente escalable, lo que permite adaptarse a las necesidades cambiantes de empresas de todos los tama\u00f1os.<\/span><\/p>\n<p><span data-sheets-root=\"1\">Las principales tem\u00e1ticas a abordar incluyen el dise\u00f1o de soluciones de identidad, gobernanza, supervisi\u00f3n, almacenamiento de datos, continuidad empresarial e infraestructura.<\/span><\/p>\n<p><span data-sheets-root=\"1\">El curso est\u00e1 dise\u00f1ado por competencias y alineado con el marco global de habilidades y competencias para un mundo digital SFIA, por lo que se propone que los estudiantes logren responder a un nivel de responsabilidad 4, de manera que producen especificaciones de componentes, niveles e interfaces basados en la nube o en el sitio, para su traducci\u00f3n a dise\u00f1os detallados utilizando servicios y productos seleccionados. En este curso los estudiantes aprenden sobre los conceptos de servicios de Azure mediante un enfoque pr\u00e1ctico, requerido para presentar la certificaci\u00f3n AZ 305.<\/span><\/p>\n<hr \/>\n<p><strong>Contenidos<\/strong><\/p>\n<p><span data-sheets-root=\"1\">1. Dise\u00f1o de soluciones de identidad, gobernanza y supervisi\u00f3n.<br \/>\n2. Dise\u00f1o de soluciones de almacenamiento de datos.<br \/>\n3. Dise\u00f1o de soluciones de continuidad empresarial.<br \/>\n4. Dise\u00f1o de soluciones de infraestructura.<\/span><\/p>\n<hr \/>\n<hr \/>\n<\/div><\/div><\/div><\/div><\/div>\n","protected":false},"excerpt":{"rendered":"<p class=\"ai-optimize-25\"><span data-sheets-root=\"1\">Este curso prepara para la certificaci\u00f3n AZ-305, cubriendo el dise\u00f1o de soluciones de infraestructura en Microsoft Azure, desde autenticaci\u00f3n y almacenamiento hasta continuidad empresarial y migraciones. Con examen de certificaci\u00f3n.<\/span><\/p>\n","protected":false},"featured_media":53378,"template":"","meta":{"_relevanssi_hide_post":"on","_relevanssi_hide_content":"on","_relevanssi_pin_for_all":"","_relevanssi_pin_keywords":"","_relevanssi_unpin_keywords":"","_relevanssi_related_keywords":"","_relevanssi_related_include_ids":"","_relevanssi_related_exclude_ids":"","_relevanssi_related_no_append":"","_relevanssi_related_not_related":"","_relevanssi_related_posts":"","_relevanssi_noindex_reason":"WooCommerce Yoast SEO Relevanssi index exclude"},"product_brand":[],"product_cat":[1087,16],"product_tag":[2593,2594,1613,790,2595,1597,2031],"class_list":{"0":"post-116289","1":"product","2":"type-product","3":"status-publish","4":"has-post-thumbnail","6":"product_cat-agotado","7":"product_cat-tecnologias-de-informacion","8":"product_tag-almacenamiento-de-datos","9":"product_tag-continuidad-empresarial","10":"product_tag-gobernanza","11":"product_tag-identidad","12":"product_tag-infraestrusctura","13":"product_tag-microsoft-azure","14":"product_tag-supervision","16":"first","17":"outofstock","18":"virtual","19":"sold-individually","20":"taxable","21":"product-type-simple"},"yoast_head":"<!-- This site is optimized with the Yoast SEO Premium plugin v27.4 (Yoast SEO v27.4) - https:\/\/yoast.com\/product\/yoast-seo-premium-wordpress\/ -->\n<title>Certificaci\u00f3n AZ-305 Dise\u00f1o de soluciones de infraestructura de Microsoft Azure con examen de certificaci\u00f3n<\/title>\n<meta name=\"description\" content=\"Curso que incluye examen de certificaci\u00f3n AZ-305 Dise\u00f1o de soluciones de infraestructura de Microsoft Azure.\" \/>\n<meta name=\"robots\" content=\"index, follow, max-snippet:-1, max-image-preview:large, max-video-preview:-1\" \/>\n<link rel=\"canonical\" href=\"https:\/\/ucenfotec.ac.cr\/ecommerce\/producto\/certificacion-az-305-diseno-de-soluciones-de-infraestructura-de-microsoft-azure-con-examen-de-certificacion\/\" \/>\n<meta property=\"og:locale\" content=\"es_ES\" \/>\n<meta property=\"og:type\" content=\"article\" \/>\n<meta property=\"og:title\" content=\"Certificaci\u00f3n AZ-305 Dise\u00f1o de soluciones de infraestructura de Microsoft Azure con examen de certificaci\u00f3n\" \/>\n<meta property=\"og:description\" content=\"Curso que incluye examen de certificaci\u00f3n AZ-305 Dise\u00f1o de soluciones de infraestructura de Microsoft Azure.\" \/>\n<meta property=\"og:url\" content=\"https:\/\/ucenfotec.ac.cr\/ecommerce\/producto\/certificacion-az-305-diseno-de-soluciones-de-infraestructura-de-microsoft-azure-con-examen-de-certificacion\/\" \/>\n<meta property=\"og:site_name\" content=\"Cursos - CENFOTEC\" \/>\n<meta property=\"article:modified_time\" content=\"2026-04-10T00:10:40+00:00\" \/>\n<meta property=\"og:image\" content=\"https:\/\/ucenfotec.ac.cr\/ecommerce\/wp-content\/uploads\/sites\/13\/2022\/05\/Information-Technology.jpg\" \/>\n\t<meta property=\"og:image:width\" content=\"500\" \/>\n\t<meta property=\"og:image:height\" content=\"650\" \/>\n\t<meta property=\"og:image:type\" content=\"image\/jpeg\" \/>\n<meta name=\"twitter:card\" content=\"summary_large_image\" \/>\n<meta name=\"twitter:label1\" content=\"Tiempo de lectura\" \/>\n\t<meta name=\"twitter:data1\" content=\"1 minuto\" \/>\n<script type=\"application\/ld+json\" class=\"yoast-schema-graph\">{\"@context\":\"https:\\\/\\\/schema.org\",\"@graph\":[{\"@type\":\"WebPage\",\"@id\":\"https:\\\/\\\/ucenfotec.ac.cr\\\/ecommerce\\\/producto\\\/certificacion-az-305-diseno-de-soluciones-de-infraestructura-de-microsoft-azure-con-examen-de-certificacion\\\/\",\"url\":\"https:\\\/\\\/ucenfotec.ac.cr\\\/ecommerce\\\/producto\\\/certificacion-az-305-diseno-de-soluciones-de-infraestructura-de-microsoft-azure-con-examen-de-certificacion\\\/\",\"name\":\"Certificaci\u00f3n AZ-305 Dise\u00f1o de soluciones de infraestructura de Microsoft Azure con examen de certificaci\u00f3n\",\"isPartOf\":{\"@id\":\"https:\\\/\\\/ucenfotec.ac.cr\\\/ecommerce\\\/#website\"},\"primaryImageOfPage\":{\"@id\":\"https:\\\/\\\/ucenfotec.ac.cr\\\/ecommerce\\\/producto\\\/certificacion-az-305-diseno-de-soluciones-de-infraestructura-de-microsoft-azure-con-examen-de-certificacion\\\/#primaryimage\"},\"image\":{\"@id\":\"https:\\\/\\\/ucenfotec.ac.cr\\\/ecommerce\\\/producto\\\/certificacion-az-305-diseno-de-soluciones-de-infraestructura-de-microsoft-azure-con-examen-de-certificacion\\\/#primaryimage\"},\"thumbnailUrl\":\"https:\\\/\\\/ucenfotec.ac.cr\\\/ecommerce\\\/wp-content\\\/uploads\\\/sites\\\/13\\\/2022\\\/05\\\/Information-Technology.jpg\",\"datePublished\":\"2025-07-10T02:09:01+00:00\",\"dateModified\":\"2026-04-10T00:10:40+00:00\",\"description\":\"Curso que incluye examen de certificaci\u00f3n AZ-305 Dise\u00f1o de soluciones de infraestructura de Microsoft Azure.\",\"breadcrumb\":{\"@id\":\"https:\\\/\\\/ucenfotec.ac.cr\\\/ecommerce\\\/producto\\\/certificacion-az-305-diseno-de-soluciones-de-infraestructura-de-microsoft-azure-con-examen-de-certificacion\\\/#breadcrumb\"},\"inLanguage\":\"es\",\"potentialAction\":[{\"@type\":\"ReadAction\",\"target\":[\"https:\\\/\\\/ucenfotec.ac.cr\\\/ecommerce\\\/producto\\\/certificacion-az-305-diseno-de-soluciones-de-infraestructura-de-microsoft-azure-con-examen-de-certificacion\\\/\"]}]},{\"@type\":\"ImageObject\",\"inLanguage\":\"es\",\"@id\":\"https:\\\/\\\/ucenfotec.ac.cr\\\/ecommerce\\\/producto\\\/certificacion-az-305-diseno-de-soluciones-de-infraestructura-de-microsoft-azure-con-examen-de-certificacion\\\/#primaryimage\",\"url\":\"https:\\\/\\\/ucenfotec.ac.cr\\\/ecommerce\\\/wp-content\\\/uploads\\\/sites\\\/13\\\/2022\\\/05\\\/Information-Technology.jpg\",\"contentUrl\":\"https:\\\/\\\/ucenfotec.ac.cr\\\/ecommerce\\\/wp-content\\\/uploads\\\/sites\\\/13\\\/2022\\\/05\\\/Information-Technology.jpg\",\"width\":500,\"height\":650,\"caption\":\"Tecnolog\u00edas de Informaci\u00f3n - Universidad CENFOTEC\"},{\"@type\":\"BreadcrumbList\",\"@id\":\"https:\\\/\\\/ucenfotec.ac.cr\\\/ecommerce\\\/producto\\\/certificacion-az-305-diseno-de-soluciones-de-infraestructura-de-microsoft-azure-con-examen-de-certificacion\\\/#breadcrumb\",\"itemListElement\":[{\"@type\":\"ListItem\",\"position\":1,\"name\":\"Portada\",\"item\":\"https:\\\/\\\/ucenfotec.ac.cr\\\/ecommerce\\\/\"},{\"@type\":\"ListItem\",\"position\":2,\"name\":\"Todos los Cursos\",\"item\":\"https:\\\/\\\/ucenfotec.ac.cr\\\/ecommerce\\\/todos-los-cursos\\\/\"},{\"@type\":\"ListItem\",\"position\":3,\"name\":\"Certificaci\u00f3n AZ-305 Dise\u00f1o de soluciones de infraestructura de Microsoft Azure con examen de certificaci\u00f3n\"}]},{\"@type\":\"WebSite\",\"@id\":\"https:\\\/\\\/ucenfotec.ac.cr\\\/ecommerce\\\/#website\",\"url\":\"https:\\\/\\\/ucenfotec.ac.cr\\\/ecommerce\\\/\",\"name\":\"Cursos - CENFOTEC\",\"description\":\"Tienda en l\u00ednea de cursos ofrecidos por CENFOTEC\",\"potentialAction\":[{\"@type\":\"SearchAction\",\"target\":{\"@type\":\"EntryPoint\",\"urlTemplate\":\"https:\\\/\\\/ucenfotec.ac.cr\\\/ecommerce\\\/?s={search_term_string}\"},\"query-input\":{\"@type\":\"PropertyValueSpecification\",\"valueRequired\":true,\"valueName\":\"search_term_string\"}}],\"inLanguage\":\"es\"}]}<\/script>\n<!-- \/ Yoast SEO Premium plugin. -->","yoast_head_json":{"title":"Certificaci\u00f3n AZ-305 Dise\u00f1o de soluciones de infraestructura de Microsoft Azure con examen de certificaci\u00f3n","description":"Curso que incluye examen de certificaci\u00f3n AZ-305 Dise\u00f1o de soluciones de infraestructura de Microsoft Azure.","robots":{"index":"index","follow":"follow","max-snippet":"max-snippet:-1","max-image-preview":"max-image-preview:large","max-video-preview":"max-video-preview:-1"},"canonical":"https:\/\/ucenfotec.ac.cr\/ecommerce\/producto\/certificacion-az-305-diseno-de-soluciones-de-infraestructura-de-microsoft-azure-con-examen-de-certificacion\/","og_locale":"es_ES","og_type":"article","og_title":"Certificaci\u00f3n AZ-305 Dise\u00f1o de soluciones de infraestructura de Microsoft Azure con examen de certificaci\u00f3n","og_description":"Curso que incluye examen de certificaci\u00f3n AZ-305 Dise\u00f1o de soluciones de infraestructura de Microsoft Azure.","og_url":"https:\/\/ucenfotec.ac.cr\/ecommerce\/producto\/certificacion-az-305-diseno-de-soluciones-de-infraestructura-de-microsoft-azure-con-examen-de-certificacion\/","og_site_name":"Cursos - CENFOTEC","article_modified_time":"2026-04-10T00:10:40+00:00","og_image":[{"width":500,"height":650,"url":"https:\/\/ucenfotec.ac.cr\/ecommerce\/wp-content\/uploads\/sites\/13\/2022\/05\/Information-Technology.jpg","type":"image\/jpeg"}],"twitter_card":"summary_large_image","twitter_misc":{"Tiempo de lectura":"1 minuto"},"schema":{"@context":"https:\/\/schema.org","@graph":[{"@type":"WebPage","@id":"https:\/\/ucenfotec.ac.cr\/ecommerce\/producto\/certificacion-az-305-diseno-de-soluciones-de-infraestructura-de-microsoft-azure-con-examen-de-certificacion\/","url":"https:\/\/ucenfotec.ac.cr\/ecommerce\/producto\/certificacion-az-305-diseno-de-soluciones-de-infraestructura-de-microsoft-azure-con-examen-de-certificacion\/","name":"Certificaci\u00f3n AZ-305 Dise\u00f1o de soluciones de infraestructura de Microsoft Azure con examen de certificaci\u00f3n","isPartOf":{"@id":"https:\/\/ucenfotec.ac.cr\/ecommerce\/#website"},"primaryImageOfPage":{"@id":"https:\/\/ucenfotec.ac.cr\/ecommerce\/producto\/certificacion-az-305-diseno-de-soluciones-de-infraestructura-de-microsoft-azure-con-examen-de-certificacion\/#primaryimage"},"image":{"@id":"https:\/\/ucenfotec.ac.cr\/ecommerce\/producto\/certificacion-az-305-diseno-de-soluciones-de-infraestructura-de-microsoft-azure-con-examen-de-certificacion\/#primaryimage"},"thumbnailUrl":"https:\/\/ucenfotec.ac.cr\/ecommerce\/wp-content\/uploads\/sites\/13\/2022\/05\/Information-Technology.jpg","datePublished":"2025-07-10T02:09:01+00:00","dateModified":"2026-04-10T00:10:40+00:00","description":"Curso que incluye examen de certificaci\u00f3n AZ-305 Dise\u00f1o de soluciones de infraestructura de Microsoft Azure.","breadcrumb":{"@id":"https:\/\/ucenfotec.ac.cr\/ecommerce\/producto\/certificacion-az-305-diseno-de-soluciones-de-infraestructura-de-microsoft-azure-con-examen-de-certificacion\/#breadcrumb"},"inLanguage":"es","potentialAction":[{"@type":"ReadAction","target":["https:\/\/ucenfotec.ac.cr\/ecommerce\/producto\/certificacion-az-305-diseno-de-soluciones-de-infraestructura-de-microsoft-azure-con-examen-de-certificacion\/"]}]},{"@type":"ImageObject","inLanguage":"es","@id":"https:\/\/ucenfotec.ac.cr\/ecommerce\/producto\/certificacion-az-305-diseno-de-soluciones-de-infraestructura-de-microsoft-azure-con-examen-de-certificacion\/#primaryimage","url":"https:\/\/ucenfotec.ac.cr\/ecommerce\/wp-content\/uploads\/sites\/13\/2022\/05\/Information-Technology.jpg","contentUrl":"https:\/\/ucenfotec.ac.cr\/ecommerce\/wp-content\/uploads\/sites\/13\/2022\/05\/Information-Technology.jpg","width":500,"height":650,"caption":"Tecnolog\u00edas de Informaci\u00f3n - Universidad CENFOTEC"},{"@type":"BreadcrumbList","@id":"https:\/\/ucenfotec.ac.cr\/ecommerce\/producto\/certificacion-az-305-diseno-de-soluciones-de-infraestructura-de-microsoft-azure-con-examen-de-certificacion\/#breadcrumb","itemListElement":[{"@type":"ListItem","position":1,"name":"Portada","item":"https:\/\/ucenfotec.ac.cr\/ecommerce\/"},{"@type":"ListItem","position":2,"name":"Todos los Cursos","item":"https:\/\/ucenfotec.ac.cr\/ecommerce\/todos-los-cursos\/"},{"@type":"ListItem","position":3,"name":"Certificaci\u00f3n AZ-305 Dise\u00f1o de soluciones de infraestructura de Microsoft Azure con examen de certificaci\u00f3n"}]},{"@type":"WebSite","@id":"https:\/\/ucenfotec.ac.cr\/ecommerce\/#website","url":"https:\/\/ucenfotec.ac.cr\/ecommerce\/","name":"Cursos - CENFOTEC","description":"Tienda en l\u00ednea de cursos ofrecidos por CENFOTEC","potentialAction":[{"@type":"SearchAction","target":{"@type":"EntryPoint","urlTemplate":"https:\/\/ucenfotec.ac.cr\/ecommerce\/?s={search_term_string}"},"query-input":{"@type":"PropertyValueSpecification","valueRequired":true,"valueName":"search_term_string"}}],"inLanguage":"es"}]}},"_links":{"self":[{"href":"https:\/\/ucenfotec.ac.cr\/ecommerce\/wp-json\/wp\/v2\/product\/116289","targetHints":{"allow":["GET"]}}],"collection":[{"href":"https:\/\/ucenfotec.ac.cr\/ecommerce\/wp-json\/wp\/v2\/product"}],"about":[{"href":"https:\/\/ucenfotec.ac.cr\/ecommerce\/wp-json\/wp\/v2\/types\/product"}],"wp:featuredmedia":[{"embeddable":true,"href":"https:\/\/ucenfotec.ac.cr\/ecommerce\/wp-json\/wp\/v2\/media\/53378"}],"wp:attachment":[{"href":"https:\/\/ucenfotec.ac.cr\/ecommerce\/wp-json\/wp\/v2\/media?parent=116289"}],"wp:term":[{"taxonomy":"product_brand","embeddable":true,"href":"https:\/\/ucenfotec.ac.cr\/ecommerce\/wp-json\/wp\/v2\/product_brand?post=116289"},{"taxonomy":"product_cat","embeddable":true,"href":"https:\/\/ucenfotec.ac.cr\/ecommerce\/wp-json\/wp\/v2\/product_cat?post=116289"},{"taxonomy":"product_tag","embeddable":true,"href":"https:\/\/ucenfotec.ac.cr\/ecommerce\/wp-json\/wp\/v2\/product_tag?post=116289"}],"curies":[{"name":"wp","href":"https:\/\/api.w.org\/{rel}","templated":true}]}}