{"id":116352,"date":"2025-07-10T17:50:44","date_gmt":"2025-07-10T23:50:44","guid":{"rendered":"https:\/\/ucenfotec.ac.cr\/ecommerce\/?post_type=product&#038;p=116352"},"modified":"2026-04-09T18:07:58","modified_gmt":"2026-04-10T00:07:58","slug":"inteligencia-artificial-para-desarrolladores","status":"publish","type":"product","link":"https:\/\/ucenfotec.ac.cr\/ecommerce\/producto\/inteligencia-artificial-para-desarrolladores\/","title":{"rendered":"Inteligencia Artificial para Desarrolladores"},"content":{"rendered":"<div class=\"fusion-fullwidth fullwidth-box fusion-builder-row-1 fusion-flex-container nonhundred-percent-fullwidth non-hundred-percent-height-scrolling\" style=\"--awb-border-radius-top-left:0px;--awb-border-radius-top-right:0px;--awb-border-radius-bottom-right:0px;--awb-border-radius-bottom-left:0px;--awb-flex-wrap:wrap;\" ><div class=\"fusion-builder-row fusion-row fusion-flex-align-items-flex-start fusion-flex-content-wrap\" style=\"max-width:1216.8px;margin-left: calc(-4% \/ 2 );margin-right: calc(-4% \/ 2 );\"><div class=\"fusion-layout-column fusion_builder_column fusion-builder-column-0 fusion_builder_column_1_1 1_1 fusion-flex-column\" style=\"--awb-bg-size:cover;--awb-width-large:100%;--awb-margin-top-large:0px;--awb-spacing-right-large:1.92%;--awb-margin-bottom-large:0px;--awb-spacing-left-large:1.92%;--awb-width-medium:100%;--awb-spacing-right-medium:1.92%;--awb-spacing-left-medium:1.92%;--awb-width-small:100%;--awb-spacing-right-small:1.92%;--awb-spacing-left-small:1.92%;\"><div class=\"fusion-column-wrapper fusion-flex-justify-content-flex-start fusion-content-layout-column\"><div class=\"fusion-text fusion-text-1\"><p><span data-sheets-root=\"1\">La inteligencia artificial (IA) es un campo de la inform\u00e1tica que desarrolla sistemas capaces de realizar tareas que tradicionalmente requieren inteligencia humana, como el razonamiento, el aprendizaje, la resoluci\u00f3n de problemas o la comprensi\u00f3n del lenguaje, abarcando ramas como el machine learning, el deep learning y el procesamiento del lenguaje natural, y se aplica en m\u00faltiples \u00e1reas para mejorar la eficiencia, la productividad y la innovaci\u00f3n tecnol\u00f3gica.<\/span><\/p>\n<p><span data-sheets-root=\"1\">Este curso cubre tem\u00e1ticas como los fundamentos y beneficios de la IA para desarrolladores, su aplicaci\u00f3n para la codificaci\u00f3n eficiente, ideaci\u00f3n, planificaci\u00f3n, dise\u00f1o de proyectos de software, incluye la generaci\u00f3n r\u00e1pida de prototipos, la realizaci\u00f3n de pruebas, la depuraci\u00f3n y optimizaci\u00f3n del c\u00f3digo, junto con la integraci\u00f3n continua y la adopci\u00f3n de buenas con IA.<\/span><\/p>\n<p><span data-sheets-root=\"1\">El curso est\u00e1 dise\u00f1ado por competencias y alineado con el marco global de habilidades y competencias para un mundo digital SFIA, por lo que se propone que los estudiantes logren responder a un nivel de responsabilidad 3, de manera que dise\u00f1an, codifican, verifican, prueban, documentan, modifican y refactorizan programas\/scripts de complejidad moderada.<\/span><\/p>\n<hr \/>\n<p><strong>Contenidos<\/strong><\/p>\n<p><span data-sheets-root=\"1\">1. Introducci\u00f3n a la IA para Desarrolladores: Fundamentos y Beneficios.<br \/>\n2. IA para la Codificaci\u00f3n Eficiente: Dominando GitHub Copilot y Herramientas Similares.<br \/>\n3. IA en las Fases Tempranas del Desarrollo: Ideaci\u00f3n, Planificaci\u00f3n y Dise\u00f1o.<br \/>\n4. Generaci\u00f3n R\u00e1pida de Prototipos con IA.<br \/>\n5. IA para Pruebas, Depuraci\u00f3n y Optimizaci\u00f3n del C\u00f3digo.<br \/>\n6. Integraci\u00f3n Continua y Buenas Pr\u00e1cticas con IA.<\/span><\/p>\n<hr \/>\n<p><strong>Certificado e Insignia Digital<\/strong><\/p>\n<p>Al finalizar el curso el estudiante obtiene un t\u00edtulo e Insignia digital, socializable en tiempo real basada en tecnolog\u00eda blockchain que permite una vista m\u00e1s completa tras el logro alcanzado por el estudiante al poderla vincular con evidencias del resultado del aprendizaje en su perfil profesional. Es una certificaci\u00f3n segura.<\/p>\n<p><a href=\"https:\/\/ucenfotec.ac.cr\/ecommerce\/wp-content\/uploads\/sites\/13\/2025\/07\/SOFT-734-Inteligencia-Artificial-para-Desarrolladores.png\"><img decoding=\"async\" class=\"lazyload aligncenter size-medium wp-image-167940\" src=\"https:\/\/ucenfotec.ac.cr\/ecommerce\/wp-content\/uploads\/sites\/13\/2025\/07\/SOFT-734-Inteligencia-Artificial-para-Desarrolladores-300x300.png\" data-orig-src=\"https:\/\/ucenfotec.ac.cr\/ecommerce\/wp-content\/uploads\/sites\/13\/2025\/07\/SOFT-734-Inteligencia-Artificial-para-Desarrolladores-300x300.png\" alt=\"SOFT-734 Inteligencia Artificial para Desarrolladores - Uniiversidad CENFOTEC\" width=\"300\" height=\"300\" srcset=\"data:image\/svg+xml,%3Csvg%20xmlns%3D%27http%3A%2F%2Fwww.w3.org%2F2000%2Fsvg%27%20width%3D%27300%27%20height%3D%27300%27%20viewBox%3D%270%200%20300%20300%27%3E%3Crect%20width%3D%27300%27%20height%3D%27300%27%20fill-opacity%3D%220%22%2F%3E%3C%2Fsvg%3E\" data-srcset=\"https:\/\/ucenfotec.ac.cr\/ecommerce\/wp-content\/uploads\/sites\/13\/2025\/07\/SOFT-734-Inteligencia-Artificial-para-Desarrolladores-66x66.png 66w, https:\/\/ucenfotec.ac.cr\/ecommerce\/wp-content\/uploads\/sites\/13\/2025\/07\/SOFT-734-Inteligencia-Artificial-para-Desarrolladores-100x100.png 100w, https:\/\/ucenfotec.ac.cr\/ecommerce\/wp-content\/uploads\/sites\/13\/2025\/07\/SOFT-734-Inteligencia-Artificial-para-Desarrolladores-150x150.png 150w, https:\/\/ucenfotec.ac.cr\/ecommerce\/wp-content\/uploads\/sites\/13\/2025\/07\/SOFT-734-Inteligencia-Artificial-para-Desarrolladores-200x200.png 200w, https:\/\/ucenfotec.ac.cr\/ecommerce\/wp-content\/uploads\/sites\/13\/2025\/07\/SOFT-734-Inteligencia-Artificial-para-Desarrolladores-300x300.png 300w, https:\/\/ucenfotec.ac.cr\/ecommerce\/wp-content\/uploads\/sites\/13\/2025\/07\/SOFT-734-Inteligencia-Artificial-para-Desarrolladores-400x400.png 400w, https:\/\/ucenfotec.ac.cr\/ecommerce\/wp-content\/uploads\/sites\/13\/2025\/07\/SOFT-734-Inteligencia-Artificial-para-Desarrolladores-500x500.png 500w, https:\/\/ucenfotec.ac.cr\/ecommerce\/wp-content\/uploads\/sites\/13\/2025\/07\/SOFT-734-Inteligencia-Artificial-para-Desarrolladores-600x600.png 600w, https:\/\/ucenfotec.ac.cr\/ecommerce\/wp-content\/uploads\/sites\/13\/2025\/07\/SOFT-734-Inteligencia-Artificial-para-Desarrolladores-700x700.png 700w, https:\/\/ucenfotec.ac.cr\/ecommerce\/wp-content\/uploads\/sites\/13\/2025\/07\/SOFT-734-Inteligencia-Artificial-para-Desarrolladores-768x768.png 768w, https:\/\/ucenfotec.ac.cr\/ecommerce\/wp-content\/uploads\/sites\/13\/2025\/07\/SOFT-734-Inteligencia-Artificial-para-Desarrolladores-800x800.png 800w, https:\/\/ucenfotec.ac.cr\/ecommerce\/wp-content\/uploads\/sites\/13\/2025\/07\/SOFT-734-Inteligencia-Artificial-para-Desarrolladores-1024x1024.png 1024w, https:\/\/ucenfotec.ac.cr\/ecommerce\/wp-content\/uploads\/sites\/13\/2025\/07\/SOFT-734-Inteligencia-Artificial-para-Desarrolladores.png 1200w\" data-sizes=\"auto\" data-orig-sizes=\"(max-width: 300px) 100vw, 300px\" \/><\/a><\/p>\n<hr \/>\n<\/div><\/div><\/div><\/div><\/div>\n","protected":false},"excerpt":{"rendered":"<p class=\"ai-optimize-31\"><span data-sheets-root=\"1\">Este curso explora el uso de inteligencia artificial en el desarrollo de software, aplicando herramientas como GitHub Copilot para ideaci\u00f3n, codificaci\u00f3n, prototipado, pruebas y optimizaci\u00f3n, mejorando la eficiencia en todo el ciclo de desarrollo.<\/span><\/p>\n","protected":false},"featured_media":53380,"template":"","meta":{"_relevanssi_hide_post":"on","_relevanssi_hide_content":"on","_relevanssi_pin_for_all":"","_relevanssi_pin_keywords":"","_relevanssi_unpin_keywords":"","_relevanssi_related_keywords":"","_relevanssi_related_include_ids":"","_relevanssi_related_exclude_ids":"","_relevanssi_related_no_append":"","_relevanssi_related_not_related":"","_relevanssi_related_posts":"","_relevanssi_noindex_reason":"WooCommerce Yoast SEO Relevanssi index exclude"},"product_brand":[],"product_cat":[1087,44],"product_tag":[817,1030,2610,2738,1650,2733,2735,2736,2607,1565,2737,2676,1551,950,1786,2734,1070,2608,2609,2611],"class_list":{"0":"post-116352","1":"product","2":"type-product","3":"status-publish","4":"has-post-thumbnail","6":"product_cat-agotado","7":"product_cat-ingenieria-del-software","8":"product_tag-automatizacion","9":"product_tag-ci-cd","10":"product_tag-codewhisperer","11":"product_tag-depuracion-de-codigo","12":"product_tag-desarrollo-de-software","13":"product_tag-desarrollo-de-software-con-ia","14":"product_tag-diseno-con-ia","15":"product_tag-generacion-de-prototipos","16":"product_tag-github-copilot","17":"product_tag-ia-generativa","18":"product_tag-ia-para-pruebas","19":"product_tag-ideacion-con-ia","20":"product_tag-integracion-continua","21":"product_tag-inteligencia-artificial","22":"product_tag-optimizacion-de-codigo","23":"product_tag-planificacion-con-ia","24":"product_tag-programacion","25":"product_tag-prototipado-rapido","26":"product_tag-pruebas-con-ia","27":"product_tag-tabnine","29":"first","30":"outofstock","31":"sold-individually","32":"taxable","33":"shipping-taxable","34":"product-type-variable"},"yoast_head":"<!-- This site is optimized with the Yoast SEO Premium plugin v27.4 (Yoast SEO v27.4) - https:\/\/yoast.com\/product\/yoast-seo-premium-wordpress\/ -->\n<title>Inteligencia Artificial para Desarrolladores<\/title>\n<meta name=\"description\" content=\"Impulse el desarrollo de software con IA, utilizando herramientas como GitHub Copilot para codificar, depurar, planificar y optimizar proyectos.\" \/>\n<meta name=\"robots\" content=\"index, follow, max-snippet:-1, max-image-preview:large, max-video-preview:-1\" \/>\n<link rel=\"canonical\" href=\"https:\/\/ucenfotec.ac.cr\/ecommerce\/producto\/inteligencia-artificial-para-desarrolladores\/\" \/>\n<meta property=\"og:locale\" content=\"es_ES\" \/>\n<meta property=\"og:type\" content=\"article\" \/>\n<meta property=\"og:title\" content=\"Inteligencia Artificial para Desarrolladores\" \/>\n<meta property=\"og:description\" content=\"Impulse el desarrollo de software con IA, utilizando herramientas como GitHub Copilot para codificar, depurar, planificar y optimizar proyectos.\" \/>\n<meta property=\"og:url\" content=\"https:\/\/ucenfotec.ac.cr\/ecommerce\/producto\/inteligencia-artificial-para-desarrolladores\/\" \/>\n<meta property=\"og:site_name\" content=\"Cursos - CENFOTEC\" \/>\n<meta property=\"article:modified_time\" content=\"2026-04-10T00:07:58+00:00\" \/>\n<meta property=\"og:image\" content=\"https:\/\/ucenfotec.ac.cr\/ecommerce\/wp-content\/uploads\/sites\/13\/2022\/05\/Software-Engineering.jpg\" \/>\n\t<meta property=\"og:image:width\" content=\"500\" \/>\n\t<meta property=\"og:image:height\" content=\"650\" \/>\n\t<meta property=\"og:image:type\" content=\"image\/jpeg\" \/>\n<meta name=\"twitter:card\" content=\"summary_large_image\" \/>\n<meta name=\"twitter:label1\" content=\"Tiempo de lectura\" \/>\n\t<meta name=\"twitter:data1\" content=\"1 minuto\" \/>\n<script type=\"application\/ld+json\" class=\"yoast-schema-graph\">{\"@context\":\"https:\\\/\\\/schema.org\",\"@graph\":[{\"@type\":\"WebPage\",\"@id\":\"https:\\\/\\\/ucenfotec.ac.cr\\\/ecommerce\\\/producto\\\/inteligencia-artificial-para-desarrolladores\\\/\",\"url\":\"https:\\\/\\\/ucenfotec.ac.cr\\\/ecommerce\\\/producto\\\/inteligencia-artificial-para-desarrolladores\\\/\",\"name\":\"Inteligencia Artificial para Desarrolladores\",\"isPartOf\":{\"@id\":\"https:\\\/\\\/ucenfotec.ac.cr\\\/ecommerce\\\/#website\"},\"primaryImageOfPage\":{\"@id\":\"https:\\\/\\\/ucenfotec.ac.cr\\\/ecommerce\\\/producto\\\/inteligencia-artificial-para-desarrolladores\\\/#primaryimage\"},\"image\":{\"@id\":\"https:\\\/\\\/ucenfotec.ac.cr\\\/ecommerce\\\/producto\\\/inteligencia-artificial-para-desarrolladores\\\/#primaryimage\"},\"thumbnailUrl\":\"https:\\\/\\\/ucenfotec.ac.cr\\\/ecommerce\\\/wp-content\\\/uploads\\\/sites\\\/13\\\/2022\\\/05\\\/Software-Engineering.jpg\",\"datePublished\":\"2025-07-10T23:50:44+00:00\",\"dateModified\":\"2026-04-10T00:07:58+00:00\",\"description\":\"Impulse el desarrollo de software con IA, utilizando herramientas como GitHub Copilot para codificar, depurar, planificar y optimizar proyectos.\",\"breadcrumb\":{\"@id\":\"https:\\\/\\\/ucenfotec.ac.cr\\\/ecommerce\\\/producto\\\/inteligencia-artificial-para-desarrolladores\\\/#breadcrumb\"},\"inLanguage\":\"es\",\"potentialAction\":[{\"@type\":\"ReadAction\",\"target\":[\"https:\\\/\\\/ucenfotec.ac.cr\\\/ecommerce\\\/producto\\\/inteligencia-artificial-para-desarrolladores\\\/\"]}]},{\"@type\":\"ImageObject\",\"inLanguage\":\"es\",\"@id\":\"https:\\\/\\\/ucenfotec.ac.cr\\\/ecommerce\\\/producto\\\/inteligencia-artificial-para-desarrolladores\\\/#primaryimage\",\"url\":\"https:\\\/\\\/ucenfotec.ac.cr\\\/ecommerce\\\/wp-content\\\/uploads\\\/sites\\\/13\\\/2022\\\/05\\\/Software-Engineering.jpg\",\"contentUrl\":\"https:\\\/\\\/ucenfotec.ac.cr\\\/ecommerce\\\/wp-content\\\/uploads\\\/sites\\\/13\\\/2022\\\/05\\\/Software-Engineering.jpg\",\"width\":500,\"height\":650,\"caption\":\"Ingenier\u00eda del Software - Universidad CENFOTEC\"},{\"@type\":\"BreadcrumbList\",\"@id\":\"https:\\\/\\\/ucenfotec.ac.cr\\\/ecommerce\\\/producto\\\/inteligencia-artificial-para-desarrolladores\\\/#breadcrumb\",\"itemListElement\":[{\"@type\":\"ListItem\",\"position\":1,\"name\":\"Portada\",\"item\":\"https:\\\/\\\/ucenfotec.ac.cr\\\/ecommerce\\\/\"},{\"@type\":\"ListItem\",\"position\":2,\"name\":\"Todos los Cursos\",\"item\":\"https:\\\/\\\/ucenfotec.ac.cr\\\/ecommerce\\\/todos-los-cursos\\\/\"},{\"@type\":\"ListItem\",\"position\":3,\"name\":\"Inteligencia Artificial para Desarrolladores\"}]},{\"@type\":\"WebSite\",\"@id\":\"https:\\\/\\\/ucenfotec.ac.cr\\\/ecommerce\\\/#website\",\"url\":\"https:\\\/\\\/ucenfotec.ac.cr\\\/ecommerce\\\/\",\"name\":\"Cursos - CENFOTEC\",\"description\":\"Tienda en l\u00ednea de cursos ofrecidos por CENFOTEC\",\"potentialAction\":[{\"@type\":\"SearchAction\",\"target\":{\"@type\":\"EntryPoint\",\"urlTemplate\":\"https:\\\/\\\/ucenfotec.ac.cr\\\/ecommerce\\\/?s={search_term_string}\"},\"query-input\":{\"@type\":\"PropertyValueSpecification\",\"valueRequired\":true,\"valueName\":\"search_term_string\"}}],\"inLanguage\":\"es\"}]}<\/script>\n<!-- \/ Yoast SEO Premium plugin. -->","yoast_head_json":{"title":"Inteligencia Artificial para Desarrolladores","description":"Impulse el desarrollo de software con IA, utilizando herramientas como GitHub Copilot para codificar, depurar, planificar y optimizar proyectos.","robots":{"index":"index","follow":"follow","max-snippet":"max-snippet:-1","max-image-preview":"max-image-preview:large","max-video-preview":"max-video-preview:-1"},"canonical":"https:\/\/ucenfotec.ac.cr\/ecommerce\/producto\/inteligencia-artificial-para-desarrolladores\/","og_locale":"es_ES","og_type":"article","og_title":"Inteligencia Artificial para Desarrolladores","og_description":"Impulse el desarrollo de software con IA, utilizando herramientas como GitHub Copilot para codificar, depurar, planificar y optimizar proyectos.","og_url":"https:\/\/ucenfotec.ac.cr\/ecommerce\/producto\/inteligencia-artificial-para-desarrolladores\/","og_site_name":"Cursos - CENFOTEC","article_modified_time":"2026-04-10T00:07:58+00:00","og_image":[{"width":500,"height":650,"url":"https:\/\/ucenfotec.ac.cr\/ecommerce\/wp-content\/uploads\/sites\/13\/2022\/05\/Software-Engineering.jpg","type":"image\/jpeg"}],"twitter_card":"summary_large_image","twitter_misc":{"Tiempo de lectura":"1 minuto"},"schema":{"@context":"https:\/\/schema.org","@graph":[{"@type":"WebPage","@id":"https:\/\/ucenfotec.ac.cr\/ecommerce\/producto\/inteligencia-artificial-para-desarrolladores\/","url":"https:\/\/ucenfotec.ac.cr\/ecommerce\/producto\/inteligencia-artificial-para-desarrolladores\/","name":"Inteligencia Artificial para Desarrolladores","isPartOf":{"@id":"https:\/\/ucenfotec.ac.cr\/ecommerce\/#website"},"primaryImageOfPage":{"@id":"https:\/\/ucenfotec.ac.cr\/ecommerce\/producto\/inteligencia-artificial-para-desarrolladores\/#primaryimage"},"image":{"@id":"https:\/\/ucenfotec.ac.cr\/ecommerce\/producto\/inteligencia-artificial-para-desarrolladores\/#primaryimage"},"thumbnailUrl":"https:\/\/ucenfotec.ac.cr\/ecommerce\/wp-content\/uploads\/sites\/13\/2022\/05\/Software-Engineering.jpg","datePublished":"2025-07-10T23:50:44+00:00","dateModified":"2026-04-10T00:07:58+00:00","description":"Impulse el desarrollo de software con IA, utilizando herramientas como GitHub Copilot para codificar, depurar, planificar y optimizar proyectos.","breadcrumb":{"@id":"https:\/\/ucenfotec.ac.cr\/ecommerce\/producto\/inteligencia-artificial-para-desarrolladores\/#breadcrumb"},"inLanguage":"es","potentialAction":[{"@type":"ReadAction","target":["https:\/\/ucenfotec.ac.cr\/ecommerce\/producto\/inteligencia-artificial-para-desarrolladores\/"]}]},{"@type":"ImageObject","inLanguage":"es","@id":"https:\/\/ucenfotec.ac.cr\/ecommerce\/producto\/inteligencia-artificial-para-desarrolladores\/#primaryimage","url":"https:\/\/ucenfotec.ac.cr\/ecommerce\/wp-content\/uploads\/sites\/13\/2022\/05\/Software-Engineering.jpg","contentUrl":"https:\/\/ucenfotec.ac.cr\/ecommerce\/wp-content\/uploads\/sites\/13\/2022\/05\/Software-Engineering.jpg","width":500,"height":650,"caption":"Ingenier\u00eda del Software - Universidad CENFOTEC"},{"@type":"BreadcrumbList","@id":"https:\/\/ucenfotec.ac.cr\/ecommerce\/producto\/inteligencia-artificial-para-desarrolladores\/#breadcrumb","itemListElement":[{"@type":"ListItem","position":1,"name":"Portada","item":"https:\/\/ucenfotec.ac.cr\/ecommerce\/"},{"@type":"ListItem","position":2,"name":"Todos los Cursos","item":"https:\/\/ucenfotec.ac.cr\/ecommerce\/todos-los-cursos\/"},{"@type":"ListItem","position":3,"name":"Inteligencia Artificial para Desarrolladores"}]},{"@type":"WebSite","@id":"https:\/\/ucenfotec.ac.cr\/ecommerce\/#website","url":"https:\/\/ucenfotec.ac.cr\/ecommerce\/","name":"Cursos - CENFOTEC","description":"Tienda en l\u00ednea de cursos ofrecidos por CENFOTEC","potentialAction":[{"@type":"SearchAction","target":{"@type":"EntryPoint","urlTemplate":"https:\/\/ucenfotec.ac.cr\/ecommerce\/?s={search_term_string}"},"query-input":{"@type":"PropertyValueSpecification","valueRequired":true,"valueName":"search_term_string"}}],"inLanguage":"es"}]}},"_links":{"self":[{"href":"https:\/\/ucenfotec.ac.cr\/ecommerce\/wp-json\/wp\/v2\/product\/116352","targetHints":{"allow":["GET"]}}],"collection":[{"href":"https:\/\/ucenfotec.ac.cr\/ecommerce\/wp-json\/wp\/v2\/product"}],"about":[{"href":"https:\/\/ucenfotec.ac.cr\/ecommerce\/wp-json\/wp\/v2\/types\/product"}],"wp:featuredmedia":[{"embeddable":true,"href":"https:\/\/ucenfotec.ac.cr\/ecommerce\/wp-json\/wp\/v2\/media\/53380"}],"wp:attachment":[{"href":"https:\/\/ucenfotec.ac.cr\/ecommerce\/wp-json\/wp\/v2\/media?parent=116352"}],"wp:term":[{"taxonomy":"product_brand","embeddable":true,"href":"https:\/\/ucenfotec.ac.cr\/ecommerce\/wp-json\/wp\/v2\/product_brand?post=116352"},{"taxonomy":"product_cat","embeddable":true,"href":"https:\/\/ucenfotec.ac.cr\/ecommerce\/wp-json\/wp\/v2\/product_cat?post=116352"},{"taxonomy":"product_tag","embeddable":true,"href":"https:\/\/ucenfotec.ac.cr\/ecommerce\/wp-json\/wp\/v2\/product_tag?post=116352"}],"curies":[{"name":"wp","href":"https:\/\/api.w.org\/{rel}","templated":true}]}}