{"id":118990,"date":"2025-08-13T15:41:45","date_gmt":"2025-08-13T21:41:45","guid":{"rendered":"https:\/\/ucenfotec.ac.cr\/ecommerce\/?post_type=product&#038;p=118990"},"modified":"2026-04-27T11:36:43","modified_gmt":"2026-04-27T17:36:43","slug":"administracion-de-bases-de-datos-oracle","status":"publish","type":"product","link":"https:\/\/ucenfotec.ac.cr\/ecommerce\/producto\/administracion-de-bases-de-datos-oracle\/","title":{"rendered":"Administraci\u00f3n de Bases de Datos Oracle"},"content":{"rendered":"<div class=\"fusion-fullwidth fullwidth-box fusion-builder-row-1 fusion-flex-container nonhundred-percent-fullwidth non-hundred-percent-height-scrolling\" style=\"--awb-border-radius-top-left:0px;--awb-border-radius-top-right:0px;--awb-border-radius-bottom-right:0px;--awb-border-radius-bottom-left:0px;--awb-flex-wrap:wrap;\" ><div class=\"fusion-builder-row fusion-row fusion-flex-align-items-flex-start fusion-flex-content-wrap\" style=\"max-width:1216.8px;margin-left: calc(-4% \/ 2 );margin-right: calc(-4% \/ 2 );\"><div class=\"fusion-layout-column fusion_builder_column fusion-builder-column-0 fusion_builder_column_1_1 1_1 fusion-flex-column\" style=\"--awb-bg-size:cover;--awb-width-large:100%;--awb-margin-top-large:0px;--awb-spacing-right-large:1.92%;--awb-margin-bottom-large:0px;--awb-spacing-left-large:1.92%;--awb-width-medium:100%;--awb-spacing-right-medium:1.92%;--awb-spacing-left-medium:1.92%;--awb-width-small:100%;--awb-spacing-right-small:1.92%;--awb-spacing-left-small:1.92%;\"><div class=\"fusion-column-wrapper fusion-flex-justify-content-flex-start fusion-content-layout-column\"><div class=\"fusion-text fusion-text-1\"><p><span data-sheets-root=\"1\">Oracle es un sistema de gesti\u00f3n de bases de datos relacional (RDBMS) desarrollado por Oracle Corporation, reconocido como uno de los m\u00e1s potentes y utilizados a nivel mundial que permite almacenar, organizar y recuperar grandes vol\u00famenes de informaci\u00f3n de manera segura, confiable y eficiente ofreciendo herramientas avanzadas para el modelado de datos, el lenguaje SQL y la administraci\u00f3n de transacciones, lo que lo convierte en una soluci\u00f3n clave para empresas de distintos sectores.<\/span><\/p>\n<p><span data-sheets-root=\"1\">Las principales tem\u00e1ticas por abordar incluyen la introducci\u00f3n a bases de datos, modelado de datos y su acotaci\u00f3n, Oracle SQL Developer Data Modeler, asignaci\u00f3n al modelo f\u00edsico e introducci\u00f3n a SQL.<\/span><\/p>\n<p><span data-sheets-root=\"1\">El curso est\u00e1 dise\u00f1ado por competencias y alineado con el marco global de habilidades y competencias para un mundo digital SFIA, por lo que se propone que los estudiantes logren responder a un nivel de responsabilidad 3, de manera que desarrollan elementos de dise\u00f1o de bases de datos f\u00edsicas o almacenes de datos, dentro de las pol\u00edticas establecidas, para cumplir los requisitos de datos.<\/span><\/p>\n<hr \/>\n<p><strong>Contenidos<\/strong><\/p>\n<p><span data-sheets-root=\"1\">1. Introducci\u00f3n a bases de datos.<br \/>\n2. Bases de datos y modelado de datos.<br \/>\n3. Acotaci\u00f3n del modelo de datos.<br \/>\n4. Oracle SQL Developer Data Modeler.<br \/>\n5. Asignaci\u00f3n al modelo f\u00edsico.<br \/>\n6. Introducci\u00f3n a SQL.<\/span><\/p>\n<hr \/>\n<\/div><\/div><\/div><\/div><\/div>\n","protected":false},"excerpt":{"rendered":"<p class=\"ai-optimize-29\"><span data-sheets-root=\"1\">Este curso brinda una base integral en bases de datos relacionales, modelado de datos y lenguaje SQL, utilizando herramientas como Oracle SQL Developer y Application Express para dise\u00f1ar sistemas de informaci\u00f3n eficientes y alineados al negocio.<\/span><\/p>\n","protected":false},"featured_media":53378,"template":"","meta":{"_relevanssi_hide_post":"","_relevanssi_hide_content":"","_relevanssi_pin_for_all":"","_relevanssi_pin_keywords":"","_relevanssi_unpin_keywords":"","_relevanssi_related_keywords":"","_relevanssi_related_include_ids":"","_relevanssi_related_exclude_ids":"","_relevanssi_related_no_append":"","_relevanssi_related_not_related":"","_relevanssi_related_posts":"","_relevanssi_noindex_reason":""},"product_brand":[],"product_cat":[16],"product_tag":[2522,3000,1335,2528,2516,2517,2647,2515,2999,2521,2514,2520,2527,2523,2530,3001,2998,3002,2436,2997,2996,2529,2525,2518],"class_list":{"0":"post-118990","1":"product","2":"type-product","3":"status-publish","4":"has-post-thumbnail","6":"product_cat-tecnologias-de-informacion","7":"product_tag-aprender-electronica","8":"product_tag-asignacion-de-llaves","9":"product_tag-bases-de-datos","10":"product_tag-capacitacion-en-electronica","11":"product_tag-circuitos-electronicos","12":"product_tag-componentes-electronicos","13":"product_tag-curso-de-circuitos","14":"product_tag-curso-de-electronica","15":"product_tag-diagramas-entidad-relacion","16":"product_tag-electronica-analogica","17":"product_tag-electronica-basica","18":"product_tag-electronica-digital","19":"product_tag-electronica-para-principiantes","20":"product_tag-fundamentos-de-electronica","21":"product_tag-herramientas-electronicas-virtuales","22":"product_tag-laaves-primarias","23":"product_tag-lenguajes-sql","24":"product_tag-llaves-ajenas","25":"product_tag-modelado-de-datos","26":"product_tag-modelo-fisico","27":"product_tag-oracle-sql","28":"product_tag-practicas-de-electronica","29":"product_tag-simulacion-de-circuitos","30":"product_tag-simulador-de-electronica","32":"first","33":"instock","34":"virtual","35":"sold-individually","36":"taxable","37":"purchasable","38":"product-type-simple"},"yoast_head":"<!-- This site is optimized with the Yoast SEO Premium plugin v27.4 (Yoast SEO v27.4) - https:\/\/yoast.com\/product\/yoast-seo-premium-wordpress\/ -->\n<title>Administraci\u00f3n de Bases de Datos Oracle<\/title>\n<meta name=\"description\" content=\"Dise\u00f1o, modelado e implementaci\u00f3n de bases de datos con Oracle y SQL para transformar necesidades de negocio en soluciones estructuradas.\" \/>\n<meta name=\"robots\" content=\"index, follow, max-snippet:-1, max-image-preview:large, max-video-preview:-1\" \/>\n<link rel=\"canonical\" href=\"https:\/\/ucenfotec.ac.cr\/ecommerce\/producto\/administracion-de-bases-de-datos-oracle\/\" \/>\n<meta property=\"og:locale\" content=\"es_ES\" \/>\n<meta property=\"og:type\" content=\"article\" \/>\n<meta property=\"og:title\" content=\"Administraci\u00f3n de Bases de Datos Oracle\" \/>\n<meta property=\"og:description\" content=\"Dise\u00f1o, modelado e implementaci\u00f3n de bases de datos con Oracle y SQL para transformar necesidades de negocio en soluciones estructuradas.\" \/>\n<meta property=\"og:url\" content=\"https:\/\/ucenfotec.ac.cr\/ecommerce\/producto\/administracion-de-bases-de-datos-oracle\/\" \/>\n<meta property=\"og:site_name\" content=\"Cursos - CENFOTEC\" \/>\n<meta property=\"article:modified_time\" content=\"2026-04-27T17:36:43+00:00\" \/>\n<meta property=\"og:image\" content=\"https:\/\/ucenfotec.ac.cr\/ecommerce\/wp-content\/uploads\/sites\/13\/2022\/05\/Information-Technology.jpg\" \/>\n\t<meta property=\"og:image:width\" content=\"500\" \/>\n\t<meta property=\"og:image:height\" content=\"650\" \/>\n\t<meta property=\"og:image:type\" content=\"image\/jpeg\" \/>\n<meta name=\"twitter:card\" content=\"summary_large_image\" \/>\n<meta name=\"twitter:label1\" content=\"Tiempo de lectura\" \/>\n\t<meta name=\"twitter:data1\" content=\"2 minutos\" \/>\n<script type=\"application\/ld+json\" class=\"yoast-schema-graph\">{\"@context\":\"https:\\\/\\\/schema.org\",\"@graph\":[{\"@type\":\"WebPage\",\"@id\":\"https:\\\/\\\/ucenfotec.ac.cr\\\/ecommerce\\\/producto\\\/administracion-de-bases-de-datos-oracle\\\/\",\"url\":\"https:\\\/\\\/ucenfotec.ac.cr\\\/ecommerce\\\/producto\\\/administracion-de-bases-de-datos-oracle\\\/\",\"name\":\"Administraci\u00f3n de Bases de Datos Oracle\",\"isPartOf\":{\"@id\":\"https:\\\/\\\/ucenfotec.ac.cr\\\/ecommerce\\\/#website\"},\"primaryImageOfPage\":{\"@id\":\"https:\\\/\\\/ucenfotec.ac.cr\\\/ecommerce\\\/producto\\\/administracion-de-bases-de-datos-oracle\\\/#primaryimage\"},\"image\":{\"@id\":\"https:\\\/\\\/ucenfotec.ac.cr\\\/ecommerce\\\/producto\\\/administracion-de-bases-de-datos-oracle\\\/#primaryimage\"},\"thumbnailUrl\":\"https:\\\/\\\/ucenfotec.ac.cr\\\/ecommerce\\\/wp-content\\\/uploads\\\/sites\\\/13\\\/2022\\\/05\\\/Information-Technology.jpg\",\"datePublished\":\"2025-08-13T21:41:45+00:00\",\"dateModified\":\"2026-04-27T17:36:43+00:00\",\"description\":\"Dise\u00f1o, modelado e implementaci\u00f3n de bases de datos con Oracle y SQL para transformar necesidades de negocio en soluciones estructuradas.\",\"breadcrumb\":{\"@id\":\"https:\\\/\\\/ucenfotec.ac.cr\\\/ecommerce\\\/producto\\\/administracion-de-bases-de-datos-oracle\\\/#breadcrumb\"},\"inLanguage\":\"es\",\"potentialAction\":[{\"@type\":\"ReadAction\",\"target\":[\"https:\\\/\\\/ucenfotec.ac.cr\\\/ecommerce\\\/producto\\\/administracion-de-bases-de-datos-oracle\\\/\"]}]},{\"@type\":\"ImageObject\",\"inLanguage\":\"es\",\"@id\":\"https:\\\/\\\/ucenfotec.ac.cr\\\/ecommerce\\\/producto\\\/administracion-de-bases-de-datos-oracle\\\/#primaryimage\",\"url\":\"https:\\\/\\\/ucenfotec.ac.cr\\\/ecommerce\\\/wp-content\\\/uploads\\\/sites\\\/13\\\/2022\\\/05\\\/Information-Technology.jpg\",\"contentUrl\":\"https:\\\/\\\/ucenfotec.ac.cr\\\/ecommerce\\\/wp-content\\\/uploads\\\/sites\\\/13\\\/2022\\\/05\\\/Information-Technology.jpg\",\"width\":500,\"height\":650,\"caption\":\"Tecnolog\u00edas de Informaci\u00f3n - Universidad CENFOTEC\"},{\"@type\":\"BreadcrumbList\",\"@id\":\"https:\\\/\\\/ucenfotec.ac.cr\\\/ecommerce\\\/producto\\\/administracion-de-bases-de-datos-oracle\\\/#breadcrumb\",\"itemListElement\":[{\"@type\":\"ListItem\",\"position\":1,\"name\":\"Portada\",\"item\":\"https:\\\/\\\/ucenfotec.ac.cr\\\/ecommerce\\\/\"},{\"@type\":\"ListItem\",\"position\":2,\"name\":\"Todos los Cursos\",\"item\":\"https:\\\/\\\/ucenfotec.ac.cr\\\/ecommerce\\\/todos-los-cursos\\\/\"},{\"@type\":\"ListItem\",\"position\":3,\"name\":\"Administraci\u00f3n de Bases de Datos Oracle\"}]},{\"@type\":\"WebSite\",\"@id\":\"https:\\\/\\\/ucenfotec.ac.cr\\\/ecommerce\\\/#website\",\"url\":\"https:\\\/\\\/ucenfotec.ac.cr\\\/ecommerce\\\/\",\"name\":\"Cursos - CENFOTEC\",\"description\":\"Tienda en l\u00ednea de cursos ofrecidos por CENFOTEC\",\"potentialAction\":[{\"@type\":\"SearchAction\",\"target\":{\"@type\":\"EntryPoint\",\"urlTemplate\":\"https:\\\/\\\/ucenfotec.ac.cr\\\/ecommerce\\\/?s={search_term_string}\"},\"query-input\":{\"@type\":\"PropertyValueSpecification\",\"valueRequired\":true,\"valueName\":\"search_term_string\"}}],\"inLanguage\":\"es\"}]}<\/script>\n<!-- \/ Yoast SEO Premium plugin. -->","yoast_head_json":{"title":"Administraci\u00f3n de Bases de Datos Oracle","description":"Dise\u00f1o, modelado e implementaci\u00f3n de bases de datos con Oracle y SQL para transformar necesidades de negocio en soluciones estructuradas.","robots":{"index":"index","follow":"follow","max-snippet":"max-snippet:-1","max-image-preview":"max-image-preview:large","max-video-preview":"max-video-preview:-1"},"canonical":"https:\/\/ucenfotec.ac.cr\/ecommerce\/producto\/administracion-de-bases-de-datos-oracle\/","og_locale":"es_ES","og_type":"article","og_title":"Administraci\u00f3n de Bases de Datos Oracle","og_description":"Dise\u00f1o, modelado e implementaci\u00f3n de bases de datos con Oracle y SQL para transformar necesidades de negocio en soluciones estructuradas.","og_url":"https:\/\/ucenfotec.ac.cr\/ecommerce\/producto\/administracion-de-bases-de-datos-oracle\/","og_site_name":"Cursos - CENFOTEC","article_modified_time":"2026-04-27T17:36:43+00:00","og_image":[{"width":500,"height":650,"url":"https:\/\/ucenfotec.ac.cr\/ecommerce\/wp-content\/uploads\/sites\/13\/2022\/05\/Information-Technology.jpg","type":"image\/jpeg"}],"twitter_card":"summary_large_image","twitter_misc":{"Tiempo de lectura":"2 minutos"},"schema":{"@context":"https:\/\/schema.org","@graph":[{"@type":"WebPage","@id":"https:\/\/ucenfotec.ac.cr\/ecommerce\/producto\/administracion-de-bases-de-datos-oracle\/","url":"https:\/\/ucenfotec.ac.cr\/ecommerce\/producto\/administracion-de-bases-de-datos-oracle\/","name":"Administraci\u00f3n de Bases de Datos Oracle","isPartOf":{"@id":"https:\/\/ucenfotec.ac.cr\/ecommerce\/#website"},"primaryImageOfPage":{"@id":"https:\/\/ucenfotec.ac.cr\/ecommerce\/producto\/administracion-de-bases-de-datos-oracle\/#primaryimage"},"image":{"@id":"https:\/\/ucenfotec.ac.cr\/ecommerce\/producto\/administracion-de-bases-de-datos-oracle\/#primaryimage"},"thumbnailUrl":"https:\/\/ucenfotec.ac.cr\/ecommerce\/wp-content\/uploads\/sites\/13\/2022\/05\/Information-Technology.jpg","datePublished":"2025-08-13T21:41:45+00:00","dateModified":"2026-04-27T17:36:43+00:00","description":"Dise\u00f1o, modelado e implementaci\u00f3n de bases de datos con Oracle y SQL para transformar necesidades de negocio en soluciones estructuradas.","breadcrumb":{"@id":"https:\/\/ucenfotec.ac.cr\/ecommerce\/producto\/administracion-de-bases-de-datos-oracle\/#breadcrumb"},"inLanguage":"es","potentialAction":[{"@type":"ReadAction","target":["https:\/\/ucenfotec.ac.cr\/ecommerce\/producto\/administracion-de-bases-de-datos-oracle\/"]}]},{"@type":"ImageObject","inLanguage":"es","@id":"https:\/\/ucenfotec.ac.cr\/ecommerce\/producto\/administracion-de-bases-de-datos-oracle\/#primaryimage","url":"https:\/\/ucenfotec.ac.cr\/ecommerce\/wp-content\/uploads\/sites\/13\/2022\/05\/Information-Technology.jpg","contentUrl":"https:\/\/ucenfotec.ac.cr\/ecommerce\/wp-content\/uploads\/sites\/13\/2022\/05\/Information-Technology.jpg","width":500,"height":650,"caption":"Tecnolog\u00edas de Informaci\u00f3n - Universidad CENFOTEC"},{"@type":"BreadcrumbList","@id":"https:\/\/ucenfotec.ac.cr\/ecommerce\/producto\/administracion-de-bases-de-datos-oracle\/#breadcrumb","itemListElement":[{"@type":"ListItem","position":1,"name":"Portada","item":"https:\/\/ucenfotec.ac.cr\/ecommerce\/"},{"@type":"ListItem","position":2,"name":"Todos los Cursos","item":"https:\/\/ucenfotec.ac.cr\/ecommerce\/todos-los-cursos\/"},{"@type":"ListItem","position":3,"name":"Administraci\u00f3n de Bases de Datos Oracle"}]},{"@type":"WebSite","@id":"https:\/\/ucenfotec.ac.cr\/ecommerce\/#website","url":"https:\/\/ucenfotec.ac.cr\/ecommerce\/","name":"Cursos - CENFOTEC","description":"Tienda en l\u00ednea de cursos ofrecidos por CENFOTEC","potentialAction":[{"@type":"SearchAction","target":{"@type":"EntryPoint","urlTemplate":"https:\/\/ucenfotec.ac.cr\/ecommerce\/?s={search_term_string}"},"query-input":{"@type":"PropertyValueSpecification","valueRequired":true,"valueName":"search_term_string"}}],"inLanguage":"es"}]}},"_links":{"self":[{"href":"https:\/\/ucenfotec.ac.cr\/ecommerce\/wp-json\/wp\/v2\/product\/118990","targetHints":{"allow":["GET"]}}],"collection":[{"href":"https:\/\/ucenfotec.ac.cr\/ecommerce\/wp-json\/wp\/v2\/product"}],"about":[{"href":"https:\/\/ucenfotec.ac.cr\/ecommerce\/wp-json\/wp\/v2\/types\/product"}],"wp:featuredmedia":[{"embeddable":true,"href":"https:\/\/ucenfotec.ac.cr\/ecommerce\/wp-json\/wp\/v2\/media\/53378"}],"wp:attachment":[{"href":"https:\/\/ucenfotec.ac.cr\/ecommerce\/wp-json\/wp\/v2\/media?parent=118990"}],"wp:term":[{"taxonomy":"product_brand","embeddable":true,"href":"https:\/\/ucenfotec.ac.cr\/ecommerce\/wp-json\/wp\/v2\/product_brand?post=118990"},{"taxonomy":"product_cat","embeddable":true,"href":"https:\/\/ucenfotec.ac.cr\/ecommerce\/wp-json\/wp\/v2\/product_cat?post=118990"},{"taxonomy":"product_tag","embeddable":true,"href":"https:\/\/ucenfotec.ac.cr\/ecommerce\/wp-json\/wp\/v2\/product_tag?post=118990"}],"curies":[{"name":"wp","href":"https:\/\/api.w.org\/{rel}","templated":true}]}}