{"id":122665,"date":"2025-09-12T12:29:09","date_gmt":"2025-09-12T18:29:09","guid":{"rendered":"https:\/\/ucenfotec.ac.cr\/ecommerce\/?post_type=product&#038;p=122665"},"modified":"2026-04-09T18:09:26","modified_gmt":"2026-04-10T00:09:26","slug":"certificacion-aws-certified-cloud-architect-associate-con-examen-de-certificacion","status":"publish","type":"product","link":"https:\/\/ucenfotec.ac.cr\/ecommerce\/producto\/certificacion-aws-certified-cloud-architect-associate-con-examen-de-certificacion\/","title":{"rendered":"Certificaci\u00f3n AWS Certified Cloud Architect &#8211; Associate con examen de certificaci\u00f3n"},"content":{"rendered":"<div class=\"fusion-fullwidth fullwidth-box fusion-builder-row-1 fusion-flex-container nonhundred-percent-fullwidth non-hundred-percent-height-scrolling\" style=\"--awb-border-radius-top-left:0px;--awb-border-radius-top-right:0px;--awb-border-radius-bottom-right:0px;--awb-border-radius-bottom-left:0px;--awb-flex-wrap:wrap;\" ><div class=\"fusion-builder-row fusion-row fusion-flex-align-items-flex-start fusion-flex-content-wrap\" style=\"max-width:1216.8px;margin-left: calc(-4% \/ 2 );margin-right: calc(-4% \/ 2 );\"><div class=\"fusion-layout-column fusion_builder_column fusion-builder-column-0 fusion_builder_column_1_1 1_1 fusion-flex-column\" style=\"--awb-bg-size:cover;--awb-width-large:100%;--awb-margin-top-large:0px;--awb-spacing-right-large:1.92%;--awb-margin-bottom-large:0px;--awb-spacing-left-large:1.92%;--awb-width-medium:100%;--awb-spacing-right-medium:1.92%;--awb-spacing-left-medium:1.92%;--awb-width-small:100%;--awb-spacing-right-small:1.92%;--awb-spacing-left-small:1.92%;\"><div class=\"fusion-column-wrapper fusion-flex-justify-content-flex-start fusion-content-layout-column\"><div class=\"fusion-text fusion-text-1\"><p><span data-sheets-root=\"1\">Amazon Web Services (AWS) es una plataforma de computaci\u00f3n en la nube que ofrece una amplia gama de servicios tecnol\u00f3gicos bajo demanda, desarrollada por Amazon, incluyendo almacenamiento, bases de datos, redes, an\u00e1lisis, inteligencia artificial, aprendizaje autom\u00e1tico, seguridad, desarrollo de aplicaciones y m\u00e1s, todo accesible a trav\u00e9s de Internet y con un modelo de pago por uso, lo que permite a empresas, instituciones educativas, gobiernos y desarrolladores construir y escalar soluciones de forma flexible, sin necesidad de invertir en infraestructura f\u00edsica.<\/span><\/p>\n<p><span data-sheets-root=\"1\">Las principales tem\u00e1ticas a abordar incluyen el dise\u00f1o de arquitecturas seguras, de alta disponibilidad, con alto rendimiento y que sean rentables.<\/span><\/p>\n<p><span data-sheets-root=\"1\">El curso est\u00e1 dise\u00f1ado por competencias y alineado con el marco global de habilidades y competencias para un mundo digital SFIA, por lo que se propone que los estudiantes logren responder a un nivel de responsabilidad 3, de manera que monitorean la infraestructura para eventos de carga, rendimiento y seguridad. Este curso est\u00e1 dise\u00f1ado para preparar a los estudiantes para el examen de certificaci\u00f3n AWS Certified Solutions Architect &#8211; Associate.<\/span><\/p>\n<hr \/>\n<p><strong>Contenidos<\/strong><\/p>\n<p><span data-sheets-root=\"1\">1. Dise\u00f1o de arquitecturas con seguridad.<br \/>\n2. Dise\u00f1o de arquitecturas de alta disponibilidad.<br \/>\n3. Dise\u00f1o de arquitecturas de alto rendimiento.<br \/>\n4. Dise\u00f1o de arquitecturas rentables.<\/span><\/p>\n<hr \/>\n<p><strong>Certificado e Insignia Digital<\/strong><\/p>\n<p>Al finalizar el curso el estudiante obtiene un t\u00edtulo e Insignia digital, socializable en tiempo real basada en tecnolog\u00eda blockchain que permite una vista m\u00e1s completa tras el logro alcanzado por el estudiante al poderla vincular con evidencias del resultado del aprendizaje en su perfil profesional.<\/p>\n<p>Es una certificaci\u00f3n segura.<\/p>\n<p><a href=\"https:\/\/ucenfotec.ac.cr\/ecommerce\/wp-content\/uploads\/sites\/13\/2025\/09\/TI-620-Certificacion-AWS-Certified-Cloud-Architect-Associate.png\"><img decoding=\"async\" class=\"lazyload aligncenter size-medium wp-image-184840\" src=\"https:\/\/ucenfotec.ac.cr\/ecommerce\/wp-content\/uploads\/sites\/13\/2025\/09\/TI-620-Certificacion-AWS-Certified-Cloud-Architect-Associate.png\" data-orig-src=\"https:\/\/ucenfotec.ac.cr\/ecommerce\/wp-content\/uploads\/sites\/13\/2025\/09\/TI-620-Certificacion-AWS-Certified-Cloud-Architect-Associate.png\" alt=\"\" width=\"300\" height=\"300\" srcset=\"data:image\/svg+xml,%3Csvg%20xmlns%3D%27http%3A%2F%2Fwww.w3.org%2F2000%2Fsvg%27%20width%3D%27300%27%20height%3D%27300%27%20viewBox%3D%270%200%20300%20300%27%3E%3Crect%20width%3D%27300%27%20height%3D%27300%27%20fill-opacity%3D%220%22%2F%3E%3C%2Fsvg%3E\" data-srcset=\"https:\/\/ucenfotec.ac.cr\/ecommerce\/wp-content\/uploads\/sites\/13\/2025\/09\/TI-620-Certificacion-AWS-Certified-Cloud-Architect-Associate-66x66.png 66w, https:\/\/ucenfotec.ac.cr\/ecommerce\/wp-content\/uploads\/sites\/13\/2025\/09\/TI-620-Certificacion-AWS-Certified-Cloud-Architect-Associate-100x100.png 100w, https:\/\/ucenfotec.ac.cr\/ecommerce\/wp-content\/uploads\/sites\/13\/2025\/09\/TI-620-Certificacion-AWS-Certified-Cloud-Architect-Associate-150x150.png 150w, https:\/\/ucenfotec.ac.cr\/ecommerce\/wp-content\/uploads\/sites\/13\/2025\/09\/TI-620-Certificacion-AWS-Certified-Cloud-Architect-Associate-200x200.png 200w, https:\/\/ucenfotec.ac.cr\/ecommerce\/wp-content\/uploads\/sites\/13\/2025\/09\/TI-620-Certificacion-AWS-Certified-Cloud-Architect-Associate.png 300w\" data-sizes=\"auto\" data-orig-sizes=\"(max-width: 300px) 100vw, 300px\" \/><\/a><\/p>\n<hr \/>\n<\/div><\/div><\/div><\/div><\/div>\n","protected":false},"excerpt":{"rendered":"<p><span data-sheets-root=\"1\">Este curso prepara para dise\u00f1ar arquitecturas en AWS aplicando principios de seguridad, rendimiento y rentabilidad, e incluye la preparaci\u00f3n y aplicaci\u00f3n del examen de certificaci\u00f3n AWS Certified Solutions Architect \u2013 Associate.<\/span><\/p>\n","protected":false},"featured_media":53378,"template":"","meta":{"_relevanssi_hide_post":"on","_relevanssi_hide_content":"on","_relevanssi_pin_for_all":"","_relevanssi_pin_keywords":"","_relevanssi_unpin_keywords":"","_relevanssi_related_keywords":"","_relevanssi_related_include_ids":"","_relevanssi_related_exclude_ids":"","_relevanssi_related_no_append":"","_relevanssi_related_not_related":"","_relevanssi_related_posts":"","_relevanssi_noindex_reason":"WooCommerce Yoast SEO Relevanssi index exclude"},"product_brand":[],"product_cat":[1087,16],"product_tag":[1401,2692,2690,771,2689,811,2691,842,2693,789],"class_list":{"0":"post-122665","1":"product","2":"type-product","3":"status-publish","4":"has-post-thumbnail","6":"product_cat-agotado","7":"product_cat-tecnologias-de-informacion","8":"product_tag-alta-disponibilidad","9":"product_tag-alto-rendimiento","10":"product_tag-architect-associate","11":"product_tag-aws","12":"product_tag-aws-solutions","13":"product_tag-certificacion","14":"product_tag-diseno-de-arquitecturas","15":"product_tag-nube","16":"product_tag-rentabilidad","17":"product_tag-seguridad","19":"first","20":"outofstock","21":"sold-individually","22":"taxable","23":"shipping-taxable","24":"product-type-variable"},"yoast_head":"<!-- This site is optimized with the Yoast SEO Premium plugin v27.4 (Yoast SEO v27.4) - https:\/\/yoast.com\/product\/yoast-seo-premium-wordpress\/ -->\n<title>Certificaci\u00f3n AWS Certified Cloud Architect - Associate con examen de certificaci\u00f3n<\/title>\n<meta name=\"description\" content=\"Prep\u00e1rate para el examen AWS Solutions Architect \u2013 Associate, dise\u00f1ando arquitecturas seguras, escalables y rentables en la nube.\" \/>\n<meta name=\"robots\" content=\"index, follow, max-snippet:-1, max-image-preview:large, max-video-preview:-1\" \/>\n<link rel=\"canonical\" href=\"https:\/\/ucenfotec.ac.cr\/ecommerce\/producto\/certificacion-aws-certified-cloud-architect-associate-con-examen-de-certificacion\/\" \/>\n<meta property=\"og:locale\" content=\"es_ES\" \/>\n<meta property=\"og:type\" content=\"article\" \/>\n<meta property=\"og:title\" content=\"Certificaci\u00f3n AWS Certified Cloud Architect - Associate con examen de certificaci\u00f3n\" \/>\n<meta property=\"og:description\" content=\"Prep\u00e1rate para el examen AWS Solutions Architect \u2013 Associate, dise\u00f1ando arquitecturas seguras, escalables y rentables en la nube.\" \/>\n<meta property=\"og:url\" content=\"https:\/\/ucenfotec.ac.cr\/ecommerce\/producto\/certificacion-aws-certified-cloud-architect-associate-con-examen-de-certificacion\/\" \/>\n<meta property=\"og:site_name\" content=\"Cursos - CENFOTEC\" \/>\n<meta property=\"article:modified_time\" content=\"2026-04-10T00:09:26+00:00\" \/>\n<meta property=\"og:image\" content=\"https:\/\/ucenfotec.ac.cr\/ecommerce\/wp-content\/uploads\/sites\/13\/2022\/05\/Information-Technology.jpg\" \/>\n\t<meta property=\"og:image:width\" content=\"500\" \/>\n\t<meta property=\"og:image:height\" content=\"650\" \/>\n\t<meta property=\"og:image:type\" content=\"image\/jpeg\" \/>\n<meta name=\"twitter:card\" content=\"summary_large_image\" \/>\n<meta name=\"twitter:label1\" content=\"Tiempo de lectura\" \/>\n\t<meta name=\"twitter:data1\" content=\"1 minuto\" \/>\n<script type=\"application\/ld+json\" class=\"yoast-schema-graph\">{\"@context\":\"https:\\\/\\\/schema.org\",\"@graph\":[{\"@type\":\"WebPage\",\"@id\":\"https:\\\/\\\/ucenfotec.ac.cr\\\/ecommerce\\\/producto\\\/certificacion-aws-certified-cloud-architect-associate-con-examen-de-certificacion\\\/\",\"url\":\"https:\\\/\\\/ucenfotec.ac.cr\\\/ecommerce\\\/producto\\\/certificacion-aws-certified-cloud-architect-associate-con-examen-de-certificacion\\\/\",\"name\":\"Certificaci\u00f3n AWS Certified Cloud Architect - Associate con examen de certificaci\u00f3n\",\"isPartOf\":{\"@id\":\"https:\\\/\\\/ucenfotec.ac.cr\\\/ecommerce\\\/#website\"},\"primaryImageOfPage\":{\"@id\":\"https:\\\/\\\/ucenfotec.ac.cr\\\/ecommerce\\\/producto\\\/certificacion-aws-certified-cloud-architect-associate-con-examen-de-certificacion\\\/#primaryimage\"},\"image\":{\"@id\":\"https:\\\/\\\/ucenfotec.ac.cr\\\/ecommerce\\\/producto\\\/certificacion-aws-certified-cloud-architect-associate-con-examen-de-certificacion\\\/#primaryimage\"},\"thumbnailUrl\":\"https:\\\/\\\/ucenfotec.ac.cr\\\/ecommerce\\\/wp-content\\\/uploads\\\/sites\\\/13\\\/2022\\\/05\\\/Information-Technology.jpg\",\"datePublished\":\"2025-09-12T18:29:09+00:00\",\"dateModified\":\"2026-04-10T00:09:26+00:00\",\"description\":\"Prep\u00e1rate para el examen AWS Solutions Architect \u2013 Associate, dise\u00f1ando arquitecturas seguras, escalables y rentables en la nube.\",\"breadcrumb\":{\"@id\":\"https:\\\/\\\/ucenfotec.ac.cr\\\/ecommerce\\\/producto\\\/certificacion-aws-certified-cloud-architect-associate-con-examen-de-certificacion\\\/#breadcrumb\"},\"inLanguage\":\"es\",\"potentialAction\":[{\"@type\":\"ReadAction\",\"target\":[\"https:\\\/\\\/ucenfotec.ac.cr\\\/ecommerce\\\/producto\\\/certificacion-aws-certified-cloud-architect-associate-con-examen-de-certificacion\\\/\"]}]},{\"@type\":\"ImageObject\",\"inLanguage\":\"es\",\"@id\":\"https:\\\/\\\/ucenfotec.ac.cr\\\/ecommerce\\\/producto\\\/certificacion-aws-certified-cloud-architect-associate-con-examen-de-certificacion\\\/#primaryimage\",\"url\":\"https:\\\/\\\/ucenfotec.ac.cr\\\/ecommerce\\\/wp-content\\\/uploads\\\/sites\\\/13\\\/2022\\\/05\\\/Information-Technology.jpg\",\"contentUrl\":\"https:\\\/\\\/ucenfotec.ac.cr\\\/ecommerce\\\/wp-content\\\/uploads\\\/sites\\\/13\\\/2022\\\/05\\\/Information-Technology.jpg\",\"width\":500,\"height\":650,\"caption\":\"Tecnolog\u00edas de Informaci\u00f3n - Universidad CENFOTEC\"},{\"@type\":\"BreadcrumbList\",\"@id\":\"https:\\\/\\\/ucenfotec.ac.cr\\\/ecommerce\\\/producto\\\/certificacion-aws-certified-cloud-architect-associate-con-examen-de-certificacion\\\/#breadcrumb\",\"itemListElement\":[{\"@type\":\"ListItem\",\"position\":1,\"name\":\"Portada\",\"item\":\"https:\\\/\\\/ucenfotec.ac.cr\\\/ecommerce\\\/\"},{\"@type\":\"ListItem\",\"position\":2,\"name\":\"Todos los Cursos\",\"item\":\"https:\\\/\\\/ucenfotec.ac.cr\\\/ecommerce\\\/todos-los-cursos\\\/\"},{\"@type\":\"ListItem\",\"position\":3,\"name\":\"Certificaci\u00f3n AWS Certified Cloud Architect &#8211; Associate con examen de certificaci\u00f3n\"}]},{\"@type\":\"WebSite\",\"@id\":\"https:\\\/\\\/ucenfotec.ac.cr\\\/ecommerce\\\/#website\",\"url\":\"https:\\\/\\\/ucenfotec.ac.cr\\\/ecommerce\\\/\",\"name\":\"Cursos - CENFOTEC\",\"description\":\"Tienda en l\u00ednea de cursos ofrecidos por CENFOTEC\",\"potentialAction\":[{\"@type\":\"SearchAction\",\"target\":{\"@type\":\"EntryPoint\",\"urlTemplate\":\"https:\\\/\\\/ucenfotec.ac.cr\\\/ecommerce\\\/?s={search_term_string}\"},\"query-input\":{\"@type\":\"PropertyValueSpecification\",\"valueRequired\":true,\"valueName\":\"search_term_string\"}}],\"inLanguage\":\"es\"}]}<\/script>\n<!-- \/ Yoast SEO Premium plugin. -->","yoast_head_json":{"title":"Certificaci\u00f3n AWS Certified Cloud Architect - Associate con examen de certificaci\u00f3n","description":"Prep\u00e1rate para el examen AWS Solutions Architect \u2013 Associate, dise\u00f1ando arquitecturas seguras, escalables y rentables en la nube.","robots":{"index":"index","follow":"follow","max-snippet":"max-snippet:-1","max-image-preview":"max-image-preview:large","max-video-preview":"max-video-preview:-1"},"canonical":"https:\/\/ucenfotec.ac.cr\/ecommerce\/producto\/certificacion-aws-certified-cloud-architect-associate-con-examen-de-certificacion\/","og_locale":"es_ES","og_type":"article","og_title":"Certificaci\u00f3n AWS Certified Cloud Architect - Associate con examen de certificaci\u00f3n","og_description":"Prep\u00e1rate para el examen AWS Solutions Architect \u2013 Associate, dise\u00f1ando arquitecturas seguras, escalables y rentables en la nube.","og_url":"https:\/\/ucenfotec.ac.cr\/ecommerce\/producto\/certificacion-aws-certified-cloud-architect-associate-con-examen-de-certificacion\/","og_site_name":"Cursos - CENFOTEC","article_modified_time":"2026-04-10T00:09:26+00:00","og_image":[{"width":500,"height":650,"url":"https:\/\/ucenfotec.ac.cr\/ecommerce\/wp-content\/uploads\/sites\/13\/2022\/05\/Information-Technology.jpg","type":"image\/jpeg"}],"twitter_card":"summary_large_image","twitter_misc":{"Tiempo de lectura":"1 minuto"},"schema":{"@context":"https:\/\/schema.org","@graph":[{"@type":"WebPage","@id":"https:\/\/ucenfotec.ac.cr\/ecommerce\/producto\/certificacion-aws-certified-cloud-architect-associate-con-examen-de-certificacion\/","url":"https:\/\/ucenfotec.ac.cr\/ecommerce\/producto\/certificacion-aws-certified-cloud-architect-associate-con-examen-de-certificacion\/","name":"Certificaci\u00f3n AWS Certified Cloud Architect - Associate con examen de certificaci\u00f3n","isPartOf":{"@id":"https:\/\/ucenfotec.ac.cr\/ecommerce\/#website"},"primaryImageOfPage":{"@id":"https:\/\/ucenfotec.ac.cr\/ecommerce\/producto\/certificacion-aws-certified-cloud-architect-associate-con-examen-de-certificacion\/#primaryimage"},"image":{"@id":"https:\/\/ucenfotec.ac.cr\/ecommerce\/producto\/certificacion-aws-certified-cloud-architect-associate-con-examen-de-certificacion\/#primaryimage"},"thumbnailUrl":"https:\/\/ucenfotec.ac.cr\/ecommerce\/wp-content\/uploads\/sites\/13\/2022\/05\/Information-Technology.jpg","datePublished":"2025-09-12T18:29:09+00:00","dateModified":"2026-04-10T00:09:26+00:00","description":"Prep\u00e1rate para el examen AWS Solutions Architect \u2013 Associate, dise\u00f1ando arquitecturas seguras, escalables y rentables en la nube.","breadcrumb":{"@id":"https:\/\/ucenfotec.ac.cr\/ecommerce\/producto\/certificacion-aws-certified-cloud-architect-associate-con-examen-de-certificacion\/#breadcrumb"},"inLanguage":"es","potentialAction":[{"@type":"ReadAction","target":["https:\/\/ucenfotec.ac.cr\/ecommerce\/producto\/certificacion-aws-certified-cloud-architect-associate-con-examen-de-certificacion\/"]}]},{"@type":"ImageObject","inLanguage":"es","@id":"https:\/\/ucenfotec.ac.cr\/ecommerce\/producto\/certificacion-aws-certified-cloud-architect-associate-con-examen-de-certificacion\/#primaryimage","url":"https:\/\/ucenfotec.ac.cr\/ecommerce\/wp-content\/uploads\/sites\/13\/2022\/05\/Information-Technology.jpg","contentUrl":"https:\/\/ucenfotec.ac.cr\/ecommerce\/wp-content\/uploads\/sites\/13\/2022\/05\/Information-Technology.jpg","width":500,"height":650,"caption":"Tecnolog\u00edas de Informaci\u00f3n - Universidad CENFOTEC"},{"@type":"BreadcrumbList","@id":"https:\/\/ucenfotec.ac.cr\/ecommerce\/producto\/certificacion-aws-certified-cloud-architect-associate-con-examen-de-certificacion\/#breadcrumb","itemListElement":[{"@type":"ListItem","position":1,"name":"Portada","item":"https:\/\/ucenfotec.ac.cr\/ecommerce\/"},{"@type":"ListItem","position":2,"name":"Todos los Cursos","item":"https:\/\/ucenfotec.ac.cr\/ecommerce\/todos-los-cursos\/"},{"@type":"ListItem","position":3,"name":"Certificaci\u00f3n AWS Certified Cloud Architect &#8211; Associate con examen de certificaci\u00f3n"}]},{"@type":"WebSite","@id":"https:\/\/ucenfotec.ac.cr\/ecommerce\/#website","url":"https:\/\/ucenfotec.ac.cr\/ecommerce\/","name":"Cursos - CENFOTEC","description":"Tienda en l\u00ednea de cursos ofrecidos por CENFOTEC","potentialAction":[{"@type":"SearchAction","target":{"@type":"EntryPoint","urlTemplate":"https:\/\/ucenfotec.ac.cr\/ecommerce\/?s={search_term_string}"},"query-input":{"@type":"PropertyValueSpecification","valueRequired":true,"valueName":"search_term_string"}}],"inLanguage":"es"}]}},"_links":{"self":[{"href":"https:\/\/ucenfotec.ac.cr\/ecommerce\/wp-json\/wp\/v2\/product\/122665","targetHints":{"allow":["GET"]}}],"collection":[{"href":"https:\/\/ucenfotec.ac.cr\/ecommerce\/wp-json\/wp\/v2\/product"}],"about":[{"href":"https:\/\/ucenfotec.ac.cr\/ecommerce\/wp-json\/wp\/v2\/types\/product"}],"wp:featuredmedia":[{"embeddable":true,"href":"https:\/\/ucenfotec.ac.cr\/ecommerce\/wp-json\/wp\/v2\/media\/53378"}],"wp:attachment":[{"href":"https:\/\/ucenfotec.ac.cr\/ecommerce\/wp-json\/wp\/v2\/media?parent=122665"}],"wp:term":[{"taxonomy":"product_brand","embeddable":true,"href":"https:\/\/ucenfotec.ac.cr\/ecommerce\/wp-json\/wp\/v2\/product_brand?post=122665"},{"taxonomy":"product_cat","embeddable":true,"href":"https:\/\/ucenfotec.ac.cr\/ecommerce\/wp-json\/wp\/v2\/product_cat?post=122665"},{"taxonomy":"product_tag","embeddable":true,"href":"https:\/\/ucenfotec.ac.cr\/ecommerce\/wp-json\/wp\/v2\/product_tag?post=122665"}],"curies":[{"name":"wp","href":"https:\/\/api.w.org\/{rel}","templated":true}]}}