{"id":122696,"date":"2025-09-12T17:32:32","date_gmt":"2025-09-12T23:32:32","guid":{"rendered":"https:\/\/ucenfotec.ac.cr\/ecommerce\/?post_type=product&#038;p=122696"},"modified":"2026-04-07T08:17:29","modified_gmt":"2026-04-07T14:17:29","slug":"virtualizacion-con-proxmox-ve","status":"publish","type":"product","link":"https:\/\/ucenfotec.ac.cr\/ecommerce\/producto\/virtualizacion-con-proxmox-ve\/","title":{"rendered":"Virtualizaci\u00f3n con Proxmox VE"},"content":{"rendered":"<div class=\"fusion-fullwidth fullwidth-box fusion-builder-row-1 fusion-flex-container nonhundred-percent-fullwidth non-hundred-percent-height-scrolling\" style=\"--awb-border-radius-top-left:0px;--awb-border-radius-top-right:0px;--awb-border-radius-bottom-right:0px;--awb-border-radius-bottom-left:0px;--awb-flex-wrap:wrap;\" ><div class=\"fusion-builder-row fusion-row fusion-flex-align-items-flex-start fusion-flex-content-wrap\" style=\"max-width:1216.8px;margin-left: calc(-4% \/ 2 );margin-right: calc(-4% \/ 2 );\"><div class=\"fusion-layout-column fusion_builder_column fusion-builder-column-0 fusion_builder_column_1_1 1_1 fusion-flex-column\" style=\"--awb-bg-size:cover;--awb-width-large:100%;--awb-margin-top-large:0px;--awb-spacing-right-large:1.92%;--awb-margin-bottom-large:0px;--awb-spacing-left-large:1.92%;--awb-width-medium:100%;--awb-spacing-right-medium:1.92%;--awb-spacing-left-medium:1.92%;--awb-width-small:100%;--awb-spacing-right-small:1.92%;--awb-spacing-left-small:1.92%;\"><div class=\"fusion-column-wrapper fusion-flex-justify-content-flex-start fusion-content-layout-column\"><div class=\"fusion-text fusion-text-1\"><p><span data-sheets-root=\"1\">Este curso ofrece una formaci\u00f3n integral en virtualizaci\u00f3n con Proxmox VE, abordando la instalaci\u00f3n, creaci\u00f3n y gesti\u00f3n de m\u00e1quinas virtuales, almacenamiento, redes, contenedores LXC y control de usuarios, en entornos reales y escalables.<\/span><\/p>\n<hr \/>\n<p><strong>Contenidos<\/strong><\/p>\n<p><span data-sheets-root=\"1\">1. Introducci\u00f3n a la virtualizaci\u00f3n con Proxmox VE.<br \/>\n2. Instalaci\u00f3n de Proxmox VE.<br \/>\n3. Creaci\u00f3n de m\u00e1quinas virtuales.<br \/>\n4. Gestionando el almacenamiento.<br \/>\n5. Clonaci\u00f3n, instant\u00e1neas y copias de seguridad.<br \/>\n6. Trabajando con Linux Containers.<br \/>\n7. Introducci\u00f3n a las redes en Proxmox.<br \/>\n8. Gesti\u00f3n de usuarios.<\/span><\/p>\n<hr \/>\n<\/div><\/div><\/div><\/div><\/div>\n","protected":false},"excerpt":{"rendered":"<p><span data-sheets-root=\"1\">Este curso ofrece una formaci\u00f3n integral en virtualizaci\u00f3n con Proxmox VE, abordando la instalaci\u00f3n, creaci\u00f3n y gesti\u00f3n de m\u00e1quinas virtuales, almacenamiento, redes, contenedores LXC y control de usuarios, en entornos reales y escalables.<\/span><\/p>\n","protected":false},"featured_media":53378,"template":"","meta":{"_relevanssi_hide_post":"on","_relevanssi_hide_content":"on","_relevanssi_pin_for_all":"","_relevanssi_pin_keywords":"","_relevanssi_unpin_keywords":"","_relevanssi_related_keywords":"","_relevanssi_related_include_ids":"","_relevanssi_related_exclude_ids":"","_relevanssi_related_no_append":"","_relevanssi_related_not_related":"","_relevanssi_related_posts":"","_relevanssi_noindex_reason":"WooCommerce Yoast SEO Relevanssi index exclude"},"product_brand":[],"product_cat":[1087,16],"product_tag":[847,1401,2708,796,2709,2712,2705,2706,775,2710,2704,903,2707,874,2711],"class_list":{"0":"post-122696","1":"product","2":"type-product","3":"status-publish","4":"has-post-thumbnail","6":"product_cat-agotado","7":"product_cat-tecnologias-de-informacion","8":"product_tag-almacenamiento","9":"product_tag-alta-disponibilidad","10":"product_tag-backups","11":"product_tag-contenedores","12":"product_tag-gestion-de-clusteres","13":"product_tag-infraestructura-ti","14":"product_tag-kvm","15":"product_tag-lxc","16":"product_tag-maquinas-virtuales","17":"product_tag-proxmox-shell","18":"product_tag-proxmox-ve","19":"product_tag-redes-virtuales","20":"product_tag-snapshots","21":"product_tag-virtualizacion","22":"product_tag-virtualizacion-open-source","24":"first","25":"outofstock","26":"sold-individually","27":"taxable","28":"shipping-taxable","29":"product-type-variable"},"yoast_head":"<!-- This site is optimized with the Yoast SEO Premium plugin v27.4 (Yoast SEO v27.4) - https:\/\/yoast.com\/product\/yoast-seo-premium-wordpress\/ -->\n<title>Virtualizaci\u00f3n con Proxmox VE<\/title>\n<meta name=\"description\" content=\"Domina la virtualizaci\u00f3n con Proxmox VE aprendiendo a crear, gestionar y escalar m\u00e1quinas virtuales, redes, contenedores y usuarios en entornos reales.\" \/>\n<meta name=\"robots\" content=\"index, follow, max-snippet:-1, max-image-preview:large, max-video-preview:-1\" \/>\n<link rel=\"canonical\" href=\"https:\/\/ucenfotec.ac.cr\/ecommerce\/producto\/virtualizacion-con-proxmox-ve\/\" \/>\n<meta property=\"og:locale\" content=\"es_ES\" \/>\n<meta property=\"og:type\" content=\"article\" \/>\n<meta property=\"og:title\" content=\"Virtualizaci\u00f3n con Proxmox VE\" \/>\n<meta property=\"og:description\" content=\"Domina la virtualizaci\u00f3n con Proxmox VE aprendiendo a crear, gestionar y escalar m\u00e1quinas virtuales, redes, contenedores y usuarios en entornos reales.\" \/>\n<meta property=\"og:url\" content=\"https:\/\/ucenfotec.ac.cr\/ecommerce\/producto\/virtualizacion-con-proxmox-ve\/\" \/>\n<meta property=\"og:site_name\" content=\"Cursos - CENFOTEC\" \/>\n<meta property=\"article:modified_time\" content=\"2026-04-07T14:17:29+00:00\" \/>\n<meta property=\"og:image\" content=\"https:\/\/ucenfotec.ac.cr\/ecommerce\/wp-content\/uploads\/sites\/13\/2022\/05\/Information-Technology.jpg\" \/>\n\t<meta property=\"og:image:width\" content=\"500\" \/>\n\t<meta property=\"og:image:height\" content=\"650\" \/>\n\t<meta property=\"og:image:type\" content=\"image\/jpeg\" \/>\n<meta name=\"twitter:card\" content=\"summary_large_image\" \/>\n<meta name=\"twitter:label1\" content=\"Tiempo de lectura\" \/>\n\t<meta name=\"twitter:data1\" content=\"1 minuto\" \/>\n<script type=\"application\/ld+json\" class=\"yoast-schema-graph\">{\"@context\":\"https:\\\/\\\/schema.org\",\"@graph\":[{\"@type\":\"WebPage\",\"@id\":\"https:\\\/\\\/ucenfotec.ac.cr\\\/ecommerce\\\/producto\\\/virtualizacion-con-proxmox-ve\\\/\",\"url\":\"https:\\\/\\\/ucenfotec.ac.cr\\\/ecommerce\\\/producto\\\/virtualizacion-con-proxmox-ve\\\/\",\"name\":\"Virtualizaci\u00f3n con Proxmox VE\",\"isPartOf\":{\"@id\":\"https:\\\/\\\/ucenfotec.ac.cr\\\/ecommerce\\\/#website\"},\"primaryImageOfPage\":{\"@id\":\"https:\\\/\\\/ucenfotec.ac.cr\\\/ecommerce\\\/producto\\\/virtualizacion-con-proxmox-ve\\\/#primaryimage\"},\"image\":{\"@id\":\"https:\\\/\\\/ucenfotec.ac.cr\\\/ecommerce\\\/producto\\\/virtualizacion-con-proxmox-ve\\\/#primaryimage\"},\"thumbnailUrl\":\"https:\\\/\\\/ucenfotec.ac.cr\\\/ecommerce\\\/wp-content\\\/uploads\\\/sites\\\/13\\\/2022\\\/05\\\/Information-Technology.jpg\",\"datePublished\":\"2025-09-12T23:32:32+00:00\",\"dateModified\":\"2026-04-07T14:17:29+00:00\",\"description\":\"Domina la virtualizaci\u00f3n con Proxmox VE aprendiendo a crear, gestionar y escalar m\u00e1quinas virtuales, redes, contenedores y usuarios en entornos reales.\",\"breadcrumb\":{\"@id\":\"https:\\\/\\\/ucenfotec.ac.cr\\\/ecommerce\\\/producto\\\/virtualizacion-con-proxmox-ve\\\/#breadcrumb\"},\"inLanguage\":\"es\",\"potentialAction\":[{\"@type\":\"ReadAction\",\"target\":[\"https:\\\/\\\/ucenfotec.ac.cr\\\/ecommerce\\\/producto\\\/virtualizacion-con-proxmox-ve\\\/\"]}]},{\"@type\":\"ImageObject\",\"inLanguage\":\"es\",\"@id\":\"https:\\\/\\\/ucenfotec.ac.cr\\\/ecommerce\\\/producto\\\/virtualizacion-con-proxmox-ve\\\/#primaryimage\",\"url\":\"https:\\\/\\\/ucenfotec.ac.cr\\\/ecommerce\\\/wp-content\\\/uploads\\\/sites\\\/13\\\/2022\\\/05\\\/Information-Technology.jpg\",\"contentUrl\":\"https:\\\/\\\/ucenfotec.ac.cr\\\/ecommerce\\\/wp-content\\\/uploads\\\/sites\\\/13\\\/2022\\\/05\\\/Information-Technology.jpg\",\"width\":500,\"height\":650,\"caption\":\"Tecnolog\u00edas de Informaci\u00f3n - Universidad CENFOTEC\"},{\"@type\":\"BreadcrumbList\",\"@id\":\"https:\\\/\\\/ucenfotec.ac.cr\\\/ecommerce\\\/producto\\\/virtualizacion-con-proxmox-ve\\\/#breadcrumb\",\"itemListElement\":[{\"@type\":\"ListItem\",\"position\":1,\"name\":\"Portada\",\"item\":\"https:\\\/\\\/ucenfotec.ac.cr\\\/ecommerce\\\/\"},{\"@type\":\"ListItem\",\"position\":2,\"name\":\"Todos los Cursos\",\"item\":\"https:\\\/\\\/ucenfotec.ac.cr\\\/ecommerce\\\/todos-los-cursos\\\/\"},{\"@type\":\"ListItem\",\"position\":3,\"name\":\"Virtualizaci\u00f3n con Proxmox VE\"}]},{\"@type\":\"WebSite\",\"@id\":\"https:\\\/\\\/ucenfotec.ac.cr\\\/ecommerce\\\/#website\",\"url\":\"https:\\\/\\\/ucenfotec.ac.cr\\\/ecommerce\\\/\",\"name\":\"Cursos - CENFOTEC\",\"description\":\"Tienda en l\u00ednea de cursos ofrecidos por CENFOTEC\",\"potentialAction\":[{\"@type\":\"SearchAction\",\"target\":{\"@type\":\"EntryPoint\",\"urlTemplate\":\"https:\\\/\\\/ucenfotec.ac.cr\\\/ecommerce\\\/?s={search_term_string}\"},\"query-input\":{\"@type\":\"PropertyValueSpecification\",\"valueRequired\":true,\"valueName\":\"search_term_string\"}}],\"inLanguage\":\"es\"}]}<\/script>\n<!-- \/ Yoast SEO Premium plugin. -->","yoast_head_json":{"title":"Virtualizaci\u00f3n con Proxmox VE","description":"Domina la virtualizaci\u00f3n con Proxmox VE aprendiendo a crear, gestionar y escalar m\u00e1quinas virtuales, redes, contenedores y usuarios en entornos reales.","robots":{"index":"index","follow":"follow","max-snippet":"max-snippet:-1","max-image-preview":"max-image-preview:large","max-video-preview":"max-video-preview:-1"},"canonical":"https:\/\/ucenfotec.ac.cr\/ecommerce\/producto\/virtualizacion-con-proxmox-ve\/","og_locale":"es_ES","og_type":"article","og_title":"Virtualizaci\u00f3n con Proxmox VE","og_description":"Domina la virtualizaci\u00f3n con Proxmox VE aprendiendo a crear, gestionar y escalar m\u00e1quinas virtuales, redes, contenedores y usuarios en entornos reales.","og_url":"https:\/\/ucenfotec.ac.cr\/ecommerce\/producto\/virtualizacion-con-proxmox-ve\/","og_site_name":"Cursos - CENFOTEC","article_modified_time":"2026-04-07T14:17:29+00:00","og_image":[{"width":500,"height":650,"url":"https:\/\/ucenfotec.ac.cr\/ecommerce\/wp-content\/uploads\/sites\/13\/2022\/05\/Information-Technology.jpg","type":"image\/jpeg"}],"twitter_card":"summary_large_image","twitter_misc":{"Tiempo de lectura":"1 minuto"},"schema":{"@context":"https:\/\/schema.org","@graph":[{"@type":"WebPage","@id":"https:\/\/ucenfotec.ac.cr\/ecommerce\/producto\/virtualizacion-con-proxmox-ve\/","url":"https:\/\/ucenfotec.ac.cr\/ecommerce\/producto\/virtualizacion-con-proxmox-ve\/","name":"Virtualizaci\u00f3n con Proxmox VE","isPartOf":{"@id":"https:\/\/ucenfotec.ac.cr\/ecommerce\/#website"},"primaryImageOfPage":{"@id":"https:\/\/ucenfotec.ac.cr\/ecommerce\/producto\/virtualizacion-con-proxmox-ve\/#primaryimage"},"image":{"@id":"https:\/\/ucenfotec.ac.cr\/ecommerce\/producto\/virtualizacion-con-proxmox-ve\/#primaryimage"},"thumbnailUrl":"https:\/\/ucenfotec.ac.cr\/ecommerce\/wp-content\/uploads\/sites\/13\/2022\/05\/Information-Technology.jpg","datePublished":"2025-09-12T23:32:32+00:00","dateModified":"2026-04-07T14:17:29+00:00","description":"Domina la virtualizaci\u00f3n con Proxmox VE aprendiendo a crear, gestionar y escalar m\u00e1quinas virtuales, redes, contenedores y usuarios en entornos reales.","breadcrumb":{"@id":"https:\/\/ucenfotec.ac.cr\/ecommerce\/producto\/virtualizacion-con-proxmox-ve\/#breadcrumb"},"inLanguage":"es","potentialAction":[{"@type":"ReadAction","target":["https:\/\/ucenfotec.ac.cr\/ecommerce\/producto\/virtualizacion-con-proxmox-ve\/"]}]},{"@type":"ImageObject","inLanguage":"es","@id":"https:\/\/ucenfotec.ac.cr\/ecommerce\/producto\/virtualizacion-con-proxmox-ve\/#primaryimage","url":"https:\/\/ucenfotec.ac.cr\/ecommerce\/wp-content\/uploads\/sites\/13\/2022\/05\/Information-Technology.jpg","contentUrl":"https:\/\/ucenfotec.ac.cr\/ecommerce\/wp-content\/uploads\/sites\/13\/2022\/05\/Information-Technology.jpg","width":500,"height":650,"caption":"Tecnolog\u00edas de Informaci\u00f3n - Universidad CENFOTEC"},{"@type":"BreadcrumbList","@id":"https:\/\/ucenfotec.ac.cr\/ecommerce\/producto\/virtualizacion-con-proxmox-ve\/#breadcrumb","itemListElement":[{"@type":"ListItem","position":1,"name":"Portada","item":"https:\/\/ucenfotec.ac.cr\/ecommerce\/"},{"@type":"ListItem","position":2,"name":"Todos los Cursos","item":"https:\/\/ucenfotec.ac.cr\/ecommerce\/todos-los-cursos\/"},{"@type":"ListItem","position":3,"name":"Virtualizaci\u00f3n con Proxmox VE"}]},{"@type":"WebSite","@id":"https:\/\/ucenfotec.ac.cr\/ecommerce\/#website","url":"https:\/\/ucenfotec.ac.cr\/ecommerce\/","name":"Cursos - CENFOTEC","description":"Tienda en l\u00ednea de cursos ofrecidos por CENFOTEC","potentialAction":[{"@type":"SearchAction","target":{"@type":"EntryPoint","urlTemplate":"https:\/\/ucenfotec.ac.cr\/ecommerce\/?s={search_term_string}"},"query-input":{"@type":"PropertyValueSpecification","valueRequired":true,"valueName":"search_term_string"}}],"inLanguage":"es"}]}},"_links":{"self":[{"href":"https:\/\/ucenfotec.ac.cr\/ecommerce\/wp-json\/wp\/v2\/product\/122696","targetHints":{"allow":["GET"]}}],"collection":[{"href":"https:\/\/ucenfotec.ac.cr\/ecommerce\/wp-json\/wp\/v2\/product"}],"about":[{"href":"https:\/\/ucenfotec.ac.cr\/ecommerce\/wp-json\/wp\/v2\/types\/product"}],"wp:featuredmedia":[{"embeddable":true,"href":"https:\/\/ucenfotec.ac.cr\/ecommerce\/wp-json\/wp\/v2\/media\/53378"}],"wp:attachment":[{"href":"https:\/\/ucenfotec.ac.cr\/ecommerce\/wp-json\/wp\/v2\/media?parent=122696"}],"wp:term":[{"taxonomy":"product_brand","embeddable":true,"href":"https:\/\/ucenfotec.ac.cr\/ecommerce\/wp-json\/wp\/v2\/product_brand?post=122696"},{"taxonomy":"product_cat","embeddable":true,"href":"https:\/\/ucenfotec.ac.cr\/ecommerce\/wp-json\/wp\/v2\/product_cat?post=122696"},{"taxonomy":"product_tag","embeddable":true,"href":"https:\/\/ucenfotec.ac.cr\/ecommerce\/wp-json\/wp\/v2\/product_tag?post=122696"}],"curies":[{"name":"wp","href":"https:\/\/api.w.org\/{rel}","templated":true}]}}