{"id":167912,"date":"2025-11-19T10:13:10","date_gmt":"2025-11-19T16:13:10","guid":{"rendered":"https:\/\/ucenfotec.ac.cr\/ecommerce\/?post_type=product&#038;p=167912"},"modified":"2026-01-20T15:01:55","modified_gmt":"2026-01-20T21:01:55","slug":"principios-de-ciberseguridad","status":"publish","type":"product","link":"https:\/\/ucenfotec.ac.cr\/ecommerce\/producto\/principios-de-ciberseguridad\/","title":{"rendered":"Principios de Ciberseguridad"},"content":{"rendered":"<div class=\"fusion-fullwidth fullwidth-box fusion-builder-row-1 fusion-flex-container nonhundred-percent-fullwidth non-hundred-percent-height-scrolling\" style=\"--awb-border-radius-top-left:0px;--awb-border-radius-top-right:0px;--awb-border-radius-bottom-right:0px;--awb-border-radius-bottom-left:0px;--awb-flex-wrap:wrap;\" ><div class=\"fusion-builder-row fusion-row fusion-flex-align-items-flex-start fusion-flex-content-wrap\" style=\"max-width:1216.8px;margin-left: calc(-4% \/ 2 );margin-right: calc(-4% \/ 2 );\"><div class=\"fusion-layout-column fusion_builder_column fusion-builder-column-0 fusion_builder_column_1_1 1_1 fusion-flex-column\" style=\"--awb-bg-size:cover;--awb-width-large:100%;--awb-margin-top-large:0px;--awb-spacing-right-large:1.92%;--awb-margin-bottom-large:0px;--awb-spacing-left-large:1.92%;--awb-width-medium:100%;--awb-spacing-right-medium:1.92%;--awb-spacing-left-medium:1.92%;--awb-width-small:100%;--awb-spacing-right-small:1.92%;--awb-spacing-left-small:1.92%;\"><div class=\"fusion-column-wrapper fusion-flex-justify-content-flex-start fusion-content-layout-column\"><div class=\"fusion-text fusion-text-1\"><p><span data-sheets-root=\"1\">La ciberseguridad es el conjunto de pr\u00e1cticas, procesos y tecnolog\u00edas dise\u00f1ados para proteger sistemas inform\u00e1ticos, redes y datos frente a accesos no autorizados, ataques cibern\u00e9ticos y da\u00f1os, que busca garantizar la confidencialidad, integridad y disponibilidad de la informaci\u00f3n, minimizando los riesgos en el entorno digital.<\/span><\/p>\n<p><span data-sheets-root=\"1\">Las principales tem\u00e1ticas del curso incluyen los conceptos fundamentales de la ciberseguridad, las amenazas comunes y vectores de ataque, los activos de informaci\u00f3n y evaluaci\u00f3n de riesgos b\u00e1sicos y buenas pr\u00e1cticas, normas y marcos de referencia.<\/span><\/p>\n<p><span data-sheets-root=\"1\">El curso est\u00e1 dise\u00f1ado por competencias y alineado con el marco global de habilidades y competencias para un mundo digital SFIA, por lo que se propone que los estudiantes logren responder a un nivel de responsabilidad 2, de manera que ayudan en la revisi\u00f3n de los controles y permisos de acceso, asegurando el cumplimiento de las pol\u00edticas de seguridad.<\/span><\/p>\n<hr \/>\n<p><strong>Contenidos<\/strong><\/p>\n<p><span data-sheets-root=\"1\">1. Conceptos fundamentales de la ciberseguridad.<br \/>\n2. Amenazas comunes y vectores de ataque.<br \/>\n3. Activos de informaci\u00f3n y evaluaci\u00f3n de riesgos b\u00e1sicos.<br \/>\n4. Buenas pr\u00e1cticas, normas y marcos de referencia.<\/span><\/p>\n<hr \/>\n<p><strong>Certificado e Insignia Digital<\/strong><\/p>\n<p>Al finalizar el curso el estudiante obtiene un t\u00edtulo e Insignia digital, socializable en tiempo real basada en tecnolog\u00eda blockchain que permite una vista m\u00e1s completa tras el logro alcanzado por el estudiante al poderla vincular con evidencias del resultado del aprendizaje en su perfil profesional. Es una certificaci\u00f3n segura.<\/p>\n<p><a href=\"https:\/\/ucenfotec.ac.cr\/ecommerce\/wp-content\/uploads\/sites\/13\/2025\/11\/CIB-974-Principios-de-Ciberseguridad.png\"><img decoding=\"async\" class=\"lazyload aligncenter size-fusion-200 wp-image-167915\" src=\"https:\/\/ucenfotec.ac.cr\/ecommerce\/wp-content\/uploads\/sites\/13\/2025\/11\/CIB-974-Principios-de-Ciberseguridad-200x200.png\" data-orig-src=\"https:\/\/ucenfotec.ac.cr\/ecommerce\/wp-content\/uploads\/sites\/13\/2025\/11\/CIB-974-Principios-de-Ciberseguridad-200x200.png\" alt=\"CIB-974 Principios de Ciberseguridad - Universidad CENFOTEC\" width=\"200\" height=\"200\" srcset=\"data:image\/svg+xml,%3Csvg%20xmlns%3D%27http%3A%2F%2Fwww.w3.org%2F2000%2Fsvg%27%20width%3D%27200%27%20height%3D%27200%27%20viewBox%3D%270%200%20200%20200%27%3E%3Crect%20width%3D%27200%27%20height%3D%27200%27%20fill-opacity%3D%220%22%2F%3E%3C%2Fsvg%3E\" data-srcset=\"https:\/\/ucenfotec.ac.cr\/ecommerce\/wp-content\/uploads\/sites\/13\/2025\/11\/CIB-974-Principios-de-Ciberseguridad-66x66.png 66w, https:\/\/ucenfotec.ac.cr\/ecommerce\/wp-content\/uploads\/sites\/13\/2025\/11\/CIB-974-Principios-de-Ciberseguridad-100x100.png 100w, https:\/\/ucenfotec.ac.cr\/ecommerce\/wp-content\/uploads\/sites\/13\/2025\/11\/CIB-974-Principios-de-Ciberseguridad-150x150.png 150w, https:\/\/ucenfotec.ac.cr\/ecommerce\/wp-content\/uploads\/sites\/13\/2025\/11\/CIB-974-Principios-de-Ciberseguridad-200x200.png 200w, https:\/\/ucenfotec.ac.cr\/ecommerce\/wp-content\/uploads\/sites\/13\/2025\/11\/CIB-974-Principios-de-Ciberseguridad-300x300.png 300w, https:\/\/ucenfotec.ac.cr\/ecommerce\/wp-content\/uploads\/sites\/13\/2025\/11\/CIB-974-Principios-de-Ciberseguridad-400x400.png 400w, https:\/\/ucenfotec.ac.cr\/ecommerce\/wp-content\/uploads\/sites\/13\/2025\/11\/CIB-974-Principios-de-Ciberseguridad-500x500.png 500w, https:\/\/ucenfotec.ac.cr\/ecommerce\/wp-content\/uploads\/sites\/13\/2025\/11\/CIB-974-Principios-de-Ciberseguridad-600x600.png 600w, https:\/\/ucenfotec.ac.cr\/ecommerce\/wp-content\/uploads\/sites\/13\/2025\/11\/CIB-974-Principios-de-Ciberseguridad-700x700.png 700w, https:\/\/ucenfotec.ac.cr\/ecommerce\/wp-content\/uploads\/sites\/13\/2025\/11\/CIB-974-Principios-de-Ciberseguridad-768x768.png 768w, https:\/\/ucenfotec.ac.cr\/ecommerce\/wp-content\/uploads\/sites\/13\/2025\/11\/CIB-974-Principios-de-Ciberseguridad-800x800.png 800w, https:\/\/ucenfotec.ac.cr\/ecommerce\/wp-content\/uploads\/sites\/13\/2025\/11\/CIB-974-Principios-de-Ciberseguridad-1024x1024.png 1024w, https:\/\/ucenfotec.ac.cr\/ecommerce\/wp-content\/uploads\/sites\/13\/2025\/11\/CIB-974-Principios-de-Ciberseguridad.png 1200w\" data-sizes=\"auto\" data-orig-sizes=\"(max-width: 200px) 100vw, 200px\" \/><\/a><\/p>\n<hr \/>\n<\/div><\/div><\/div><\/div><\/div>\n","protected":false},"excerpt":{"rendered":"<p><span data-sheets-root=\"1\">Este curso explora los principios fundamentales de la ciberseguridad, clasificaci\u00f3n de amenazas, medidas de protecci\u00f3n, gesti\u00f3n de activos digitales y respuesta ante incidentes para proteger entornos digitales.<\/span><\/p>\n","protected":false},"featured_media":53376,"template":"","meta":{"_relevanssi_hide_post":"on","_relevanssi_hide_content":"on","_relevanssi_pin_for_all":"","_relevanssi_pin_keywords":"","_relevanssi_unpin_keywords":"","_relevanssi_related_keywords":"","_relevanssi_related_include_ids":"","_relevanssi_related_exclude_ids":"","_relevanssi_related_no_append":"","_relevanssi_related_not_related":"","_relevanssi_related_posts":"","_relevanssi_noindex_reason":"WooCommerce Yoast SEO Relevanssi index exclude"},"product_brand":[],"product_cat":[1087,655],"product_tag":[2726,2724,730,2727,2728,1617,984,736,2725],"class_list":{"0":"post-167912","1":"product","2":"type-product","3":"status-publish","4":"has-post-thumbnail","6":"product_cat-agotado","7":"product_cat-ciberseguridad","8":"product_tag-activos-de-informacion","9":"product_tag-amenazas-comunes","10":"product_tag-ciberseguridad","11":"product_tag-evaluacion-de-riesgos","12":"product_tag-marcos-de-referencia","13":"product_tag-normativas","14":"product_tag-principios","15":"product_tag-seguridad-de-la-informacion","16":"product_tag-vectores-de-ataque","18":"first","19":"outofstock","20":"virtual","21":"sold-individually","22":"taxable","23":"product-type-simple"},"yoast_head":"<!-- This site is optimized with the Yoast SEO Premium plugin v27.4 (Yoast SEO v27.4) - https:\/\/yoast.com\/product\/yoast-seo-premium-wordpress\/ -->\n<title>Principios de Ciberseguridad<\/title>\n<meta name=\"description\" content=\"Principios clave de ciberseguridad, gesti\u00f3n de amenazas, controles de protecci\u00f3n y respuesta ante incidentes para resguardar informaci\u00f3n digital.\" \/>\n<meta name=\"robots\" content=\"index, follow, max-snippet:-1, max-image-preview:large, max-video-preview:-1\" \/>\n<link rel=\"canonical\" href=\"https:\/\/ucenfotec.ac.cr\/ecommerce\/producto\/principios-de-ciberseguridad\/\" \/>\n<meta property=\"og:locale\" content=\"es_ES\" \/>\n<meta property=\"og:type\" content=\"article\" \/>\n<meta property=\"og:title\" content=\"Principios de Ciberseguridad\" \/>\n<meta property=\"og:description\" content=\"Principios clave de ciberseguridad, gesti\u00f3n de amenazas, controles de protecci\u00f3n y respuesta ante incidentes para resguardar informaci\u00f3n digital.\" \/>\n<meta property=\"og:url\" content=\"https:\/\/ucenfotec.ac.cr\/ecommerce\/producto\/principios-de-ciberseguridad\/\" \/>\n<meta property=\"og:site_name\" content=\"Cursos - CENFOTEC\" \/>\n<meta property=\"article:modified_time\" content=\"2026-01-20T21:01:55+00:00\" \/>\n<meta property=\"og:image\" content=\"https:\/\/ucenfotec.ac.cr\/ecommerce\/wp-content\/uploads\/sites\/13\/2022\/05\/Cybersecurity.jpg\" \/>\n\t<meta property=\"og:image:width\" content=\"500\" \/>\n\t<meta property=\"og:image:height\" content=\"650\" \/>\n\t<meta property=\"og:image:type\" content=\"image\/jpeg\" \/>\n<meta name=\"twitter:card\" content=\"summary_large_image\" \/>\n<meta name=\"twitter:label1\" content=\"Tiempo de lectura\" \/>\n\t<meta name=\"twitter:data1\" content=\"1 minuto\" \/>\n<script type=\"application\/ld+json\" class=\"yoast-schema-graph\">{\"@context\":\"https:\\\/\\\/schema.org\",\"@graph\":[{\"@type\":\"WebPage\",\"@id\":\"https:\\\/\\\/ucenfotec.ac.cr\\\/ecommerce\\\/producto\\\/principios-de-ciberseguridad\\\/\",\"url\":\"https:\\\/\\\/ucenfotec.ac.cr\\\/ecommerce\\\/producto\\\/principios-de-ciberseguridad\\\/\",\"name\":\"Principios de Ciberseguridad\",\"isPartOf\":{\"@id\":\"https:\\\/\\\/ucenfotec.ac.cr\\\/ecommerce\\\/#website\"},\"primaryImageOfPage\":{\"@id\":\"https:\\\/\\\/ucenfotec.ac.cr\\\/ecommerce\\\/producto\\\/principios-de-ciberseguridad\\\/#primaryimage\"},\"image\":{\"@id\":\"https:\\\/\\\/ucenfotec.ac.cr\\\/ecommerce\\\/producto\\\/principios-de-ciberseguridad\\\/#primaryimage\"},\"thumbnailUrl\":\"https:\\\/\\\/ucenfotec.ac.cr\\\/ecommerce\\\/wp-content\\\/uploads\\\/sites\\\/13\\\/2022\\\/05\\\/Cybersecurity.jpg\",\"datePublished\":\"2025-11-19T16:13:10+00:00\",\"dateModified\":\"2026-01-20T21:01:55+00:00\",\"description\":\"Principios clave de ciberseguridad, gesti\u00f3n de amenazas, controles de protecci\u00f3n y respuesta ante incidentes para resguardar informaci\u00f3n digital.\",\"breadcrumb\":{\"@id\":\"https:\\\/\\\/ucenfotec.ac.cr\\\/ecommerce\\\/producto\\\/principios-de-ciberseguridad\\\/#breadcrumb\"},\"inLanguage\":\"es\",\"potentialAction\":[{\"@type\":\"ReadAction\",\"target\":[\"https:\\\/\\\/ucenfotec.ac.cr\\\/ecommerce\\\/producto\\\/principios-de-ciberseguridad\\\/\"]}]},{\"@type\":\"ImageObject\",\"inLanguage\":\"es\",\"@id\":\"https:\\\/\\\/ucenfotec.ac.cr\\\/ecommerce\\\/producto\\\/principios-de-ciberseguridad\\\/#primaryimage\",\"url\":\"https:\\\/\\\/ucenfotec.ac.cr\\\/ecommerce\\\/wp-content\\\/uploads\\\/sites\\\/13\\\/2022\\\/05\\\/Cybersecurity.jpg\",\"contentUrl\":\"https:\\\/\\\/ucenfotec.ac.cr\\\/ecommerce\\\/wp-content\\\/uploads\\\/sites\\\/13\\\/2022\\\/05\\\/Cybersecurity.jpg\",\"width\":500,\"height\":650,\"caption\":\"Ciberseguridad - Universidad CENFOTEC\"},{\"@type\":\"BreadcrumbList\",\"@id\":\"https:\\\/\\\/ucenfotec.ac.cr\\\/ecommerce\\\/producto\\\/principios-de-ciberseguridad\\\/#breadcrumb\",\"itemListElement\":[{\"@type\":\"ListItem\",\"position\":1,\"name\":\"Portada\",\"item\":\"https:\\\/\\\/ucenfotec.ac.cr\\\/ecommerce\\\/\"},{\"@type\":\"ListItem\",\"position\":2,\"name\":\"Todos los Cursos\",\"item\":\"https:\\\/\\\/ucenfotec.ac.cr\\\/ecommerce\\\/todos-los-cursos\\\/\"},{\"@type\":\"ListItem\",\"position\":3,\"name\":\"Principios de Ciberseguridad\"}]},{\"@type\":\"WebSite\",\"@id\":\"https:\\\/\\\/ucenfotec.ac.cr\\\/ecommerce\\\/#website\",\"url\":\"https:\\\/\\\/ucenfotec.ac.cr\\\/ecommerce\\\/\",\"name\":\"Cursos - CENFOTEC\",\"description\":\"Tienda en l\u00ednea de cursos ofrecidos por CENFOTEC\",\"potentialAction\":[{\"@type\":\"SearchAction\",\"target\":{\"@type\":\"EntryPoint\",\"urlTemplate\":\"https:\\\/\\\/ucenfotec.ac.cr\\\/ecommerce\\\/?s={search_term_string}\"},\"query-input\":{\"@type\":\"PropertyValueSpecification\",\"valueRequired\":true,\"valueName\":\"search_term_string\"}}],\"inLanguage\":\"es\"}]}<\/script>\n<!-- \/ Yoast SEO Premium plugin. -->","yoast_head_json":{"title":"Principios de Ciberseguridad","description":"Principios clave de ciberseguridad, gesti\u00f3n de amenazas, controles de protecci\u00f3n y respuesta ante incidentes para resguardar informaci\u00f3n digital.","robots":{"index":"index","follow":"follow","max-snippet":"max-snippet:-1","max-image-preview":"max-image-preview:large","max-video-preview":"max-video-preview:-1"},"canonical":"https:\/\/ucenfotec.ac.cr\/ecommerce\/producto\/principios-de-ciberseguridad\/","og_locale":"es_ES","og_type":"article","og_title":"Principios de Ciberseguridad","og_description":"Principios clave de ciberseguridad, gesti\u00f3n de amenazas, controles de protecci\u00f3n y respuesta ante incidentes para resguardar informaci\u00f3n digital.","og_url":"https:\/\/ucenfotec.ac.cr\/ecommerce\/producto\/principios-de-ciberseguridad\/","og_site_name":"Cursos - CENFOTEC","article_modified_time":"2026-01-20T21:01:55+00:00","og_image":[{"width":500,"height":650,"url":"https:\/\/ucenfotec.ac.cr\/ecommerce\/wp-content\/uploads\/sites\/13\/2022\/05\/Cybersecurity.jpg","type":"image\/jpeg"}],"twitter_card":"summary_large_image","twitter_misc":{"Tiempo de lectura":"1 minuto"},"schema":{"@context":"https:\/\/schema.org","@graph":[{"@type":"WebPage","@id":"https:\/\/ucenfotec.ac.cr\/ecommerce\/producto\/principios-de-ciberseguridad\/","url":"https:\/\/ucenfotec.ac.cr\/ecommerce\/producto\/principios-de-ciberseguridad\/","name":"Principios de Ciberseguridad","isPartOf":{"@id":"https:\/\/ucenfotec.ac.cr\/ecommerce\/#website"},"primaryImageOfPage":{"@id":"https:\/\/ucenfotec.ac.cr\/ecommerce\/producto\/principios-de-ciberseguridad\/#primaryimage"},"image":{"@id":"https:\/\/ucenfotec.ac.cr\/ecommerce\/producto\/principios-de-ciberseguridad\/#primaryimage"},"thumbnailUrl":"https:\/\/ucenfotec.ac.cr\/ecommerce\/wp-content\/uploads\/sites\/13\/2022\/05\/Cybersecurity.jpg","datePublished":"2025-11-19T16:13:10+00:00","dateModified":"2026-01-20T21:01:55+00:00","description":"Principios clave de ciberseguridad, gesti\u00f3n de amenazas, controles de protecci\u00f3n y respuesta ante incidentes para resguardar informaci\u00f3n digital.","breadcrumb":{"@id":"https:\/\/ucenfotec.ac.cr\/ecommerce\/producto\/principios-de-ciberseguridad\/#breadcrumb"},"inLanguage":"es","potentialAction":[{"@type":"ReadAction","target":["https:\/\/ucenfotec.ac.cr\/ecommerce\/producto\/principios-de-ciberseguridad\/"]}]},{"@type":"ImageObject","inLanguage":"es","@id":"https:\/\/ucenfotec.ac.cr\/ecommerce\/producto\/principios-de-ciberseguridad\/#primaryimage","url":"https:\/\/ucenfotec.ac.cr\/ecommerce\/wp-content\/uploads\/sites\/13\/2022\/05\/Cybersecurity.jpg","contentUrl":"https:\/\/ucenfotec.ac.cr\/ecommerce\/wp-content\/uploads\/sites\/13\/2022\/05\/Cybersecurity.jpg","width":500,"height":650,"caption":"Ciberseguridad - Universidad CENFOTEC"},{"@type":"BreadcrumbList","@id":"https:\/\/ucenfotec.ac.cr\/ecommerce\/producto\/principios-de-ciberseguridad\/#breadcrumb","itemListElement":[{"@type":"ListItem","position":1,"name":"Portada","item":"https:\/\/ucenfotec.ac.cr\/ecommerce\/"},{"@type":"ListItem","position":2,"name":"Todos los Cursos","item":"https:\/\/ucenfotec.ac.cr\/ecommerce\/todos-los-cursos\/"},{"@type":"ListItem","position":3,"name":"Principios de Ciberseguridad"}]},{"@type":"WebSite","@id":"https:\/\/ucenfotec.ac.cr\/ecommerce\/#website","url":"https:\/\/ucenfotec.ac.cr\/ecommerce\/","name":"Cursos - CENFOTEC","description":"Tienda en l\u00ednea de cursos ofrecidos por CENFOTEC","potentialAction":[{"@type":"SearchAction","target":{"@type":"EntryPoint","urlTemplate":"https:\/\/ucenfotec.ac.cr\/ecommerce\/?s={search_term_string}"},"query-input":{"@type":"PropertyValueSpecification","valueRequired":true,"valueName":"search_term_string"}}],"inLanguage":"es"}]}},"_links":{"self":[{"href":"https:\/\/ucenfotec.ac.cr\/ecommerce\/wp-json\/wp\/v2\/product\/167912","targetHints":{"allow":["GET"]}}],"collection":[{"href":"https:\/\/ucenfotec.ac.cr\/ecommerce\/wp-json\/wp\/v2\/product"}],"about":[{"href":"https:\/\/ucenfotec.ac.cr\/ecommerce\/wp-json\/wp\/v2\/types\/product"}],"wp:featuredmedia":[{"embeddable":true,"href":"https:\/\/ucenfotec.ac.cr\/ecommerce\/wp-json\/wp\/v2\/media\/53376"}],"wp:attachment":[{"href":"https:\/\/ucenfotec.ac.cr\/ecommerce\/wp-json\/wp\/v2\/media?parent=167912"}],"wp:term":[{"taxonomy":"product_brand","embeddable":true,"href":"https:\/\/ucenfotec.ac.cr\/ecommerce\/wp-json\/wp\/v2\/product_brand?post=167912"},{"taxonomy":"product_cat","embeddable":true,"href":"https:\/\/ucenfotec.ac.cr\/ecommerce\/wp-json\/wp\/v2\/product_cat?post=167912"},{"taxonomy":"product_tag","embeddable":true,"href":"https:\/\/ucenfotec.ac.cr\/ecommerce\/wp-json\/wp\/v2\/product_tag?post=167912"}],"curies":[{"name":"wp","href":"https:\/\/api.w.org\/{rel}","templated":true}]}}