{"id":171215,"date":"2025-11-27T14:29:27","date_gmt":"2025-11-27T20:29:27","guid":{"rendered":"https:\/\/ucenfotec.ac.cr\/ecommerce\/?post_type=product&#038;p=171215"},"modified":"2026-02-23T09:50:14","modified_gmt":"2026-02-23T15:50:14","slug":"inteligencia-artificial-para-la-generacion-de-contenido-audiovisual","status":"publish","type":"product","link":"https:\/\/ucenfotec.ac.cr\/ecommerce\/producto\/inteligencia-artificial-para-la-generacion-de-contenido-audiovisual\/","title":{"rendered":"Inteligencia Artificial para la Generaci\u00f3n de Contenido Audiovisual"},"content":{"rendered":"<div class=\"fusion-fullwidth fullwidth-box fusion-builder-row-1 fusion-flex-container nonhundred-percent-fullwidth non-hundred-percent-height-scrolling\" style=\"--awb-border-radius-top-left:0px;--awb-border-radius-top-right:0px;--awb-border-radius-bottom-right:0px;--awb-border-radius-bottom-left:0px;--awb-flex-wrap:wrap;\" ><div class=\"fusion-builder-row fusion-row fusion-flex-align-items-flex-start fusion-flex-content-wrap\" style=\"max-width:1216.8px;margin-left: calc(-4% \/ 2 );margin-right: calc(-4% \/ 2 );\"><div class=\"fusion-layout-column fusion_builder_column fusion-builder-column-0 fusion_builder_column_1_1 1_1 fusion-flex-column\" style=\"--awb-bg-size:cover;--awb-width-large:100%;--awb-margin-top-large:0px;--awb-spacing-right-large:1.92%;--awb-margin-bottom-large:0px;--awb-spacing-left-large:1.92%;--awb-width-medium:100%;--awb-spacing-right-medium:1.92%;--awb-spacing-left-medium:1.92%;--awb-width-small:100%;--awb-spacing-right-small:1.92%;--awb-spacing-left-small:1.92%;\"><div class=\"fusion-column-wrapper fusion-flex-justify-content-flex-start fusion-content-layout-column\"><div class=\"fusion-text fusion-text-1\"><p><span data-sheets-root=\"1\">La inteligencia artificial (IA) es una rama de la inform\u00e1tica que busca desarrollar sistemas capaces de realizar tareas que requieren inteligencia humana, como el razonamiento, el aprendizaje, la percepci\u00f3n y la toma de decisiones. Sus aplicaciones abarcan desde la automatizaci\u00f3n de procesos hasta la generaci\u00f3n creativa de contenido, transformando la forma en que las personas interact\u00faan con la tecnolog\u00eda.<\/span><\/p>\n<p><span data-sheets-root=\"1\">Las principales tem\u00e1ticas por abordar en el curso son los fundamentos de la inteligencia artificial en producci\u00f3n audiovisual, planificaci\u00f3n creativa, herramientas de inteligencia artificial, producci\u00f3n y edici\u00f3n de contenido audiovisual con IA y la presentaci\u00f3n y evaluaci\u00f3n de proyectos.<\/span><\/p>\n<p><span data-sheets-root=\"1\">El curso est\u00e1 dise\u00f1ado por competencias y alineado con el marco global de habilidades y competencias para un mundo digital SFIA, por lo que se propone que los estudiantes logren responder a un nivel de responsabilidad 3, de manera aplican herramientas y tecnolog\u00edas para mejorar la eficiencia y calidad de la creaci\u00f3n de contenidos.<\/span><\/p>\n<hr \/>\n<p><strong>Contenidos<\/strong><\/p>\n<p><span data-sheets-root=\"1\">1. Fundamentos de IA Generativa en Producci\u00f3n Audiovisual.<br \/>\n2. Planificaci\u00f3n Creativa y Herramientas de IA.<br \/>\n3. Producci\u00f3n y Edici\u00f3n de Contenido Audiovisual con IA.<br \/>\n4. Presentaci\u00f3n y Evaluaci\u00f3n de Proyectos.<\/span><\/p>\n<hr \/>\n<p><strong>Certificado e Insignia Digital<\/strong><\/p>\n<p>Al finalizar el curso el estudiante obtiene un t\u00edtulo e Insignia digital, socializable en tiempo real basada en tecnolog\u00eda blockchain que permite una vista m\u00e1s completa tras el logro alcanzado por el estudiante al poderla vincular con evidencias del resultado del aprendizaje en su perfil profesional. Es una certificaci\u00f3n segura.<\/p>\n<p><a href=\"https:\/\/ucenfotec.ac.cr\/ecommerce\/wp-content\/uploads\/sites\/13\/2025\/11\/SINT-687-Inteligencia-Artificial-para-la-Generacion-de-Contenido-Audiovisual.png\"><img decoding=\"async\" class=\"lazyload aligncenter size-full wp-image-171221\" src=\"https:\/\/ucenfotec.ac.cr\/ecommerce\/wp-content\/uploads\/sites\/13\/2025\/11\/SINT-687-Inteligencia-Artificial-para-la-Generacion-de-Contenido-Audiovisual.png\" data-orig-src=\"https:\/\/ucenfotec.ac.cr\/ecommerce\/wp-content\/uploads\/sites\/13\/2025\/11\/SINT-687-Inteligencia-Artificial-para-la-Generacion-de-Contenido-Audiovisual.png\" alt=\"SINT-687-Inteligencia Artificial para la Generacion de Contenido Audiovisual - Universidad CENFOTEC\" width=\"300\" height=\"300\" srcset=\"data:image\/svg+xml,%3Csvg%20xmlns%3D%27http%3A%2F%2Fwww.w3.org%2F2000%2Fsvg%27%20width%3D%27300%27%20height%3D%27300%27%20viewBox%3D%270%200%20300%20300%27%3E%3Crect%20width%3D%27300%27%20height%3D%27300%27%20fill-opacity%3D%220%22%2F%3E%3C%2Fsvg%3E\" data-srcset=\"https:\/\/ucenfotec.ac.cr\/ecommerce\/wp-content\/uploads\/sites\/13\/2025\/11\/SINT-687-Inteligencia-Artificial-para-la-Generacion-de-Contenido-Audiovisual-66x66.png 66w, https:\/\/ucenfotec.ac.cr\/ecommerce\/wp-content\/uploads\/sites\/13\/2025\/11\/SINT-687-Inteligencia-Artificial-para-la-Generacion-de-Contenido-Audiovisual-100x100.png 100w, https:\/\/ucenfotec.ac.cr\/ecommerce\/wp-content\/uploads\/sites\/13\/2025\/11\/SINT-687-Inteligencia-Artificial-para-la-Generacion-de-Contenido-Audiovisual-150x150.png 150w, https:\/\/ucenfotec.ac.cr\/ecommerce\/wp-content\/uploads\/sites\/13\/2025\/11\/SINT-687-Inteligencia-Artificial-para-la-Generacion-de-Contenido-Audiovisual-200x200.png 200w, https:\/\/ucenfotec.ac.cr\/ecommerce\/wp-content\/uploads\/sites\/13\/2025\/11\/SINT-687-Inteligencia-Artificial-para-la-Generacion-de-Contenido-Audiovisual.png 300w\" data-sizes=\"auto\" data-orig-sizes=\"(max-width: 300px) 100vw, 300px\" \/><\/a><\/p>\n<hr \/>\n<\/div><\/div><\/div><\/div><\/div>\n","protected":false},"excerpt":{"rendered":"<p><span data-sheets-root=\"1\">Este curso explora la aplicaci\u00f3n de la inteligencia artificial generativa en la creaci\u00f3n de contenido audiovisual, integrando fundamentos, planificaci\u00f3n, edici\u00f3n y principios \u00e9ticos para desarrollar proyectos innovadores con un enfoque pr\u00e1ctico.<\/span><\/p>\n","protected":false},"featured_media":53379,"template":"","meta":{"_relevanssi_hide_post":"on","_relevanssi_hide_content":"on","_relevanssi_pin_for_all":"","_relevanssi_pin_keywords":"","_relevanssi_unpin_keywords":"","_relevanssi_related_keywords":"","_relevanssi_related_include_ids":"","_relevanssi_related_exclude_ids":"","_relevanssi_related_no_append":"","_relevanssi_related_not_related":"","_relevanssi_related_posts":"","_relevanssi_noindex_reason":"WooCommerce Yoast SEO Relevanssi index exclude"},"product_brand":[],"product_cat":[1087,145],"product_tag":[2775,2779,2781,2774,2777,950,2776,2780,2778],"class_list":{"0":"post-171215","1":"product","2":"type-product","3":"status-publish","4":"has-post-thumbnail","6":"product_cat-agotado","7":"product_cat-sistemas-inteligentes","8":"product_tag-contenido-audiovisual","9":"product_tag-edicion-de-contenido","10":"product_tag-evaluacion-de-proyectos","11":"product_tag-generacion-de-contenido","12":"product_tag-herramientas-de-ia","13":"product_tag-inteligencia-artificial","14":"product_tag-planificacion-creativa","15":"product_tag-presentacion-de-proyectos","16":"product_tag-produccion","18":"first","19":"outofstock","20":"virtual","21":"sold-individually","22":"taxable","23":"product-type-simple"},"yoast_head":"<!-- This site is optimized with the Yoast SEO Premium plugin v27.4 (Yoast SEO v27.4) - https:\/\/yoast.com\/product\/yoast-seo-premium-wordpress\/ -->\n<title>PlantillaInteligencia Artificial para la Generaci\u00f3n de Contenido Audiovisual<\/title>\n<meta name=\"description\" content=\"Aplicaci\u00f3n de inteligencia artificial generativa en la creaci\u00f3n de contenido audiovisual con enfoque pr\u00e1ctico, creativo e innovador.\" \/>\n<meta name=\"robots\" content=\"index, follow, max-snippet:-1, max-image-preview:large, max-video-preview:-1\" \/>\n<link rel=\"canonical\" href=\"https:\/\/ucenfotec.ac.cr\/ecommerce\/producto\/inteligencia-artificial-para-la-generacion-de-contenido-audiovisual\/\" \/>\n<meta property=\"og:locale\" content=\"es_ES\" \/>\n<meta property=\"og:type\" content=\"article\" \/>\n<meta property=\"og:title\" content=\"Inteligencia Artificial para la Generaci\u00f3n de Contenido Audiovisual\" \/>\n<meta property=\"og:description\" content=\"Aplicaci\u00f3n de inteligencia artificial generativa en la creaci\u00f3n de contenido audiovisual con enfoque pr\u00e1ctico, creativo e innovador.\" \/>\n<meta property=\"og:url\" content=\"https:\/\/ucenfotec.ac.cr\/ecommerce\/producto\/inteligencia-artificial-para-la-generacion-de-contenido-audiovisual\/\" \/>\n<meta property=\"og:site_name\" content=\"Cursos - CENFOTEC\" \/>\n<meta property=\"article:modified_time\" content=\"2026-02-23T15:50:14+00:00\" \/>\n<meta property=\"og:image\" content=\"https:\/\/ucenfotec.ac.cr\/ecommerce\/wp-content\/uploads\/sites\/13\/2022\/05\/Intelligent-Systems.jpg\" \/>\n\t<meta property=\"og:image:width\" content=\"500\" \/>\n\t<meta property=\"og:image:height\" content=\"650\" \/>\n\t<meta property=\"og:image:type\" content=\"image\/jpeg\" \/>\n<meta name=\"twitter:card\" content=\"summary_large_image\" \/>\n<meta name=\"twitter:label1\" content=\"Tiempo de lectura\" \/>\n\t<meta name=\"twitter:data1\" content=\"1 minuto\" \/>\n<script type=\"application\/ld+json\" class=\"yoast-schema-graph\">{\"@context\":\"https:\\\/\\\/schema.org\",\"@graph\":[{\"@type\":\"WebPage\",\"@id\":\"https:\\\/\\\/ucenfotec.ac.cr\\\/ecommerce\\\/producto\\\/inteligencia-artificial-para-la-generacion-de-contenido-audiovisual\\\/\",\"url\":\"https:\\\/\\\/ucenfotec.ac.cr\\\/ecommerce\\\/producto\\\/inteligencia-artificial-para-la-generacion-de-contenido-audiovisual\\\/\",\"name\":\"PlantillaInteligencia Artificial para la Generaci\u00f3n de Contenido Audiovisual\",\"isPartOf\":{\"@id\":\"https:\\\/\\\/ucenfotec.ac.cr\\\/ecommerce\\\/#website\"},\"primaryImageOfPage\":{\"@id\":\"https:\\\/\\\/ucenfotec.ac.cr\\\/ecommerce\\\/producto\\\/inteligencia-artificial-para-la-generacion-de-contenido-audiovisual\\\/#primaryimage\"},\"image\":{\"@id\":\"https:\\\/\\\/ucenfotec.ac.cr\\\/ecommerce\\\/producto\\\/inteligencia-artificial-para-la-generacion-de-contenido-audiovisual\\\/#primaryimage\"},\"thumbnailUrl\":\"https:\\\/\\\/ucenfotec.ac.cr\\\/ecommerce\\\/wp-content\\\/uploads\\\/sites\\\/13\\\/2022\\\/05\\\/Intelligent-Systems.jpg\",\"datePublished\":\"2025-11-27T20:29:27+00:00\",\"dateModified\":\"2026-02-23T15:50:14+00:00\",\"description\":\"Aplicaci\u00f3n de inteligencia artificial generativa en la creaci\u00f3n de contenido audiovisual con enfoque pr\u00e1ctico, creativo e innovador.\",\"breadcrumb\":{\"@id\":\"https:\\\/\\\/ucenfotec.ac.cr\\\/ecommerce\\\/producto\\\/inteligencia-artificial-para-la-generacion-de-contenido-audiovisual\\\/#breadcrumb\"},\"inLanguage\":\"es\",\"potentialAction\":[{\"@type\":\"ReadAction\",\"target\":[\"https:\\\/\\\/ucenfotec.ac.cr\\\/ecommerce\\\/producto\\\/inteligencia-artificial-para-la-generacion-de-contenido-audiovisual\\\/\"]}]},{\"@type\":\"ImageObject\",\"inLanguage\":\"es\",\"@id\":\"https:\\\/\\\/ucenfotec.ac.cr\\\/ecommerce\\\/producto\\\/inteligencia-artificial-para-la-generacion-de-contenido-audiovisual\\\/#primaryimage\",\"url\":\"https:\\\/\\\/ucenfotec.ac.cr\\\/ecommerce\\\/wp-content\\\/uploads\\\/sites\\\/13\\\/2022\\\/05\\\/Intelligent-Systems.jpg\",\"contentUrl\":\"https:\\\/\\\/ucenfotec.ac.cr\\\/ecommerce\\\/wp-content\\\/uploads\\\/sites\\\/13\\\/2022\\\/05\\\/Intelligent-Systems.jpg\",\"width\":500,\"height\":650,\"caption\":\"Sistemas Inteligentes Curso Costa Rica - Universidad CENFOTEC\"},{\"@type\":\"BreadcrumbList\",\"@id\":\"https:\\\/\\\/ucenfotec.ac.cr\\\/ecommerce\\\/producto\\\/inteligencia-artificial-para-la-generacion-de-contenido-audiovisual\\\/#breadcrumb\",\"itemListElement\":[{\"@type\":\"ListItem\",\"position\":1,\"name\":\"Portada\",\"item\":\"https:\\\/\\\/ucenfotec.ac.cr\\\/ecommerce\\\/\"},{\"@type\":\"ListItem\",\"position\":2,\"name\":\"Todos los Cursos\",\"item\":\"https:\\\/\\\/ucenfotec.ac.cr\\\/ecommerce\\\/todos-los-cursos\\\/\"},{\"@type\":\"ListItem\",\"position\":3,\"name\":\"Inteligencia Artificial para la Generaci\u00f3n de Contenido Audiovisual\"}]},{\"@type\":\"WebSite\",\"@id\":\"https:\\\/\\\/ucenfotec.ac.cr\\\/ecommerce\\\/#website\",\"url\":\"https:\\\/\\\/ucenfotec.ac.cr\\\/ecommerce\\\/\",\"name\":\"Cursos - CENFOTEC\",\"description\":\"Tienda en l\u00ednea de cursos ofrecidos por CENFOTEC\",\"potentialAction\":[{\"@type\":\"SearchAction\",\"target\":{\"@type\":\"EntryPoint\",\"urlTemplate\":\"https:\\\/\\\/ucenfotec.ac.cr\\\/ecommerce\\\/?s={search_term_string}\"},\"query-input\":{\"@type\":\"PropertyValueSpecification\",\"valueRequired\":true,\"valueName\":\"search_term_string\"}}],\"inLanguage\":\"es\"}]}<\/script>\n<!-- \/ Yoast SEO Premium plugin. -->","yoast_head_json":{"title":"PlantillaInteligencia Artificial para la Generaci\u00f3n de Contenido Audiovisual","description":"Aplicaci\u00f3n de inteligencia artificial generativa en la creaci\u00f3n de contenido audiovisual con enfoque pr\u00e1ctico, creativo e innovador.","robots":{"index":"index","follow":"follow","max-snippet":"max-snippet:-1","max-image-preview":"max-image-preview:large","max-video-preview":"max-video-preview:-1"},"canonical":"https:\/\/ucenfotec.ac.cr\/ecommerce\/producto\/inteligencia-artificial-para-la-generacion-de-contenido-audiovisual\/","og_locale":"es_ES","og_type":"article","og_title":"Inteligencia Artificial para la Generaci\u00f3n de Contenido Audiovisual","og_description":"Aplicaci\u00f3n de inteligencia artificial generativa en la creaci\u00f3n de contenido audiovisual con enfoque pr\u00e1ctico, creativo e innovador.","og_url":"https:\/\/ucenfotec.ac.cr\/ecommerce\/producto\/inteligencia-artificial-para-la-generacion-de-contenido-audiovisual\/","og_site_name":"Cursos - CENFOTEC","article_modified_time":"2026-02-23T15:50:14+00:00","og_image":[{"width":500,"height":650,"url":"https:\/\/ucenfotec.ac.cr\/ecommerce\/wp-content\/uploads\/sites\/13\/2022\/05\/Intelligent-Systems.jpg","type":"image\/jpeg"}],"twitter_card":"summary_large_image","twitter_misc":{"Tiempo de lectura":"1 minuto"},"schema":{"@context":"https:\/\/schema.org","@graph":[{"@type":"WebPage","@id":"https:\/\/ucenfotec.ac.cr\/ecommerce\/producto\/inteligencia-artificial-para-la-generacion-de-contenido-audiovisual\/","url":"https:\/\/ucenfotec.ac.cr\/ecommerce\/producto\/inteligencia-artificial-para-la-generacion-de-contenido-audiovisual\/","name":"PlantillaInteligencia Artificial para la Generaci\u00f3n de Contenido Audiovisual","isPartOf":{"@id":"https:\/\/ucenfotec.ac.cr\/ecommerce\/#website"},"primaryImageOfPage":{"@id":"https:\/\/ucenfotec.ac.cr\/ecommerce\/producto\/inteligencia-artificial-para-la-generacion-de-contenido-audiovisual\/#primaryimage"},"image":{"@id":"https:\/\/ucenfotec.ac.cr\/ecommerce\/producto\/inteligencia-artificial-para-la-generacion-de-contenido-audiovisual\/#primaryimage"},"thumbnailUrl":"https:\/\/ucenfotec.ac.cr\/ecommerce\/wp-content\/uploads\/sites\/13\/2022\/05\/Intelligent-Systems.jpg","datePublished":"2025-11-27T20:29:27+00:00","dateModified":"2026-02-23T15:50:14+00:00","description":"Aplicaci\u00f3n de inteligencia artificial generativa en la creaci\u00f3n de contenido audiovisual con enfoque pr\u00e1ctico, creativo e innovador.","breadcrumb":{"@id":"https:\/\/ucenfotec.ac.cr\/ecommerce\/producto\/inteligencia-artificial-para-la-generacion-de-contenido-audiovisual\/#breadcrumb"},"inLanguage":"es","potentialAction":[{"@type":"ReadAction","target":["https:\/\/ucenfotec.ac.cr\/ecommerce\/producto\/inteligencia-artificial-para-la-generacion-de-contenido-audiovisual\/"]}]},{"@type":"ImageObject","inLanguage":"es","@id":"https:\/\/ucenfotec.ac.cr\/ecommerce\/producto\/inteligencia-artificial-para-la-generacion-de-contenido-audiovisual\/#primaryimage","url":"https:\/\/ucenfotec.ac.cr\/ecommerce\/wp-content\/uploads\/sites\/13\/2022\/05\/Intelligent-Systems.jpg","contentUrl":"https:\/\/ucenfotec.ac.cr\/ecommerce\/wp-content\/uploads\/sites\/13\/2022\/05\/Intelligent-Systems.jpg","width":500,"height":650,"caption":"Sistemas Inteligentes Curso Costa Rica - Universidad CENFOTEC"},{"@type":"BreadcrumbList","@id":"https:\/\/ucenfotec.ac.cr\/ecommerce\/producto\/inteligencia-artificial-para-la-generacion-de-contenido-audiovisual\/#breadcrumb","itemListElement":[{"@type":"ListItem","position":1,"name":"Portada","item":"https:\/\/ucenfotec.ac.cr\/ecommerce\/"},{"@type":"ListItem","position":2,"name":"Todos los Cursos","item":"https:\/\/ucenfotec.ac.cr\/ecommerce\/todos-los-cursos\/"},{"@type":"ListItem","position":3,"name":"Inteligencia Artificial para la Generaci\u00f3n de Contenido Audiovisual"}]},{"@type":"WebSite","@id":"https:\/\/ucenfotec.ac.cr\/ecommerce\/#website","url":"https:\/\/ucenfotec.ac.cr\/ecommerce\/","name":"Cursos - CENFOTEC","description":"Tienda en l\u00ednea de cursos ofrecidos por CENFOTEC","potentialAction":[{"@type":"SearchAction","target":{"@type":"EntryPoint","urlTemplate":"https:\/\/ucenfotec.ac.cr\/ecommerce\/?s={search_term_string}"},"query-input":{"@type":"PropertyValueSpecification","valueRequired":true,"valueName":"search_term_string"}}],"inLanguage":"es"}]}},"_links":{"self":[{"href":"https:\/\/ucenfotec.ac.cr\/ecommerce\/wp-json\/wp\/v2\/product\/171215","targetHints":{"allow":["GET"]}}],"collection":[{"href":"https:\/\/ucenfotec.ac.cr\/ecommerce\/wp-json\/wp\/v2\/product"}],"about":[{"href":"https:\/\/ucenfotec.ac.cr\/ecommerce\/wp-json\/wp\/v2\/types\/product"}],"wp:featuredmedia":[{"embeddable":true,"href":"https:\/\/ucenfotec.ac.cr\/ecommerce\/wp-json\/wp\/v2\/media\/53379"}],"wp:attachment":[{"href":"https:\/\/ucenfotec.ac.cr\/ecommerce\/wp-json\/wp\/v2\/media?parent=171215"}],"wp:term":[{"taxonomy":"product_brand","embeddable":true,"href":"https:\/\/ucenfotec.ac.cr\/ecommerce\/wp-json\/wp\/v2\/product_brand?post=171215"},{"taxonomy":"product_cat","embeddable":true,"href":"https:\/\/ucenfotec.ac.cr\/ecommerce\/wp-json\/wp\/v2\/product_cat?post=171215"},{"taxonomy":"product_tag","embeddable":true,"href":"https:\/\/ucenfotec.ac.cr\/ecommerce\/wp-json\/wp\/v2\/product_tag?post=171215"}],"curies":[{"name":"wp","href":"https:\/\/api.w.org\/{rel}","templated":true}]}}