{"id":356128,"date":"2026-04-28T09:12:54","date_gmt":"2026-04-28T15:12:54","guid":{"rendered":"https:\/\/ucenfotec.ac.cr\/ecommerce\/?post_type=product&#038;p=356128"},"modified":"2026-04-28T09:39:57","modified_gmt":"2026-04-28T15:39:57","slug":"laboratorio-ejecutivo-desarrollo-de-aplicaciones-web-asistido-con-ia","status":"publish","type":"product","link":"https:\/\/ucenfotec.ac.cr\/ecommerce\/producto\/laboratorio-ejecutivo-desarrollo-de-aplicaciones-web-asistido-con-ia\/","title":{"rendered":"Laboratorio Ejecutivo Desarrollo de Aplicaciones Web Asistido con IA"},"content":{"rendered":"<div class=\"fusion-fullwidth fullwidth-box fusion-builder-row-1 fusion-flex-container nonhundred-percent-fullwidth non-hundred-percent-height-scrolling\" style=\"--awb-border-radius-top-left:0px;--awb-border-radius-top-right:0px;--awb-border-radius-bottom-right:0px;--awb-border-radius-bottom-left:0px;--awb-flex-wrap:wrap;\" ><div class=\"fusion-builder-row fusion-row fusion-flex-align-items-flex-start fusion-flex-content-wrap\" style=\"max-width:1216.8px;margin-left: calc(-4% \/ 2 );margin-right: calc(-4% \/ 2 );\"><div class=\"fusion-layout-column fusion_builder_column fusion-builder-column-0 fusion_builder_column_1_1 1_1 fusion-flex-column\" style=\"--awb-bg-size:cover;--awb-width-large:100%;--awb-margin-top-large:0px;--awb-spacing-right-large:1.92%;--awb-margin-bottom-large:0px;--awb-spacing-left-large:1.92%;--awb-width-medium:100%;--awb-spacing-right-medium:1.92%;--awb-spacing-left-medium:1.92%;--awb-width-small:100%;--awb-spacing-right-small:1.92%;--awb-spacing-left-small:1.92%;\"><div class=\"fusion-column-wrapper fusion-flex-justify-content-flex-start fusion-content-layout-column\"><div class=\"fusion-text fusion-text-1\"><p><span data-sheets-root=\"1\">Este curso integra la inteligencia artificial como amplificador en el desarrollo de aplicaciones web, optimizando el prototipado r\u00e1pido y el dise\u00f1o de interfaces mediante un an\u00e1lisis cr\u00edtico de la arquitectura y la escalabilidad.<\/span><\/p>\n<hr \/>\n<p><strong>Contenidos<\/strong><\/p>\n<p><span data-sheets-root=\"1\">1. Arquitectura de aplicaciones web.<br \/>\n2. Desarrollo asistido con IA.<br \/>\n3. Dise\u00f1o de interfaces.<br \/>\n4. Integraci\u00f3n de servicios.<br \/>\n5. Prototipado r\u00e1pido.<br \/>\n6. Evaluaci\u00f3n de funcionalidad.<br \/>\n7. Escalabilidad de sistemas.<br \/>\n8. Dise\u00f1o centrado en usuario.<\/span><\/p>\n<hr \/>\n<\/div><\/div><\/div><\/div><\/div>\n","protected":false},"excerpt":{"rendered":"<p><span data-sheets-root=\"1\">Este curso integra la inteligencia artificial como amplificador en el desarrollo de aplicaciones web, optimizando el prototipado r\u00e1pido y el dise\u00f1o de interfaces mediante un an\u00e1lisis cr\u00edtico de la arquitectura y la escalabilidad.<\/span><\/p>\n","protected":false},"featured_media":53379,"template":"","meta":{"_relevanssi_hide_post":"","_relevanssi_hide_content":"","_relevanssi_pin_for_all":"","_relevanssi_pin_keywords":"","_relevanssi_unpin_keywords":"","_relevanssi_related_keywords":"","_relevanssi_related_include_ids":"","_relevanssi_related_exclude_ids":"","_relevanssi_related_no_append":"","_relevanssi_related_not_related":"","_relevanssi_related_posts":"","_relevanssi_noindex_reason":""},"product_brand":[],"product_cat":[145],"product_tag":[1032,817,1027,3018,3015,1387,3016,2777,1565,3020,3017,2608,1151,1408,3019],"class_list":{"0":"post-356128","1":"product","2":"type-product","3":"status-publish","4":"has-post-thumbnail","6":"product_cat-sistemas-inteligentes","7":"product_tag-aplicaciones-web","8":"product_tag-automatizacion","9":"product_tag-desarrollo-web","10":"product_tag-diseno-centrado-en-el-usuario","11":"product_tag-diseno-de-soluciones-digitales","12":"product_tag-estrategia-digital","13":"product_tag-experiencia-de-usuario","14":"product_tag-herramientas-de-ia","15":"product_tag-ia-generativa","16":"product_tag-integracion-de-servicios","17":"product_tag-interfaces-web","18":"product_tag-prototipado-rapido","19":"product_tag-transformacion-digital","20":"product_tag-ux","21":"product_tag-validacion-de-prototipos","23":"first","24":"instock","25":"virtual","26":"sold-individually","27":"taxable","28":"purchasable","29":"product-type-simple"},"yoast_head":"<!-- This site is optimized with the Yoast SEO Premium plugin v27.4 (Yoast SEO v27.4) - https:\/\/yoast.com\/product\/yoast-seo-premium-wordpress\/ -->\n<title>Laboratorio Ejecutivo Desarrollo de Aplicaciones Web Asistido con IA<\/title>\n<meta name=\"description\" content=\"Desarrolla prototipos web funcionales utilizando inteligencia artificial para maximizar la experiencia de usuario y la viabilidad t\u00e9cnica del sistema.\" \/>\n<meta name=\"robots\" content=\"index, follow, max-snippet:-1, max-image-preview:large, max-video-preview:-1\" \/>\n<link rel=\"canonical\" href=\"https:\/\/ucenfotec.ac.cr\/ecommerce\/producto\/laboratorio-ejecutivo-desarrollo-de-aplicaciones-web-asistido-con-ia\/\" \/>\n<meta property=\"og:locale\" content=\"es_ES\" \/>\n<meta property=\"og:type\" content=\"article\" \/>\n<meta property=\"og:title\" content=\"Laboratorio Ejecutivo Desarrollo de Aplicaciones Web Asistido con IA\" \/>\n<meta property=\"og:description\" content=\"Desarrolla prototipos web funcionales utilizando inteligencia artificial para maximizar la experiencia de usuario y la viabilidad t\u00e9cnica del sistema.\" \/>\n<meta property=\"og:url\" content=\"https:\/\/ucenfotec.ac.cr\/ecommerce\/producto\/laboratorio-ejecutivo-desarrollo-de-aplicaciones-web-asistido-con-ia\/\" \/>\n<meta property=\"og:site_name\" content=\"Cursos - CENFOTEC\" \/>\n<meta property=\"article:modified_time\" content=\"2026-04-28T15:39:57+00:00\" \/>\n<meta property=\"og:image\" content=\"https:\/\/ucenfotec.ac.cr\/ecommerce\/wp-content\/uploads\/sites\/13\/2022\/05\/Intelligent-Systems.jpg\" \/>\n\t<meta property=\"og:image:width\" content=\"500\" \/>\n\t<meta property=\"og:image:height\" content=\"650\" \/>\n\t<meta property=\"og:image:type\" content=\"image\/jpeg\" \/>\n<meta name=\"twitter:card\" content=\"summary_large_image\" \/>\n<meta name=\"twitter:description\" content=\"Desarrolla prototipos web funcionales utilizando inteligencia artificial para maximizar la experiencia de usuario y la viabilidad t\u00e9cnica del sistema.\" \/>\n<meta name=\"twitter:label1\" content=\"Tiempo de lectura\" \/>\n\t<meta name=\"twitter:data1\" content=\"1 minuto\" \/>\n<script type=\"application\/ld+json\" class=\"yoast-schema-graph\">{\"@context\":\"https:\\\/\\\/schema.org\",\"@graph\":[{\"@type\":\"WebPage\",\"@id\":\"https:\\\/\\\/ucenfotec.ac.cr\\\/ecommerce\\\/producto\\\/laboratorio-ejecutivo-desarrollo-de-aplicaciones-web-asistido-con-ia\\\/\",\"url\":\"https:\\\/\\\/ucenfotec.ac.cr\\\/ecommerce\\\/producto\\\/laboratorio-ejecutivo-desarrollo-de-aplicaciones-web-asistido-con-ia\\\/\",\"name\":\"Laboratorio Ejecutivo Desarrollo de Aplicaciones Web Asistido con IA\",\"isPartOf\":{\"@id\":\"https:\\\/\\\/ucenfotec.ac.cr\\\/ecommerce\\\/#website\"},\"primaryImageOfPage\":{\"@id\":\"https:\\\/\\\/ucenfotec.ac.cr\\\/ecommerce\\\/producto\\\/laboratorio-ejecutivo-desarrollo-de-aplicaciones-web-asistido-con-ia\\\/#primaryimage\"},\"image\":{\"@id\":\"https:\\\/\\\/ucenfotec.ac.cr\\\/ecommerce\\\/producto\\\/laboratorio-ejecutivo-desarrollo-de-aplicaciones-web-asistido-con-ia\\\/#primaryimage\"},\"thumbnailUrl\":\"https:\\\/\\\/ucenfotec.ac.cr\\\/ecommerce\\\/wp-content\\\/uploads\\\/sites\\\/13\\\/2022\\\/05\\\/Intelligent-Systems.jpg\",\"datePublished\":\"2026-04-28T15:12:54+00:00\",\"dateModified\":\"2026-04-28T15:39:57+00:00\",\"description\":\"Desarrolla prototipos web funcionales utilizando inteligencia artificial para maximizar la experiencia de usuario y la viabilidad t\u00e9cnica del sistema.\",\"breadcrumb\":{\"@id\":\"https:\\\/\\\/ucenfotec.ac.cr\\\/ecommerce\\\/producto\\\/laboratorio-ejecutivo-desarrollo-de-aplicaciones-web-asistido-con-ia\\\/#breadcrumb\"},\"inLanguage\":\"es\",\"potentialAction\":[{\"@type\":\"ReadAction\",\"target\":[\"https:\\\/\\\/ucenfotec.ac.cr\\\/ecommerce\\\/producto\\\/laboratorio-ejecutivo-desarrollo-de-aplicaciones-web-asistido-con-ia\\\/\"]}]},{\"@type\":\"ImageObject\",\"inLanguage\":\"es\",\"@id\":\"https:\\\/\\\/ucenfotec.ac.cr\\\/ecommerce\\\/producto\\\/laboratorio-ejecutivo-desarrollo-de-aplicaciones-web-asistido-con-ia\\\/#primaryimage\",\"url\":\"https:\\\/\\\/ucenfotec.ac.cr\\\/ecommerce\\\/wp-content\\\/uploads\\\/sites\\\/13\\\/2022\\\/05\\\/Intelligent-Systems.jpg\",\"contentUrl\":\"https:\\\/\\\/ucenfotec.ac.cr\\\/ecommerce\\\/wp-content\\\/uploads\\\/sites\\\/13\\\/2022\\\/05\\\/Intelligent-Systems.jpg\",\"width\":500,\"height\":650,\"caption\":\"Sistemas Inteligentes Curso Costa Rica - Universidad CENFOTEC\"},{\"@type\":\"BreadcrumbList\",\"@id\":\"https:\\\/\\\/ucenfotec.ac.cr\\\/ecommerce\\\/producto\\\/laboratorio-ejecutivo-desarrollo-de-aplicaciones-web-asistido-con-ia\\\/#breadcrumb\",\"itemListElement\":[{\"@type\":\"ListItem\",\"position\":1,\"name\":\"Portada\",\"item\":\"https:\\\/\\\/ucenfotec.ac.cr\\\/ecommerce\\\/\"},{\"@type\":\"ListItem\",\"position\":2,\"name\":\"Todos los Cursos\",\"item\":\"https:\\\/\\\/ucenfotec.ac.cr\\\/ecommerce\\\/todos-los-cursos\\\/\"},{\"@type\":\"ListItem\",\"position\":3,\"name\":\"Laboratorio Ejecutivo Desarrollo de Aplicaciones Web Asistido con IA\"}]},{\"@type\":\"WebSite\",\"@id\":\"https:\\\/\\\/ucenfotec.ac.cr\\\/ecommerce\\\/#website\",\"url\":\"https:\\\/\\\/ucenfotec.ac.cr\\\/ecommerce\\\/\",\"name\":\"Cursos - CENFOTEC\",\"description\":\"Tienda en l\u00ednea de cursos ofrecidos por CENFOTEC\",\"potentialAction\":[{\"@type\":\"SearchAction\",\"target\":{\"@type\":\"EntryPoint\",\"urlTemplate\":\"https:\\\/\\\/ucenfotec.ac.cr\\\/ecommerce\\\/?s={search_term_string}\"},\"query-input\":{\"@type\":\"PropertyValueSpecification\",\"valueRequired\":true,\"valueName\":\"search_term_string\"}}],\"inLanguage\":\"es\"}]}<\/script>\n<!-- \/ Yoast SEO Premium plugin. -->","yoast_head_json":{"title":"Laboratorio Ejecutivo Desarrollo de Aplicaciones Web Asistido con IA","description":"Desarrolla prototipos web funcionales utilizando inteligencia artificial para maximizar la experiencia de usuario y la viabilidad t\u00e9cnica del sistema.","robots":{"index":"index","follow":"follow","max-snippet":"max-snippet:-1","max-image-preview":"max-image-preview:large","max-video-preview":"max-video-preview:-1"},"canonical":"https:\/\/ucenfotec.ac.cr\/ecommerce\/producto\/laboratorio-ejecutivo-desarrollo-de-aplicaciones-web-asistido-con-ia\/","og_locale":"es_ES","og_type":"article","og_title":"Laboratorio Ejecutivo Desarrollo de Aplicaciones Web Asistido con IA","og_description":"Desarrolla prototipos web funcionales utilizando inteligencia artificial para maximizar la experiencia de usuario y la viabilidad t\u00e9cnica del sistema.","og_url":"https:\/\/ucenfotec.ac.cr\/ecommerce\/producto\/laboratorio-ejecutivo-desarrollo-de-aplicaciones-web-asistido-con-ia\/","og_site_name":"Cursos - CENFOTEC","article_modified_time":"2026-04-28T15:39:57+00:00","og_image":[{"width":500,"height":650,"url":"https:\/\/ucenfotec.ac.cr\/ecommerce\/wp-content\/uploads\/sites\/13\/2022\/05\/Intelligent-Systems.jpg","type":"image\/jpeg"}],"twitter_card":"summary_large_image","twitter_description":"Desarrolla prototipos web funcionales utilizando inteligencia artificial para maximizar la experiencia de usuario y la viabilidad t\u00e9cnica del sistema.","twitter_misc":{"Tiempo de lectura":"1 minuto"},"schema":{"@context":"https:\/\/schema.org","@graph":[{"@type":"WebPage","@id":"https:\/\/ucenfotec.ac.cr\/ecommerce\/producto\/laboratorio-ejecutivo-desarrollo-de-aplicaciones-web-asistido-con-ia\/","url":"https:\/\/ucenfotec.ac.cr\/ecommerce\/producto\/laboratorio-ejecutivo-desarrollo-de-aplicaciones-web-asistido-con-ia\/","name":"Laboratorio Ejecutivo Desarrollo de Aplicaciones Web Asistido con IA","isPartOf":{"@id":"https:\/\/ucenfotec.ac.cr\/ecommerce\/#website"},"primaryImageOfPage":{"@id":"https:\/\/ucenfotec.ac.cr\/ecommerce\/producto\/laboratorio-ejecutivo-desarrollo-de-aplicaciones-web-asistido-con-ia\/#primaryimage"},"image":{"@id":"https:\/\/ucenfotec.ac.cr\/ecommerce\/producto\/laboratorio-ejecutivo-desarrollo-de-aplicaciones-web-asistido-con-ia\/#primaryimage"},"thumbnailUrl":"https:\/\/ucenfotec.ac.cr\/ecommerce\/wp-content\/uploads\/sites\/13\/2022\/05\/Intelligent-Systems.jpg","datePublished":"2026-04-28T15:12:54+00:00","dateModified":"2026-04-28T15:39:57+00:00","description":"Desarrolla prototipos web funcionales utilizando inteligencia artificial para maximizar la experiencia de usuario y la viabilidad t\u00e9cnica del sistema.","breadcrumb":{"@id":"https:\/\/ucenfotec.ac.cr\/ecommerce\/producto\/laboratorio-ejecutivo-desarrollo-de-aplicaciones-web-asistido-con-ia\/#breadcrumb"},"inLanguage":"es","potentialAction":[{"@type":"ReadAction","target":["https:\/\/ucenfotec.ac.cr\/ecommerce\/producto\/laboratorio-ejecutivo-desarrollo-de-aplicaciones-web-asistido-con-ia\/"]}]},{"@type":"ImageObject","inLanguage":"es","@id":"https:\/\/ucenfotec.ac.cr\/ecommerce\/producto\/laboratorio-ejecutivo-desarrollo-de-aplicaciones-web-asistido-con-ia\/#primaryimage","url":"https:\/\/ucenfotec.ac.cr\/ecommerce\/wp-content\/uploads\/sites\/13\/2022\/05\/Intelligent-Systems.jpg","contentUrl":"https:\/\/ucenfotec.ac.cr\/ecommerce\/wp-content\/uploads\/sites\/13\/2022\/05\/Intelligent-Systems.jpg","width":500,"height":650,"caption":"Sistemas Inteligentes Curso Costa Rica - Universidad CENFOTEC"},{"@type":"BreadcrumbList","@id":"https:\/\/ucenfotec.ac.cr\/ecommerce\/producto\/laboratorio-ejecutivo-desarrollo-de-aplicaciones-web-asistido-con-ia\/#breadcrumb","itemListElement":[{"@type":"ListItem","position":1,"name":"Portada","item":"https:\/\/ucenfotec.ac.cr\/ecommerce\/"},{"@type":"ListItem","position":2,"name":"Todos los Cursos","item":"https:\/\/ucenfotec.ac.cr\/ecommerce\/todos-los-cursos\/"},{"@type":"ListItem","position":3,"name":"Laboratorio Ejecutivo Desarrollo de Aplicaciones Web Asistido con IA"}]},{"@type":"WebSite","@id":"https:\/\/ucenfotec.ac.cr\/ecommerce\/#website","url":"https:\/\/ucenfotec.ac.cr\/ecommerce\/","name":"Cursos - CENFOTEC","description":"Tienda en l\u00ednea de cursos ofrecidos por CENFOTEC","potentialAction":[{"@type":"SearchAction","target":{"@type":"EntryPoint","urlTemplate":"https:\/\/ucenfotec.ac.cr\/ecommerce\/?s={search_term_string}"},"query-input":{"@type":"PropertyValueSpecification","valueRequired":true,"valueName":"search_term_string"}}],"inLanguage":"es"}]}},"_links":{"self":[{"href":"https:\/\/ucenfotec.ac.cr\/ecommerce\/wp-json\/wp\/v2\/product\/356128","targetHints":{"allow":["GET"]}}],"collection":[{"href":"https:\/\/ucenfotec.ac.cr\/ecommerce\/wp-json\/wp\/v2\/product"}],"about":[{"href":"https:\/\/ucenfotec.ac.cr\/ecommerce\/wp-json\/wp\/v2\/types\/product"}],"wp:featuredmedia":[{"embeddable":true,"href":"https:\/\/ucenfotec.ac.cr\/ecommerce\/wp-json\/wp\/v2\/media\/53379"}],"wp:attachment":[{"href":"https:\/\/ucenfotec.ac.cr\/ecommerce\/wp-json\/wp\/v2\/media?parent=356128"}],"wp:term":[{"taxonomy":"product_brand","embeddable":true,"href":"https:\/\/ucenfotec.ac.cr\/ecommerce\/wp-json\/wp\/v2\/product_brand?post=356128"},{"taxonomy":"product_cat","embeddable":true,"href":"https:\/\/ucenfotec.ac.cr\/ecommerce\/wp-json\/wp\/v2\/product_cat?post=356128"},{"taxonomy":"product_tag","embeddable":true,"href":"https:\/\/ucenfotec.ac.cr\/ecommerce\/wp-json\/wp\/v2\/product_tag?post=356128"}],"curies":[{"name":"wp","href":"https:\/\/api.w.org\/{rel}","templated":true}]}}