{"id":356152,"date":"2026-04-28T11:06:52","date_gmt":"2026-04-28T17:06:52","guid":{"rendered":"https:\/\/ucenfotec.ac.cr\/ecommerce\/?post_type=product&#038;p=356152"},"modified":"2026-04-28T11:16:44","modified_gmt":"2026-04-28T17:16:44","slug":"blue-team-ia-deteccion-respuesta-y-soc-inteligente","status":"publish","type":"product","link":"https:\/\/ucenfotec.ac.cr\/ecommerce\/producto\/blue-team-ia-deteccion-respuesta-y-soc-inteligente\/","title":{"rendered":"Blue Team + IA: Detecci\u00f3n, Respuesta y SOC Inteligente"},"content":{"rendered":"<div class=\"fusion-fullwidth fullwidth-box fusion-builder-row-1 fusion-flex-container nonhundred-percent-fullwidth non-hundred-percent-height-scrolling\" style=\"--awb-border-radius-top-left:0px;--awb-border-radius-top-right:0px;--awb-border-radius-bottom-right:0px;--awb-border-radius-bottom-left:0px;--awb-flex-wrap:wrap;\" ><div class=\"fusion-builder-row fusion-row fusion-flex-align-items-flex-start fusion-flex-content-wrap\" style=\"max-width:1216.8px;margin-left: calc(-4% \/ 2 );margin-right: calc(-4% \/ 2 );\"><div class=\"fusion-layout-column fusion_builder_column fusion-builder-column-0 fusion_builder_column_1_1 1_1 fusion-flex-column\" style=\"--awb-bg-size:cover;--awb-width-large:100%;--awb-margin-top-large:0px;--awb-spacing-right-large:1.92%;--awb-margin-bottom-large:0px;--awb-spacing-left-large:1.92%;--awb-width-medium:100%;--awb-spacing-right-medium:1.92%;--awb-spacing-left-medium:1.92%;--awb-width-small:100%;--awb-spacing-right-small:1.92%;--awb-spacing-left-small:1.92%;\"><div class=\"fusion-column-wrapper fusion-flex-justify-content-flex-start fusion-content-layout-column\"><div class=\"fusion-text fusion-text-1\"><p><span data-sheets-root=\"1\">Este curso fortalece las capacidades para operar un SOC moderno utilizando IA para detectar anomal\u00edas, clasificar alertas y optimizar la respuesta a incidentes, integrando an\u00e1lisis de logs y automatizaci\u00f3n para mejorar la defensa organizacional.<\/span><\/p>\n<hr \/>\n<p><strong>Contenidos<\/strong><\/p>\n<p><span data-sheets-root=\"1\">1. Fundamentos del Blue Team, SOC e Inteligencia Artificial.<br \/>\n2. Detecci\u00f3n Inteligente: Clasificaci\u00f3n de Alertas y An\u00e1lisis de Amenazas.<br \/>\n3. An\u00e1lisis de Logs, Detecci\u00f3n de Anomal\u00edas y ML B\u00e1sico.<br \/>\n4. Respuesta a Incidentes, Automatizaci\u00f3n y Reportes SOC con IA.<\/span><\/p>\n<hr \/>\n<\/div><\/div><\/div><\/div><\/div>\n","protected":false},"excerpt":{"rendered":"<p><span data-sheets-root=\"1\">Este curso fortalece las capacidades para operar un SOC moderno utilizando IA para detectar anomal\u00edas, clasificar alertas y optimizar la respuesta a incidentes, integrando an\u00e1lisis de logs y automatizaci\u00f3n para mejorar la defensa organizacional.<\/span><\/p>\n","protected":false},"featured_media":53376,"template":"","meta":{"_relevanssi_hide_post":"","_relevanssi_hide_content":"","_relevanssi_pin_for_all":"","_relevanssi_pin_keywords":"","_relevanssi_unpin_keywords":"","_relevanssi_related_keywords":"","_relevanssi_related_include_ids":"","_relevanssi_related_exclude_ids":"","_relevanssi_related_no_append":"","_relevanssi_related_not_related":"","_relevanssi_related_posts":"","_relevanssi_noindex_reason":""},"product_brand":[],"product_cat":[655],"product_tag":[3034,3030,3032,3028,3031,3033,2685,1565,3036,950,849,3029,2513,1947,3035],"class_list":{"0":"post-356152","1":"product","2":"type-product","3":"status-publish","4":"has-post-thumbnail","6":"product_cat-ciberseguridad","7":"product_tag-analisis-de-comportamiento","8":"product_tag-analisis-de-logs","9":"product_tag-automacion-de-soc","10":"product_tag-blue-team","11":"product_tag-clasificacion-de-alertas","12":"product_tag-correlacion-de-eventos","13":"product_tag-deteccion-de-amenazas","14":"product_tag-ia-generativa","15":"product_tag-incident-response","16":"product_tag-inteligencia-artificial","17":"product_tag-machine-learning","18":"product_tag-respuesta-a-incidente","19":"product_tag-seguridad-defensiva","20":"product_tag-soc","21":"product_tag-threat-detection","23":"first","24":"instock","25":"virtual","26":"sold-individually","27":"taxable","28":"purchasable","29":"product-type-simple"},"yoast_head":"<!-- This site is optimized with the Yoast SEO Premium plugin v27.4 (Yoast SEO v27.4) - https:\/\/yoast.com\/product\/yoast-seo-premium-wordpress\/ -->\n<title>Blue Team + IA: Detecci\u00f3n, Respuesta y SOC Inteligente<\/title>\n<meta name=\"description\" content=\"Formaci\u00f3n pr\u00e1ctica en Blue Team e IA para mejorar la detecci\u00f3n de amenazas, el an\u00e1lisis de logs y la respuesta a incidentes en entornos SOC modernos.\" \/>\n<meta name=\"robots\" content=\"index, follow, max-snippet:-1, max-image-preview:large, max-video-preview:-1\" \/>\n<link rel=\"canonical\" href=\"https:\/\/ucenfotec.ac.cr\/ecommerce\/producto\/blue-team-ia-deteccion-respuesta-y-soc-inteligente\/\" \/>\n<meta property=\"og:locale\" content=\"es_ES\" \/>\n<meta property=\"og:type\" content=\"article\" \/>\n<meta property=\"og:title\" content=\"Blue Team + IA: Detecci\u00f3n, Respuesta y SOC Inteligente\" \/>\n<meta property=\"og:description\" content=\"Formaci\u00f3n pr\u00e1ctica en Blue Team e IA para mejorar la detecci\u00f3n de amenazas, el an\u00e1lisis de logs y la respuesta a incidentes en entornos SOC modernos.\" \/>\n<meta property=\"og:url\" content=\"https:\/\/ucenfotec.ac.cr\/ecommerce\/producto\/blue-team-ia-deteccion-respuesta-y-soc-inteligente\/\" \/>\n<meta property=\"og:site_name\" content=\"Cursos - CENFOTEC\" \/>\n<meta property=\"article:modified_time\" content=\"2026-04-28T17:16:44+00:00\" \/>\n<meta property=\"og:image\" content=\"https:\/\/ucenfotec.ac.cr\/ecommerce\/wp-content\/uploads\/sites\/13\/2022\/05\/Cybersecurity.jpg\" \/>\n\t<meta property=\"og:image:width\" content=\"500\" \/>\n\t<meta property=\"og:image:height\" content=\"650\" \/>\n\t<meta property=\"og:image:type\" content=\"image\/jpeg\" \/>\n<meta name=\"twitter:card\" content=\"summary_large_image\" \/>\n<meta name=\"twitter:description\" content=\"Formaci\u00f3n pr\u00e1ctica en Blue Team e IA para mejorar la detecci\u00f3n de amenazas, el an\u00e1lisis de logs y la respuesta a incidentes en entornos SOC modernos.\" \/>\n<meta name=\"twitter:label1\" content=\"Tiempo de lectura\" \/>\n\t<meta name=\"twitter:data1\" content=\"1 minuto\" \/>\n<script type=\"application\/ld+json\" class=\"yoast-schema-graph\">{\"@context\":\"https:\\\/\\\/schema.org\",\"@graph\":[{\"@type\":\"WebPage\",\"@id\":\"https:\\\/\\\/ucenfotec.ac.cr\\\/ecommerce\\\/producto\\\/blue-team-ia-deteccion-respuesta-y-soc-inteligente\\\/\",\"url\":\"https:\\\/\\\/ucenfotec.ac.cr\\\/ecommerce\\\/producto\\\/blue-team-ia-deteccion-respuesta-y-soc-inteligente\\\/\",\"name\":\"Blue Team + IA: Detecci\u00f3n, Respuesta y SOC Inteligente\",\"isPartOf\":{\"@id\":\"https:\\\/\\\/ucenfotec.ac.cr\\\/ecommerce\\\/#website\"},\"primaryImageOfPage\":{\"@id\":\"https:\\\/\\\/ucenfotec.ac.cr\\\/ecommerce\\\/producto\\\/blue-team-ia-deteccion-respuesta-y-soc-inteligente\\\/#primaryimage\"},\"image\":{\"@id\":\"https:\\\/\\\/ucenfotec.ac.cr\\\/ecommerce\\\/producto\\\/blue-team-ia-deteccion-respuesta-y-soc-inteligente\\\/#primaryimage\"},\"thumbnailUrl\":\"https:\\\/\\\/ucenfotec.ac.cr\\\/ecommerce\\\/wp-content\\\/uploads\\\/sites\\\/13\\\/2022\\\/05\\\/Cybersecurity.jpg\",\"datePublished\":\"2026-04-28T17:06:52+00:00\",\"dateModified\":\"2026-04-28T17:16:44+00:00\",\"description\":\"Formaci\u00f3n pr\u00e1ctica en Blue Team e IA para mejorar la detecci\u00f3n de amenazas, el an\u00e1lisis de logs y la respuesta a incidentes en entornos SOC modernos.\",\"breadcrumb\":{\"@id\":\"https:\\\/\\\/ucenfotec.ac.cr\\\/ecommerce\\\/producto\\\/blue-team-ia-deteccion-respuesta-y-soc-inteligente\\\/#breadcrumb\"},\"inLanguage\":\"es\",\"potentialAction\":[{\"@type\":\"ReadAction\",\"target\":[\"https:\\\/\\\/ucenfotec.ac.cr\\\/ecommerce\\\/producto\\\/blue-team-ia-deteccion-respuesta-y-soc-inteligente\\\/\"]}]},{\"@type\":\"ImageObject\",\"inLanguage\":\"es\",\"@id\":\"https:\\\/\\\/ucenfotec.ac.cr\\\/ecommerce\\\/producto\\\/blue-team-ia-deteccion-respuesta-y-soc-inteligente\\\/#primaryimage\",\"url\":\"https:\\\/\\\/ucenfotec.ac.cr\\\/ecommerce\\\/wp-content\\\/uploads\\\/sites\\\/13\\\/2022\\\/05\\\/Cybersecurity.jpg\",\"contentUrl\":\"https:\\\/\\\/ucenfotec.ac.cr\\\/ecommerce\\\/wp-content\\\/uploads\\\/sites\\\/13\\\/2022\\\/05\\\/Cybersecurity.jpg\",\"width\":500,\"height\":650,\"caption\":\"Ciberseguridad - Universidad CENFOTEC\"},{\"@type\":\"BreadcrumbList\",\"@id\":\"https:\\\/\\\/ucenfotec.ac.cr\\\/ecommerce\\\/producto\\\/blue-team-ia-deteccion-respuesta-y-soc-inteligente\\\/#breadcrumb\",\"itemListElement\":[{\"@type\":\"ListItem\",\"position\":1,\"name\":\"Portada\",\"item\":\"https:\\\/\\\/ucenfotec.ac.cr\\\/ecommerce\\\/\"},{\"@type\":\"ListItem\",\"position\":2,\"name\":\"Todos los Cursos\",\"item\":\"https:\\\/\\\/ucenfotec.ac.cr\\\/ecommerce\\\/todos-los-cursos\\\/\"},{\"@type\":\"ListItem\",\"position\":3,\"name\":\"Blue Team + IA: Detecci\u00f3n, Respuesta y SOC Inteligente\"}]},{\"@type\":\"WebSite\",\"@id\":\"https:\\\/\\\/ucenfotec.ac.cr\\\/ecommerce\\\/#website\",\"url\":\"https:\\\/\\\/ucenfotec.ac.cr\\\/ecommerce\\\/\",\"name\":\"Cursos - CENFOTEC\",\"description\":\"Tienda en l\u00ednea de cursos ofrecidos por CENFOTEC\",\"potentialAction\":[{\"@type\":\"SearchAction\",\"target\":{\"@type\":\"EntryPoint\",\"urlTemplate\":\"https:\\\/\\\/ucenfotec.ac.cr\\\/ecommerce\\\/?s={search_term_string}\"},\"query-input\":{\"@type\":\"PropertyValueSpecification\",\"valueRequired\":true,\"valueName\":\"search_term_string\"}}],\"inLanguage\":\"es\"}]}<\/script>\n<!-- \/ Yoast SEO Premium plugin. -->","yoast_head_json":{"title":"Blue Team + IA: Detecci\u00f3n, Respuesta y SOC Inteligente","description":"Formaci\u00f3n pr\u00e1ctica en Blue Team e IA para mejorar la detecci\u00f3n de amenazas, el an\u00e1lisis de logs y la respuesta a incidentes en entornos SOC modernos.","robots":{"index":"index","follow":"follow","max-snippet":"max-snippet:-1","max-image-preview":"max-image-preview:large","max-video-preview":"max-video-preview:-1"},"canonical":"https:\/\/ucenfotec.ac.cr\/ecommerce\/producto\/blue-team-ia-deteccion-respuesta-y-soc-inteligente\/","og_locale":"es_ES","og_type":"article","og_title":"Blue Team + IA: Detecci\u00f3n, Respuesta y SOC Inteligente","og_description":"Formaci\u00f3n pr\u00e1ctica en Blue Team e IA para mejorar la detecci\u00f3n de amenazas, el an\u00e1lisis de logs y la respuesta a incidentes en entornos SOC modernos.","og_url":"https:\/\/ucenfotec.ac.cr\/ecommerce\/producto\/blue-team-ia-deteccion-respuesta-y-soc-inteligente\/","og_site_name":"Cursos - CENFOTEC","article_modified_time":"2026-04-28T17:16:44+00:00","og_image":[{"width":500,"height":650,"url":"https:\/\/ucenfotec.ac.cr\/ecommerce\/wp-content\/uploads\/sites\/13\/2022\/05\/Cybersecurity.jpg","type":"image\/jpeg"}],"twitter_card":"summary_large_image","twitter_description":"Formaci\u00f3n pr\u00e1ctica en Blue Team e IA para mejorar la detecci\u00f3n de amenazas, el an\u00e1lisis de logs y la respuesta a incidentes en entornos SOC modernos.","twitter_misc":{"Tiempo de lectura":"1 minuto"},"schema":{"@context":"https:\/\/schema.org","@graph":[{"@type":"WebPage","@id":"https:\/\/ucenfotec.ac.cr\/ecommerce\/producto\/blue-team-ia-deteccion-respuesta-y-soc-inteligente\/","url":"https:\/\/ucenfotec.ac.cr\/ecommerce\/producto\/blue-team-ia-deteccion-respuesta-y-soc-inteligente\/","name":"Blue Team + IA: Detecci\u00f3n, Respuesta y SOC Inteligente","isPartOf":{"@id":"https:\/\/ucenfotec.ac.cr\/ecommerce\/#website"},"primaryImageOfPage":{"@id":"https:\/\/ucenfotec.ac.cr\/ecommerce\/producto\/blue-team-ia-deteccion-respuesta-y-soc-inteligente\/#primaryimage"},"image":{"@id":"https:\/\/ucenfotec.ac.cr\/ecommerce\/producto\/blue-team-ia-deteccion-respuesta-y-soc-inteligente\/#primaryimage"},"thumbnailUrl":"https:\/\/ucenfotec.ac.cr\/ecommerce\/wp-content\/uploads\/sites\/13\/2022\/05\/Cybersecurity.jpg","datePublished":"2026-04-28T17:06:52+00:00","dateModified":"2026-04-28T17:16:44+00:00","description":"Formaci\u00f3n pr\u00e1ctica en Blue Team e IA para mejorar la detecci\u00f3n de amenazas, el an\u00e1lisis de logs y la respuesta a incidentes en entornos SOC modernos.","breadcrumb":{"@id":"https:\/\/ucenfotec.ac.cr\/ecommerce\/producto\/blue-team-ia-deteccion-respuesta-y-soc-inteligente\/#breadcrumb"},"inLanguage":"es","potentialAction":[{"@type":"ReadAction","target":["https:\/\/ucenfotec.ac.cr\/ecommerce\/producto\/blue-team-ia-deteccion-respuesta-y-soc-inteligente\/"]}]},{"@type":"ImageObject","inLanguage":"es","@id":"https:\/\/ucenfotec.ac.cr\/ecommerce\/producto\/blue-team-ia-deteccion-respuesta-y-soc-inteligente\/#primaryimage","url":"https:\/\/ucenfotec.ac.cr\/ecommerce\/wp-content\/uploads\/sites\/13\/2022\/05\/Cybersecurity.jpg","contentUrl":"https:\/\/ucenfotec.ac.cr\/ecommerce\/wp-content\/uploads\/sites\/13\/2022\/05\/Cybersecurity.jpg","width":500,"height":650,"caption":"Ciberseguridad - Universidad CENFOTEC"},{"@type":"BreadcrumbList","@id":"https:\/\/ucenfotec.ac.cr\/ecommerce\/producto\/blue-team-ia-deteccion-respuesta-y-soc-inteligente\/#breadcrumb","itemListElement":[{"@type":"ListItem","position":1,"name":"Portada","item":"https:\/\/ucenfotec.ac.cr\/ecommerce\/"},{"@type":"ListItem","position":2,"name":"Todos los Cursos","item":"https:\/\/ucenfotec.ac.cr\/ecommerce\/todos-los-cursos\/"},{"@type":"ListItem","position":3,"name":"Blue Team + IA: Detecci\u00f3n, Respuesta y SOC Inteligente"}]},{"@type":"WebSite","@id":"https:\/\/ucenfotec.ac.cr\/ecommerce\/#website","url":"https:\/\/ucenfotec.ac.cr\/ecommerce\/","name":"Cursos - CENFOTEC","description":"Tienda en l\u00ednea de cursos ofrecidos por CENFOTEC","potentialAction":[{"@type":"SearchAction","target":{"@type":"EntryPoint","urlTemplate":"https:\/\/ucenfotec.ac.cr\/ecommerce\/?s={search_term_string}"},"query-input":{"@type":"PropertyValueSpecification","valueRequired":true,"valueName":"search_term_string"}}],"inLanguage":"es"}]}},"_links":{"self":[{"href":"https:\/\/ucenfotec.ac.cr\/ecommerce\/wp-json\/wp\/v2\/product\/356152","targetHints":{"allow":["GET"]}}],"collection":[{"href":"https:\/\/ucenfotec.ac.cr\/ecommerce\/wp-json\/wp\/v2\/product"}],"about":[{"href":"https:\/\/ucenfotec.ac.cr\/ecommerce\/wp-json\/wp\/v2\/types\/product"}],"wp:featuredmedia":[{"embeddable":true,"href":"https:\/\/ucenfotec.ac.cr\/ecommerce\/wp-json\/wp\/v2\/media\/53376"}],"wp:attachment":[{"href":"https:\/\/ucenfotec.ac.cr\/ecommerce\/wp-json\/wp\/v2\/media?parent=356152"}],"wp:term":[{"taxonomy":"product_brand","embeddable":true,"href":"https:\/\/ucenfotec.ac.cr\/ecommerce\/wp-json\/wp\/v2\/product_brand?post=356152"},{"taxonomy":"product_cat","embeddable":true,"href":"https:\/\/ucenfotec.ac.cr\/ecommerce\/wp-json\/wp\/v2\/product_cat?post=356152"},{"taxonomy":"product_tag","embeddable":true,"href":"https:\/\/ucenfotec.ac.cr\/ecommerce\/wp-json\/wp\/v2\/product_tag?post=356152"}],"curies":[{"name":"wp","href":"https:\/\/api.w.org\/{rel}","templated":true}]}}