{"id":50391,"date":"2022-03-16T09:38:03","date_gmt":"2022-03-16T15:38:03","guid":{"rendered":"https:\/\/cenfo.net\/ecommerce\/?post_type=product&#038;p=50391"},"modified":"2026-01-16T13:00:27","modified_gmt":"2026-01-16T19:00:27","slug":"especialidad-de-administracion-de-servidores-sobre-windows-server","status":"publish","type":"product","link":"https:\/\/ucenfotec.ac.cr\/ecommerce\/producto\/especialidad-de-administracion-de-servidores-sobre-windows-server\/","title":{"rendered":"Administraci\u00f3n de Servidores sobre Windows Server"},"content":{"rendered":"<p><div class=\"fusion-fullwidth fullwidth-box fusion-builder-row-1 fusion-flex-container nonhundred-percent-fullwidth non-hundred-percent-height-scrolling\" style=\"--awb-border-radius-top-left:0px;--awb-border-radius-top-right:0px;--awb-border-radius-bottom-right:0px;--awb-border-radius-bottom-left:0px;--awb-flex-wrap:wrap;\" ><div class=\"fusion-builder-row fusion-row fusion-flex-align-items-flex-start fusion-flex-content-wrap\" style=\"max-width:1216.8px;margin-left: calc(-4% \/ 2 );margin-right: calc(-4% \/ 2 );\"><div class=\"fusion-layout-column fusion_builder_column fusion-builder-column-0 fusion_builder_column_1_1 1_1 fusion-flex-column\" style=\"--awb-bg-size:cover;--awb-width-large:100%;--awb-margin-top-large:0px;--awb-spacing-right-large:1.92%;--awb-margin-bottom-large:0px;--awb-spacing-left-large:1.92%;--awb-width-medium:100%;--awb-spacing-right-medium:1.92%;--awb-spacing-left-medium:1.92%;--awb-width-small:100%;--awb-spacing-right-small:1.92%;--awb-spacing-left-small:1.92%;\"><div class=\"fusion-column-wrapper fusion-flex-justify-content-flex-start fusion-content-layout-column\"><div class=\"fusion-text fusion-text-1\"><\/div><\/div><\/div><\/div><\/div><div class=\"fusion-fullwidth fullwidth-box fusion-builder-row-2 fusion-flex-container nonhundred-percent-fullwidth non-hundred-percent-height-scrolling\" style=\"--awb-border-radius-top-left:0px;--awb-border-radius-top-right:0px;--awb-border-radius-bottom-right:0px;--awb-border-radius-bottom-left:0px;--awb-flex-wrap:wrap;\" ><div class=\"fusion-builder-row fusion-row fusion-flex-align-items-flex-start fusion-flex-content-wrap\" style=\"max-width:1216.8px;margin-left: calc(-4% \/ 2 );margin-right: calc(-4% \/ 2 );\"><div class=\"fusion-layout-column fusion_builder_column fusion-builder-column-1 fusion_builder_column_1_1 1_1 fusion-flex-column\" style=\"--awb-bg-size:cover;--awb-width-large:100%;--awb-margin-top-large:0px;--awb-spacing-right-large:1.92%;--awb-margin-bottom-large:0px;--awb-spacing-left-large:1.92%;--awb-width-medium:100%;--awb-spacing-right-medium:1.92%;--awb-spacing-left-medium:1.92%;--awb-width-small:100%;--awb-spacing-right-small:1.92%;--awb-spacing-left-small:1.92%;\"><div class=\"fusion-column-wrapper fusion-flex-justify-content-flex-start fusion-content-layout-column\"><div class=\"fusion-text fusion-text-2\"><p>La aplicaci\u00f3n Windows Server consiste en un sistema operativo que permite la gesti\u00f3n y la administraci\u00f3n de la infraestructura de tecnolog\u00edas de informaci\u00f3n en una organizaci\u00f3n. Este curso est\u00e1 dise\u00f1ado para proporcionar a los participantes una comprensi\u00f3n profunda y pr\u00e1ctica de la administraci\u00f3n de servidores con Windows Server, abarcando desde la virtualizaci\u00f3n con Hyper-V hasta la implementaci\u00f3n de soluciones de alta disponibilidad y acceso remoto seguro.<\/p>\n<p>Las principales tem\u00e1ticas por abordar son la introducci\u00f3n a las tecnolog\u00edas de virtualizaci\u00f3n y la implementaci\u00f3n de Hyper-V, la administraci\u00f3n de almacenamiento y redes virtuales, la implementaci\u00f3n y manejo de Windows Server, el uso de Windows PowerShell para automatizar tareas administrativas, la gesti\u00f3n de servicios de red como DNS y DHCP, la implementaci\u00f3n y administraci\u00f3n de Active Directory Domain Services, la configuraci\u00f3n de pol\u00edticas de grupo (Group Policy), las restricciones de software, las configuraciones de firewall, la implementaci\u00f3n de soluciones de acceso remoto con Remote Desktop Services (RDS), el manejo de almacenamiento con Distributed File System (DFS) y Storage Spaces, y la gesti\u00f3n de certificados y servicios de clave p\u00fablica con Active Directory Certificate Services.<\/p>\n<p>El curso est\u00e1 dise\u00f1ado por competencias y alineado con el marco global de habilidades y competencias para un mundo digital SFIA 8, proponiendo que los estudiantes logren responder a un nivel de responsabilidad 3 en el \u00e1rea de Software del Sistema (SYSP) de manera que supervisen los sistemas operativos en cuanto a la utilizaci\u00f3n de recursos y los \u00edndices de fallas, para informar y facilitar el ajuste del software del sistema mediante la aplicaci\u00f3n de par\u00e1metros de software del sistema para maximizar el rendimiento y la eficiencia.<\/p>\n<hr \/>\n<p><strong>Contenidos<\/strong><\/p>\n<p><span data-sheets-root=\"1\">1. Implementaci\u00f3n de Virtualizaci\u00f3n de Servidores con Hyper-V.<br \/>\n2. Implementaci\u00f3n y Manejo de Windows Server.<br \/>\n3. Implementaci\u00f3n de DNS.<br \/>\n4. Introducci\u00f3n a Active Directory Domain Services.<br \/>\n5. Manejo de Objetos de Active Directory Domain Services.<br \/>\n6. Soporte de Active Directory Domain Services.<br \/>\n7. Automatizaci\u00f3n de la administraci\u00f3n de Active Directory Domain Services.<br \/>\n8. Implementaci\u00f3n de Infraestructura de Group Policy.<br \/>\n9. Aseguramiento de servidores de Windows utilizando objetos de Group Policy.<br \/>\n10. Implementaci\u00f3n de DFS Local Storage.<br \/>\n11. Manejo de Objetos de Active Directory Certificate Services.<br \/>\n12. Implementar IPv4.<br \/>\n13. Implementaci\u00f3n de DHCP.<br \/>\n14. Implementaci\u00f3n de WSUS.<br \/>\n15. Implementando soluciones de acceso remoto RDS.<br \/>\n16. Implementando de soluciones alta disponibilidad.<br \/>\n17. Implementando de soluciones acceso remoto seguro.<\/span><\/p>\n<div class=\"fusion-aligncenter\"><\/div>\n<hr \/>\n<p><strong>Certificado e Insignia Digital<\/strong><\/p>\n<p>Al finalizar el curso el estudiante obtiene un t\u00edtulo e Insignia digital, socializable en tiempo real basada en tecnolog\u00eda blockchain que permite una vista m\u00e1s completa tras el logro alcanzado por el estudiante al poderla vincular con evidencias del resultado del aprendizaje en su perfil profesional. Es una certificaci\u00f3n segura.<\/p>\n<p><img decoding=\"async\" class=\"lazyload aligncenter size-full wp-image-63543\" src=\"https:\/\/ucenfotec.ac.cr\/ecommerce\/wp-content\/uploads\/sites\/13\/2022\/10\/ACTI-WISER-1.png\" data-orig-src=\"https:\/\/ucenfotec.ac.cr\/ecommerce\/wp-content\/uploads\/sites\/13\/2022\/10\/ACTI-WISER-1.png\" alt=\"Administraci\u00f3n de Servidores sobre Windows Server\" width=\"300\" height=\"300\" srcset=\"data:image\/svg+xml,%3Csvg%20xmlns%3D%27http%3A%2F%2Fwww.w3.org%2F2000%2Fsvg%27%20width%3D%27300%27%20height%3D%27300%27%20viewBox%3D%270%200%20300%20300%27%3E%3Crect%20width%3D%27300%27%20height%3D%27300%27%20fill-opacity%3D%220%22%2F%3E%3C%2Fsvg%3E\" data-srcset=\"https:\/\/ucenfotec.ac.cr\/ecommerce\/wp-content\/uploads\/sites\/13\/2022\/10\/ACTI-WISER-1-66x66.png 66w, https:\/\/ucenfotec.ac.cr\/ecommerce\/wp-content\/uploads\/sites\/13\/2022\/10\/ACTI-WISER-1-100x100.png 100w, https:\/\/ucenfotec.ac.cr\/ecommerce\/wp-content\/uploads\/sites\/13\/2022\/10\/ACTI-WISER-1-150x150.png 150w, https:\/\/ucenfotec.ac.cr\/ecommerce\/wp-content\/uploads\/sites\/13\/2022\/10\/ACTI-WISER-1-200x200.png 200w, https:\/\/ucenfotec.ac.cr\/ecommerce\/wp-content\/uploads\/sites\/13\/2022\/10\/ACTI-WISER-1.png 300w\" data-sizes=\"auto\" data-orig-sizes=\"(max-width: 300px) 100vw, 300px\" \/><\/p>\n<hr \/>\n<\/div><\/div><\/div><\/div><\/div><\/p>\n","protected":false},"excerpt":{"rendered":"<p class=\"ai-optimize-25\"><span data-sheets-root=\"1\">El curso Administraci\u00f3n de Servidores sobre Windows Server est\u00e1 dise\u00f1ado para ense\u00f1ar la administraci\u00f3n avanzada de servidores Windows Server en un entorno empresarial.<\/span><\/p>\n","protected":false},"featured_media":55548,"template":"","meta":{"_relevanssi_hide_post":"on","_relevanssi_hide_content":"on","_relevanssi_pin_for_all":"","_relevanssi_pin_keywords":"","_relevanssi_unpin_keywords":"","_relevanssi_related_keywords":"","_relevanssi_related_include_ids":"","_relevanssi_related_exclude_ids":"","_relevanssi_related_no_append":"","_relevanssi_related_not_related":"","_relevanssi_related_posts":"","_relevanssi_noindex_reason":"WooCommerce Yoast SEO Relevanssi index exclude"},"product_brand":[],"product_cat":[1087,16],"product_tag":[869,876,871,872,873,875,878,874,868,877],"class_list":{"0":"post-50391","1":"product","2":"type-product","3":"status-publish","4":"has-post-thumbnail","6":"product_cat-agotado","7":"product_cat-tecnologias-de-informacion","8":"product_tag-active-directory","9":"product_tag-dhcp","10":"product_tag-dns","11":"product_tag-domain-services","12":"product_tag-hyper-v","13":"product_tag-ipv4","14":"product_tag-rds","15":"product_tag-virtualizacion","16":"product_tag-windows-server","17":"product_tag-wsus","19":"first","20":"outofstock","21":"virtual","22":"sold-individually","23":"taxable","24":"product-type-simple"},"yoast_head":"<!-- This site is optimized with the Yoast SEO Premium plugin v27.4 (Yoast SEO v27.4) - https:\/\/yoast.com\/product\/yoast-seo-premium-wordpress\/ -->\n<title>Administraci\u00f3n de Servidores sobre Windows Server - Cursos - CENFOTEC<\/title>\n<meta name=\"description\" content=\"Conoce las t\u00e9cnicas de administraci\u00f3n y gesti\u00f3n de servidores en Windows Server.\" \/>\n<meta name=\"robots\" content=\"index, follow, max-snippet:-1, max-image-preview:large, max-video-preview:-1\" \/>\n<link rel=\"canonical\" href=\"https:\/\/ucenfotec.ac.cr\/ecommerce\/producto\/especialidad-de-administracion-de-servidores-sobre-windows-server\/\" \/>\n<meta property=\"og:locale\" content=\"es_ES\" \/>\n<meta property=\"og:type\" content=\"article\" \/>\n<meta property=\"og:title\" content=\"Administraci\u00f3n de Servidores sobre Windows Server\" \/>\n<meta property=\"og:description\" content=\"Conoce las t\u00e9cnicas de administraci\u00f3n y gesti\u00f3n de servidores en Windows Server.\" \/>\n<meta property=\"og:url\" content=\"https:\/\/ucenfotec.ac.cr\/ecommerce\/producto\/especialidad-de-administracion-de-servidores-sobre-windows-server\/\" \/>\n<meta property=\"og:site_name\" content=\"Cursos - CENFOTEC\" \/>\n<meta property=\"article:modified_time\" content=\"2026-01-16T19:00:27+00:00\" \/>\n<meta property=\"og:image\" content=\"https:\/\/ucenfotec.ac.cr\/ecommerce\/wp-content\/uploads\/sites\/13\/2022\/06\/ACTI-WISER-1.jpg\" \/>\n\t<meta property=\"og:image:width\" content=\"1920\" \/>\n\t<meta property=\"og:image:height\" content=\"1080\" \/>\n\t<meta property=\"og:image:type\" content=\"image\/jpeg\" \/>\n<meta name=\"twitter:card\" content=\"summary_large_image\" \/>\n<meta name=\"twitter:label1\" content=\"Tiempo de lectura\" \/>\n\t<meta name=\"twitter:data1\" content=\"1 minuto\" \/>\n<script type=\"application\/ld+json\" class=\"yoast-schema-graph\">{\"@context\":\"https:\\\/\\\/schema.org\",\"@graph\":[{\"@type\":\"WebPage\",\"@id\":\"https:\\\/\\\/ucenfotec.ac.cr\\\/ecommerce\\\/producto\\\/especialidad-de-administracion-de-servidores-sobre-windows-server\\\/\",\"url\":\"https:\\\/\\\/ucenfotec.ac.cr\\\/ecommerce\\\/producto\\\/especialidad-de-administracion-de-servidores-sobre-windows-server\\\/\",\"name\":\"Administraci\u00f3n de Servidores sobre Windows Server - Cursos - CENFOTEC\",\"isPartOf\":{\"@id\":\"https:\\\/\\\/ucenfotec.ac.cr\\\/ecommerce\\\/#website\"},\"primaryImageOfPage\":{\"@id\":\"https:\\\/\\\/ucenfotec.ac.cr\\\/ecommerce\\\/producto\\\/especialidad-de-administracion-de-servidores-sobre-windows-server\\\/#primaryimage\"},\"image\":{\"@id\":\"https:\\\/\\\/ucenfotec.ac.cr\\\/ecommerce\\\/producto\\\/especialidad-de-administracion-de-servidores-sobre-windows-server\\\/#primaryimage\"},\"thumbnailUrl\":\"https:\\\/\\\/ucenfotec.ac.cr\\\/ecommerce\\\/wp-content\\\/uploads\\\/sites\\\/13\\\/2022\\\/06\\\/ACTI-WISER-1.jpg\",\"datePublished\":\"2022-03-16T15:38:03+00:00\",\"dateModified\":\"2026-01-16T19:00:27+00:00\",\"description\":\"Conoce las t\u00e9cnicas de administraci\u00f3n y gesti\u00f3n de servidores en Windows Server.\",\"breadcrumb\":{\"@id\":\"https:\\\/\\\/ucenfotec.ac.cr\\\/ecommerce\\\/producto\\\/especialidad-de-administracion-de-servidores-sobre-windows-server\\\/#breadcrumb\"},\"inLanguage\":\"es\",\"potentialAction\":[{\"@type\":\"ReadAction\",\"target\":[\"https:\\\/\\\/ucenfotec.ac.cr\\\/ecommerce\\\/producto\\\/especialidad-de-administracion-de-servidores-sobre-windows-server\\\/\"]}]},{\"@type\":\"ImageObject\",\"inLanguage\":\"es\",\"@id\":\"https:\\\/\\\/ucenfotec.ac.cr\\\/ecommerce\\\/producto\\\/especialidad-de-administracion-de-servidores-sobre-windows-server\\\/#primaryimage\",\"url\":\"https:\\\/\\\/ucenfotec.ac.cr\\\/ecommerce\\\/wp-content\\\/uploads\\\/sites\\\/13\\\/2022\\\/06\\\/ACTI-WISER-1.jpg\",\"contentUrl\":\"https:\\\/\\\/ucenfotec.ac.cr\\\/ecommerce\\\/wp-content\\\/uploads\\\/sites\\\/13\\\/2022\\\/06\\\/ACTI-WISER-1.jpg\",\"width\":1920,\"height\":1080},{\"@type\":\"BreadcrumbList\",\"@id\":\"https:\\\/\\\/ucenfotec.ac.cr\\\/ecommerce\\\/producto\\\/especialidad-de-administracion-de-servidores-sobre-windows-server\\\/#breadcrumb\",\"itemListElement\":[{\"@type\":\"ListItem\",\"position\":1,\"name\":\"Portada\",\"item\":\"https:\\\/\\\/ucenfotec.ac.cr\\\/ecommerce\\\/\"},{\"@type\":\"ListItem\",\"position\":2,\"name\":\"Todos los Cursos\",\"item\":\"https:\\\/\\\/ucenfotec.ac.cr\\\/ecommerce\\\/todos-los-cursos\\\/\"},{\"@type\":\"ListItem\",\"position\":3,\"name\":\"Administraci\u00f3n de Servidores sobre Windows Server\"}]},{\"@type\":\"WebSite\",\"@id\":\"https:\\\/\\\/ucenfotec.ac.cr\\\/ecommerce\\\/#website\",\"url\":\"https:\\\/\\\/ucenfotec.ac.cr\\\/ecommerce\\\/\",\"name\":\"Cursos - CENFOTEC\",\"description\":\"Tienda en l\u00ednea de cursos ofrecidos por CENFOTEC\",\"potentialAction\":[{\"@type\":\"SearchAction\",\"target\":{\"@type\":\"EntryPoint\",\"urlTemplate\":\"https:\\\/\\\/ucenfotec.ac.cr\\\/ecommerce\\\/?s={search_term_string}\"},\"query-input\":{\"@type\":\"PropertyValueSpecification\",\"valueRequired\":true,\"valueName\":\"search_term_string\"}}],\"inLanguage\":\"es\"}]}<\/script>\n<!-- \/ Yoast SEO Premium plugin. -->","yoast_head_json":{"title":"Administraci\u00f3n de Servidores sobre Windows Server - Cursos - CENFOTEC","description":"Conoce las t\u00e9cnicas de administraci\u00f3n y gesti\u00f3n de servidores en Windows Server.","robots":{"index":"index","follow":"follow","max-snippet":"max-snippet:-1","max-image-preview":"max-image-preview:large","max-video-preview":"max-video-preview:-1"},"canonical":"https:\/\/ucenfotec.ac.cr\/ecommerce\/producto\/especialidad-de-administracion-de-servidores-sobre-windows-server\/","og_locale":"es_ES","og_type":"article","og_title":"Administraci\u00f3n de Servidores sobre Windows Server","og_description":"Conoce las t\u00e9cnicas de administraci\u00f3n y gesti\u00f3n de servidores en Windows Server.","og_url":"https:\/\/ucenfotec.ac.cr\/ecommerce\/producto\/especialidad-de-administracion-de-servidores-sobre-windows-server\/","og_site_name":"Cursos - CENFOTEC","article_modified_time":"2026-01-16T19:00:27+00:00","og_image":[{"width":1920,"height":1080,"url":"https:\/\/ucenfotec.ac.cr\/ecommerce\/wp-content\/uploads\/sites\/13\/2022\/06\/ACTI-WISER-1.jpg","type":"image\/jpeg"}],"twitter_card":"summary_large_image","twitter_misc":{"Tiempo de lectura":"1 minuto"},"schema":{"@context":"https:\/\/schema.org","@graph":[{"@type":"WebPage","@id":"https:\/\/ucenfotec.ac.cr\/ecommerce\/producto\/especialidad-de-administracion-de-servidores-sobre-windows-server\/","url":"https:\/\/ucenfotec.ac.cr\/ecommerce\/producto\/especialidad-de-administracion-de-servidores-sobre-windows-server\/","name":"Administraci\u00f3n de Servidores sobre Windows Server - Cursos - CENFOTEC","isPartOf":{"@id":"https:\/\/ucenfotec.ac.cr\/ecommerce\/#website"},"primaryImageOfPage":{"@id":"https:\/\/ucenfotec.ac.cr\/ecommerce\/producto\/especialidad-de-administracion-de-servidores-sobre-windows-server\/#primaryimage"},"image":{"@id":"https:\/\/ucenfotec.ac.cr\/ecommerce\/producto\/especialidad-de-administracion-de-servidores-sobre-windows-server\/#primaryimage"},"thumbnailUrl":"https:\/\/ucenfotec.ac.cr\/ecommerce\/wp-content\/uploads\/sites\/13\/2022\/06\/ACTI-WISER-1.jpg","datePublished":"2022-03-16T15:38:03+00:00","dateModified":"2026-01-16T19:00:27+00:00","description":"Conoce las t\u00e9cnicas de administraci\u00f3n y gesti\u00f3n de servidores en Windows Server.","breadcrumb":{"@id":"https:\/\/ucenfotec.ac.cr\/ecommerce\/producto\/especialidad-de-administracion-de-servidores-sobre-windows-server\/#breadcrumb"},"inLanguage":"es","potentialAction":[{"@type":"ReadAction","target":["https:\/\/ucenfotec.ac.cr\/ecommerce\/producto\/especialidad-de-administracion-de-servidores-sobre-windows-server\/"]}]},{"@type":"ImageObject","inLanguage":"es","@id":"https:\/\/ucenfotec.ac.cr\/ecommerce\/producto\/especialidad-de-administracion-de-servidores-sobre-windows-server\/#primaryimage","url":"https:\/\/ucenfotec.ac.cr\/ecommerce\/wp-content\/uploads\/sites\/13\/2022\/06\/ACTI-WISER-1.jpg","contentUrl":"https:\/\/ucenfotec.ac.cr\/ecommerce\/wp-content\/uploads\/sites\/13\/2022\/06\/ACTI-WISER-1.jpg","width":1920,"height":1080},{"@type":"BreadcrumbList","@id":"https:\/\/ucenfotec.ac.cr\/ecommerce\/producto\/especialidad-de-administracion-de-servidores-sobre-windows-server\/#breadcrumb","itemListElement":[{"@type":"ListItem","position":1,"name":"Portada","item":"https:\/\/ucenfotec.ac.cr\/ecommerce\/"},{"@type":"ListItem","position":2,"name":"Todos los Cursos","item":"https:\/\/ucenfotec.ac.cr\/ecommerce\/todos-los-cursos\/"},{"@type":"ListItem","position":3,"name":"Administraci\u00f3n de Servidores sobre Windows Server"}]},{"@type":"WebSite","@id":"https:\/\/ucenfotec.ac.cr\/ecommerce\/#website","url":"https:\/\/ucenfotec.ac.cr\/ecommerce\/","name":"Cursos - CENFOTEC","description":"Tienda en l\u00ednea de cursos ofrecidos por CENFOTEC","potentialAction":[{"@type":"SearchAction","target":{"@type":"EntryPoint","urlTemplate":"https:\/\/ucenfotec.ac.cr\/ecommerce\/?s={search_term_string}"},"query-input":{"@type":"PropertyValueSpecification","valueRequired":true,"valueName":"search_term_string"}}],"inLanguage":"es"}]}},"_links":{"self":[{"href":"https:\/\/ucenfotec.ac.cr\/ecommerce\/wp-json\/wp\/v2\/product\/50391","targetHints":{"allow":["GET"]}}],"collection":[{"href":"https:\/\/ucenfotec.ac.cr\/ecommerce\/wp-json\/wp\/v2\/product"}],"about":[{"href":"https:\/\/ucenfotec.ac.cr\/ecommerce\/wp-json\/wp\/v2\/types\/product"}],"wp:featuredmedia":[{"embeddable":true,"href":"https:\/\/ucenfotec.ac.cr\/ecommerce\/wp-json\/wp\/v2\/media\/55548"}],"wp:attachment":[{"href":"https:\/\/ucenfotec.ac.cr\/ecommerce\/wp-json\/wp\/v2\/media?parent=50391"}],"wp:term":[{"taxonomy":"product_brand","embeddable":true,"href":"https:\/\/ucenfotec.ac.cr\/ecommerce\/wp-json\/wp\/v2\/product_brand?post=50391"},{"taxonomy":"product_cat","embeddable":true,"href":"https:\/\/ucenfotec.ac.cr\/ecommerce\/wp-json\/wp\/v2\/product_cat?post=50391"},{"taxonomy":"product_tag","embeddable":true,"href":"https:\/\/ucenfotec.ac.cr\/ecommerce\/wp-json\/wp\/v2\/product_tag?post=50391"}],"curies":[{"name":"wp","href":"https:\/\/api.w.org\/{rel}","templated":true}]}}