{"id":50422,"date":"2022-03-19T16:33:51","date_gmt":"2022-03-19T22:33:51","guid":{"rendered":"https:\/\/cenfo.net\/ecommerce\/?post_type=product&#038;p=50422"},"modified":"2026-04-13T13:14:04","modified_gmt":"2026-04-13T19:14:04","slug":"arquitectura-de-big-data-1","status":"publish","type":"product","link":"https:\/\/ucenfotec.ac.cr\/ecommerce\/producto\/arquitectura-de-big-data-1\/","title":{"rendered":"Arquitectura de Big Data 1"},"content":{"rendered":"<div class=\"fusion-fullwidth fullwidth-box fusion-builder-row-1 fusion-flex-container nonhundred-percent-fullwidth non-hundred-percent-height-scrolling\" style=\"--awb-border-radius-top-left:0px;--awb-border-radius-top-right:0px;--awb-border-radius-bottom-right:0px;--awb-border-radius-bottom-left:0px;--awb-flex-wrap:wrap;\" ><div class=\"fusion-builder-row fusion-row fusion-flex-align-items-flex-start fusion-flex-content-wrap\" style=\"max-width:1216.8px;margin-left: calc(-4% \/ 2 );margin-right: calc(-4% \/ 2 );\"><div class=\"fusion-layout-column fusion_builder_column fusion-builder-column-0 fusion_builder_column_1_1 1_1 fusion-flex-column\" style=\"--awb-bg-size:cover;--awb-width-large:100%;--awb-margin-top-large:0px;--awb-spacing-right-large:1.92%;--awb-margin-bottom-large:0px;--awb-spacing-left-large:1.92%;--awb-width-medium:100%;--awb-spacing-right-medium:1.92%;--awb-spacing-left-medium:1.92%;--awb-width-small:100%;--awb-spacing-right-small:1.92%;--awb-spacing-left-small:1.92%;\"><div class=\"fusion-column-wrapper fusion-flex-justify-content-flex-start fusion-content-layout-column\"><div class=\"fusion-text fusion-text-1\"><p><span data-sheets-root=\"1\">El Big Data consiste en el conjunto de tecnolog\u00edas y pr\u00e1cticas de recolecci\u00f3n, almacenamiento, procesamiento y an\u00e1lisis de grandes vol\u00famenes de datos los cuales no pueden ser manejados con herramientas tradicionales.<\/span><\/p>\n<p><span data-sheets-root=\"1\">Las principales tem\u00e1ticas por abordar son los fundamentos de Big Data, conceptos e introducci\u00f3n al ecosistema Hadoop, ETL, ELT y el lenguaje SQL.<\/span><\/p>\n<p><span data-sheets-root=\"1\">El curso est\u00e1 dise\u00f1ado por competencias y alineado con el marco global de habilidades y competencias para un mundo digital SFIA8, por lo que se propone que los estudiantes logren responder a un nivel de responsabilidad 2, de manera que analizan e informan los hallazgos, y soluciona problemas simples mediante algoritmos implementados en los marcos y las herramientas de software est\u00e1ndar.<\/span><\/p>\n<hr \/>\n<p><strong>Contenidos<\/strong><\/p>\n<p><span data-sheets-root=\"1\"> 1. Fundamentos de Big Data.<br \/>\n2. Conceptos e introducci\u00f3n al Ecosistema de Hadoop.<br \/>\n3. Introducci\u00f3n a ETL y ELT, 4. Lenguaje SQL.<\/span><\/p>\n<hr \/>\n<p><strong>Certificado e Insignia Digital<\/strong><\/p>\n<p>Al finalizar el curso el estudiante obtiene un t\u00edtulo e Insignia digital, socializable en tiempo real basada en tecnolog\u00eda blockchain que permite una vista m\u00e1s completa tras el logro alcanzado por el estudiante al poderla vincular con evidencias del resultado del aprendizaje en su perfil profesional. Es una certificaci\u00f3n segura.<\/p>\n<p><img decoding=\"async\" class=\"lazyload aligncenter size-full wp-image-63619\" src=\"https:\/\/ucenfotec.ac.cr\/ecommerce\/wp-content\/uploads\/sites\/13\/2022\/10\/SINF-602.png\" data-orig-src=\"https:\/\/ucenfotec.ac.cr\/ecommerce\/wp-content\/uploads\/sites\/13\/2022\/10\/SINF-602.png\" alt=\"Arquitectura de Big Data 1\" width=\"300\" height=\"300\" srcset=\"data:image\/svg+xml,%3Csvg%20xmlns%3D%27http%3A%2F%2Fwww.w3.org%2F2000%2Fsvg%27%20width%3D%27300%27%20height%3D%27300%27%20viewBox%3D%270%200%20300%20300%27%3E%3Crect%20width%3D%27300%27%20height%3D%27300%27%20fill-opacity%3D%220%22%2F%3E%3C%2Fsvg%3E\" data-srcset=\"https:\/\/ucenfotec.ac.cr\/ecommerce\/wp-content\/uploads\/sites\/13\/2022\/10\/SINF-602-66x66.png 66w, https:\/\/ucenfotec.ac.cr\/ecommerce\/wp-content\/uploads\/sites\/13\/2022\/10\/SINF-602-100x100.png 100w, https:\/\/ucenfotec.ac.cr\/ecommerce\/wp-content\/uploads\/sites\/13\/2022\/10\/SINF-602-150x150.png 150w, https:\/\/ucenfotec.ac.cr\/ecommerce\/wp-content\/uploads\/sites\/13\/2022\/10\/SINF-602-200x200.png 200w, https:\/\/ucenfotec.ac.cr\/ecommerce\/wp-content\/uploads\/sites\/13\/2022\/10\/SINF-602.png 300w\" data-sizes=\"auto\" data-orig-sizes=\"(max-width: 300px) 100vw, 300px\" \/><\/p>\n<\/div><\/div><\/div><\/div><\/div>\n","protected":false},"excerpt":{"rendered":"<p><span data-sheets-root=\"1\">Este curso permitir\u00e1 al estudiante conocer las principales herramientas disponibles en el ecosistema de Big Data, adem\u00e1s, comprender\u00e1 como los sistemas distribuidos, aportan para el an\u00e1lisis de grandes vol\u00famenes de datos.<\/span><\/p>\n","protected":false},"featured_media":63225,"template":"","meta":{"_relevanssi_hide_post":"","_relevanssi_hide_content":"","_relevanssi_pin_for_all":"","_relevanssi_pin_keywords":"","_relevanssi_unpin_keywords":"","_relevanssi_related_keywords":"","_relevanssi_related_include_ids":"","_relevanssi_related_exclude_ids":"","_relevanssi_related_no_append":"","_relevanssi_related_not_related":"","_relevanssi_related_posts":"","_relevanssi_noindex_reason":""},"product_brand":[],"product_cat":[651],"product_tag":[2983,848,942,944,945,954,2938,2937,2986,952,953,2936,1157,943,2984,2985,1316,884],"class_list":{"0":"post-50422","1":"product","2":"type-product","3":"status-publish","4":"has-post-thumbnail","6":"product_cat-sistemas-de-informacion","7":"product_tag-apache","8":"product_tag-big-data","9":"product_tag-big-data-etl-y-elt-hadoop-y-spark-scala","10":"product_tag-data-lake","11":"product_tag-data-lakehouse","12":"product_tag-data-warehouses","13":"product_tag-elt","14":"product_tag-etl","15":"product_tag-flume","16":"product_tag-hadoop","17":"product_tag-hbase","18":"product_tag-hive","19":"product_tag-kafka","20":"product_tag-kafka-data-warehouses","21":"product_tag-mapreduce","22":"product_tag-scala","23":"product_tag-spark","24":"product_tag-sql","26":"first","27":"instock","28":"virtual","29":"sold-individually","30":"taxable","31":"purchasable","32":"product-type-simple"},"yoast_head":"<!-- This site is optimized with the Yoast SEO Premium plugin v27.4 (Yoast SEO v27.4) - https:\/\/yoast.com\/product\/yoast-seo-premium-wordpress\/ -->\n<title>Arquitectura de Big Data 1 - Cursos - CENFOTEC<\/title>\n<meta name=\"description\" content=\"Conoce los conceptos clave en la arquitectura de Big Data para gestionar grandes vol\u00famenes de datos.\" \/>\n<meta name=\"robots\" content=\"index, follow, max-snippet:-1, max-image-preview:large, max-video-preview:-1\" \/>\n<link rel=\"canonical\" href=\"https:\/\/ucenfotec.ac.cr\/ecommerce\/producto\/arquitectura-de-big-data-1\/\" \/>\n<meta property=\"og:locale\" content=\"es_ES\" \/>\n<meta property=\"og:type\" content=\"article\" \/>\n<meta property=\"og:title\" content=\"Arquitectura de Big Data 1\" \/>\n<meta property=\"og:description\" content=\"Conoce los conceptos clave en la arquitectura de Big Data para gestionar grandes vol\u00famenes de datos.\" \/>\n<meta property=\"og:url\" content=\"https:\/\/ucenfotec.ac.cr\/ecommerce\/producto\/arquitectura-de-big-data-1\/\" \/>\n<meta property=\"og:site_name\" content=\"Cursos - CENFOTEC\" \/>\n<meta property=\"article:modified_time\" content=\"2026-04-13T19:14:04+00:00\" \/>\n<meta property=\"og:image\" content=\"https:\/\/ucenfotec.ac.cr\/ecommerce\/wp-content\/uploads\/sites\/13\/2022\/09\/SINF-602.jpg\" \/>\n\t<meta property=\"og:image:width\" content=\"1920\" \/>\n\t<meta property=\"og:image:height\" content=\"1080\" \/>\n\t<meta property=\"og:image:type\" content=\"image\/jpeg\" \/>\n<meta name=\"twitter:card\" content=\"summary_large_image\" \/>\n<meta name=\"twitter:description\" content=\"Conoce los conceptos clave en la arquitectura de Big Data para gestionar grandes vol\u00famenes de datos.\" \/>\n<meta name=\"twitter:label1\" content=\"Tiempo de lectura\" \/>\n\t<meta name=\"twitter:data1\" content=\"1 minuto\" \/>\n<script type=\"application\/ld+json\" class=\"yoast-schema-graph\">{\"@context\":\"https:\\\/\\\/schema.org\",\"@graph\":[{\"@type\":\"WebPage\",\"@id\":\"https:\\\/\\\/ucenfotec.ac.cr\\\/ecommerce\\\/producto\\\/arquitectura-de-big-data-1\\\/\",\"url\":\"https:\\\/\\\/ucenfotec.ac.cr\\\/ecommerce\\\/producto\\\/arquitectura-de-big-data-1\\\/\",\"name\":\"Arquitectura de Big Data 1 - Cursos - CENFOTEC\",\"isPartOf\":{\"@id\":\"https:\\\/\\\/ucenfotec.ac.cr\\\/ecommerce\\\/#website\"},\"primaryImageOfPage\":{\"@id\":\"https:\\\/\\\/ucenfotec.ac.cr\\\/ecommerce\\\/producto\\\/arquitectura-de-big-data-1\\\/#primaryimage\"},\"image\":{\"@id\":\"https:\\\/\\\/ucenfotec.ac.cr\\\/ecommerce\\\/producto\\\/arquitectura-de-big-data-1\\\/#primaryimage\"},\"thumbnailUrl\":\"https:\\\/\\\/ucenfotec.ac.cr\\\/ecommerce\\\/wp-content\\\/uploads\\\/sites\\\/13\\\/2022\\\/09\\\/SINF-602.jpg\",\"datePublished\":\"2022-03-19T22:33:51+00:00\",\"dateModified\":\"2026-04-13T19:14:04+00:00\",\"description\":\"Conoce los conceptos clave en la arquitectura de Big Data para gestionar grandes vol\u00famenes de datos.\",\"breadcrumb\":{\"@id\":\"https:\\\/\\\/ucenfotec.ac.cr\\\/ecommerce\\\/producto\\\/arquitectura-de-big-data-1\\\/#breadcrumb\"},\"inLanguage\":\"es\",\"potentialAction\":[{\"@type\":\"ReadAction\",\"target\":[\"https:\\\/\\\/ucenfotec.ac.cr\\\/ecommerce\\\/producto\\\/arquitectura-de-big-data-1\\\/\"]}]},{\"@type\":\"ImageObject\",\"inLanguage\":\"es\",\"@id\":\"https:\\\/\\\/ucenfotec.ac.cr\\\/ecommerce\\\/producto\\\/arquitectura-de-big-data-1\\\/#primaryimage\",\"url\":\"https:\\\/\\\/ucenfotec.ac.cr\\\/ecommerce\\\/wp-content\\\/uploads\\\/sites\\\/13\\\/2022\\\/09\\\/SINF-602.jpg\",\"contentUrl\":\"https:\\\/\\\/ucenfotec.ac.cr\\\/ecommerce\\\/wp-content\\\/uploads\\\/sites\\\/13\\\/2022\\\/09\\\/SINF-602.jpg\",\"width\":1920,\"height\":1080,\"caption\":\"Arquitectura de Big Data 1\"},{\"@type\":\"BreadcrumbList\",\"@id\":\"https:\\\/\\\/ucenfotec.ac.cr\\\/ecommerce\\\/producto\\\/arquitectura-de-big-data-1\\\/#breadcrumb\",\"itemListElement\":[{\"@type\":\"ListItem\",\"position\":1,\"name\":\"Portada\",\"item\":\"https:\\\/\\\/ucenfotec.ac.cr\\\/ecommerce\\\/\"},{\"@type\":\"ListItem\",\"position\":2,\"name\":\"Todos los Cursos\",\"item\":\"https:\\\/\\\/ucenfotec.ac.cr\\\/ecommerce\\\/todos-los-cursos\\\/\"},{\"@type\":\"ListItem\",\"position\":3,\"name\":\"Arquitectura de Big Data 1\"}]},{\"@type\":\"WebSite\",\"@id\":\"https:\\\/\\\/ucenfotec.ac.cr\\\/ecommerce\\\/#website\",\"url\":\"https:\\\/\\\/ucenfotec.ac.cr\\\/ecommerce\\\/\",\"name\":\"Cursos - CENFOTEC\",\"description\":\"Tienda en l\u00ednea de cursos ofrecidos por CENFOTEC\",\"potentialAction\":[{\"@type\":\"SearchAction\",\"target\":{\"@type\":\"EntryPoint\",\"urlTemplate\":\"https:\\\/\\\/ucenfotec.ac.cr\\\/ecommerce\\\/?s={search_term_string}\"},\"query-input\":{\"@type\":\"PropertyValueSpecification\",\"valueRequired\":true,\"valueName\":\"search_term_string\"}}],\"inLanguage\":\"es\"}]}<\/script>\n<!-- \/ Yoast SEO Premium plugin. -->","yoast_head_json":{"title":"Arquitectura de Big Data 1 - Cursos - CENFOTEC","description":"Conoce los conceptos clave en la arquitectura de Big Data para gestionar grandes vol\u00famenes de datos.","robots":{"index":"index","follow":"follow","max-snippet":"max-snippet:-1","max-image-preview":"max-image-preview:large","max-video-preview":"max-video-preview:-1"},"canonical":"https:\/\/ucenfotec.ac.cr\/ecommerce\/producto\/arquitectura-de-big-data-1\/","og_locale":"es_ES","og_type":"article","og_title":"Arquitectura de Big Data 1","og_description":"Conoce los conceptos clave en la arquitectura de Big Data para gestionar grandes vol\u00famenes de datos.","og_url":"https:\/\/ucenfotec.ac.cr\/ecommerce\/producto\/arquitectura-de-big-data-1\/","og_site_name":"Cursos - CENFOTEC","article_modified_time":"2026-04-13T19:14:04+00:00","og_image":[{"width":1920,"height":1080,"url":"https:\/\/ucenfotec.ac.cr\/ecommerce\/wp-content\/uploads\/sites\/13\/2022\/09\/SINF-602.jpg","type":"image\/jpeg"}],"twitter_card":"summary_large_image","twitter_description":"Conoce los conceptos clave en la arquitectura de Big Data para gestionar grandes vol\u00famenes de datos.","twitter_misc":{"Tiempo de lectura":"1 minuto"},"schema":{"@context":"https:\/\/schema.org","@graph":[{"@type":"WebPage","@id":"https:\/\/ucenfotec.ac.cr\/ecommerce\/producto\/arquitectura-de-big-data-1\/","url":"https:\/\/ucenfotec.ac.cr\/ecommerce\/producto\/arquitectura-de-big-data-1\/","name":"Arquitectura de Big Data 1 - Cursos - CENFOTEC","isPartOf":{"@id":"https:\/\/ucenfotec.ac.cr\/ecommerce\/#website"},"primaryImageOfPage":{"@id":"https:\/\/ucenfotec.ac.cr\/ecommerce\/producto\/arquitectura-de-big-data-1\/#primaryimage"},"image":{"@id":"https:\/\/ucenfotec.ac.cr\/ecommerce\/producto\/arquitectura-de-big-data-1\/#primaryimage"},"thumbnailUrl":"https:\/\/ucenfotec.ac.cr\/ecommerce\/wp-content\/uploads\/sites\/13\/2022\/09\/SINF-602.jpg","datePublished":"2022-03-19T22:33:51+00:00","dateModified":"2026-04-13T19:14:04+00:00","description":"Conoce los conceptos clave en la arquitectura de Big Data para gestionar grandes vol\u00famenes de datos.","breadcrumb":{"@id":"https:\/\/ucenfotec.ac.cr\/ecommerce\/producto\/arquitectura-de-big-data-1\/#breadcrumb"},"inLanguage":"es","potentialAction":[{"@type":"ReadAction","target":["https:\/\/ucenfotec.ac.cr\/ecommerce\/producto\/arquitectura-de-big-data-1\/"]}]},{"@type":"ImageObject","inLanguage":"es","@id":"https:\/\/ucenfotec.ac.cr\/ecommerce\/producto\/arquitectura-de-big-data-1\/#primaryimage","url":"https:\/\/ucenfotec.ac.cr\/ecommerce\/wp-content\/uploads\/sites\/13\/2022\/09\/SINF-602.jpg","contentUrl":"https:\/\/ucenfotec.ac.cr\/ecommerce\/wp-content\/uploads\/sites\/13\/2022\/09\/SINF-602.jpg","width":1920,"height":1080,"caption":"Arquitectura de Big Data 1"},{"@type":"BreadcrumbList","@id":"https:\/\/ucenfotec.ac.cr\/ecommerce\/producto\/arquitectura-de-big-data-1\/#breadcrumb","itemListElement":[{"@type":"ListItem","position":1,"name":"Portada","item":"https:\/\/ucenfotec.ac.cr\/ecommerce\/"},{"@type":"ListItem","position":2,"name":"Todos los Cursos","item":"https:\/\/ucenfotec.ac.cr\/ecommerce\/todos-los-cursos\/"},{"@type":"ListItem","position":3,"name":"Arquitectura de Big Data 1"}]},{"@type":"WebSite","@id":"https:\/\/ucenfotec.ac.cr\/ecommerce\/#website","url":"https:\/\/ucenfotec.ac.cr\/ecommerce\/","name":"Cursos - CENFOTEC","description":"Tienda en l\u00ednea de cursos ofrecidos por CENFOTEC","potentialAction":[{"@type":"SearchAction","target":{"@type":"EntryPoint","urlTemplate":"https:\/\/ucenfotec.ac.cr\/ecommerce\/?s={search_term_string}"},"query-input":{"@type":"PropertyValueSpecification","valueRequired":true,"valueName":"search_term_string"}}],"inLanguage":"es"}]}},"_links":{"self":[{"href":"https:\/\/ucenfotec.ac.cr\/ecommerce\/wp-json\/wp\/v2\/product\/50422","targetHints":{"allow":["GET"]}}],"collection":[{"href":"https:\/\/ucenfotec.ac.cr\/ecommerce\/wp-json\/wp\/v2\/product"}],"about":[{"href":"https:\/\/ucenfotec.ac.cr\/ecommerce\/wp-json\/wp\/v2\/types\/product"}],"wp:featuredmedia":[{"embeddable":true,"href":"https:\/\/ucenfotec.ac.cr\/ecommerce\/wp-json\/wp\/v2\/media\/63225"}],"wp:attachment":[{"href":"https:\/\/ucenfotec.ac.cr\/ecommerce\/wp-json\/wp\/v2\/media?parent=50422"}],"wp:term":[{"taxonomy":"product_brand","embeddable":true,"href":"https:\/\/ucenfotec.ac.cr\/ecommerce\/wp-json\/wp\/v2\/product_brand?post=50422"},{"taxonomy":"product_cat","embeddable":true,"href":"https:\/\/ucenfotec.ac.cr\/ecommerce\/wp-json\/wp\/v2\/product_cat?post=50422"},{"taxonomy":"product_tag","embeddable":true,"href":"https:\/\/ucenfotec.ac.cr\/ecommerce\/wp-json\/wp\/v2\/product_tag?post=50422"}],"curies":[{"name":"wp","href":"https:\/\/api.w.org\/{rel}","templated":true}]}}