{"id":50423,"date":"2022-03-19T16:36:27","date_gmt":"2022-03-19T22:36:27","guid":{"rendered":"https:\/\/cenfo.net\/ecommerce\/?post_type=product&#038;p=50423"},"modified":"2026-03-25T10:42:54","modified_gmt":"2026-03-25T16:42:54","slug":"arquitectura-de-big-data-2","status":"publish","type":"product","link":"https:\/\/ucenfotec.ac.cr\/ecommerce\/producto\/arquitectura-de-big-data-2\/","title":{"rendered":"Arquitectura de Big Data 2"},"content":{"rendered":"<div class=\"fusion-fullwidth fullwidth-box fusion-builder-row-1 fusion-flex-container nonhundred-percent-fullwidth non-hundred-percent-height-scrolling\" style=\"--awb-border-radius-top-left:0px;--awb-border-radius-top-right:0px;--awb-border-radius-bottom-right:0px;--awb-border-radius-bottom-left:0px;--awb-flex-wrap:wrap;\" ><div class=\"fusion-builder-row fusion-row fusion-flex-align-items-flex-start fusion-flex-content-wrap\" style=\"max-width:1216.8px;margin-left: calc(-4% \/ 2 );margin-right: calc(-4% \/ 2 );\"><div class=\"fusion-layout-column fusion_builder_column fusion-builder-column-0 fusion_builder_column_1_1 1_1 fusion-flex-column\" style=\"--awb-bg-size:cover;--awb-width-large:100%;--awb-margin-top-large:0px;--awb-spacing-right-large:1.92%;--awb-margin-bottom-large:0px;--awb-spacing-left-large:1.92%;--awb-width-medium:100%;--awb-spacing-right-medium:1.92%;--awb-spacing-left-medium:1.92%;--awb-width-small:100%;--awb-spacing-right-small:1.92%;--awb-spacing-left-small:1.92%;\"><div class=\"fusion-column-wrapper fusion-flex-justify-content-flex-start fusion-content-layout-column\"><div class=\"fusion-text fusion-text-1\"><p><span data-sheets-root=\"1\">El Big Data consiste en el conjunto de tecnolog\u00edas y pr\u00e1cticas de recolecci\u00f3n, almacenamiento, procesamiento y an\u00e1lisis de grandes vol\u00famenes de datos los cuales no pueden ser manejados con herramientas tradicionales.<\/span><\/p>\n<p><span data-sheets-root=\"1\">Las principales tem\u00e1ticas por abordar son el proceso de instalaci\u00f3n del ecosistema Hadoop en un equipo con Linux, Hive, Spark y otras herramientas del ecosistema, procesos de integraci\u00f3n y transformaci\u00f3n (ETL y ELT) y t\u00e9cnicas de adquisici\u00f3n de datos desde diversas fuentes,<\/span><\/p>\n<p><span data-sheets-root=\"1\">El curso est\u00e1 dise\u00f1ado por competencias y alineado con el marco global de habilidades y competencias para un mundo digital SFIA8, por lo que se propone que los estudiantes logren responder a un nivel de responsabilidad 3, de manera que seleccionan datos de las fuentes de datos existentes y los preparan para que se utilicen en modelos de ciencia de datos.<\/span><\/p>\n<hr \/>\n<p><strong>Contenidos<\/strong><\/p>\n<p><span data-sheets-root=\"1\">1. Instalaci\u00f3n del ecosistema de Hadoop en un equipo con Linux.<br \/>\n2. Instalaci\u00f3n de Hive, Spark y otras herramientas del ecosistema.<br \/>\n3. Procesos de integraci\u00f3n y transformaci\u00f3n de datos (ETL y ELT).<br \/>\n4. T\u00e9cnicas de adquisici\u00f3n de datos desde diversas fuentes.<\/span><\/p>\n<hr \/>\n<p><strong>Certificado e Insignia Digital<\/strong><\/p>\n<p>Al finalizar el curso el estudiante obtiene un t\u00edtulo e Insignia digital, socializable en tiempo real basada en tecnolog\u00eda blockchain que permite una vista m\u00e1s completa tras el logro alcanzado por el estudiante al poderla vincular con evidencias del resultado del aprendizaje en su perfil profesional. Es una certificaci\u00f3n segura.<\/p>\n<p><a href=\"https:\/\/ucenfotec.ac.cr\/ecommerce\/wp-content\/uploads\/sites\/13\/2022\/03\/SINF-603-Arquitectura-de-Big-Data-2.png\"><img decoding=\"async\" class=\"lazyload aligncenter size-full wp-image-314535\" src=\"https:\/\/ucenfotec.ac.cr\/ecommerce\/wp-content\/uploads\/sites\/13\/2022\/03\/SINF-603-Arquitectura-de-Big-Data-2.png\" data-orig-src=\"https:\/\/ucenfotec.ac.cr\/ecommerce\/wp-content\/uploads\/sites\/13\/2022\/03\/SINF-603-Arquitectura-de-Big-Data-2.png\" alt=\"SINF-603-Arquitectura de Big Data 2 - Universidad CENFOTEC\" width=\"300\" height=\"300\" srcset=\"data:image\/svg+xml,%3Csvg%20xmlns%3D%27http%3A%2F%2Fwww.w3.org%2F2000%2Fsvg%27%20width%3D%27300%27%20height%3D%27300%27%20viewBox%3D%270%200%20300%20300%27%3E%3Crect%20width%3D%27300%27%20height%3D%27300%27%20fill-opacity%3D%220%22%2F%3E%3C%2Fsvg%3E\" data-srcset=\"https:\/\/ucenfotec.ac.cr\/ecommerce\/wp-content\/uploads\/sites\/13\/2022\/03\/SINF-603-Arquitectura-de-Big-Data-2-66x66.png 66w, https:\/\/ucenfotec.ac.cr\/ecommerce\/wp-content\/uploads\/sites\/13\/2022\/03\/SINF-603-Arquitectura-de-Big-Data-2-100x100.png 100w, https:\/\/ucenfotec.ac.cr\/ecommerce\/wp-content\/uploads\/sites\/13\/2022\/03\/SINF-603-Arquitectura-de-Big-Data-2-150x150.png 150w, https:\/\/ucenfotec.ac.cr\/ecommerce\/wp-content\/uploads\/sites\/13\/2022\/03\/SINF-603-Arquitectura-de-Big-Data-2-200x200.png 200w, https:\/\/ucenfotec.ac.cr\/ecommerce\/wp-content\/uploads\/sites\/13\/2022\/03\/SINF-603-Arquitectura-de-Big-Data-2.png 300w\" data-sizes=\"auto\" data-orig-sizes=\"(max-width: 300px) 100vw, 300px\" \/><\/a><\/p>\n<hr \/>\n<\/div><\/div><\/div><\/div><\/div>\n","protected":false},"excerpt":{"rendered":"<p><span data-sheets-root=\"1\">Este curso desarrolla competencias para implementar un ecosistema Hadoop, integrar herramientas como Hive y Spark, y aplicar procesos ETL\/ELT y t\u00e9cnicas de adquisici\u00f3n de datos a gran escala.<\/span><\/p>\n","protected":false},"featured_media":53377,"template":"","meta":{"_relevanssi_hide_post":"","_relevanssi_hide_content":"","_relevanssi_pin_for_all":"","_relevanssi_pin_keywords":"","_relevanssi_unpin_keywords":"","_relevanssi_related_keywords":"","_relevanssi_related_include_ids":"","_relevanssi_related_exclude_ids":"","_relevanssi_related_no_append":"","_relevanssi_related_not_related":"","_relevanssi_related_posts":"","_relevanssi_noindex_reason":""},"product_brand":[],"product_cat":[651],"product_tag":[2593,848,944,945,954,2938,2937,2391,952,953,2936,879,1316,1850],"class_list":{"0":"post-50423","1":"product","2":"type-product","3":"status-publish","4":"has-post-thumbnail","6":"product_cat-sistemas-de-informacion","7":"product_tag-almacenamiento-de-datos","8":"product_tag-big-data","9":"product_tag-data-lake","10":"product_tag-data-lakehouse","11":"product_tag-data-warehouses","12":"product_tag-elt","13":"product_tag-etl","14":"product_tag-gestion-de-datos","15":"product_tag-hadoop","16":"product_tag-hbase","17":"product_tag-hive","18":"product_tag-linux","19":"product_tag-spark","20":"product_tag-web-scraping","22":"first","23":"instock","24":"virtual","25":"sold-individually","26":"taxable","27":"purchasable","28":"product-type-simple"},"yoast_head":"<!-- This site is optimized with the Yoast SEO Premium plugin v26.8 (Yoast SEO v26.8) - https:\/\/yoast.com\/product\/yoast-seo-premium-wordpress\/ -->\n<title>Arquitectura de Big Data 2 - Cursos - CENFOTEC<\/title>\n<meta name=\"description\" content=\"Aprenda a instalar Hadoop, usar Hive y Spark, y aplicar procesos ETL\/ELT para integrar y analizar grandes vol\u00famenes de datos.\" \/>\n<meta name=\"robots\" content=\"index, follow, max-snippet:-1, max-image-preview:large, max-video-preview:-1\" \/>\n<link rel=\"canonical\" href=\"https:\/\/ucenfotec.ac.cr\/ecommerce\/producto\/arquitectura-de-big-data-2\/\" \/>\n<meta property=\"og:locale\" content=\"es_ES\" \/>\n<meta property=\"og:type\" content=\"article\" \/>\n<meta property=\"og:title\" content=\"Arquitectura de Big Data 2\" \/>\n<meta property=\"og:description\" content=\"Aprenda a instalar Hadoop, usar Hive y Spark, y aplicar procesos ETL\/ELT para integrar y analizar grandes vol\u00famenes de datos.\" \/>\n<meta property=\"og:url\" content=\"https:\/\/ucenfotec.ac.cr\/ecommerce\/producto\/arquitectura-de-big-data-2\/\" \/>\n<meta property=\"og:site_name\" content=\"Cursos - CENFOTEC\" \/>\n<meta property=\"article:modified_time\" content=\"2026-03-25T16:42:54+00:00\" \/>\n<meta property=\"og:image\" content=\"https:\/\/ucenfotec.ac.cr\/ecommerce\/wp-content\/uploads\/sites\/13\/2022\/05\/Information-Systems.jpg\" \/>\n\t<meta property=\"og:image:width\" content=\"500\" \/>\n\t<meta property=\"og:image:height\" content=\"650\" \/>\n\t<meta property=\"og:image:type\" content=\"image\/jpeg\" \/>\n<meta name=\"twitter:card\" content=\"summary_large_image\" \/>\n<meta name=\"twitter:label1\" content=\"Tiempo de lectura\" \/>\n\t<meta name=\"twitter:data1\" content=\"1 minuto\" \/>\n<script type=\"application\/ld+json\" class=\"yoast-schema-graph\">{\"@context\":\"https:\/\/schema.org\",\"@graph\":[{\"@type\":\"WebPage\",\"@id\":\"https:\/\/ucenfotec.ac.cr\/ecommerce\/producto\/arquitectura-de-big-data-2\/\",\"url\":\"https:\/\/ucenfotec.ac.cr\/ecommerce\/producto\/arquitectura-de-big-data-2\/\",\"name\":\"Arquitectura de Big Data 2 - Cursos - CENFOTEC\",\"isPartOf\":{\"@id\":\"https:\/\/ucenfotec.ac.cr\/ecommerce\/#website\"},\"primaryImageOfPage\":{\"@id\":\"https:\/\/ucenfotec.ac.cr\/ecommerce\/producto\/arquitectura-de-big-data-2\/#primaryimage\"},\"image\":{\"@id\":\"https:\/\/ucenfotec.ac.cr\/ecommerce\/producto\/arquitectura-de-big-data-2\/#primaryimage\"},\"thumbnailUrl\":\"https:\/\/ucenfotec.ac.cr\/ecommerce\/wp-content\/uploads\/sites\/13\/2022\/05\/Information-Systems.jpg\",\"datePublished\":\"2022-03-19T22:36:27+00:00\",\"dateModified\":\"2026-03-25T16:42:54+00:00\",\"description\":\"Aprenda a instalar Hadoop, usar Hive y Spark, y aplicar procesos ETL\/ELT para integrar y analizar grandes vol\u00famenes de datos.\",\"breadcrumb\":{\"@id\":\"https:\/\/ucenfotec.ac.cr\/ecommerce\/producto\/arquitectura-de-big-data-2\/#breadcrumb\"},\"inLanguage\":\"es\",\"potentialAction\":[{\"@type\":\"ReadAction\",\"target\":[\"https:\/\/ucenfotec.ac.cr\/ecommerce\/producto\/arquitectura-de-big-data-2\/\"]}]},{\"@type\":\"ImageObject\",\"inLanguage\":\"es\",\"@id\":\"https:\/\/ucenfotec.ac.cr\/ecommerce\/producto\/arquitectura-de-big-data-2\/#primaryimage\",\"url\":\"https:\/\/ucenfotec.ac.cr\/ecommerce\/wp-content\/uploads\/sites\/13\/2022\/05\/Information-Systems.jpg\",\"contentUrl\":\"https:\/\/ucenfotec.ac.cr\/ecommerce\/wp-content\/uploads\/sites\/13\/2022\/05\/Information-Systems.jpg\",\"width\":500,\"height\":650,\"caption\":\"Sistemas de Informaci\u00f3n\"},{\"@type\":\"BreadcrumbList\",\"@id\":\"https:\/\/ucenfotec.ac.cr\/ecommerce\/producto\/arquitectura-de-big-data-2\/#breadcrumb\",\"itemListElement\":[{\"@type\":\"ListItem\",\"position\":1,\"name\":\"Portada\",\"item\":\"https:\/\/ucenfotec.ac.cr\/ecommerce\/\"},{\"@type\":\"ListItem\",\"position\":2,\"name\":\"Todos los Cursos\",\"item\":\"https:\/\/ucenfotec.ac.cr\/ecommerce\/todos-los-cursos\/\"},{\"@type\":\"ListItem\",\"position\":3,\"name\":\"Arquitectura de Big Data 2\"}]},{\"@type\":\"WebSite\",\"@id\":\"https:\/\/ucenfotec.ac.cr\/ecommerce\/#website\",\"url\":\"https:\/\/ucenfotec.ac.cr\/ecommerce\/\",\"name\":\"Cursos - CENFOTEC\",\"description\":\"Tienda en l\u00ednea de cursos ofrecidos por CENFOTEC\",\"potentialAction\":[{\"@type\":\"SearchAction\",\"target\":{\"@type\":\"EntryPoint\",\"urlTemplate\":\"https:\/\/ucenfotec.ac.cr\/ecommerce\/?s={search_term_string}\"},\"query-input\":{\"@type\":\"PropertyValueSpecification\",\"valueRequired\":true,\"valueName\":\"search_term_string\"}}],\"inLanguage\":\"es\"}]}<\/script>\n<!-- \/ Yoast SEO Premium plugin. -->","yoast_head_json":{"title":"Arquitectura de Big Data 2 - Cursos - CENFOTEC","description":"Aprenda a instalar Hadoop, usar Hive y Spark, y aplicar procesos ETL\/ELT para integrar y analizar grandes vol\u00famenes de datos.","robots":{"index":"index","follow":"follow","max-snippet":"max-snippet:-1","max-image-preview":"max-image-preview:large","max-video-preview":"max-video-preview:-1"},"canonical":"https:\/\/ucenfotec.ac.cr\/ecommerce\/producto\/arquitectura-de-big-data-2\/","og_locale":"es_ES","og_type":"article","og_title":"Arquitectura de Big Data 2","og_description":"Aprenda a instalar Hadoop, usar Hive y Spark, y aplicar procesos ETL\/ELT para integrar y analizar grandes vol\u00famenes de datos.","og_url":"https:\/\/ucenfotec.ac.cr\/ecommerce\/producto\/arquitectura-de-big-data-2\/","og_site_name":"Cursos - CENFOTEC","article_modified_time":"2026-03-25T16:42:54+00:00","og_image":[{"width":500,"height":650,"url":"https:\/\/ucenfotec.ac.cr\/ecommerce\/wp-content\/uploads\/sites\/13\/2022\/05\/Information-Systems.jpg","type":"image\/jpeg"}],"twitter_card":"summary_large_image","twitter_misc":{"Tiempo de lectura":"1 minuto"},"schema":{"@context":"https:\/\/schema.org","@graph":[{"@type":"WebPage","@id":"https:\/\/ucenfotec.ac.cr\/ecommerce\/producto\/arquitectura-de-big-data-2\/","url":"https:\/\/ucenfotec.ac.cr\/ecommerce\/producto\/arquitectura-de-big-data-2\/","name":"Arquitectura de Big Data 2 - Cursos - CENFOTEC","isPartOf":{"@id":"https:\/\/ucenfotec.ac.cr\/ecommerce\/#website"},"primaryImageOfPage":{"@id":"https:\/\/ucenfotec.ac.cr\/ecommerce\/producto\/arquitectura-de-big-data-2\/#primaryimage"},"image":{"@id":"https:\/\/ucenfotec.ac.cr\/ecommerce\/producto\/arquitectura-de-big-data-2\/#primaryimage"},"thumbnailUrl":"https:\/\/ucenfotec.ac.cr\/ecommerce\/wp-content\/uploads\/sites\/13\/2022\/05\/Information-Systems.jpg","datePublished":"2022-03-19T22:36:27+00:00","dateModified":"2026-03-25T16:42:54+00:00","description":"Aprenda a instalar Hadoop, usar Hive y Spark, y aplicar procesos ETL\/ELT para integrar y analizar grandes vol\u00famenes de datos.","breadcrumb":{"@id":"https:\/\/ucenfotec.ac.cr\/ecommerce\/producto\/arquitectura-de-big-data-2\/#breadcrumb"},"inLanguage":"es","potentialAction":[{"@type":"ReadAction","target":["https:\/\/ucenfotec.ac.cr\/ecommerce\/producto\/arquitectura-de-big-data-2\/"]}]},{"@type":"ImageObject","inLanguage":"es","@id":"https:\/\/ucenfotec.ac.cr\/ecommerce\/producto\/arquitectura-de-big-data-2\/#primaryimage","url":"https:\/\/ucenfotec.ac.cr\/ecommerce\/wp-content\/uploads\/sites\/13\/2022\/05\/Information-Systems.jpg","contentUrl":"https:\/\/ucenfotec.ac.cr\/ecommerce\/wp-content\/uploads\/sites\/13\/2022\/05\/Information-Systems.jpg","width":500,"height":650,"caption":"Sistemas de Informaci\u00f3n"},{"@type":"BreadcrumbList","@id":"https:\/\/ucenfotec.ac.cr\/ecommerce\/producto\/arquitectura-de-big-data-2\/#breadcrumb","itemListElement":[{"@type":"ListItem","position":1,"name":"Portada","item":"https:\/\/ucenfotec.ac.cr\/ecommerce\/"},{"@type":"ListItem","position":2,"name":"Todos los Cursos","item":"https:\/\/ucenfotec.ac.cr\/ecommerce\/todos-los-cursos\/"},{"@type":"ListItem","position":3,"name":"Arquitectura de Big Data 2"}]},{"@type":"WebSite","@id":"https:\/\/ucenfotec.ac.cr\/ecommerce\/#website","url":"https:\/\/ucenfotec.ac.cr\/ecommerce\/","name":"Cursos - CENFOTEC","description":"Tienda en l\u00ednea de cursos ofrecidos por CENFOTEC","potentialAction":[{"@type":"SearchAction","target":{"@type":"EntryPoint","urlTemplate":"https:\/\/ucenfotec.ac.cr\/ecommerce\/?s={search_term_string}"},"query-input":{"@type":"PropertyValueSpecification","valueRequired":true,"valueName":"search_term_string"}}],"inLanguage":"es"}]}},"_links":{"self":[{"href":"https:\/\/ucenfotec.ac.cr\/ecommerce\/wp-json\/wp\/v2\/product\/50423","targetHints":{"allow":["GET"]}}],"collection":[{"href":"https:\/\/ucenfotec.ac.cr\/ecommerce\/wp-json\/wp\/v2\/product"}],"about":[{"href":"https:\/\/ucenfotec.ac.cr\/ecommerce\/wp-json\/wp\/v2\/types\/product"}],"wp:featuredmedia":[{"embeddable":true,"href":"https:\/\/ucenfotec.ac.cr\/ecommerce\/wp-json\/wp\/v2\/media\/53377"}],"wp:attachment":[{"href":"https:\/\/ucenfotec.ac.cr\/ecommerce\/wp-json\/wp\/v2\/media?parent=50423"}],"wp:term":[{"taxonomy":"product_brand","embeddable":true,"href":"https:\/\/ucenfotec.ac.cr\/ecommerce\/wp-json\/wp\/v2\/product_brand?post=50423"},{"taxonomy":"product_cat","embeddable":true,"href":"https:\/\/ucenfotec.ac.cr\/ecommerce\/wp-json\/wp\/v2\/product_cat?post=50423"},{"taxonomy":"product_tag","embeddable":true,"href":"https:\/\/ucenfotec.ac.cr\/ecommerce\/wp-json\/wp\/v2\/product_tag?post=50423"}],"curies":[{"name":"wp","href":"https:\/\/api.w.org\/{rel}","templated":true}]}}