{"id":50434,"date":"2022-03-19T17:18:17","date_gmt":"2022-03-19T23:18:17","guid":{"rendered":"https:\/\/cenfo.net\/ecommerce\/?post_type=product&#038;p=50434"},"modified":"2026-04-14T13:13:25","modified_gmt":"2026-04-14T19:13:25","slug":"analisis-de-datos-con-power-bi-2","status":"publish","type":"product","link":"https:\/\/ucenfotec.ac.cr\/ecommerce\/producto\/analisis-de-datos-con-power-bi-2\/","title":{"rendered":"An\u00e1lisis de datos con Power BI 2"},"content":{"rendered":"<div class=\"fusion-fullwidth fullwidth-box fusion-builder-row-1 fusion-flex-container nonhundred-percent-fullwidth non-hundred-percent-height-scrolling\" style=\"--awb-border-radius-top-left:0px;--awb-border-radius-top-right:0px;--awb-border-radius-bottom-right:0px;--awb-border-radius-bottom-left:0px;--awb-flex-wrap:wrap;\" ><div class=\"fusion-builder-row fusion-row fusion-flex-align-items-flex-start fusion-flex-content-wrap\" style=\"max-width:1216.8px;margin-left: calc(-4% \/ 2 );margin-right: calc(-4% \/ 2 );\"><div class=\"fusion-layout-column fusion_builder_column fusion-builder-column-0 fusion_builder_column_1_1 1_1 fusion-flex-column\" style=\"--awb-bg-size:cover;--awb-width-large:100%;--awb-margin-top-large:0px;--awb-spacing-right-large:1.92%;--awb-margin-bottom-large:0px;--awb-spacing-left-large:1.92%;--awb-width-medium:100%;--awb-spacing-right-medium:1.92%;--awb-spacing-left-medium:1.92%;--awb-width-small:100%;--awb-spacing-right-small:1.92%;--awb-spacing-left-small:1.92%;\"><div class=\"fusion-column-wrapper fusion-flex-justify-content-flex-start fusion-content-layout-column\"><div class=\"fusion-text fusion-text-1\"><p><span data-sheets-root=\"1\">La anal\u00edtica de datos se refiere al proceso de recopilar, limpiar, transformar y visualizar datos utilizando la herramienta Power BI, con el objetivo de obtener informaci\u00f3n significativa que pueda respaldar la toma de decisiones en una organizaci\u00f3n. Power BI es una suite de herramientas de inteligencia empresarial desarrollada por Microsoft, dise\u00f1ada para facilitar la visualizaci\u00f3n y el an\u00e1lisis de datos de manera intuitiva.<\/span><\/p>\n<p><span data-sheets-root=\"1\">Las principales tem\u00e1ticas por abordar son la importaci\u00f3n de datos desde or\u00edgenes avanzados, modelado de datos, funciones de inteligencia de tiempo, categorizaci\u00f3n de datos y opciones avanzadas para el desarrollo de reportes.<\/span><\/p>\n<p><span data-sheets-root=\"1\">El curso est\u00e1 dise\u00f1ado por competencias y alineado con el marco global de habilidades y competencias para un mundo digital SFIA, por lo que se propone que los estudiantes logren responder a un nivel de responsabilidad 3, por lo que podr\u00e1 aplicar diferentes herramientas de importaci\u00f3n, transformaci\u00f3n y an\u00e1lisis de datos para la generaci\u00f3n de reportes que ayuden en la toma de decisiones en una organizaci\u00f3n.<\/span><\/p>\n<hr \/>\n<p><strong>Contenidos<\/strong><\/p>\n<p><span data-sheets-root=\"1\">1. Importar datos desde or\u00edgenes avanzados.<br \/>\n<\/span><span data-sheets-root=\"1\">2. Modelado de datos.<br \/>\n<\/span><span data-sheets-root=\"1\">3. Funciones de inteligencia de tiempo.<br \/>\n<\/span><span data-sheets-root=\"1\">4. Opciones avanzadas.<\/span><\/p>\n<hr \/>\n<p><strong>Certificado e Insignia Digital<\/strong><\/p>\n<p>Al finalizar el curso el estudiante obtiene un t\u00edtulo e Insignia digital, socializable en tiempo real basada en tecnolog\u00eda blockchain que permite una vista m\u00e1s completa tras el logro alcanzado por el estudiante al poderla vincular con evidencias del resultado del aprendizaje en su perfil profesional. Es una certificaci\u00f3n segura.<\/p>\n<p><a href=\"https:\/\/ucenfotec.ac.cr\/ecommerce\/wp-content\/uploads\/sites\/13\/2022\/03\/SINF-611-Analisis-de-Datos-con-Power-BI-2.png\"><img decoding=\"async\" class=\"lazyload aligncenter size-full wp-image-169019\" src=\"https:\/\/ucenfotec.ac.cr\/ecommerce\/wp-content\/uploads\/sites\/13\/2022\/03\/SINF-611-Analisis-de-Datos-con-Power-BI-2.png\" data-orig-src=\"https:\/\/ucenfotec.ac.cr\/ecommerce\/wp-content\/uploads\/sites\/13\/2022\/03\/SINF-611-Analisis-de-Datos-con-Power-BI-2.png\" alt=\"SINF-611 Analisis de Datos con Power BI Universidad CENFOTEC\" width=\"300\" height=\"300\" srcset=\"data:image\/svg+xml,%3Csvg%20xmlns%3D%27http%3A%2F%2Fwww.w3.org%2F2000%2Fsvg%27%20width%3D%27300%27%20height%3D%27300%27%20viewBox%3D%270%200%20300%20300%27%3E%3Crect%20width%3D%27300%27%20height%3D%27300%27%20fill-opacity%3D%220%22%2F%3E%3C%2Fsvg%3E\" data-srcset=\"https:\/\/ucenfotec.ac.cr\/ecommerce\/wp-content\/uploads\/sites\/13\/2022\/03\/SINF-611-Analisis-de-Datos-con-Power-BI-2-66x66.png 66w, https:\/\/ucenfotec.ac.cr\/ecommerce\/wp-content\/uploads\/sites\/13\/2022\/03\/SINF-611-Analisis-de-Datos-con-Power-BI-2-100x100.png 100w, https:\/\/ucenfotec.ac.cr\/ecommerce\/wp-content\/uploads\/sites\/13\/2022\/03\/SINF-611-Analisis-de-Datos-con-Power-BI-2-150x150.png 150w, https:\/\/ucenfotec.ac.cr\/ecommerce\/wp-content\/uploads\/sites\/13\/2022\/03\/SINF-611-Analisis-de-Datos-con-Power-BI-2-200x200.png 200w, https:\/\/ucenfotec.ac.cr\/ecommerce\/wp-content\/uploads\/sites\/13\/2022\/03\/SINF-611-Analisis-de-Datos-con-Power-BI-2.png 300w\" data-sizes=\"auto\" data-orig-sizes=\"(max-width: 300px) 100vw, 300px\" \/><\/a><\/p>\n<hr \/>\n<\/div><\/div><\/div><\/div><\/div>\n","protected":false},"excerpt":{"rendered":"<p class=\"ai-optimize-33\"><span data-sheets-root=\"1\">Este curso prepara al estudiante en el proceso de recopilar, limpiar, transformar y visualizar datos utilizando la herramienta Power BI, para obtener informaci\u00f3n significativa que pueda respaldar la toma de decisiones en una organizaci\u00f3n. <\/span><\/p>\n","protected":false},"featured_media":64985,"template":"","meta":{"_relevanssi_hide_post":"","_relevanssi_hide_content":"","_relevanssi_pin_for_all":"","_relevanssi_pin_keywords":"","_relevanssi_unpin_keywords":"","_relevanssi_related_keywords":"","_relevanssi_related_include_ids":"","_relevanssi_related_exclude_ids":"","_relevanssi_related_no_append":"","_relevanssi_related_not_related":"","_relevanssi_related_posts":"","_relevanssi_noindex_reason":""},"product_brand":[],"product_cat":[651],"product_tag":[2438,2439,2437,2091,2436,2435,969,967,964],"class_list":{"0":"post-50434","1":"product","2":"type-product","3":"status-publish","4":"has-post-thumbnail","6":"product_cat-sistemas-de-informacion","7":"product_tag-categorizacion-de-datos","8":"product_tag-desarrollo-de-reportes","9":"product_tag-funciones-de-inteligencia-de-tiempo","10":"product_tag-importacion-de-datos","11":"product_tag-modelado-de-datos","12":"product_tag-origenes-avanzados","13":"product_tag-power-bi","14":"product_tag-r","15":"product_tag-visualizacion-de-datos","17":"first","18":"instock","19":"sold-individually","20":"taxable","21":"shipping-taxable","22":"purchasable","23":"product-type-variable"},"yoast_head":"<!-- This site is optimized with the Yoast SEO Premium plugin v27.4 (Yoast SEO v27.4) - https:\/\/yoast.com\/product\/yoast-seo-premium-wordpress\/ -->\n<title>An\u00e1lisis de datos con Power BI 2 - Cursos - CENFOTEC<\/title>\n<meta name=\"description\" content=\"Domina t\u00e9cnicas avanzadas de an\u00e1lisis de datos con Power BI para crear visualizaciones y reportes m\u00e1s sofisticados.\" \/>\n<meta name=\"robots\" content=\"index, follow, max-snippet:-1, max-image-preview:large, max-video-preview:-1\" \/>\n<link rel=\"canonical\" href=\"https:\/\/ucenfotec.ac.cr\/ecommerce\/producto\/analisis-de-datos-con-power-bi-2\/\" \/>\n<meta property=\"og:locale\" content=\"es_ES\" \/>\n<meta property=\"og:type\" content=\"article\" \/>\n<meta property=\"og:title\" content=\"An\u00e1lisis de datos con Power BI 2\" \/>\n<meta property=\"og:description\" content=\"Domina t\u00e9cnicas avanzadas de an\u00e1lisis de datos con Power BI para crear visualizaciones y reportes m\u00e1s sofisticados.\" \/>\n<meta property=\"og:url\" content=\"https:\/\/ucenfotec.ac.cr\/ecommerce\/producto\/analisis-de-datos-con-power-bi-2\/\" \/>\n<meta property=\"og:site_name\" content=\"Cursos - CENFOTEC\" \/>\n<meta property=\"article:modified_time\" content=\"2026-04-14T19:13:25+00:00\" \/>\n<meta property=\"og:image\" content=\"https:\/\/ucenfotec.ac.cr\/ecommerce\/wp-content\/uploads\/sites\/13\/2022\/10\/SINF-611.jpg\" \/>\n\t<meta property=\"og:image:width\" content=\"1920\" \/>\n\t<meta property=\"og:image:height\" content=\"1080\" \/>\n\t<meta property=\"og:image:type\" content=\"image\/jpeg\" \/>\n<meta name=\"twitter:card\" content=\"summary_large_image\" \/>\n<meta name=\"twitter:label1\" content=\"Tiempo de lectura\" \/>\n\t<meta name=\"twitter:data1\" content=\"1 minuto\" \/>\n<script type=\"application\/ld+json\" class=\"yoast-schema-graph\">{\"@context\":\"https:\\\/\\\/schema.org\",\"@graph\":[{\"@type\":\"WebPage\",\"@id\":\"https:\\\/\\\/ucenfotec.ac.cr\\\/ecommerce\\\/producto\\\/analisis-de-datos-con-power-bi-2\\\/\",\"url\":\"https:\\\/\\\/ucenfotec.ac.cr\\\/ecommerce\\\/producto\\\/analisis-de-datos-con-power-bi-2\\\/\",\"name\":\"An\u00e1lisis de datos con Power BI 2 - Cursos - CENFOTEC\",\"isPartOf\":{\"@id\":\"https:\\\/\\\/ucenfotec.ac.cr\\\/ecommerce\\\/#website\"},\"primaryImageOfPage\":{\"@id\":\"https:\\\/\\\/ucenfotec.ac.cr\\\/ecommerce\\\/producto\\\/analisis-de-datos-con-power-bi-2\\\/#primaryimage\"},\"image\":{\"@id\":\"https:\\\/\\\/ucenfotec.ac.cr\\\/ecommerce\\\/producto\\\/analisis-de-datos-con-power-bi-2\\\/#primaryimage\"},\"thumbnailUrl\":\"https:\\\/\\\/ucenfotec.ac.cr\\\/ecommerce\\\/wp-content\\\/uploads\\\/sites\\\/13\\\/2022\\\/10\\\/SINF-611.jpg\",\"datePublished\":\"2022-03-19T23:18:17+00:00\",\"dateModified\":\"2026-04-14T19:13:25+00:00\",\"description\":\"Domina t\u00e9cnicas avanzadas de an\u00e1lisis de datos con Power BI para crear visualizaciones y reportes m\u00e1s sofisticados.\",\"breadcrumb\":{\"@id\":\"https:\\\/\\\/ucenfotec.ac.cr\\\/ecommerce\\\/producto\\\/analisis-de-datos-con-power-bi-2\\\/#breadcrumb\"},\"inLanguage\":\"es\",\"potentialAction\":[{\"@type\":\"ReadAction\",\"target\":[\"https:\\\/\\\/ucenfotec.ac.cr\\\/ecommerce\\\/producto\\\/analisis-de-datos-con-power-bi-2\\\/\"]}]},{\"@type\":\"ImageObject\",\"inLanguage\":\"es\",\"@id\":\"https:\\\/\\\/ucenfotec.ac.cr\\\/ecommerce\\\/producto\\\/analisis-de-datos-con-power-bi-2\\\/#primaryimage\",\"url\":\"https:\\\/\\\/ucenfotec.ac.cr\\\/ecommerce\\\/wp-content\\\/uploads\\\/sites\\\/13\\\/2022\\\/10\\\/SINF-611.jpg\",\"contentUrl\":\"https:\\\/\\\/ucenfotec.ac.cr\\\/ecommerce\\\/wp-content\\\/uploads\\\/sites\\\/13\\\/2022\\\/10\\\/SINF-611.jpg\",\"width\":1920,\"height\":1080,\"caption\":\"An\u00e1lisis de datos con Power BI 2\"},{\"@type\":\"BreadcrumbList\",\"@id\":\"https:\\\/\\\/ucenfotec.ac.cr\\\/ecommerce\\\/producto\\\/analisis-de-datos-con-power-bi-2\\\/#breadcrumb\",\"itemListElement\":[{\"@type\":\"ListItem\",\"position\":1,\"name\":\"Portada\",\"item\":\"https:\\\/\\\/ucenfotec.ac.cr\\\/ecommerce\\\/\"},{\"@type\":\"ListItem\",\"position\":2,\"name\":\"Todos los Cursos\",\"item\":\"https:\\\/\\\/ucenfotec.ac.cr\\\/ecommerce\\\/todos-los-cursos\\\/\"},{\"@type\":\"ListItem\",\"position\":3,\"name\":\"An\u00e1lisis de datos con Power BI 2\"}]},{\"@type\":\"WebSite\",\"@id\":\"https:\\\/\\\/ucenfotec.ac.cr\\\/ecommerce\\\/#website\",\"url\":\"https:\\\/\\\/ucenfotec.ac.cr\\\/ecommerce\\\/\",\"name\":\"Cursos - CENFOTEC\",\"description\":\"Tienda en l\u00ednea de cursos ofrecidos por CENFOTEC\",\"potentialAction\":[{\"@type\":\"SearchAction\",\"target\":{\"@type\":\"EntryPoint\",\"urlTemplate\":\"https:\\\/\\\/ucenfotec.ac.cr\\\/ecommerce\\\/?s={search_term_string}\"},\"query-input\":{\"@type\":\"PropertyValueSpecification\",\"valueRequired\":true,\"valueName\":\"search_term_string\"}}],\"inLanguage\":\"es\"}]}<\/script>\n<!-- \/ Yoast SEO Premium plugin. -->","yoast_head_json":{"title":"An\u00e1lisis de datos con Power BI 2 - Cursos - CENFOTEC","description":"Domina t\u00e9cnicas avanzadas de an\u00e1lisis de datos con Power BI para crear visualizaciones y reportes m\u00e1s sofisticados.","robots":{"index":"index","follow":"follow","max-snippet":"max-snippet:-1","max-image-preview":"max-image-preview:large","max-video-preview":"max-video-preview:-1"},"canonical":"https:\/\/ucenfotec.ac.cr\/ecommerce\/producto\/analisis-de-datos-con-power-bi-2\/","og_locale":"es_ES","og_type":"article","og_title":"An\u00e1lisis de datos con Power BI 2","og_description":"Domina t\u00e9cnicas avanzadas de an\u00e1lisis de datos con Power BI para crear visualizaciones y reportes m\u00e1s sofisticados.","og_url":"https:\/\/ucenfotec.ac.cr\/ecommerce\/producto\/analisis-de-datos-con-power-bi-2\/","og_site_name":"Cursos - CENFOTEC","article_modified_time":"2026-04-14T19:13:25+00:00","og_image":[{"width":1920,"height":1080,"url":"https:\/\/ucenfotec.ac.cr\/ecommerce\/wp-content\/uploads\/sites\/13\/2022\/10\/SINF-611.jpg","type":"image\/jpeg"}],"twitter_card":"summary_large_image","twitter_misc":{"Tiempo de lectura":"1 minuto"},"schema":{"@context":"https:\/\/schema.org","@graph":[{"@type":"WebPage","@id":"https:\/\/ucenfotec.ac.cr\/ecommerce\/producto\/analisis-de-datos-con-power-bi-2\/","url":"https:\/\/ucenfotec.ac.cr\/ecommerce\/producto\/analisis-de-datos-con-power-bi-2\/","name":"An\u00e1lisis de datos con Power BI 2 - Cursos - CENFOTEC","isPartOf":{"@id":"https:\/\/ucenfotec.ac.cr\/ecommerce\/#website"},"primaryImageOfPage":{"@id":"https:\/\/ucenfotec.ac.cr\/ecommerce\/producto\/analisis-de-datos-con-power-bi-2\/#primaryimage"},"image":{"@id":"https:\/\/ucenfotec.ac.cr\/ecommerce\/producto\/analisis-de-datos-con-power-bi-2\/#primaryimage"},"thumbnailUrl":"https:\/\/ucenfotec.ac.cr\/ecommerce\/wp-content\/uploads\/sites\/13\/2022\/10\/SINF-611.jpg","datePublished":"2022-03-19T23:18:17+00:00","dateModified":"2026-04-14T19:13:25+00:00","description":"Domina t\u00e9cnicas avanzadas de an\u00e1lisis de datos con Power BI para crear visualizaciones y reportes m\u00e1s sofisticados.","breadcrumb":{"@id":"https:\/\/ucenfotec.ac.cr\/ecommerce\/producto\/analisis-de-datos-con-power-bi-2\/#breadcrumb"},"inLanguage":"es","potentialAction":[{"@type":"ReadAction","target":["https:\/\/ucenfotec.ac.cr\/ecommerce\/producto\/analisis-de-datos-con-power-bi-2\/"]}]},{"@type":"ImageObject","inLanguage":"es","@id":"https:\/\/ucenfotec.ac.cr\/ecommerce\/producto\/analisis-de-datos-con-power-bi-2\/#primaryimage","url":"https:\/\/ucenfotec.ac.cr\/ecommerce\/wp-content\/uploads\/sites\/13\/2022\/10\/SINF-611.jpg","contentUrl":"https:\/\/ucenfotec.ac.cr\/ecommerce\/wp-content\/uploads\/sites\/13\/2022\/10\/SINF-611.jpg","width":1920,"height":1080,"caption":"An\u00e1lisis de datos con Power BI 2"},{"@type":"BreadcrumbList","@id":"https:\/\/ucenfotec.ac.cr\/ecommerce\/producto\/analisis-de-datos-con-power-bi-2\/#breadcrumb","itemListElement":[{"@type":"ListItem","position":1,"name":"Portada","item":"https:\/\/ucenfotec.ac.cr\/ecommerce\/"},{"@type":"ListItem","position":2,"name":"Todos los Cursos","item":"https:\/\/ucenfotec.ac.cr\/ecommerce\/todos-los-cursos\/"},{"@type":"ListItem","position":3,"name":"An\u00e1lisis de datos con Power BI 2"}]},{"@type":"WebSite","@id":"https:\/\/ucenfotec.ac.cr\/ecommerce\/#website","url":"https:\/\/ucenfotec.ac.cr\/ecommerce\/","name":"Cursos - CENFOTEC","description":"Tienda en l\u00ednea de cursos ofrecidos por CENFOTEC","potentialAction":[{"@type":"SearchAction","target":{"@type":"EntryPoint","urlTemplate":"https:\/\/ucenfotec.ac.cr\/ecommerce\/?s={search_term_string}"},"query-input":{"@type":"PropertyValueSpecification","valueRequired":true,"valueName":"search_term_string"}}],"inLanguage":"es"}]}},"_links":{"self":[{"href":"https:\/\/ucenfotec.ac.cr\/ecommerce\/wp-json\/wp\/v2\/product\/50434","targetHints":{"allow":["GET"]}}],"collection":[{"href":"https:\/\/ucenfotec.ac.cr\/ecommerce\/wp-json\/wp\/v2\/product"}],"about":[{"href":"https:\/\/ucenfotec.ac.cr\/ecommerce\/wp-json\/wp\/v2\/types\/product"}],"wp:featuredmedia":[{"embeddable":true,"href":"https:\/\/ucenfotec.ac.cr\/ecommerce\/wp-json\/wp\/v2\/media\/64985"}],"wp:attachment":[{"href":"https:\/\/ucenfotec.ac.cr\/ecommerce\/wp-json\/wp\/v2\/media?parent=50434"}],"wp:term":[{"taxonomy":"product_brand","embeddable":true,"href":"https:\/\/ucenfotec.ac.cr\/ecommerce\/wp-json\/wp\/v2\/product_brand?post=50434"},{"taxonomy":"product_cat","embeddable":true,"href":"https:\/\/ucenfotec.ac.cr\/ecommerce\/wp-json\/wp\/v2\/product_cat?post=50434"},{"taxonomy":"product_tag","embeddable":true,"href":"https:\/\/ucenfotec.ac.cr\/ecommerce\/wp-json\/wp\/v2\/product_tag?post=50434"}],"curies":[{"name":"wp","href":"https:\/\/api.w.org\/{rel}","templated":true}]}}