{"id":51132,"date":"2022-03-22T11:25:17","date_gmt":"2022-03-22T17:25:17","guid":{"rendered":"https:\/\/cenfo.net\/ecommerce\/?post_type=product&#038;p=51132"},"modified":"2026-04-09T18:00:09","modified_gmt":"2026-04-10T00:00:09","slug":"analisis-exploratorio-de-datos-eda","status":"publish","type":"product","link":"https:\/\/ucenfotec.ac.cr\/ecommerce\/producto\/analisis-exploratorio-de-datos-eda\/","title":{"rendered":"An\u00e1lisis exploratorio de datos (EDA)"},"content":{"rendered":"<div class=\"fusion-fullwidth fullwidth-box fusion-builder-row-1 fusion-flex-container nonhundred-percent-fullwidth non-hundred-percent-height-scrolling\" style=\"--awb-border-radius-top-left:0px;--awb-border-radius-top-right:0px;--awb-border-radius-bottom-right:0px;--awb-border-radius-bottom-left:0px;--awb-flex-wrap:wrap;\" ><div class=\"fusion-builder-row fusion-row fusion-flex-align-items-flex-start fusion-flex-content-wrap\" style=\"max-width:1216.8px;margin-left: calc(-4% \/ 2 );margin-right: calc(-4% \/ 2 );\"><div class=\"fusion-layout-column fusion_builder_column fusion-builder-column-0 fusion_builder_column_1_1 1_1 fusion-flex-column\" style=\"--awb-bg-size:cover;--awb-width-large:100%;--awb-margin-top-large:0px;--awb-spacing-right-large:1.92%;--awb-margin-bottom-large:0px;--awb-spacing-left-large:1.92%;--awb-width-medium:100%;--awb-spacing-right-medium:1.92%;--awb-spacing-left-medium:1.92%;--awb-width-small:100%;--awb-spacing-right-small:1.92%;--awb-spacing-left-small:1.92%;\"><div class=\"fusion-column-wrapper fusion-flex-justify-content-flex-start fusion-content-layout-column\"><div class=\"fusion-text fusion-text-1\"><p>El An\u00e1lisis Exploratorio de Datos (EDA) es un enfoque inicial en el an\u00e1lisis de datos que se centra en explorar, visualizar y comprender las caracter\u00edsticas de un conjunto de datos antes de aplicar modelos complejos, identificando patrones, detectando valores at\u00edpicos y examinando la distribuci\u00f3n de las variables, lo que es crucial para asegurar la calidad de los datos y orientar la elecci\u00f3n de m\u00e9todos de an\u00e1lisis posteriores.<br \/>\nEste curso cubre tem\u00e1ticas como los fundamentos del an\u00e1lisis exploratorio de datos, procesamiento y transformaci\u00f3n de datos con Python, visualizaci\u00f3n y an\u00e1lisis gr\u00e1fico, y el modelo Knowledge Discovery in Databases (KDD) y su aplicaci\u00f3n en EDA con Python.<br \/>\nEl curso est\u00e1 dise\u00f1ado por competencias y alineado con el marco de habilidades SFIA 8, por lo que se propone que los estudiantes logren responder a un nivel de habilidad 3, de manera que apliquen t\u00e9cnicas de an\u00e1lisis exploratorio de datos mediante la programaci\u00f3n en Python.<\/p>\n<hr \/>\n<p><strong>Contenidos<\/strong><\/p>\n<p><span data-sheets-root=\"1\">1. Fundamentos del An\u00e1lisis Exploratorio de Datos (EDA).<br \/>\n2. Procesamiento y Transformaci\u00f3n de Datos con Python.<br \/>\n3. Visualizaci\u00f3n y An\u00e1lisis Gr\u00e1fico.<br \/>\n4. Modelo Knowledge Discovery in Databases (KDD) y su Aplicaci\u00f3n en EDA con Python.<\/span><\/p>\n<hr \/>\n<div class=\"fusion-aligncenter\">\n<p>Certificado e Insignia Digital<\/p>\n<p>Al finalizar el curso el estudiante obtiene un t\u00edtulo e Insignia digital, socializable en tiempo real basada en tecnolog\u00eda blockchain que permite una vista m\u00e1s completa tras el logro alcanzado por el estudiante al poderla vincular con evidencias del resultado del aprendizaje en su perfil profesional. Es una certificaci\u00f3n segura.<\/p>\n<p><a href=\"https:\/\/ucenfotec.ac.cr\/ecommerce\/wp-content\/uploads\/sites\/13\/2022\/03\/SINF-633-Analisis-Exploratorio-de-Datos-EDA.png\"><img decoding=\"async\" class=\"lazyload aligncenter size-medium wp-image-168753\" src=\"https:\/\/ucenfotec.ac.cr\/ecommerce\/wp-content\/uploads\/sites\/13\/2022\/03\/SINF-633-Analisis-Exploratorio-de-Datos-EDA-300x300.png\" data-orig-src=\"https:\/\/ucenfotec.ac.cr\/ecommerce\/wp-content\/uploads\/sites\/13\/2022\/03\/SINF-633-Analisis-Exploratorio-de-Datos-EDA-300x300.png\" alt=\"SINF-633 Analisis-Exploratorio de Datos EDA - Universidad CENFOTEC\" width=\"300\" height=\"300\" srcset=\"data:image\/svg+xml,%3Csvg%20xmlns%3D%27http%3A%2F%2Fwww.w3.org%2F2000%2Fsvg%27%20width%3D%27300%27%20height%3D%27300%27%20viewBox%3D%270%200%20300%20300%27%3E%3Crect%20width%3D%27300%27%20height%3D%27300%27%20fill-opacity%3D%220%22%2F%3E%3C%2Fsvg%3E\" data-srcset=\"https:\/\/ucenfotec.ac.cr\/ecommerce\/wp-content\/uploads\/sites\/13\/2022\/03\/SINF-633-Analisis-Exploratorio-de-Datos-EDA-66x66.png 66w, https:\/\/ucenfotec.ac.cr\/ecommerce\/wp-content\/uploads\/sites\/13\/2022\/03\/SINF-633-Analisis-Exploratorio-de-Datos-EDA-100x100.png 100w, https:\/\/ucenfotec.ac.cr\/ecommerce\/wp-content\/uploads\/sites\/13\/2022\/03\/SINF-633-Analisis-Exploratorio-de-Datos-EDA-150x150.png 150w, https:\/\/ucenfotec.ac.cr\/ecommerce\/wp-content\/uploads\/sites\/13\/2022\/03\/SINF-633-Analisis-Exploratorio-de-Datos-EDA-200x200.png 200w, https:\/\/ucenfotec.ac.cr\/ecommerce\/wp-content\/uploads\/sites\/13\/2022\/03\/SINF-633-Analisis-Exploratorio-de-Datos-EDA-300x300.png 300w, https:\/\/ucenfotec.ac.cr\/ecommerce\/wp-content\/uploads\/sites\/13\/2022\/03\/SINF-633-Analisis-Exploratorio-de-Datos-EDA-400x400.png 400w, https:\/\/ucenfotec.ac.cr\/ecommerce\/wp-content\/uploads\/sites\/13\/2022\/03\/SINF-633-Analisis-Exploratorio-de-Datos-EDA-500x500.png 500w, https:\/\/ucenfotec.ac.cr\/ecommerce\/wp-content\/uploads\/sites\/13\/2022\/03\/SINF-633-Analisis-Exploratorio-de-Datos-EDA-600x600.png 600w, https:\/\/ucenfotec.ac.cr\/ecommerce\/wp-content\/uploads\/sites\/13\/2022\/03\/SINF-633-Analisis-Exploratorio-de-Datos-EDA-700x700.png 700w, https:\/\/ucenfotec.ac.cr\/ecommerce\/wp-content\/uploads\/sites\/13\/2022\/03\/SINF-633-Analisis-Exploratorio-de-Datos-EDA-768x768.png 768w, https:\/\/ucenfotec.ac.cr\/ecommerce\/wp-content\/uploads\/sites\/13\/2022\/03\/SINF-633-Analisis-Exploratorio-de-Datos-EDA-800x800.png 800w, https:\/\/ucenfotec.ac.cr\/ecommerce\/wp-content\/uploads\/sites\/13\/2022\/03\/SINF-633-Analisis-Exploratorio-de-Datos-EDA-1024x1024.png 1024w, https:\/\/ucenfotec.ac.cr\/ecommerce\/wp-content\/uploads\/sites\/13\/2022\/03\/SINF-633-Analisis-Exploratorio-de-Datos-EDA.png 1200w\" data-sizes=\"auto\" data-orig-sizes=\"(max-width: 300px) 100vw, 300px\" \/><\/a><\/p>\n<\/div>\n<\/div><\/div><\/div><\/div><\/div>\n","protected":false},"excerpt":{"rendered":"<p class=\"ai-optimize-20\">Este curso brinda los conocimientos esenciales para aplicar el An\u00e1lisis Exploratorio de Datos (EDA) con Python, facilitando la limpieza, transformaci\u00f3n y visualizaci\u00f3n de datos para la toma de decisiones estrat\u00e9gicas en diversos contextos.<\/p>\n","protected":false},"featured_media":75851,"template":"","meta":{"_relevanssi_hide_post":"","_relevanssi_hide_content":"","_relevanssi_pin_for_all":"","_relevanssi_pin_keywords":"","_relevanssi_unpin_keywords":"","_relevanssi_related_keywords":"","_relevanssi_related_include_ids":"","_relevanssi_related_exclude_ids":"","_relevanssi_related_no_append":"","_relevanssi_related_not_related":"","_relevanssi_related_posts":"","_relevanssi_noindex_reason":""},"product_brand":[],"product_cat":[651],"product_tag":[2302,2308,848,1143,1010,2305,2307,2303,1011,2306,1235,1062,2304],"class_list":{"0":"post-51132","1":"product","2":"type-product","3":"status-publish","4":"has-post-thumbnail","6":"product_cat-sistemas-de-informacion","7":"product_tag-analisis-exploratorio","8":"product_tag-analisis-grafico","9":"product_tag-big-data","10":"product_tag-datos","11":"product_tag-eda","12":"product_tag-escalado","13":"product_tag-estandarizacion","14":"product_tag-metodos-de-exploracion","15":"product_tag-mineria-de-datos","16":"product_tag-normalizacion","17":"product_tag-pandas","18":"product_tag-python","19":"product_tag-transformacion","21":"first","22":"instock","23":"sold-individually","24":"taxable","25":"shipping-taxable","26":"purchasable","27":"product-type-variable"},"yoast_head":"<!-- This site is optimized with the Yoast SEO Premium plugin v27.4 (Yoast SEO v27.4) - https:\/\/yoast.com\/product\/yoast-seo-premium-wordpress\/ -->\n<title>An\u00e1lisis exploratorio de datos (EDA) - Cursos - CENFOTEC<\/title>\n<meta name=\"description\" content=\"Aprenda a aplicar An\u00e1lisis Exploratorio de Datos (EDA) con Python para limpiar, transformar y visualizar datos, optimizando la toma de decisiones.\" \/>\n<meta name=\"robots\" content=\"index, follow, max-snippet:-1, max-image-preview:large, max-video-preview:-1\" \/>\n<link rel=\"canonical\" href=\"https:\/\/ucenfotec.ac.cr\/ecommerce\/producto\/analisis-exploratorio-de-datos-eda\/\" \/>\n<meta property=\"og:locale\" content=\"es_ES\" \/>\n<meta property=\"og:type\" content=\"article\" \/>\n<meta property=\"og:title\" content=\"An\u00e1lisis exploratorio de datos (EDA)\" \/>\n<meta property=\"og:description\" content=\"Aprenda a aplicar An\u00e1lisis Exploratorio de Datos (EDA) con Python para limpiar, transformar y visualizar datos, optimizando la toma de decisiones.\" \/>\n<meta property=\"og:url\" content=\"https:\/\/ucenfotec.ac.cr\/ecommerce\/producto\/analisis-exploratorio-de-datos-eda\/\" \/>\n<meta property=\"og:site_name\" content=\"Cursos - CENFOTEC\" \/>\n<meta property=\"article:modified_time\" content=\"2026-04-10T00:00:09+00:00\" \/>\n<meta property=\"og:image\" content=\"https:\/\/ucenfotec.ac.cr\/ecommerce\/wp-content\/uploads\/sites\/13\/2023\/11\/SINF-633.jpg\" \/>\n\t<meta property=\"og:image:width\" content=\"1920\" \/>\n\t<meta property=\"og:image:height\" content=\"1080\" \/>\n\t<meta property=\"og:image:type\" content=\"image\/jpeg\" \/>\n<meta name=\"twitter:card\" content=\"summary_large_image\" \/>\n<meta name=\"twitter:label1\" content=\"Tiempo de lectura\" \/>\n\t<meta name=\"twitter:data1\" content=\"1 minuto\" \/>\n<script type=\"application\/ld+json\" class=\"yoast-schema-graph\">{\"@context\":\"https:\\\/\\\/schema.org\",\"@graph\":[{\"@type\":\"WebPage\",\"@id\":\"https:\\\/\\\/ucenfotec.ac.cr\\\/ecommerce\\\/producto\\\/analisis-exploratorio-de-datos-eda\\\/\",\"url\":\"https:\\\/\\\/ucenfotec.ac.cr\\\/ecommerce\\\/producto\\\/analisis-exploratorio-de-datos-eda\\\/\",\"name\":\"An\u00e1lisis exploratorio de datos (EDA) - Cursos - CENFOTEC\",\"isPartOf\":{\"@id\":\"https:\\\/\\\/ucenfotec.ac.cr\\\/ecommerce\\\/#website\"},\"primaryImageOfPage\":{\"@id\":\"https:\\\/\\\/ucenfotec.ac.cr\\\/ecommerce\\\/producto\\\/analisis-exploratorio-de-datos-eda\\\/#primaryimage\"},\"image\":{\"@id\":\"https:\\\/\\\/ucenfotec.ac.cr\\\/ecommerce\\\/producto\\\/analisis-exploratorio-de-datos-eda\\\/#primaryimage\"},\"thumbnailUrl\":\"https:\\\/\\\/ucenfotec.ac.cr\\\/ecommerce\\\/wp-content\\\/uploads\\\/sites\\\/13\\\/2023\\\/11\\\/SINF-633.jpg\",\"datePublished\":\"2022-03-22T17:25:17+00:00\",\"dateModified\":\"2026-04-10T00:00:09+00:00\",\"description\":\"Aprenda a aplicar An\u00e1lisis Exploratorio de Datos (EDA) con Python para limpiar, transformar y visualizar datos, optimizando la toma de decisiones.\",\"breadcrumb\":{\"@id\":\"https:\\\/\\\/ucenfotec.ac.cr\\\/ecommerce\\\/producto\\\/analisis-exploratorio-de-datos-eda\\\/#breadcrumb\"},\"inLanguage\":\"es\",\"potentialAction\":[{\"@type\":\"ReadAction\",\"target\":[\"https:\\\/\\\/ucenfotec.ac.cr\\\/ecommerce\\\/producto\\\/analisis-exploratorio-de-datos-eda\\\/\"]}]},{\"@type\":\"ImageObject\",\"inLanguage\":\"es\",\"@id\":\"https:\\\/\\\/ucenfotec.ac.cr\\\/ecommerce\\\/producto\\\/analisis-exploratorio-de-datos-eda\\\/#primaryimage\",\"url\":\"https:\\\/\\\/ucenfotec.ac.cr\\\/ecommerce\\\/wp-content\\\/uploads\\\/sites\\\/13\\\/2023\\\/11\\\/SINF-633.jpg\",\"contentUrl\":\"https:\\\/\\\/ucenfotec.ac.cr\\\/ecommerce\\\/wp-content\\\/uploads\\\/sites\\\/13\\\/2023\\\/11\\\/SINF-633.jpg\",\"width\":1920,\"height\":1080,\"caption\":\"An\u00e1lisis exploratorio de datos (EDA)\"},{\"@type\":\"BreadcrumbList\",\"@id\":\"https:\\\/\\\/ucenfotec.ac.cr\\\/ecommerce\\\/producto\\\/analisis-exploratorio-de-datos-eda\\\/#breadcrumb\",\"itemListElement\":[{\"@type\":\"ListItem\",\"position\":1,\"name\":\"Portada\",\"item\":\"https:\\\/\\\/ucenfotec.ac.cr\\\/ecommerce\\\/\"},{\"@type\":\"ListItem\",\"position\":2,\"name\":\"Todos los Cursos\",\"item\":\"https:\\\/\\\/ucenfotec.ac.cr\\\/ecommerce\\\/todos-los-cursos\\\/\"},{\"@type\":\"ListItem\",\"position\":3,\"name\":\"An\u00e1lisis exploratorio de datos (EDA)\"}]},{\"@type\":\"WebSite\",\"@id\":\"https:\\\/\\\/ucenfotec.ac.cr\\\/ecommerce\\\/#website\",\"url\":\"https:\\\/\\\/ucenfotec.ac.cr\\\/ecommerce\\\/\",\"name\":\"Cursos - CENFOTEC\",\"description\":\"Tienda en l\u00ednea de cursos ofrecidos por CENFOTEC\",\"potentialAction\":[{\"@type\":\"SearchAction\",\"target\":{\"@type\":\"EntryPoint\",\"urlTemplate\":\"https:\\\/\\\/ucenfotec.ac.cr\\\/ecommerce\\\/?s={search_term_string}\"},\"query-input\":{\"@type\":\"PropertyValueSpecification\",\"valueRequired\":true,\"valueName\":\"search_term_string\"}}],\"inLanguage\":\"es\"}]}<\/script>\n<!-- \/ Yoast SEO Premium plugin. -->","yoast_head_json":{"title":"An\u00e1lisis exploratorio de datos (EDA) - Cursos - CENFOTEC","description":"Aprenda a aplicar An\u00e1lisis Exploratorio de Datos (EDA) con Python para limpiar, transformar y visualizar datos, optimizando la toma de decisiones.","robots":{"index":"index","follow":"follow","max-snippet":"max-snippet:-1","max-image-preview":"max-image-preview:large","max-video-preview":"max-video-preview:-1"},"canonical":"https:\/\/ucenfotec.ac.cr\/ecommerce\/producto\/analisis-exploratorio-de-datos-eda\/","og_locale":"es_ES","og_type":"article","og_title":"An\u00e1lisis exploratorio de datos (EDA)","og_description":"Aprenda a aplicar An\u00e1lisis Exploratorio de Datos (EDA) con Python para limpiar, transformar y visualizar datos, optimizando la toma de decisiones.","og_url":"https:\/\/ucenfotec.ac.cr\/ecommerce\/producto\/analisis-exploratorio-de-datos-eda\/","og_site_name":"Cursos - CENFOTEC","article_modified_time":"2026-04-10T00:00:09+00:00","og_image":[{"width":1920,"height":1080,"url":"https:\/\/ucenfotec.ac.cr\/ecommerce\/wp-content\/uploads\/sites\/13\/2023\/11\/SINF-633.jpg","type":"image\/jpeg"}],"twitter_card":"summary_large_image","twitter_misc":{"Tiempo de lectura":"1 minuto"},"schema":{"@context":"https:\/\/schema.org","@graph":[{"@type":"WebPage","@id":"https:\/\/ucenfotec.ac.cr\/ecommerce\/producto\/analisis-exploratorio-de-datos-eda\/","url":"https:\/\/ucenfotec.ac.cr\/ecommerce\/producto\/analisis-exploratorio-de-datos-eda\/","name":"An\u00e1lisis exploratorio de datos (EDA) - Cursos - CENFOTEC","isPartOf":{"@id":"https:\/\/ucenfotec.ac.cr\/ecommerce\/#website"},"primaryImageOfPage":{"@id":"https:\/\/ucenfotec.ac.cr\/ecommerce\/producto\/analisis-exploratorio-de-datos-eda\/#primaryimage"},"image":{"@id":"https:\/\/ucenfotec.ac.cr\/ecommerce\/producto\/analisis-exploratorio-de-datos-eda\/#primaryimage"},"thumbnailUrl":"https:\/\/ucenfotec.ac.cr\/ecommerce\/wp-content\/uploads\/sites\/13\/2023\/11\/SINF-633.jpg","datePublished":"2022-03-22T17:25:17+00:00","dateModified":"2026-04-10T00:00:09+00:00","description":"Aprenda a aplicar An\u00e1lisis Exploratorio de Datos (EDA) con Python para limpiar, transformar y visualizar datos, optimizando la toma de decisiones.","breadcrumb":{"@id":"https:\/\/ucenfotec.ac.cr\/ecommerce\/producto\/analisis-exploratorio-de-datos-eda\/#breadcrumb"},"inLanguage":"es","potentialAction":[{"@type":"ReadAction","target":["https:\/\/ucenfotec.ac.cr\/ecommerce\/producto\/analisis-exploratorio-de-datos-eda\/"]}]},{"@type":"ImageObject","inLanguage":"es","@id":"https:\/\/ucenfotec.ac.cr\/ecommerce\/producto\/analisis-exploratorio-de-datos-eda\/#primaryimage","url":"https:\/\/ucenfotec.ac.cr\/ecommerce\/wp-content\/uploads\/sites\/13\/2023\/11\/SINF-633.jpg","contentUrl":"https:\/\/ucenfotec.ac.cr\/ecommerce\/wp-content\/uploads\/sites\/13\/2023\/11\/SINF-633.jpg","width":1920,"height":1080,"caption":"An\u00e1lisis exploratorio de datos (EDA)"},{"@type":"BreadcrumbList","@id":"https:\/\/ucenfotec.ac.cr\/ecommerce\/producto\/analisis-exploratorio-de-datos-eda\/#breadcrumb","itemListElement":[{"@type":"ListItem","position":1,"name":"Portada","item":"https:\/\/ucenfotec.ac.cr\/ecommerce\/"},{"@type":"ListItem","position":2,"name":"Todos los Cursos","item":"https:\/\/ucenfotec.ac.cr\/ecommerce\/todos-los-cursos\/"},{"@type":"ListItem","position":3,"name":"An\u00e1lisis exploratorio de datos (EDA)"}]},{"@type":"WebSite","@id":"https:\/\/ucenfotec.ac.cr\/ecommerce\/#website","url":"https:\/\/ucenfotec.ac.cr\/ecommerce\/","name":"Cursos - CENFOTEC","description":"Tienda en l\u00ednea de cursos ofrecidos por CENFOTEC","potentialAction":[{"@type":"SearchAction","target":{"@type":"EntryPoint","urlTemplate":"https:\/\/ucenfotec.ac.cr\/ecommerce\/?s={search_term_string}"},"query-input":{"@type":"PropertyValueSpecification","valueRequired":true,"valueName":"search_term_string"}}],"inLanguage":"es"}]}},"_links":{"self":[{"href":"https:\/\/ucenfotec.ac.cr\/ecommerce\/wp-json\/wp\/v2\/product\/51132","targetHints":{"allow":["GET"]}}],"collection":[{"href":"https:\/\/ucenfotec.ac.cr\/ecommerce\/wp-json\/wp\/v2\/product"}],"about":[{"href":"https:\/\/ucenfotec.ac.cr\/ecommerce\/wp-json\/wp\/v2\/types\/product"}],"wp:featuredmedia":[{"embeddable":true,"href":"https:\/\/ucenfotec.ac.cr\/ecommerce\/wp-json\/wp\/v2\/media\/75851"}],"wp:attachment":[{"href":"https:\/\/ucenfotec.ac.cr\/ecommerce\/wp-json\/wp\/v2\/media?parent=51132"}],"wp:term":[{"taxonomy":"product_brand","embeddable":true,"href":"https:\/\/ucenfotec.ac.cr\/ecommerce\/wp-json\/wp\/v2\/product_brand?post=51132"},{"taxonomy":"product_cat","embeddable":true,"href":"https:\/\/ucenfotec.ac.cr\/ecommerce\/wp-json\/wp\/v2\/product_cat?post=51132"},{"taxonomy":"product_tag","embeddable":true,"href":"https:\/\/ucenfotec.ac.cr\/ecommerce\/wp-json\/wp\/v2\/product_tag?post=51132"}],"curies":[{"name":"wp","href":"https:\/\/api.w.org\/{rel}","templated":true}]}}