{"id":51311,"date":"2022-03-26T12:30:13","date_gmt":"2022-03-26T18:30:13","guid":{"rendered":"https:\/\/cenfo.net\/ecommerce\/?post_type=product&#038;p=51311"},"modified":"2026-03-25T09:54:02","modified_gmt":"2026-03-25T15:54:02","slug":"certified-ethical-hacker-ec-council-sin-examen","status":"publish","type":"product","link":"https:\/\/ucenfotec.ac.cr\/ecommerce\/producto\/certified-ethical-hacker-ec-council-sin-examen\/","title":{"rendered":"Certified Ethical Hacker EC Council"},"content":{"rendered":"<div class=\"fusion-fullwidth fullwidth-box fusion-builder-row-1 fusion-flex-container nonhundred-percent-fullwidth non-hundred-percent-height-scrolling\" style=\"--awb-border-radius-top-left:0px;--awb-border-radius-top-right:0px;--awb-border-radius-bottom-right:0px;--awb-border-radius-bottom-left:0px;--awb-flex-wrap:wrap;\" ><div class=\"fusion-builder-row fusion-row fusion-flex-align-items-flex-start fusion-flex-content-wrap\" style=\"max-width:1216.8px;margin-left: calc(-4% \/ 2 );margin-right: calc(-4% \/ 2 );\"><div class=\"fusion-layout-column fusion_builder_column fusion-builder-column-0 fusion_builder_column_1_1 1_1 fusion-flex-column\" style=\"--awb-bg-size:cover;--awb-width-large:100%;--awb-margin-top-large:0px;--awb-spacing-right-large:1.92%;--awb-margin-bottom-large:0px;--awb-spacing-left-large:1.92%;--awb-width-medium:100%;--awb-spacing-right-medium:1.92%;--awb-spacing-left-medium:1.92%;--awb-width-small:100%;--awb-spacing-right-small:1.92%;--awb-spacing-left-small:1.92%;\"><div class=\"fusion-column-wrapper fusion-flex-justify-content-flex-start fusion-content-layout-column\"><div class=\"fusion-text fusion-text-1\"><p><span data-sheets-root=\"1\">El hacking \u00e9tico es una pr\u00e1ctica profesional que consiste en evaluar la seguridad de sistemas, redes y aplicaciones mediante t\u00e9cnicas utilizadas por los atacantes, pero con fines leg\u00edtimos y autorizados. Su objetivo es identificar vulnerabilidades y debilidades antes de que sean explotadas de forma maliciosa, contribuyendo a fortalecer la protecci\u00f3n de la informaci\u00f3n.<\/span><\/p>\n<p><span data-sheets-root=\"1\">Las principales tem\u00e1ticas del curso incluyen introducci\u00f3n al hacking \u00e9tico, huella digital y reconocimiento, escaneo de redes, enumeraci\u00f3n, an\u00e1lisis de vulnerabilidades, hacking de sistemas, servidores web, aplicaciones web, redes inal\u00e1mbricas, plataformas m\u00f3viles e IoT, amenazas de malware, sniffing (escucha de tr\u00e1fico), ingenier\u00eda social, denegaci\u00f3n de servicio, secuestro de sesiones, evasi\u00f3n de IDS, firewalls y honeypots, inyecci\u00f3n SQL, computaci\u00f3n en la nube y criptograf\u00eda.<\/span><\/p>\n<p><span data-sheets-root=\"1\">El curso est\u00e1 dise\u00f1ado por competencias y alineado con el marco global de habilidades y competencias para un mundo digital SFIA8, por lo que se propone que los estudiantes logren responder a un nivel de responsabilidad 4, de manera que dise\u00f1an soluciones o contramedidas alternativas y se aseguran de que se mitiguen los riesgos identificados.<\/span><\/p>\n<hr \/>\n<p><strong>Contenidos<\/strong><\/p>\n<p><span data-sheets-root=\"1\">1. Introducci\u00f3n al Hacking \u00c9tico.<br \/>\n2. Huella Digital y Reconocimiento.<br \/>\n3. Escaneo de Redes.<br \/>\n4. Enumeraci\u00f3n.<br \/>\n5. An\u00e1lisis de Vulnerabilidades.<br \/>\n6. Hacking de Sistemas.<br \/>\n7. Amenazas de Malware.<br \/>\n8. Sniffing (Escucha de Tr\u00e1fico).<br \/>\n9. Ingenier\u00eda Social.<br \/>\n10. Denegaci\u00f3n de Servicio.<br \/>\n11. Secuestro de Sesiones.<br \/>\n12. Evasi\u00f3n de IDS, Firewalls y Honeypots.<br \/>\n13. Hacking de Servidores Web.<br \/>\n14. Hacking de Aplicaciones Web.<br \/>\n15. Inyecci\u00f3n SQL.<br \/>\n16. Hacking de Redes Inal\u00e1mbricas.<br \/>\n17. Hacking de Plataformas M\u00f3viles.<br \/>\n18. Hacking de IoT.<br \/>\n19. Computaci\u00f3n en la Nube.<br \/>\n20. Criptograf\u00eda.<\/span><\/p>\n<hr \/>\n<p><strong>Certificado e Insignia Digital<\/strong><\/p>\n<p>Al finalizar el curso el estudiante obtiene un t\u00edtulo e Insignia digital, socializable en tiempo real basada en tecnolog\u00eda blockchain que permite una vista m\u00e1s completa tras el logro alcanzado por el estudiante al poderla vincular con evidencias del resultado del aprendizaje en su perfil profesional. Es una certificaci\u00f3n segura.<\/p>\n<p><a href=\"https:\/\/ucenfotec.ac.cr\/ecommerce\/wp-content\/uploads\/sites\/13\/2022\/03\/ACTI-HACK-1-Certified-Ethical-Hacker-EC-Council.png\"><img decoding=\"async\" class=\"lazyload aligncenter wp-image-167911 size-fusion-200\" src=\"https:\/\/ucenfotec.ac.cr\/ecommerce\/wp-content\/uploads\/sites\/13\/2022\/03\/ACTI-HACK-1-Certified-Ethical-Hacker-EC-Council-200x200.png\" data-orig-src=\"https:\/\/ucenfotec.ac.cr\/ecommerce\/wp-content\/uploads\/sites\/13\/2022\/03\/ACTI-HACK-1-Certified-Ethical-Hacker-EC-Council-200x200.png\" alt=\"ACTI-HACK-1 Certified Ethical Hacker EC Council - Universidad CENFOTEC\" width=\"200\" height=\"200\" srcset=\"data:image\/svg+xml,%3Csvg%20xmlns%3D%27http%3A%2F%2Fwww.w3.org%2F2000%2Fsvg%27%20width%3D%27200%27%20height%3D%27200%27%20viewBox%3D%270%200%20200%20200%27%3E%3Crect%20width%3D%27200%27%20height%3D%27200%27%20fill-opacity%3D%220%22%2F%3E%3C%2Fsvg%3E\" data-srcset=\"https:\/\/ucenfotec.ac.cr\/ecommerce\/wp-content\/uploads\/sites\/13\/2022\/03\/ACTI-HACK-1-Certified-Ethical-Hacker-EC-Council-66x66.png 66w, https:\/\/ucenfotec.ac.cr\/ecommerce\/wp-content\/uploads\/sites\/13\/2022\/03\/ACTI-HACK-1-Certified-Ethical-Hacker-EC-Council-100x100.png 100w, https:\/\/ucenfotec.ac.cr\/ecommerce\/wp-content\/uploads\/sites\/13\/2022\/03\/ACTI-HACK-1-Certified-Ethical-Hacker-EC-Council-150x150.png 150w, https:\/\/ucenfotec.ac.cr\/ecommerce\/wp-content\/uploads\/sites\/13\/2022\/03\/ACTI-HACK-1-Certified-Ethical-Hacker-EC-Council-200x200.png 200w, https:\/\/ucenfotec.ac.cr\/ecommerce\/wp-content\/uploads\/sites\/13\/2022\/03\/ACTI-HACK-1-Certified-Ethical-Hacker-EC-Council-300x300.png 300w, https:\/\/ucenfotec.ac.cr\/ecommerce\/wp-content\/uploads\/sites\/13\/2022\/03\/ACTI-HACK-1-Certified-Ethical-Hacker-EC-Council-400x400.png 400w, https:\/\/ucenfotec.ac.cr\/ecommerce\/wp-content\/uploads\/sites\/13\/2022\/03\/ACTI-HACK-1-Certified-Ethical-Hacker-EC-Council-500x500.png 500w, https:\/\/ucenfotec.ac.cr\/ecommerce\/wp-content\/uploads\/sites\/13\/2022\/03\/ACTI-HACK-1-Certified-Ethical-Hacker-EC-Council-600x600.png 600w, https:\/\/ucenfotec.ac.cr\/ecommerce\/wp-content\/uploads\/sites\/13\/2022\/03\/ACTI-HACK-1-Certified-Ethical-Hacker-EC-Council-700x700.png 700w, https:\/\/ucenfotec.ac.cr\/ecommerce\/wp-content\/uploads\/sites\/13\/2022\/03\/ACTI-HACK-1-Certified-Ethical-Hacker-EC-Council-768x768.png 768w, https:\/\/ucenfotec.ac.cr\/ecommerce\/wp-content\/uploads\/sites\/13\/2022\/03\/ACTI-HACK-1-Certified-Ethical-Hacker-EC-Council-800x800.png 800w, https:\/\/ucenfotec.ac.cr\/ecommerce\/wp-content\/uploads\/sites\/13\/2022\/03\/ACTI-HACK-1-Certified-Ethical-Hacker-EC-Council-1024x1024.png 1024w, https:\/\/ucenfotec.ac.cr\/ecommerce\/wp-content\/uploads\/sites\/13\/2022\/03\/ACTI-HACK-1-Certified-Ethical-Hacker-EC-Council.png 1200w\" data-sizes=\"auto\" data-orig-sizes=\"(max-width: 200px) 100vw, 200px\" \/><\/a><\/p>\n<hr \/>\n<p>Certificaci\u00f3n<\/p>\n<p><strong>Casa certificadora:<\/strong> <span data-sheets-root=\"1\">EC COUNCIL<\/span><br \/>\n<strong>Nombre de la certificaci\u00f3n:<\/strong> <span data-sheets-root=\"1\">Certified Ethical Hacker <\/span><\/p>\n<hr \/>\n<\/div><\/div><\/div><\/div><\/div>\n","protected":false},"excerpt":{"rendered":"<p><span data-sheets-root=\"1\">Este curso prepara profesionales en ciberseguridad para identificar, analizar y contrarrestar amenazas mediante t\u00e9cnicas de hacking \u00e9tico, siguiendo est\u00e1ndares internacionales y principios legales aplicables.<\/span><\/p>\n","protected":false},"featured_media":59484,"template":"","meta":{"_relevanssi_hide_post":"","_relevanssi_hide_content":"","_relevanssi_pin_for_all":"","_relevanssi_pin_keywords":"","_relevanssi_unpin_keywords":"","_relevanssi_related_keywords":"","_relevanssi_related_include_ids":"","_relevanssi_related_exclude_ids":"","_relevanssi_related_no_append":"","_relevanssi_related_not_related":"","_relevanssi_related_posts":"","_relevanssi_noindex_reason":""},"product_brand":[],"product_cat":[655],"product_tag":[2636,1346,2495,2637,2634,2633,1998,767,2635,761,2639,2631,2638,1326,2632,1559,756],"class_list":{"0":"post-51311","1":"product","2":"type-product","3":"status-publish","4":"has-post-thumbnail","6":"product_cat-ciberseguridad","7":"product_tag-amenzas-de-malware","8":"product_tag-analisis-de-vulnerabilidades","9":"product_tag-computacion-en-la-nube","10":"product_tag-denegacion-de-servicio","11":"product_tag-enumeracion","12":"product_tag-escaneo-de-redes","13":"product_tag-firewalls","14":"product_tag-hackeo-etico","15":"product_tag-hacking-de-sistemas","16":"product_tag-hacking-etico","17":"product_tag-honeypots","18":"product_tag-huella-digital","19":"product_tag-ids","20":"product_tag-ingenieria-social","21":"product_tag-reconocimiento","22":"product_tag-secuestro-de-sesiones","23":"product_tag-vulnerabilidades","25":"first","26":"instock","27":"virtual","28":"sold-individually","29":"taxable","30":"purchasable","31":"product-type-simple"},"yoast_head":"<!-- This site is optimized with the Yoast SEO Premium plugin v27.4 (Yoast SEO v27.4) - https:\/\/yoast.com\/product\/yoast-seo-premium-wordpress\/ -->\n<title>Certified Ethical Hacker EC Council - Cursos - CENFOTEC<\/title>\n<meta name=\"description\" content=\"Aprende t\u00e9cnicas de hacking \u00e9tico y seguridad de redes en este curso de certificaci\u00f3n.\" \/>\n<meta name=\"robots\" content=\"index, follow, max-snippet:-1, max-image-preview:large, max-video-preview:-1\" \/>\n<link rel=\"canonical\" href=\"https:\/\/ucenfotec.ac.cr\/ecommerce\/producto\/certified-ethical-hacker-ec-council-sin-examen\/\" \/>\n<meta property=\"og:locale\" content=\"es_ES\" \/>\n<meta property=\"og:type\" content=\"article\" \/>\n<meta property=\"og:title\" content=\"Certified Ethical Hacker EC Council\" \/>\n<meta property=\"og:description\" content=\"Aprende t\u00e9cnicas de hacking \u00e9tico y seguridad de redes en este curso de certificaci\u00f3n.\" \/>\n<meta property=\"og:url\" content=\"https:\/\/ucenfotec.ac.cr\/ecommerce\/producto\/certified-ethical-hacker-ec-council-sin-examen\/\" \/>\n<meta property=\"og:site_name\" content=\"Cursos - CENFOTEC\" \/>\n<meta property=\"article:modified_time\" content=\"2026-03-25T15:54:02+00:00\" \/>\n<meta property=\"og:image\" content=\"https:\/\/ucenfotec.ac.cr\/ecommerce\/wp-content\/uploads\/sites\/13\/2022\/08\/ACTI-HACK-1.jpg\" \/>\n\t<meta property=\"og:image:width\" content=\"1920\" \/>\n\t<meta property=\"og:image:height\" content=\"1080\" \/>\n\t<meta property=\"og:image:type\" content=\"image\/jpeg\" \/>\n<meta name=\"twitter:card\" content=\"summary_large_image\" \/>\n<meta name=\"twitter:label1\" content=\"Tiempo de lectura\" \/>\n\t<meta name=\"twitter:data1\" content=\"1 minuto\" \/>\n<script type=\"application\/ld+json\" class=\"yoast-schema-graph\">{\"@context\":\"https:\\\/\\\/schema.org\",\"@graph\":[{\"@type\":\"WebPage\",\"@id\":\"https:\\\/\\\/ucenfotec.ac.cr\\\/ecommerce\\\/producto\\\/certified-ethical-hacker-ec-council-sin-examen\\\/\",\"url\":\"https:\\\/\\\/ucenfotec.ac.cr\\\/ecommerce\\\/producto\\\/certified-ethical-hacker-ec-council-sin-examen\\\/\",\"name\":\"Certified Ethical Hacker EC Council - Cursos - CENFOTEC\",\"isPartOf\":{\"@id\":\"https:\\\/\\\/ucenfotec.ac.cr\\\/ecommerce\\\/#website\"},\"primaryImageOfPage\":{\"@id\":\"https:\\\/\\\/ucenfotec.ac.cr\\\/ecommerce\\\/producto\\\/certified-ethical-hacker-ec-council-sin-examen\\\/#primaryimage\"},\"image\":{\"@id\":\"https:\\\/\\\/ucenfotec.ac.cr\\\/ecommerce\\\/producto\\\/certified-ethical-hacker-ec-council-sin-examen\\\/#primaryimage\"},\"thumbnailUrl\":\"https:\\\/\\\/ucenfotec.ac.cr\\\/ecommerce\\\/wp-content\\\/uploads\\\/sites\\\/13\\\/2022\\\/08\\\/ACTI-HACK-1.jpg\",\"datePublished\":\"2022-03-26T18:30:13+00:00\",\"dateModified\":\"2026-03-25T15:54:02+00:00\",\"description\":\"Aprende t\u00e9cnicas de hacking \u00e9tico y seguridad de redes en este curso de certificaci\u00f3n.\",\"breadcrumb\":{\"@id\":\"https:\\\/\\\/ucenfotec.ac.cr\\\/ecommerce\\\/producto\\\/certified-ethical-hacker-ec-council-sin-examen\\\/#breadcrumb\"},\"inLanguage\":\"es\",\"potentialAction\":[{\"@type\":\"ReadAction\",\"target\":[\"https:\\\/\\\/ucenfotec.ac.cr\\\/ecommerce\\\/producto\\\/certified-ethical-hacker-ec-council-sin-examen\\\/\"]}]},{\"@type\":\"ImageObject\",\"inLanguage\":\"es\",\"@id\":\"https:\\\/\\\/ucenfotec.ac.cr\\\/ecommerce\\\/producto\\\/certified-ethical-hacker-ec-council-sin-examen\\\/#primaryimage\",\"url\":\"https:\\\/\\\/ucenfotec.ac.cr\\\/ecommerce\\\/wp-content\\\/uploads\\\/sites\\\/13\\\/2022\\\/08\\\/ACTI-HACK-1.jpg\",\"contentUrl\":\"https:\\\/\\\/ucenfotec.ac.cr\\\/ecommerce\\\/wp-content\\\/uploads\\\/sites\\\/13\\\/2022\\\/08\\\/ACTI-HACK-1.jpg\",\"width\":1920,\"height\":1080,\"caption\":\"Certified Ethical Hacker EC Council\"},{\"@type\":\"BreadcrumbList\",\"@id\":\"https:\\\/\\\/ucenfotec.ac.cr\\\/ecommerce\\\/producto\\\/certified-ethical-hacker-ec-council-sin-examen\\\/#breadcrumb\",\"itemListElement\":[{\"@type\":\"ListItem\",\"position\":1,\"name\":\"Portada\",\"item\":\"https:\\\/\\\/ucenfotec.ac.cr\\\/ecommerce\\\/\"},{\"@type\":\"ListItem\",\"position\":2,\"name\":\"Todos los Cursos\",\"item\":\"https:\\\/\\\/ucenfotec.ac.cr\\\/ecommerce\\\/todos-los-cursos\\\/\"},{\"@type\":\"ListItem\",\"position\":3,\"name\":\"Certified Ethical Hacker EC Council\"}]},{\"@type\":\"WebSite\",\"@id\":\"https:\\\/\\\/ucenfotec.ac.cr\\\/ecommerce\\\/#website\",\"url\":\"https:\\\/\\\/ucenfotec.ac.cr\\\/ecommerce\\\/\",\"name\":\"Cursos - CENFOTEC\",\"description\":\"Tienda en l\u00ednea de cursos ofrecidos por CENFOTEC\",\"potentialAction\":[{\"@type\":\"SearchAction\",\"target\":{\"@type\":\"EntryPoint\",\"urlTemplate\":\"https:\\\/\\\/ucenfotec.ac.cr\\\/ecommerce\\\/?s={search_term_string}\"},\"query-input\":{\"@type\":\"PropertyValueSpecification\",\"valueRequired\":true,\"valueName\":\"search_term_string\"}}],\"inLanguage\":\"es\"}]}<\/script>\n<!-- \/ Yoast SEO Premium plugin. -->","yoast_head_json":{"title":"Certified Ethical Hacker EC Council - Cursos - CENFOTEC","description":"Aprende t\u00e9cnicas de hacking \u00e9tico y seguridad de redes en este curso de certificaci\u00f3n.","robots":{"index":"index","follow":"follow","max-snippet":"max-snippet:-1","max-image-preview":"max-image-preview:large","max-video-preview":"max-video-preview:-1"},"canonical":"https:\/\/ucenfotec.ac.cr\/ecommerce\/producto\/certified-ethical-hacker-ec-council-sin-examen\/","og_locale":"es_ES","og_type":"article","og_title":"Certified Ethical Hacker EC Council","og_description":"Aprende t\u00e9cnicas de hacking \u00e9tico y seguridad de redes en este curso de certificaci\u00f3n.","og_url":"https:\/\/ucenfotec.ac.cr\/ecommerce\/producto\/certified-ethical-hacker-ec-council-sin-examen\/","og_site_name":"Cursos - CENFOTEC","article_modified_time":"2026-03-25T15:54:02+00:00","og_image":[{"width":1920,"height":1080,"url":"https:\/\/ucenfotec.ac.cr\/ecommerce\/wp-content\/uploads\/sites\/13\/2022\/08\/ACTI-HACK-1.jpg","type":"image\/jpeg"}],"twitter_card":"summary_large_image","twitter_misc":{"Tiempo de lectura":"1 minuto"},"schema":{"@context":"https:\/\/schema.org","@graph":[{"@type":"WebPage","@id":"https:\/\/ucenfotec.ac.cr\/ecommerce\/producto\/certified-ethical-hacker-ec-council-sin-examen\/","url":"https:\/\/ucenfotec.ac.cr\/ecommerce\/producto\/certified-ethical-hacker-ec-council-sin-examen\/","name":"Certified Ethical Hacker EC Council - Cursos - CENFOTEC","isPartOf":{"@id":"https:\/\/ucenfotec.ac.cr\/ecommerce\/#website"},"primaryImageOfPage":{"@id":"https:\/\/ucenfotec.ac.cr\/ecommerce\/producto\/certified-ethical-hacker-ec-council-sin-examen\/#primaryimage"},"image":{"@id":"https:\/\/ucenfotec.ac.cr\/ecommerce\/producto\/certified-ethical-hacker-ec-council-sin-examen\/#primaryimage"},"thumbnailUrl":"https:\/\/ucenfotec.ac.cr\/ecommerce\/wp-content\/uploads\/sites\/13\/2022\/08\/ACTI-HACK-1.jpg","datePublished":"2022-03-26T18:30:13+00:00","dateModified":"2026-03-25T15:54:02+00:00","description":"Aprende t\u00e9cnicas de hacking \u00e9tico y seguridad de redes en este curso de certificaci\u00f3n.","breadcrumb":{"@id":"https:\/\/ucenfotec.ac.cr\/ecommerce\/producto\/certified-ethical-hacker-ec-council-sin-examen\/#breadcrumb"},"inLanguage":"es","potentialAction":[{"@type":"ReadAction","target":["https:\/\/ucenfotec.ac.cr\/ecommerce\/producto\/certified-ethical-hacker-ec-council-sin-examen\/"]}]},{"@type":"ImageObject","inLanguage":"es","@id":"https:\/\/ucenfotec.ac.cr\/ecommerce\/producto\/certified-ethical-hacker-ec-council-sin-examen\/#primaryimage","url":"https:\/\/ucenfotec.ac.cr\/ecommerce\/wp-content\/uploads\/sites\/13\/2022\/08\/ACTI-HACK-1.jpg","contentUrl":"https:\/\/ucenfotec.ac.cr\/ecommerce\/wp-content\/uploads\/sites\/13\/2022\/08\/ACTI-HACK-1.jpg","width":1920,"height":1080,"caption":"Certified Ethical Hacker EC Council"},{"@type":"BreadcrumbList","@id":"https:\/\/ucenfotec.ac.cr\/ecommerce\/producto\/certified-ethical-hacker-ec-council-sin-examen\/#breadcrumb","itemListElement":[{"@type":"ListItem","position":1,"name":"Portada","item":"https:\/\/ucenfotec.ac.cr\/ecommerce\/"},{"@type":"ListItem","position":2,"name":"Todos los Cursos","item":"https:\/\/ucenfotec.ac.cr\/ecommerce\/todos-los-cursos\/"},{"@type":"ListItem","position":3,"name":"Certified Ethical Hacker EC Council"}]},{"@type":"WebSite","@id":"https:\/\/ucenfotec.ac.cr\/ecommerce\/#website","url":"https:\/\/ucenfotec.ac.cr\/ecommerce\/","name":"Cursos - CENFOTEC","description":"Tienda en l\u00ednea de cursos ofrecidos por CENFOTEC","potentialAction":[{"@type":"SearchAction","target":{"@type":"EntryPoint","urlTemplate":"https:\/\/ucenfotec.ac.cr\/ecommerce\/?s={search_term_string}"},"query-input":{"@type":"PropertyValueSpecification","valueRequired":true,"valueName":"search_term_string"}}],"inLanguage":"es"}]}},"_links":{"self":[{"href":"https:\/\/ucenfotec.ac.cr\/ecommerce\/wp-json\/wp\/v2\/product\/51311","targetHints":{"allow":["GET"]}}],"collection":[{"href":"https:\/\/ucenfotec.ac.cr\/ecommerce\/wp-json\/wp\/v2\/product"}],"about":[{"href":"https:\/\/ucenfotec.ac.cr\/ecommerce\/wp-json\/wp\/v2\/types\/product"}],"wp:featuredmedia":[{"embeddable":true,"href":"https:\/\/ucenfotec.ac.cr\/ecommerce\/wp-json\/wp\/v2\/media\/59484"}],"wp:attachment":[{"href":"https:\/\/ucenfotec.ac.cr\/ecommerce\/wp-json\/wp\/v2\/media?parent=51311"}],"wp:term":[{"taxonomy":"product_brand","embeddable":true,"href":"https:\/\/ucenfotec.ac.cr\/ecommerce\/wp-json\/wp\/v2\/product_brand?post=51311"},{"taxonomy":"product_cat","embeddable":true,"href":"https:\/\/ucenfotec.ac.cr\/ecommerce\/wp-json\/wp\/v2\/product_cat?post=51311"},{"taxonomy":"product_tag","embeddable":true,"href":"https:\/\/ucenfotec.ac.cr\/ecommerce\/wp-json\/wp\/v2\/product_tag?post=51311"}],"curies":[{"name":"wp","href":"https:\/\/api.w.org\/{rel}","templated":true}]}}