{"id":53757,"date":"2022-05-30T11:18:57","date_gmt":"2022-05-30T17:18:57","guid":{"rendered":"https:\/\/ucenfotec.ac.cr\/ecommerce\/?post_type=product&#038;p=53757"},"modified":"2026-03-31T10:19:35","modified_gmt":"2026-03-31T16:19:35","slug":"curso-ingles-neo-3","status":"publish","type":"product","link":"https:\/\/ucenfotec.ac.cr\/ecommerce\/producto\/curso-ingles-neo-3\/","title":{"rendered":"INGL\u00c9S NEO 3 &#8211; Paquete pago cuatrimestral"},"content":{"rendered":"<div class=\"fusion-fullwidth fullwidth-box fusion-builder-row-1 fusion-flex-container nonhundred-percent-fullwidth non-hundred-percent-height-scrolling\" style=\"--awb-border-radius-top-left:0px;--awb-border-radius-top-right:0px;--awb-border-radius-bottom-right:0px;--awb-border-radius-bottom-left:0px;--awb-flex-wrap:wrap;\" ><div class=\"fusion-builder-row fusion-row fusion-flex-align-items-flex-start fusion-flex-content-wrap\" style=\"max-width:1216.8px;margin-left: calc(-4% \/ 2 );margin-right: calc(-4% \/ 2 );\"><div class=\"fusion-layout-column fusion_builder_column fusion-builder-column-0 fusion_builder_column_1_1 1_1 fusion-flex-column\" style=\"--awb-bg-size:cover;--awb-width-large:100%;--awb-margin-top-large:0px;--awb-spacing-right-large:1.92%;--awb-margin-bottom-large:0px;--awb-spacing-left-large:1.92%;--awb-width-medium:100%;--awb-spacing-right-medium:1.92%;--awb-spacing-left-medium:1.92%;--awb-width-small:100%;--awb-spacing-right-small:1.92%;--awb-spacing-left-small:1.92%;\"><div class=\"fusion-column-wrapper fusion-flex-justify-content-flex-start fusion-content-layout-column\"><div class=\"fusion-text fusion-text-1\"><p>Ingl\u00e9s &#8211; NEO es una experiencia de aprendizaje enriquecedora que se centra en la mejora de las habilidades ling\u00fc\u00edsticas de los estudiantes a trav\u00e9s de una metodolog\u00eda moderna y accesible. En la plataforma en l\u00ednea se ofrecen cursos de ingl\u00e9s para todos los niveles, desde principiantes hasta avanzados, permitiendo a los usuarios alcanzar un dominio efectivo del idioma. El enfoque est\u00e1 dise\u00f1ado para desarrollar competencias que son esenciales para fines acad\u00e9micos, profesionales y sociales, asegurando que los estudiantes adquieran la confianza y las habilidades necesarias para comunicarse con fluidez y precisi\u00f3n en diversas situaciones.<\/p>\n<p>Este curso abarca tem\u00e1ticas relacionadas con la expresi\u00f3n oral, la comprensi\u00f3n auditiva, la expresi\u00f3n escrita y la comprensi\u00f3n lectora en el idioma ingl\u00e9s, como vocabulario t\u00e9cnico, textos acad\u00e9micos y conversaciones detalladas.<\/p>\n<p>El curso est\u00e1 dise\u00f1ado por competencias y alineado con el marco de habilidades SFIA 8, por lo que se propone que los estudiantes logren aplicar el vocabulario, la gram\u00e1tica y la pronunciaci\u00f3n adecuada del ingl\u00e9s para desenvolverse en contextos laborales, tanto de manera escrita como oral.<br \/>\nEl estudiante har\u00e1 una prueba de ubicaci\u00f3n llamada Placement Test, a partir de la cual el estudiante iniciar\u00e1 su estudio del idioma ingl\u00e9s en uno de los 11 niveles que define el MCER. Cada nivel por cursar tiene su examen de certificaci\u00f3n con la entidad internacional DynEd.<\/p>\n<hr \/>\n<p><strong>Contenidos<\/strong><\/p>\n<p>Los contenidos del curso dependen de la ubicaci\u00f3n del estudiante en uno de los 11 niveles seg\u00fan el MCER luego de realizar el examen de ubicaci\u00f3n inicial. Cada uno de los contenidos ir\u00e1n progresivamente en aumento y se basan en expresi\u00f3n oral, comprensi\u00f3n auditiva, expresi\u00f3n escrita y comprensi\u00f3n lectora.<\/p>\n<hr \/>\n<p><strong>Certificado e Insignia Digital<\/strong><\/p>\n<p>Al finalizar el curso el estudiante obtiene un t\u00edtulo e Insignia digital, socializable en tiempo real basada en tecnolog\u00eda blockchain que permite una vista m\u00e1s completa tras el logro alcanzado por el estudiante al poderla vincular con evidencias del resultado del aprendizaje en su perfil profesional. Es una certificaci\u00f3n segura.<\/p>\n<p><img decoding=\"async\" class=\"lazyload aligncenter wp-image-65057 size-full\" src=\"https:\/\/ucenfotec.ac.cr\/ecommerce\/wp-content\/uploads\/sites\/13\/2022\/11\/FUN-303-Ingles-NEO-Cuatrimestral.png\" data-orig-src=\"https:\/\/ucenfotec.ac.cr\/ecommerce\/wp-content\/uploads\/sites\/13\/2022\/11\/FUN-303-Ingles-NEO-Cuatrimestral.png\" alt=\"INGL\u00c9S NEO 3 - Paquete pago cuatrimestral\" width=\"300\" height=\"300\" srcset=\"data:image\/svg+xml,%3Csvg%20xmlns%3D%27http%3A%2F%2Fwww.w3.org%2F2000%2Fsvg%27%20width%3D%27300%27%20height%3D%27300%27%20viewBox%3D%270%200%20300%20300%27%3E%3Crect%20width%3D%27300%27%20height%3D%27300%27%20fill-opacity%3D%220%22%2F%3E%3C%2Fsvg%3E\" data-srcset=\"https:\/\/ucenfotec.ac.cr\/ecommerce\/wp-content\/uploads\/sites\/13\/2022\/11\/FUN-303-Ingles-NEO-Cuatrimestral-66x66.png 66w, https:\/\/ucenfotec.ac.cr\/ecommerce\/wp-content\/uploads\/sites\/13\/2022\/11\/FUN-303-Ingles-NEO-Cuatrimestral-100x100.png 100w, https:\/\/ucenfotec.ac.cr\/ecommerce\/wp-content\/uploads\/sites\/13\/2022\/11\/FUN-303-Ingles-NEO-Cuatrimestral-150x150.png 150w, https:\/\/ucenfotec.ac.cr\/ecommerce\/wp-content\/uploads\/sites\/13\/2022\/11\/FUN-303-Ingles-NEO-Cuatrimestral-200x200.png 200w, https:\/\/ucenfotec.ac.cr\/ecommerce\/wp-content\/uploads\/sites\/13\/2022\/11\/FUN-303-Ingles-NEO-Cuatrimestral.png 300w\" data-sizes=\"auto\" data-orig-sizes=\"(max-width: 300px) 100vw, 300px\" \/><\/p>\n<hr \/>\n<p><strong>Profesor\u00a0<\/strong><\/p>\n<p><a href=\"https:\/\/ucenfotec.ac.cr\/team\/christian-sibaja-fernandez\/\" target=\"_blank\" rel=\"noopener\">Christian Sibaja Fern\u00e1ndez<\/a><\/p>\n<p><strong>Otras formas de pago:<\/strong><\/p>\n<p><a href=\"https:\/\/ucenfotec.ac.cr\/ecommerce\/producto\/curso-ingles-neo-2\/\" target=\"_blank\" rel=\"noopener\">INGL\u00c9S NEO 2 \u2013 Paquete pago bimensual<\/a><\/p>\n<p><a href=\"https:\/\/ucenfotec.ac.cr\/ecommerce\/producto\/curso-ingles-neo-3\/\" target=\"_blank\" rel=\"noopener\">INGL\u00c9S NEO 3 \u2013 Paquete pago cuatrimestral<\/a><\/p>\n<hr \/>\n<\/div><\/div><\/div><\/div><\/div>\n","protected":false},"excerpt":{"rendered":"<p id=\"m_2157622870236151704gmail-E655\" class=\"ai-optimize-27\">Este curso de Ingl\u00e9s NEO Cuatrimestral permite avanzar por 11 niveles del MCER, mejorando expresi\u00f3n oral, auditiva, escrita y lectora. Requiere 5 horas semanales, encuentros con tutores y superaci\u00f3n de pruebas cortas para un progreso intensivo.<\/p>\n","protected":false},"featured_media":55561,"template":"","meta":{"_relevanssi_hide_post":"","_relevanssi_hide_content":"","_relevanssi_pin_for_all":"","_relevanssi_pin_keywords":"","_relevanssi_unpin_keywords":"","_relevanssi_related_keywords":"","_relevanssi_related_include_ids":"","_relevanssi_related_exclude_ids":"","_relevanssi_related_no_append":"","_relevanssi_related_not_related":"","_relevanssi_related_posts":"","_relevanssi_noindex_reason":""},"product_brand":[],"product_cat":[685],"product_tag":[1119,1112,1114,1304,1300,1301,1299,1115,1113,1302,1118,950,1116,1117,1295,1296,1297,1294,1303,1298],"class_list":{"0":"post-53757","1":"product","2":"type-product","3":"status-publish","4":"has-post-thumbnail","6":"product_cat-fundamentos","7":"product_tag-certificacion-internacional","8":"product_tag-comprension-auditiva-listening","9":"product_tag-comprension-de-lectura-reading","10":"product_tag-curso-ingles","11":"product_tag-curso-ingles-costa-rica","12":"product_tag-cursos-de-ingles-costa-rica","13":"product_tag-cursos-de-ingles-empresarial-costa-rica","14":"product_tag-expresion-escrita-writing","15":"product_tag-expresion-oral-speaking","16":"product_tag-habilidades-blandas-en-ingles","17":"product_tag-idioma-ingles","18":"product_tag-inteligencia-artificial","19":"product_tag-mcerl","20":"product_tag-neo","21":"product_tag-neo-dyned","22":"product_tag-neo-en-ingles","23":"product_tag-neo-en-ingles-costa-rica","24":"product_tag-neo-ingles","25":"product_tag-pagos-cuatrimestrales","26":"product_tag-programa-neo","28":"first","29":"instock","30":"virtual","31":"sold-individually","32":"taxable","33":"purchasable","34":"product-type-simple"},"yoast_head":"<!-- This site is optimized with the Yoast SEO Premium plugin v27.4 (Yoast SEO v27.4) - https:\/\/yoast.com\/product\/yoast-seo-premium-wordpress\/ -->\n<title>Curso Ingl\u00e9s NEO 3<\/title>\n<meta name=\"description\" content=\"Curso cuatrimestral de ingl\u00e9s dise\u00f1ado para desarrollar habilidades avanzadas de comunicaci\u00f3n.\" \/>\n<meta name=\"robots\" content=\"index, follow, max-snippet:-1, max-image-preview:large, max-video-preview:-1\" \/>\n<link rel=\"canonical\" href=\"https:\/\/ucenfotec.ac.cr\/ecommerce\/producto\/curso-ingles-neo-3\/\" \/>\n<meta property=\"og:locale\" content=\"es_ES\" \/>\n<meta property=\"og:type\" content=\"article\" \/>\n<meta property=\"og:title\" content=\"INGL\u00c9S NEO 3 - Paquete pago cuatrimestral\" \/>\n<meta property=\"og:description\" content=\"Curso cuatrimestral de ingl\u00e9s dise\u00f1ado para desarrollar habilidades avanzadas de comunicaci\u00f3n.\" \/>\n<meta property=\"og:url\" content=\"https:\/\/ucenfotec.ac.cr\/ecommerce\/producto\/curso-ingles-neo-3\/\" \/>\n<meta property=\"og:site_name\" content=\"Cursos - CENFOTEC\" \/>\n<meta property=\"article:modified_time\" content=\"2026-03-31T16:19:35+00:00\" \/>\n<meta property=\"og:image\" content=\"https:\/\/ucenfotec.ac.cr\/ecommerce\/wp-content\/uploads\/sites\/13\/2022\/06\/FUN-303.jpg\" \/>\n\t<meta property=\"og:image:width\" content=\"1920\" \/>\n\t<meta property=\"og:image:height\" content=\"1080\" \/>\n\t<meta property=\"og:image:type\" content=\"image\/jpeg\" \/>\n<meta name=\"twitter:card\" content=\"summary_large_image\" \/>\n<meta name=\"twitter:label1\" content=\"Tiempo de lectura\" \/>\n\t<meta name=\"twitter:data1\" content=\"2 minutos\" \/>\n<script type=\"application\/ld+json\" class=\"yoast-schema-graph\">{\"@context\":\"https:\\\/\\\/schema.org\",\"@graph\":[{\"@type\":\"WebPage\",\"@id\":\"https:\\\/\\\/ucenfotec.ac.cr\\\/ecommerce\\\/producto\\\/curso-ingles-neo-3\\\/\",\"url\":\"https:\\\/\\\/ucenfotec.ac.cr\\\/ecommerce\\\/producto\\\/curso-ingles-neo-3\\\/\",\"name\":\"Curso Ingl\u00e9s NEO 3\",\"isPartOf\":{\"@id\":\"https:\\\/\\\/ucenfotec.ac.cr\\\/ecommerce\\\/#website\"},\"primaryImageOfPage\":{\"@id\":\"https:\\\/\\\/ucenfotec.ac.cr\\\/ecommerce\\\/producto\\\/curso-ingles-neo-3\\\/#primaryimage\"},\"image\":{\"@id\":\"https:\\\/\\\/ucenfotec.ac.cr\\\/ecommerce\\\/producto\\\/curso-ingles-neo-3\\\/#primaryimage\"},\"thumbnailUrl\":\"https:\\\/\\\/ucenfotec.ac.cr\\\/ecommerce\\\/wp-content\\\/uploads\\\/sites\\\/13\\\/2022\\\/06\\\/FUN-303.jpg\",\"datePublished\":\"2022-05-30T17:18:57+00:00\",\"dateModified\":\"2026-03-31T16:19:35+00:00\",\"description\":\"Curso cuatrimestral de ingl\u00e9s dise\u00f1ado para desarrollar habilidades avanzadas de comunicaci\u00f3n.\",\"breadcrumb\":{\"@id\":\"https:\\\/\\\/ucenfotec.ac.cr\\\/ecommerce\\\/producto\\\/curso-ingles-neo-3\\\/#breadcrumb\"},\"inLanguage\":\"es\",\"potentialAction\":[{\"@type\":\"ReadAction\",\"target\":[\"https:\\\/\\\/ucenfotec.ac.cr\\\/ecommerce\\\/producto\\\/curso-ingles-neo-3\\\/\"]}]},{\"@type\":\"ImageObject\",\"inLanguage\":\"es\",\"@id\":\"https:\\\/\\\/ucenfotec.ac.cr\\\/ecommerce\\\/producto\\\/curso-ingles-neo-3\\\/#primaryimage\",\"url\":\"https:\\\/\\\/ucenfotec.ac.cr\\\/ecommerce\\\/wp-content\\\/uploads\\\/sites\\\/13\\\/2022\\\/06\\\/FUN-303.jpg\",\"contentUrl\":\"https:\\\/\\\/ucenfotec.ac.cr\\\/ecommerce\\\/wp-content\\\/uploads\\\/sites\\\/13\\\/2022\\\/06\\\/FUN-303.jpg\",\"width\":1920,\"height\":1080,\"caption\":\"Curso Ingl\u00e9s NEO 3\"},{\"@type\":\"BreadcrumbList\",\"@id\":\"https:\\\/\\\/ucenfotec.ac.cr\\\/ecommerce\\\/producto\\\/curso-ingles-neo-3\\\/#breadcrumb\",\"itemListElement\":[{\"@type\":\"ListItem\",\"position\":1,\"name\":\"Portada\",\"item\":\"https:\\\/\\\/ucenfotec.ac.cr\\\/ecommerce\\\/\"},{\"@type\":\"ListItem\",\"position\":2,\"name\":\"Todos los Cursos\",\"item\":\"https:\\\/\\\/ucenfotec.ac.cr\\\/ecommerce\\\/todos-los-cursos\\\/\"},{\"@type\":\"ListItem\",\"position\":3,\"name\":\"INGL\u00c9S NEO 3 &#8211; Paquete pago cuatrimestral\"}]},{\"@type\":\"WebSite\",\"@id\":\"https:\\\/\\\/ucenfotec.ac.cr\\\/ecommerce\\\/#website\",\"url\":\"https:\\\/\\\/ucenfotec.ac.cr\\\/ecommerce\\\/\",\"name\":\"Cursos - CENFOTEC\",\"description\":\"Tienda en l\u00ednea de cursos ofrecidos por CENFOTEC\",\"potentialAction\":[{\"@type\":\"SearchAction\",\"target\":{\"@type\":\"EntryPoint\",\"urlTemplate\":\"https:\\\/\\\/ucenfotec.ac.cr\\\/ecommerce\\\/?s={search_term_string}\"},\"query-input\":{\"@type\":\"PropertyValueSpecification\",\"valueRequired\":true,\"valueName\":\"search_term_string\"}}],\"inLanguage\":\"es\"}]}<\/script>\n<!-- \/ Yoast SEO Premium plugin. -->","yoast_head_json":{"title":"Curso Ingl\u00e9s NEO 3","description":"Curso cuatrimestral de ingl\u00e9s dise\u00f1ado para desarrollar habilidades avanzadas de comunicaci\u00f3n.","robots":{"index":"index","follow":"follow","max-snippet":"max-snippet:-1","max-image-preview":"max-image-preview:large","max-video-preview":"max-video-preview:-1"},"canonical":"https:\/\/ucenfotec.ac.cr\/ecommerce\/producto\/curso-ingles-neo-3\/","og_locale":"es_ES","og_type":"article","og_title":"INGL\u00c9S NEO 3 - Paquete pago cuatrimestral","og_description":"Curso cuatrimestral de ingl\u00e9s dise\u00f1ado para desarrollar habilidades avanzadas de comunicaci\u00f3n.","og_url":"https:\/\/ucenfotec.ac.cr\/ecommerce\/producto\/curso-ingles-neo-3\/","og_site_name":"Cursos - CENFOTEC","article_modified_time":"2026-03-31T16:19:35+00:00","og_image":[{"width":1920,"height":1080,"url":"https:\/\/ucenfotec.ac.cr\/ecommerce\/wp-content\/uploads\/sites\/13\/2022\/06\/FUN-303.jpg","type":"image\/jpeg"}],"twitter_card":"summary_large_image","twitter_misc":{"Tiempo de lectura":"2 minutos"},"schema":{"@context":"https:\/\/schema.org","@graph":[{"@type":"WebPage","@id":"https:\/\/ucenfotec.ac.cr\/ecommerce\/producto\/curso-ingles-neo-3\/","url":"https:\/\/ucenfotec.ac.cr\/ecommerce\/producto\/curso-ingles-neo-3\/","name":"Curso Ingl\u00e9s NEO 3","isPartOf":{"@id":"https:\/\/ucenfotec.ac.cr\/ecommerce\/#website"},"primaryImageOfPage":{"@id":"https:\/\/ucenfotec.ac.cr\/ecommerce\/producto\/curso-ingles-neo-3\/#primaryimage"},"image":{"@id":"https:\/\/ucenfotec.ac.cr\/ecommerce\/producto\/curso-ingles-neo-3\/#primaryimage"},"thumbnailUrl":"https:\/\/ucenfotec.ac.cr\/ecommerce\/wp-content\/uploads\/sites\/13\/2022\/06\/FUN-303.jpg","datePublished":"2022-05-30T17:18:57+00:00","dateModified":"2026-03-31T16:19:35+00:00","description":"Curso cuatrimestral de ingl\u00e9s dise\u00f1ado para desarrollar habilidades avanzadas de comunicaci\u00f3n.","breadcrumb":{"@id":"https:\/\/ucenfotec.ac.cr\/ecommerce\/producto\/curso-ingles-neo-3\/#breadcrumb"},"inLanguage":"es","potentialAction":[{"@type":"ReadAction","target":["https:\/\/ucenfotec.ac.cr\/ecommerce\/producto\/curso-ingles-neo-3\/"]}]},{"@type":"ImageObject","inLanguage":"es","@id":"https:\/\/ucenfotec.ac.cr\/ecommerce\/producto\/curso-ingles-neo-3\/#primaryimage","url":"https:\/\/ucenfotec.ac.cr\/ecommerce\/wp-content\/uploads\/sites\/13\/2022\/06\/FUN-303.jpg","contentUrl":"https:\/\/ucenfotec.ac.cr\/ecommerce\/wp-content\/uploads\/sites\/13\/2022\/06\/FUN-303.jpg","width":1920,"height":1080,"caption":"Curso Ingl\u00e9s NEO 3"},{"@type":"BreadcrumbList","@id":"https:\/\/ucenfotec.ac.cr\/ecommerce\/producto\/curso-ingles-neo-3\/#breadcrumb","itemListElement":[{"@type":"ListItem","position":1,"name":"Portada","item":"https:\/\/ucenfotec.ac.cr\/ecommerce\/"},{"@type":"ListItem","position":2,"name":"Todos los Cursos","item":"https:\/\/ucenfotec.ac.cr\/ecommerce\/todos-los-cursos\/"},{"@type":"ListItem","position":3,"name":"INGL\u00c9S NEO 3 &#8211; Paquete pago cuatrimestral"}]},{"@type":"WebSite","@id":"https:\/\/ucenfotec.ac.cr\/ecommerce\/#website","url":"https:\/\/ucenfotec.ac.cr\/ecommerce\/","name":"Cursos - CENFOTEC","description":"Tienda en l\u00ednea de cursos ofrecidos por CENFOTEC","potentialAction":[{"@type":"SearchAction","target":{"@type":"EntryPoint","urlTemplate":"https:\/\/ucenfotec.ac.cr\/ecommerce\/?s={search_term_string}"},"query-input":{"@type":"PropertyValueSpecification","valueRequired":true,"valueName":"search_term_string"}}],"inLanguage":"es"}]}},"_links":{"self":[{"href":"https:\/\/ucenfotec.ac.cr\/ecommerce\/wp-json\/wp\/v2\/product\/53757","targetHints":{"allow":["GET"]}}],"collection":[{"href":"https:\/\/ucenfotec.ac.cr\/ecommerce\/wp-json\/wp\/v2\/product"}],"about":[{"href":"https:\/\/ucenfotec.ac.cr\/ecommerce\/wp-json\/wp\/v2\/types\/product"}],"wp:featuredmedia":[{"embeddable":true,"href":"https:\/\/ucenfotec.ac.cr\/ecommerce\/wp-json\/wp\/v2\/media\/55561"}],"wp:attachment":[{"href":"https:\/\/ucenfotec.ac.cr\/ecommerce\/wp-json\/wp\/v2\/media?parent=53757"}],"wp:term":[{"taxonomy":"product_brand","embeddable":true,"href":"https:\/\/ucenfotec.ac.cr\/ecommerce\/wp-json\/wp\/v2\/product_brand?post=53757"},{"taxonomy":"product_cat","embeddable":true,"href":"https:\/\/ucenfotec.ac.cr\/ecommerce\/wp-json\/wp\/v2\/product_cat?post=53757"},{"taxonomy":"product_tag","embeddable":true,"href":"https:\/\/ucenfotec.ac.cr\/ecommerce\/wp-json\/wp\/v2\/product_tag?post=53757"}],"curies":[{"name":"wp","href":"https:\/\/api.w.org\/{rel}","templated":true}]}}