{"id":54292,"date":"2022-06-10T12:37:25","date_gmt":"2022-06-10T18:37:25","guid":{"rendered":"https:\/\/ucenfotec.ac.cr\/ecommerce\/?post_type=product&#038;p=54292"},"modified":"2026-03-23T18:15:09","modified_gmt":"2026-03-24T00:15:09","slug":"introduccion-a-r-y-analitica-de-datos","status":"publish","type":"product","link":"https:\/\/ucenfotec.ac.cr\/ecommerce\/producto\/introduccion-a-r-y-analitica-de-datos\/","title":{"rendered":"Introducci\u00f3n a R y Anal\u00edtica de Datos"},"content":{"rendered":"<div class=\"fusion-fullwidth fullwidth-box fusion-builder-row-1 fusion-flex-container nonhundred-percent-fullwidth non-hundred-percent-height-scrolling\" style=\"--awb-border-radius-top-left:0px;--awb-border-radius-top-right:0px;--awb-border-radius-bottom-right:0px;--awb-border-radius-bottom-left:0px;--awb-flex-wrap:wrap;\" ><div class=\"fusion-builder-row fusion-row fusion-flex-align-items-flex-start fusion-flex-content-wrap\" style=\"max-width:1216.8px;margin-left: calc(-4% \/ 2 );margin-right: calc(-4% \/ 2 );\"><div class=\"fusion-layout-column fusion_builder_column fusion-builder-column-0 fusion_builder_column_1_1 1_1 fusion-flex-column\" style=\"--awb-bg-size:cover;--awb-width-large:100%;--awb-margin-top-large:0px;--awb-spacing-right-large:1.92%;--awb-margin-bottom-large:0px;--awb-spacing-left-large:1.92%;--awb-width-medium:100%;--awb-spacing-right-medium:1.92%;--awb-spacing-left-medium:1.92%;--awb-width-small:100%;--awb-spacing-right-small:1.92%;--awb-spacing-left-small:1.92%;\"><div class=\"fusion-column-wrapper fusion-flex-justify-content-flex-start fusion-content-layout-column\"><div class=\"fusion-text fusion-text-1\"><p><span data-sheets-root=\"1\">La herramienta de programaci\u00f3n R es una de las herramientas m\u00e1s s\u00f3lidas en el an\u00e1lisis de datos y provee una plataforma de an\u00e1lisis poderosa al alcance tanto de cient\u00edficos como de analistas de datos para industria y empresas. En este curso se introduce al lenguaje de programaci\u00f3n de R, un lenguaje estad\u00edstico, que permite el trabajo con grandes cantidades de datos y tiene disponible un n\u00famero grande de librer\u00edas para el an\u00e1lisis computacional, estad\u00edstico y matem\u00e1tico de datos.<\/span><\/p>\n<p><span data-sheets-root=\"1\">Las principales tem\u00e1ticas por abordar son introducci\u00f3n a la programaci\u00f3n en R, manipulaci\u00f3n de datos en R, uso de algoritmos, visualizaci\u00f3n y herramientas de an\u00e1lisis en R y desarrollo guiado de proyectos de anal\u00edtica de datos.<\/span><\/p>\n<p><span data-sheets-root=\"1\">El curso est\u00e1 dise\u00f1ado por competencias y alineado con el marco de habilidades SFIA, por lo que se propone que los estudiantes puedan seleccionar algoritmos de an\u00e1lisis de datos, tanto estad\u00edsticos como de aprendizaje autom\u00e1tico del software R.<\/span><\/p>\n<hr \/>\n<p><strong>Contenidos<\/strong><\/p>\n<p><span data-sheets-root=\"1\">1. Introducci\u00f3n a la programaci\u00f3n en R.<br \/>\n2. Manipulaci\u00f3n de datos en R.<br \/>\n3. Uso de algoritmos, visualizaci\u00f3n y herramientas de an\u00e1lisis en R.<br \/>\n4. Desarrollo guiado de proyectos de anal\u00edtica de datos.<\/span><\/p>\n<hr \/>\n<p><strong>Certificado e Insignia Digital<\/strong><\/p>\n<p>Al finalizar el curso el estudiante obtiene un t\u00edtulo e Insignia digital, socializable en tiempo real basada en tecnolog\u00eda blockchain que permite una vista m\u00e1s completa tras el logro alcanzado por el estudiante al poderla vincular con evidencias del resultado del aprendizaje en su perfil profesional. Es una certificaci\u00f3n segura.<\/p>\n<p><a href=\"https:\/\/ucenfotec.ac.cr\/ecommerce\/wp-content\/uploads\/sites\/13\/2022\/06\/SINT-604-Introduccion-a-R-y-Uso-en-la-Analitica-de-Datos.png\"><img decoding=\"async\" class=\"lazyload aligncenter size-full wp-image-169038\" src=\"https:\/\/ucenfotec.ac.cr\/ecommerce\/wp-content\/uploads\/sites\/13\/2022\/06\/SINT-604-Introduccion-a-R-y-Uso-en-la-Analitica-de-Datos.png\" data-orig-src=\"https:\/\/ucenfotec.ac.cr\/ecommerce\/wp-content\/uploads\/sites\/13\/2022\/06\/SINT-604-Introduccion-a-R-y-Uso-en-la-Analitica-de-Datos.png\" alt=\"SINT-604-Introduccion a R y Uso en la Analitica de Datos - Universidad CENFOTEC\" width=\"300\" height=\"300\" srcset=\"data:image\/svg+xml,%3Csvg%20xmlns%3D%27http%3A%2F%2Fwww.w3.org%2F2000%2Fsvg%27%20width%3D%27300%27%20height%3D%27300%27%20viewBox%3D%270%200%20300%20300%27%3E%3Crect%20width%3D%27300%27%20height%3D%27300%27%20fill-opacity%3D%220%22%2F%3E%3C%2Fsvg%3E\" data-srcset=\"https:\/\/ucenfotec.ac.cr\/ecommerce\/wp-content\/uploads\/sites\/13\/2022\/06\/SINT-604-Introduccion-a-R-y-Uso-en-la-Analitica-de-Datos-66x66.png 66w, https:\/\/ucenfotec.ac.cr\/ecommerce\/wp-content\/uploads\/sites\/13\/2022\/06\/SINT-604-Introduccion-a-R-y-Uso-en-la-Analitica-de-Datos-100x100.png 100w, https:\/\/ucenfotec.ac.cr\/ecommerce\/wp-content\/uploads\/sites\/13\/2022\/06\/SINT-604-Introduccion-a-R-y-Uso-en-la-Analitica-de-Datos-150x150.png 150w, https:\/\/ucenfotec.ac.cr\/ecommerce\/wp-content\/uploads\/sites\/13\/2022\/06\/SINT-604-Introduccion-a-R-y-Uso-en-la-Analitica-de-Datos-200x200.png 200w, https:\/\/ucenfotec.ac.cr\/ecommerce\/wp-content\/uploads\/sites\/13\/2022\/06\/SINT-604-Introduccion-a-R-y-Uso-en-la-Analitica-de-Datos.png 300w\" data-sizes=\"auto\" data-orig-sizes=\"(max-width: 300px) 100vw, 300px\" \/><\/a><\/p>\n<hr \/>\n<\/div><\/div><\/div><\/div><\/div>\n","protected":false},"excerpt":{"rendered":"<p class=\"ai-optimize-24\"><span data-sheets-root=\"1\">Este curso introduce a la programaci\u00f3n en R y al an\u00e1lisis de datos mediante t\u00e9cnicas estad\u00edsticas, visualizaci\u00f3n interactiva y desarrollo de proyectos, fortaleciendo habilidades clave en manipulaci\u00f3n, modelado y presentaci\u00f3n de informaci\u00f3n.<\/span><\/p>\n","protected":false},"featured_media":55535,"template":"","meta":{"_relevanssi_hide_post":"","_relevanssi_hide_content":"","_relevanssi_pin_for_all":"","_relevanssi_pin_keywords":"","_relevanssi_unpin_keywords":"","_relevanssi_related_keywords":"","_relevanssi_related_include_ids":"","_relevanssi_related_exclude_ids":"","_relevanssi_related_no_append":"","_relevanssi_related_not_related":"","_relevanssi_related_posts":"","_relevanssi_noindex_reason":""},"product_brand":[],"product_cat":[145],"product_tag":[1072,1061,1091,1033,1991,2592,1070,967,1709,2452,964],"class_list":{"0":"post-54292","1":"product","2":"type-product","3":"status-publish","4":"has-post-thumbnail","6":"product_cat-sistemas-inteligentes","7":"product_tag-analisis-de-datos","8":"product_tag-analitica-de-datos","9":"product_tag-ciencia-de-datos","10":"product_tag-html","11":"product_tag-manipulacion-de-datos","12":"product_tag-medidas-de-resumen","13":"product_tag-programacion","14":"product_tag-r","15":"product_tag-regresion","16":"product_tag-storytelling","17":"product_tag-visualizacion-de-datos","19":"first","20":"instock","21":"sold-individually","22":"taxable","23":"shipping-taxable","24":"purchasable","25":"product-type-variable"},"yoast_head":"<!-- This site is optimized with the Yoast SEO Premium plugin v27.4 (Yoast SEO v27.4) - https:\/\/yoast.com\/product\/yoast-seo-premium-wordpress\/ -->\n<title>Introducci\u00f3n a R y Anal\u00edtica de Datos - Cursos - CENFOTEC<\/title>\n<meta name=\"description\" content=\"Curso inicial en R y t\u00e9cnicas de anal\u00edtica de datos para principiantes.Domine fundamentos de R y anal\u00edtica de datos mediante programaci\u00f3n, manipulaci\u00f3n, visualizaci\u00f3n y desarrollo de proyectos aplicados.\" \/>\n<meta name=\"robots\" content=\"index, follow, max-snippet:-1, max-image-preview:large, max-video-preview:-1\" \/>\n<link rel=\"canonical\" href=\"https:\/\/ucenfotec.ac.cr\/ecommerce\/producto\/introduccion-a-r-y-analitica-de-datos\/\" \/>\n<meta property=\"og:locale\" content=\"es_ES\" \/>\n<meta property=\"og:type\" content=\"article\" \/>\n<meta property=\"og:title\" content=\"Introducci\u00f3n a R y Anal\u00edtica de Datos\" \/>\n<meta property=\"og:description\" content=\"Curso inicial en R y t\u00e9cnicas de anal\u00edtica de datos para principiantes.Domine fundamentos de R y anal\u00edtica de datos mediante programaci\u00f3n, manipulaci\u00f3n, visualizaci\u00f3n y desarrollo de proyectos aplicados.\" \/>\n<meta property=\"og:url\" content=\"https:\/\/ucenfotec.ac.cr\/ecommerce\/producto\/introduccion-a-r-y-analitica-de-datos\/\" \/>\n<meta property=\"og:site_name\" content=\"Cursos - CENFOTEC\" \/>\n<meta property=\"article:modified_time\" content=\"2026-03-24T00:15:09+00:00\" \/>\n<meta property=\"og:image\" content=\"https:\/\/ucenfotec.ac.cr\/ecommerce\/wp-content\/uploads\/sites\/13\/2022\/06\/SINT-604.jpg\" \/>\n\t<meta property=\"og:image:width\" content=\"1920\" \/>\n\t<meta property=\"og:image:height\" content=\"1080\" \/>\n\t<meta property=\"og:image:type\" content=\"image\/jpeg\" \/>\n<meta name=\"twitter:card\" content=\"summary_large_image\" \/>\n<meta name=\"twitter:label1\" content=\"Tiempo de lectura\" \/>\n\t<meta name=\"twitter:data1\" content=\"1 minuto\" \/>\n<script type=\"application\/ld+json\" class=\"yoast-schema-graph\">{\"@context\":\"https:\\\/\\\/schema.org\",\"@graph\":[{\"@type\":\"WebPage\",\"@id\":\"https:\\\/\\\/ucenfotec.ac.cr\\\/ecommerce\\\/producto\\\/introduccion-a-r-y-analitica-de-datos\\\/\",\"url\":\"https:\\\/\\\/ucenfotec.ac.cr\\\/ecommerce\\\/producto\\\/introduccion-a-r-y-analitica-de-datos\\\/\",\"name\":\"Introducci\u00f3n a R y Anal\u00edtica de Datos - Cursos - CENFOTEC\",\"isPartOf\":{\"@id\":\"https:\\\/\\\/ucenfotec.ac.cr\\\/ecommerce\\\/#website\"},\"primaryImageOfPage\":{\"@id\":\"https:\\\/\\\/ucenfotec.ac.cr\\\/ecommerce\\\/producto\\\/introduccion-a-r-y-analitica-de-datos\\\/#primaryimage\"},\"image\":{\"@id\":\"https:\\\/\\\/ucenfotec.ac.cr\\\/ecommerce\\\/producto\\\/introduccion-a-r-y-analitica-de-datos\\\/#primaryimage\"},\"thumbnailUrl\":\"https:\\\/\\\/ucenfotec.ac.cr\\\/ecommerce\\\/wp-content\\\/uploads\\\/sites\\\/13\\\/2022\\\/06\\\/SINT-604.jpg\",\"datePublished\":\"2022-06-10T18:37:25+00:00\",\"dateModified\":\"2026-03-24T00:15:09+00:00\",\"description\":\"Curso inicial en R y t\u00e9cnicas de anal\u00edtica de datos para principiantes.Domine fundamentos de R y anal\u00edtica de datos mediante programaci\u00f3n, manipulaci\u00f3n, visualizaci\u00f3n y desarrollo de proyectos aplicados.\",\"breadcrumb\":{\"@id\":\"https:\\\/\\\/ucenfotec.ac.cr\\\/ecommerce\\\/producto\\\/introduccion-a-r-y-analitica-de-datos\\\/#breadcrumb\"},\"inLanguage\":\"es\",\"potentialAction\":[{\"@type\":\"ReadAction\",\"target\":[\"https:\\\/\\\/ucenfotec.ac.cr\\\/ecommerce\\\/producto\\\/introduccion-a-r-y-analitica-de-datos\\\/\"]}]},{\"@type\":\"ImageObject\",\"inLanguage\":\"es\",\"@id\":\"https:\\\/\\\/ucenfotec.ac.cr\\\/ecommerce\\\/producto\\\/introduccion-a-r-y-analitica-de-datos\\\/#primaryimage\",\"url\":\"https:\\\/\\\/ucenfotec.ac.cr\\\/ecommerce\\\/wp-content\\\/uploads\\\/sites\\\/13\\\/2022\\\/06\\\/SINT-604.jpg\",\"contentUrl\":\"https:\\\/\\\/ucenfotec.ac.cr\\\/ecommerce\\\/wp-content\\\/uploads\\\/sites\\\/13\\\/2022\\\/06\\\/SINT-604.jpg\",\"width\":1920,\"height\":1080},{\"@type\":\"BreadcrumbList\",\"@id\":\"https:\\\/\\\/ucenfotec.ac.cr\\\/ecommerce\\\/producto\\\/introduccion-a-r-y-analitica-de-datos\\\/#breadcrumb\",\"itemListElement\":[{\"@type\":\"ListItem\",\"position\":1,\"name\":\"Portada\",\"item\":\"https:\\\/\\\/ucenfotec.ac.cr\\\/ecommerce\\\/\"},{\"@type\":\"ListItem\",\"position\":2,\"name\":\"Todos los Cursos\",\"item\":\"https:\\\/\\\/ucenfotec.ac.cr\\\/ecommerce\\\/todos-los-cursos\\\/\"},{\"@type\":\"ListItem\",\"position\":3,\"name\":\"Introducci\u00f3n a R y Anal\u00edtica de Datos\"}]},{\"@type\":\"WebSite\",\"@id\":\"https:\\\/\\\/ucenfotec.ac.cr\\\/ecommerce\\\/#website\",\"url\":\"https:\\\/\\\/ucenfotec.ac.cr\\\/ecommerce\\\/\",\"name\":\"Cursos - CENFOTEC\",\"description\":\"Tienda en l\u00ednea de cursos ofrecidos por CENFOTEC\",\"potentialAction\":[{\"@type\":\"SearchAction\",\"target\":{\"@type\":\"EntryPoint\",\"urlTemplate\":\"https:\\\/\\\/ucenfotec.ac.cr\\\/ecommerce\\\/?s={search_term_string}\"},\"query-input\":{\"@type\":\"PropertyValueSpecification\",\"valueRequired\":true,\"valueName\":\"search_term_string\"}}],\"inLanguage\":\"es\"}]}<\/script>\n<!-- \/ Yoast SEO Premium plugin. -->","yoast_head_json":{"title":"Introducci\u00f3n a R y Anal\u00edtica de Datos - Cursos - CENFOTEC","description":"Curso inicial en R y t\u00e9cnicas de anal\u00edtica de datos para principiantes.Domine fundamentos de R y anal\u00edtica de datos mediante programaci\u00f3n, manipulaci\u00f3n, visualizaci\u00f3n y desarrollo de proyectos aplicados.","robots":{"index":"index","follow":"follow","max-snippet":"max-snippet:-1","max-image-preview":"max-image-preview:large","max-video-preview":"max-video-preview:-1"},"canonical":"https:\/\/ucenfotec.ac.cr\/ecommerce\/producto\/introduccion-a-r-y-analitica-de-datos\/","og_locale":"es_ES","og_type":"article","og_title":"Introducci\u00f3n a R y Anal\u00edtica de Datos","og_description":"Curso inicial en R y t\u00e9cnicas de anal\u00edtica de datos para principiantes.Domine fundamentos de R y anal\u00edtica de datos mediante programaci\u00f3n, manipulaci\u00f3n, visualizaci\u00f3n y desarrollo de proyectos aplicados.","og_url":"https:\/\/ucenfotec.ac.cr\/ecommerce\/producto\/introduccion-a-r-y-analitica-de-datos\/","og_site_name":"Cursos - CENFOTEC","article_modified_time":"2026-03-24T00:15:09+00:00","og_image":[{"width":1920,"height":1080,"url":"https:\/\/ucenfotec.ac.cr\/ecommerce\/wp-content\/uploads\/sites\/13\/2022\/06\/SINT-604.jpg","type":"image\/jpeg"}],"twitter_card":"summary_large_image","twitter_misc":{"Tiempo de lectura":"1 minuto"},"schema":{"@context":"https:\/\/schema.org","@graph":[{"@type":"WebPage","@id":"https:\/\/ucenfotec.ac.cr\/ecommerce\/producto\/introduccion-a-r-y-analitica-de-datos\/","url":"https:\/\/ucenfotec.ac.cr\/ecommerce\/producto\/introduccion-a-r-y-analitica-de-datos\/","name":"Introducci\u00f3n a R y Anal\u00edtica de Datos - Cursos - CENFOTEC","isPartOf":{"@id":"https:\/\/ucenfotec.ac.cr\/ecommerce\/#website"},"primaryImageOfPage":{"@id":"https:\/\/ucenfotec.ac.cr\/ecommerce\/producto\/introduccion-a-r-y-analitica-de-datos\/#primaryimage"},"image":{"@id":"https:\/\/ucenfotec.ac.cr\/ecommerce\/producto\/introduccion-a-r-y-analitica-de-datos\/#primaryimage"},"thumbnailUrl":"https:\/\/ucenfotec.ac.cr\/ecommerce\/wp-content\/uploads\/sites\/13\/2022\/06\/SINT-604.jpg","datePublished":"2022-06-10T18:37:25+00:00","dateModified":"2026-03-24T00:15:09+00:00","description":"Curso inicial en R y t\u00e9cnicas de anal\u00edtica de datos para principiantes.Domine fundamentos de R y anal\u00edtica de datos mediante programaci\u00f3n, manipulaci\u00f3n, visualizaci\u00f3n y desarrollo de proyectos aplicados.","breadcrumb":{"@id":"https:\/\/ucenfotec.ac.cr\/ecommerce\/producto\/introduccion-a-r-y-analitica-de-datos\/#breadcrumb"},"inLanguage":"es","potentialAction":[{"@type":"ReadAction","target":["https:\/\/ucenfotec.ac.cr\/ecommerce\/producto\/introduccion-a-r-y-analitica-de-datos\/"]}]},{"@type":"ImageObject","inLanguage":"es","@id":"https:\/\/ucenfotec.ac.cr\/ecommerce\/producto\/introduccion-a-r-y-analitica-de-datos\/#primaryimage","url":"https:\/\/ucenfotec.ac.cr\/ecommerce\/wp-content\/uploads\/sites\/13\/2022\/06\/SINT-604.jpg","contentUrl":"https:\/\/ucenfotec.ac.cr\/ecommerce\/wp-content\/uploads\/sites\/13\/2022\/06\/SINT-604.jpg","width":1920,"height":1080},{"@type":"BreadcrumbList","@id":"https:\/\/ucenfotec.ac.cr\/ecommerce\/producto\/introduccion-a-r-y-analitica-de-datos\/#breadcrumb","itemListElement":[{"@type":"ListItem","position":1,"name":"Portada","item":"https:\/\/ucenfotec.ac.cr\/ecommerce\/"},{"@type":"ListItem","position":2,"name":"Todos los Cursos","item":"https:\/\/ucenfotec.ac.cr\/ecommerce\/todos-los-cursos\/"},{"@type":"ListItem","position":3,"name":"Introducci\u00f3n a R y Anal\u00edtica de Datos"}]},{"@type":"WebSite","@id":"https:\/\/ucenfotec.ac.cr\/ecommerce\/#website","url":"https:\/\/ucenfotec.ac.cr\/ecommerce\/","name":"Cursos - CENFOTEC","description":"Tienda en l\u00ednea de cursos ofrecidos por CENFOTEC","potentialAction":[{"@type":"SearchAction","target":{"@type":"EntryPoint","urlTemplate":"https:\/\/ucenfotec.ac.cr\/ecommerce\/?s={search_term_string}"},"query-input":{"@type":"PropertyValueSpecification","valueRequired":true,"valueName":"search_term_string"}}],"inLanguage":"es"}]}},"_links":{"self":[{"href":"https:\/\/ucenfotec.ac.cr\/ecommerce\/wp-json\/wp\/v2\/product\/54292","targetHints":{"allow":["GET"]}}],"collection":[{"href":"https:\/\/ucenfotec.ac.cr\/ecommerce\/wp-json\/wp\/v2\/product"}],"about":[{"href":"https:\/\/ucenfotec.ac.cr\/ecommerce\/wp-json\/wp\/v2\/types\/product"}],"wp:featuredmedia":[{"embeddable":true,"href":"https:\/\/ucenfotec.ac.cr\/ecommerce\/wp-json\/wp\/v2\/media\/55535"}],"wp:attachment":[{"href":"https:\/\/ucenfotec.ac.cr\/ecommerce\/wp-json\/wp\/v2\/media?parent=54292"}],"wp:term":[{"taxonomy":"product_brand","embeddable":true,"href":"https:\/\/ucenfotec.ac.cr\/ecommerce\/wp-json\/wp\/v2\/product_brand?post=54292"},{"taxonomy":"product_cat","embeddable":true,"href":"https:\/\/ucenfotec.ac.cr\/ecommerce\/wp-json\/wp\/v2\/product_cat?post=54292"},{"taxonomy":"product_tag","embeddable":true,"href":"https:\/\/ucenfotec.ac.cr\/ecommerce\/wp-json\/wp\/v2\/product_tag?post=54292"}],"curies":[{"name":"wp","href":"https:\/\/api.w.org\/{rel}","templated":true}]}}