{"id":67303,"date":"2022-12-19T17:59:49","date_gmt":"2022-12-19T23:59:49","guid":{"rendered":"https:\/\/ucenfotec.ac.cr\/ecommerce\/?post_type=product&#038;p=67303"},"modified":"2026-04-13T11:49:44","modified_gmt":"2026-04-13T17:49:44","slug":"lean-six-sigma-green-belt-con-examen-de-certificacion","status":"publish","type":"product","link":"https:\/\/ucenfotec.ac.cr\/ecommerce\/producto\/lean-six-sigma-green-belt-con-examen-de-certificacion\/","title":{"rendered":"Lean Six Sigma Green Belt &#8211; Con Examen de Certificaci\u00f3n"},"content":{"rendered":"<div class=\"fusion-fullwidth fullwidth-box fusion-builder-row-1 fusion-flex-container nonhundred-percent-fullwidth non-hundred-percent-height-scrolling\" style=\"--awb-border-radius-top-left:0px;--awb-border-radius-top-right:0px;--awb-border-radius-bottom-right:0px;--awb-border-radius-bottom-left:0px;--awb-flex-wrap:wrap;\" ><div class=\"fusion-builder-row fusion-row fusion-flex-align-items-flex-start fusion-flex-content-wrap\" style=\"max-width:1216.8px;margin-left: calc(-4% \/ 2 );margin-right: calc(-4% \/ 2 );\"><div class=\"fusion-layout-column fusion_builder_column fusion-builder-column-0 fusion_builder_column_1_1 1_1 fusion-flex-column\" style=\"--awb-bg-size:cover;--awb-width-large:100%;--awb-margin-top-large:0px;--awb-spacing-right-large:1.92%;--awb-margin-bottom-large:0px;--awb-spacing-left-large:1.92%;--awb-width-medium:100%;--awb-spacing-right-medium:1.92%;--awb-spacing-left-medium:1.92%;--awb-width-small:100%;--awb-spacing-right-small:1.92%;--awb-spacing-left-small:1.92%;\"><div class=\"fusion-column-wrapper fusion-flex-justify-content-flex-start fusion-content-layout-column\"><div class=\"fusion-text fusion-text-1\"><p><span data-sheets-root=\"1\">Lean Six Sigma Green Belt es una certificaci\u00f3n profesional para personas que han adquirido conocimientos y habilidades en la mejora de procesos de calidad. Las personas con esta certificaci\u00f3n pueden aplicar la metodolog\u00eda Lean Six Sigma para identificar y resolver problemas que permitan contribuir a la mejora continua en una organizaci\u00f3n.<br \/>\n<\/span><\/p>\n<p><span data-sheets-root=\"1\">Este curso abarca tem\u00e1ticas como procesos de calidad con six sigma, medici\u00f3n y estad\u00edstica, pruebas de hip\u00f3tesis y an\u00e1lisis, planes de mejora y mecanismos de control. <\/span><\/p>\n<p><span data-sheets-root=\"1\">El curso est\u00e1 dise\u00f1ado por competencias y alineado con el marco de habilidades SFIA 8, por lo que se propone que los estudiantes logren responder a un nivel de habilidad 3 en el de Mejora de Procesos de Negocio (BPRE), de manera que utilicen herramientas para el an\u00e1lisis y el dise\u00f1o de procesos de negocio, identifiquen e implementen mejoras en los modelos comerciales, las operaciones y los servicios con procesos mejorados y ejecuten tareas de gesti\u00f3n de procesos de negocios empresariales para aumentar la agilidad organizacional.<\/span><\/p>\n<hr \/>\n<p><strong>Contenidos<\/strong><\/p>\n<p><span data-sheets-root=\"1\">1. Calidad.<br \/>\n2. Medici\u00f3n.<br \/>\n3. An\u00e1lisis.<br \/>\n4. Mejora.<br \/>\n5. Control.<\/span><\/p>\n<hr \/>\n<p><strong>Certificaci\u00f3n<\/strong><\/p>\n<p><strong>Casa certificadora:<\/strong> <span data-sheets-root=\"1\">Certiprof<\/span><br \/>\n<strong>Nombre de la certificaci\u00f3n:<\/strong> <span data-sheets-root=\"1\">Lean Six Sigma Green Belt Professional Certification &#8211; LSSGBPC\u2122<\/span><\/p>\n<hr \/>\n<p><strong>Certificado e Insignia Digital<\/strong><\/p>\n<p>Al finalizar el curso el estudiante obtiene un t\u00edtulo e Insignia digital, socializable en tiempo real basada en tecnolog\u00eda blockchain que permite una vista m\u00e1s completa tras el logro alcanzado por el estudiante al poderla vincular con evidencias del resultado del aprendizaje en su perfil profesional. Es una certificaci\u00f3n segura.<\/p>\n<p><a href=\"https:\/\/ucenfotec.ac.cr\/ecommerce\/wp-content\/uploads\/sites\/13\/2022\/12\/SINF-675-E-Lean-Six-Sigma-Green-Belt-con-Examen-de-Certificacion.png\"><img decoding=\"async\" class=\"lazyload aligncenter size-full wp-image-175599\" src=\"https:\/\/ucenfotec.ac.cr\/ecommerce\/wp-content\/uploads\/sites\/13\/2022\/12\/SINF-675-E-Lean-Six-Sigma-Green-Belt-con-Examen-de-Certificacion.png\" data-orig-src=\"https:\/\/ucenfotec.ac.cr\/ecommerce\/wp-content\/uploads\/sites\/13\/2022\/12\/SINF-675-E-Lean-Six-Sigma-Green-Belt-con-Examen-de-Certificacion.png\" alt=\"SINF-675-E-Lean Six Sigma Green Belt con Examen de Certificacion - Universidad CENFOTEC\" width=\"300\" height=\"300\" srcset=\"data:image\/svg+xml,%3Csvg%20xmlns%3D%27http%3A%2F%2Fwww.w3.org%2F2000%2Fsvg%27%20width%3D%27300%27%20height%3D%27300%27%20viewBox%3D%270%200%20300%20300%27%3E%3Crect%20width%3D%27300%27%20height%3D%27300%27%20fill-opacity%3D%220%22%2F%3E%3C%2Fsvg%3E\" data-srcset=\"https:\/\/ucenfotec.ac.cr\/ecommerce\/wp-content\/uploads\/sites\/13\/2022\/12\/SINF-675-E-Lean-Six-Sigma-Green-Belt-con-Examen-de-Certificacion-66x66.png 66w, https:\/\/ucenfotec.ac.cr\/ecommerce\/wp-content\/uploads\/sites\/13\/2022\/12\/SINF-675-E-Lean-Six-Sigma-Green-Belt-con-Examen-de-Certificacion-100x100.png 100w, https:\/\/ucenfotec.ac.cr\/ecommerce\/wp-content\/uploads\/sites\/13\/2022\/12\/SINF-675-E-Lean-Six-Sigma-Green-Belt-con-Examen-de-Certificacion-150x150.png 150w, https:\/\/ucenfotec.ac.cr\/ecommerce\/wp-content\/uploads\/sites\/13\/2022\/12\/SINF-675-E-Lean-Six-Sigma-Green-Belt-con-Examen-de-Certificacion-200x200.png 200w, https:\/\/ucenfotec.ac.cr\/ecommerce\/wp-content\/uploads\/sites\/13\/2022\/12\/SINF-675-E-Lean-Six-Sigma-Green-Belt-con-Examen-de-Certificacion.png 300w\" data-sizes=\"auto\" data-orig-sizes=\"(max-width: 300px) 100vw, 300px\" \/><\/a><\/p>\n<\/div><\/div><\/div><\/div><\/div>\n","protected":false},"excerpt":{"rendered":"<p class=\"ai-optimize-24\"><span data-sheets-root=\"1\">El curso Lean Six Sigma Green Belt con examen de certificaci\u00f3n est\u00e1 dise\u00f1ado para aplicar la metodolog\u00eda Lean Six Sigma, contribuyendo a la mejora continua mediante el an\u00e1lisis y resoluci\u00f3n de problemas de calidad.<\/span><\/p>\n","protected":false},"featured_media":64995,"template":"","meta":{"_relevanssi_hide_post":"on","_relevanssi_hide_content":"on","_relevanssi_pin_for_all":"","_relevanssi_pin_keywords":"","_relevanssi_unpin_keywords":"","_relevanssi_related_keywords":"","_relevanssi_related_include_ids":"","_relevanssi_related_exclude_ids":"","_relevanssi_related_no_append":"","_relevanssi_related_not_related":"","_relevanssi_related_posts":"","_relevanssi_noindex_reason":"WooCommerce Yoast SEO Relevanssi index exclude"},"product_brand":[],"product_cat":[1087,651],"product_tag":[1144,1324,1321,1320,1318,1322,1323,1319],"class_list":{"0":"post-67303","1":"product","2":"type-product","3":"status-publish","4":"has-post-thumbnail","6":"product_cat-agotado","7":"product_cat-sistemas-de-informacion","8":"product_tag-analisis","9":"product_tag-control","10":"product_tag-definir","11":"product_tag-dmaic","12":"product_tag-lean","13":"product_tag-medicion","14":"product_tag-mejora","15":"product_tag-six-sigma","17":"first","18":"outofstock","19":"sold-individually","20":"taxable","21":"shipping-taxable","22":"product-type-variable"},"yoast_head":"<!-- This site is optimized with the Yoast SEO Premium plugin v27.4 (Yoast SEO v27.4) - https:\/\/yoast.com\/product\/yoast-seo-premium-wordpress\/ -->\n<title>Lean Six Sigma Green Belt - Universidad Cenfotec<\/title>\n<meta name=\"description\" content=\"Curso que incluye examen de certificaci\u00f3n para obtener el nivel Green Belt en Lean Six Sigma.\" \/>\n<meta name=\"robots\" content=\"index, follow, max-snippet:-1, max-image-preview:large, max-video-preview:-1\" \/>\n<link rel=\"canonical\" href=\"https:\/\/ucenfotec.ac.cr\/ecommerce\/producto\/lean-six-sigma-green-belt-con-examen-de-certificacion\/\" \/>\n<meta property=\"og:locale\" content=\"es_ES\" \/>\n<meta property=\"og:type\" content=\"article\" \/>\n<meta property=\"og:title\" content=\"Lean Six Sigma Green Belt - Con Examen de Certificaci\u00f3n\" \/>\n<meta property=\"og:description\" content=\"Curso que incluye examen de certificaci\u00f3n para obtener el nivel Green Belt en Lean Six Sigma.\" \/>\n<meta property=\"og:url\" content=\"https:\/\/ucenfotec.ac.cr\/ecommerce\/producto\/lean-six-sigma-green-belt-con-examen-de-certificacion\/\" \/>\n<meta property=\"og:site_name\" content=\"Cursos - CENFOTEC\" \/>\n<meta property=\"article:modified_time\" content=\"2026-04-13T17:49:44+00:00\" \/>\n<meta property=\"og:image\" content=\"https:\/\/ucenfotec.ac.cr\/ecommerce\/wp-content\/uploads\/sites\/13\/2022\/10\/SINF-675.jpg\" \/>\n\t<meta property=\"og:image:width\" content=\"1920\" \/>\n\t<meta property=\"og:image:height\" content=\"1080\" \/>\n\t<meta property=\"og:image:type\" content=\"image\/jpeg\" \/>\n<meta name=\"twitter:card\" content=\"summary_large_image\" \/>\n<meta name=\"twitter:label1\" content=\"Tiempo de lectura\" \/>\n\t<meta name=\"twitter:data1\" content=\"1 minuto\" \/>\n<script type=\"application\/ld+json\" class=\"yoast-schema-graph\">{\"@context\":\"https:\\\/\\\/schema.org\",\"@graph\":[{\"@type\":\"WebPage\",\"@id\":\"https:\\\/\\\/ucenfotec.ac.cr\\\/ecommerce\\\/producto\\\/lean-six-sigma-green-belt-con-examen-de-certificacion\\\/\",\"url\":\"https:\\\/\\\/ucenfotec.ac.cr\\\/ecommerce\\\/producto\\\/lean-six-sigma-green-belt-con-examen-de-certificacion\\\/\",\"name\":\"Lean Six Sigma Green Belt - Universidad Cenfotec\",\"isPartOf\":{\"@id\":\"https:\\\/\\\/ucenfotec.ac.cr\\\/ecommerce\\\/#website\"},\"primaryImageOfPage\":{\"@id\":\"https:\\\/\\\/ucenfotec.ac.cr\\\/ecommerce\\\/producto\\\/lean-six-sigma-green-belt-con-examen-de-certificacion\\\/#primaryimage\"},\"image\":{\"@id\":\"https:\\\/\\\/ucenfotec.ac.cr\\\/ecommerce\\\/producto\\\/lean-six-sigma-green-belt-con-examen-de-certificacion\\\/#primaryimage\"},\"thumbnailUrl\":\"https:\\\/\\\/ucenfotec.ac.cr\\\/ecommerce\\\/wp-content\\\/uploads\\\/sites\\\/13\\\/2022\\\/10\\\/SINF-675.jpg\",\"datePublished\":\"2022-12-19T23:59:49+00:00\",\"dateModified\":\"2026-04-13T17:49:44+00:00\",\"description\":\"Curso que incluye examen de certificaci\u00f3n para obtener el nivel Green Belt en Lean Six Sigma.\",\"breadcrumb\":{\"@id\":\"https:\\\/\\\/ucenfotec.ac.cr\\\/ecommerce\\\/producto\\\/lean-six-sigma-green-belt-con-examen-de-certificacion\\\/#breadcrumb\"},\"inLanguage\":\"es\",\"potentialAction\":[{\"@type\":\"ReadAction\",\"target\":[\"https:\\\/\\\/ucenfotec.ac.cr\\\/ecommerce\\\/producto\\\/lean-six-sigma-green-belt-con-examen-de-certificacion\\\/\"]}]},{\"@type\":\"ImageObject\",\"inLanguage\":\"es\",\"@id\":\"https:\\\/\\\/ucenfotec.ac.cr\\\/ecommerce\\\/producto\\\/lean-six-sigma-green-belt-con-examen-de-certificacion\\\/#primaryimage\",\"url\":\"https:\\\/\\\/ucenfotec.ac.cr\\\/ecommerce\\\/wp-content\\\/uploads\\\/sites\\\/13\\\/2022\\\/10\\\/SINF-675.jpg\",\"contentUrl\":\"https:\\\/\\\/ucenfotec.ac.cr\\\/ecommerce\\\/wp-content\\\/uploads\\\/sites\\\/13\\\/2022\\\/10\\\/SINF-675.jpg\",\"width\":1920,\"height\":1080,\"caption\":\"Lean Six Sigma Green Belt\"},{\"@type\":\"BreadcrumbList\",\"@id\":\"https:\\\/\\\/ucenfotec.ac.cr\\\/ecommerce\\\/producto\\\/lean-six-sigma-green-belt-con-examen-de-certificacion\\\/#breadcrumb\",\"itemListElement\":[{\"@type\":\"ListItem\",\"position\":1,\"name\":\"Portada\",\"item\":\"https:\\\/\\\/ucenfotec.ac.cr\\\/ecommerce\\\/\"},{\"@type\":\"ListItem\",\"position\":2,\"name\":\"Todos los Cursos\",\"item\":\"https:\\\/\\\/ucenfotec.ac.cr\\\/ecommerce\\\/todos-los-cursos\\\/\"},{\"@type\":\"ListItem\",\"position\":3,\"name\":\"Lean Six Sigma Green Belt &#8211; Con Examen de Certificaci\u00f3n\"}]},{\"@type\":\"WebSite\",\"@id\":\"https:\\\/\\\/ucenfotec.ac.cr\\\/ecommerce\\\/#website\",\"url\":\"https:\\\/\\\/ucenfotec.ac.cr\\\/ecommerce\\\/\",\"name\":\"Cursos - CENFOTEC\",\"description\":\"Tienda en l\u00ednea de cursos ofrecidos por CENFOTEC\",\"potentialAction\":[{\"@type\":\"SearchAction\",\"target\":{\"@type\":\"EntryPoint\",\"urlTemplate\":\"https:\\\/\\\/ucenfotec.ac.cr\\\/ecommerce\\\/?s={search_term_string}\"},\"query-input\":{\"@type\":\"PropertyValueSpecification\",\"valueRequired\":true,\"valueName\":\"search_term_string\"}}],\"inLanguage\":\"es\"}]}<\/script>\n<!-- \/ Yoast SEO Premium plugin. -->","yoast_head_json":{"title":"Lean Six Sigma Green Belt - Universidad Cenfotec","description":"Curso que incluye examen de certificaci\u00f3n para obtener el nivel Green Belt en Lean Six Sigma.","robots":{"index":"index","follow":"follow","max-snippet":"max-snippet:-1","max-image-preview":"max-image-preview:large","max-video-preview":"max-video-preview:-1"},"canonical":"https:\/\/ucenfotec.ac.cr\/ecommerce\/producto\/lean-six-sigma-green-belt-con-examen-de-certificacion\/","og_locale":"es_ES","og_type":"article","og_title":"Lean Six Sigma Green Belt - Con Examen de Certificaci\u00f3n","og_description":"Curso que incluye examen de certificaci\u00f3n para obtener el nivel Green Belt en Lean Six Sigma.","og_url":"https:\/\/ucenfotec.ac.cr\/ecommerce\/producto\/lean-six-sigma-green-belt-con-examen-de-certificacion\/","og_site_name":"Cursos - CENFOTEC","article_modified_time":"2026-04-13T17:49:44+00:00","og_image":[{"width":1920,"height":1080,"url":"https:\/\/ucenfotec.ac.cr\/ecommerce\/wp-content\/uploads\/sites\/13\/2022\/10\/SINF-675.jpg","type":"image\/jpeg"}],"twitter_card":"summary_large_image","twitter_misc":{"Tiempo de lectura":"1 minuto"},"schema":{"@context":"https:\/\/schema.org","@graph":[{"@type":"WebPage","@id":"https:\/\/ucenfotec.ac.cr\/ecommerce\/producto\/lean-six-sigma-green-belt-con-examen-de-certificacion\/","url":"https:\/\/ucenfotec.ac.cr\/ecommerce\/producto\/lean-six-sigma-green-belt-con-examen-de-certificacion\/","name":"Lean Six Sigma Green Belt - Universidad Cenfotec","isPartOf":{"@id":"https:\/\/ucenfotec.ac.cr\/ecommerce\/#website"},"primaryImageOfPage":{"@id":"https:\/\/ucenfotec.ac.cr\/ecommerce\/producto\/lean-six-sigma-green-belt-con-examen-de-certificacion\/#primaryimage"},"image":{"@id":"https:\/\/ucenfotec.ac.cr\/ecommerce\/producto\/lean-six-sigma-green-belt-con-examen-de-certificacion\/#primaryimage"},"thumbnailUrl":"https:\/\/ucenfotec.ac.cr\/ecommerce\/wp-content\/uploads\/sites\/13\/2022\/10\/SINF-675.jpg","datePublished":"2022-12-19T23:59:49+00:00","dateModified":"2026-04-13T17:49:44+00:00","description":"Curso que incluye examen de certificaci\u00f3n para obtener el nivel Green Belt en Lean Six Sigma.","breadcrumb":{"@id":"https:\/\/ucenfotec.ac.cr\/ecommerce\/producto\/lean-six-sigma-green-belt-con-examen-de-certificacion\/#breadcrumb"},"inLanguage":"es","potentialAction":[{"@type":"ReadAction","target":["https:\/\/ucenfotec.ac.cr\/ecommerce\/producto\/lean-six-sigma-green-belt-con-examen-de-certificacion\/"]}]},{"@type":"ImageObject","inLanguage":"es","@id":"https:\/\/ucenfotec.ac.cr\/ecommerce\/producto\/lean-six-sigma-green-belt-con-examen-de-certificacion\/#primaryimage","url":"https:\/\/ucenfotec.ac.cr\/ecommerce\/wp-content\/uploads\/sites\/13\/2022\/10\/SINF-675.jpg","contentUrl":"https:\/\/ucenfotec.ac.cr\/ecommerce\/wp-content\/uploads\/sites\/13\/2022\/10\/SINF-675.jpg","width":1920,"height":1080,"caption":"Lean Six Sigma Green Belt"},{"@type":"BreadcrumbList","@id":"https:\/\/ucenfotec.ac.cr\/ecommerce\/producto\/lean-six-sigma-green-belt-con-examen-de-certificacion\/#breadcrumb","itemListElement":[{"@type":"ListItem","position":1,"name":"Portada","item":"https:\/\/ucenfotec.ac.cr\/ecommerce\/"},{"@type":"ListItem","position":2,"name":"Todos los Cursos","item":"https:\/\/ucenfotec.ac.cr\/ecommerce\/todos-los-cursos\/"},{"@type":"ListItem","position":3,"name":"Lean Six Sigma Green Belt &#8211; Con Examen de Certificaci\u00f3n"}]},{"@type":"WebSite","@id":"https:\/\/ucenfotec.ac.cr\/ecommerce\/#website","url":"https:\/\/ucenfotec.ac.cr\/ecommerce\/","name":"Cursos - CENFOTEC","description":"Tienda en l\u00ednea de cursos ofrecidos por CENFOTEC","potentialAction":[{"@type":"SearchAction","target":{"@type":"EntryPoint","urlTemplate":"https:\/\/ucenfotec.ac.cr\/ecommerce\/?s={search_term_string}"},"query-input":{"@type":"PropertyValueSpecification","valueRequired":true,"valueName":"search_term_string"}}],"inLanguage":"es"}]}},"_links":{"self":[{"href":"https:\/\/ucenfotec.ac.cr\/ecommerce\/wp-json\/wp\/v2\/product\/67303","targetHints":{"allow":["GET"]}}],"collection":[{"href":"https:\/\/ucenfotec.ac.cr\/ecommerce\/wp-json\/wp\/v2\/product"}],"about":[{"href":"https:\/\/ucenfotec.ac.cr\/ecommerce\/wp-json\/wp\/v2\/types\/product"}],"wp:featuredmedia":[{"embeddable":true,"href":"https:\/\/ucenfotec.ac.cr\/ecommerce\/wp-json\/wp\/v2\/media\/64995"}],"wp:attachment":[{"href":"https:\/\/ucenfotec.ac.cr\/ecommerce\/wp-json\/wp\/v2\/media?parent=67303"}],"wp:term":[{"taxonomy":"product_brand","embeddable":true,"href":"https:\/\/ucenfotec.ac.cr\/ecommerce\/wp-json\/wp\/v2\/product_brand?post=67303"},{"taxonomy":"product_cat","embeddable":true,"href":"https:\/\/ucenfotec.ac.cr\/ecommerce\/wp-json\/wp\/v2\/product_cat?post=67303"},{"taxonomy":"product_tag","embeddable":true,"href":"https:\/\/ucenfotec.ac.cr\/ecommerce\/wp-json\/wp\/v2\/product_tag?post=67303"}],"curies":[{"name":"wp","href":"https:\/\/api.w.org\/{rel}","templated":true}]}}