{"id":67311,"date":"2022-12-19T18:39:07","date_gmt":"2022-12-20T00:39:07","guid":{"rendered":"https:\/\/ucenfotec.ac.cr\/ecommerce\/?post_type=product&#038;p=67311"},"modified":"2026-05-11T13:45:46","modified_gmt":"2026-05-11T19:45:46","slug":"ingeniero-de-seguridad-en-aplicaciones-net-con-examen-de-certificacion","status":"publish","type":"product","link":"https:\/\/ucenfotec.ac.cr\/ecommerce\/producto\/ingeniero-de-seguridad-en-aplicaciones-net-con-examen-de-certificacion\/","title":{"rendered":"Ingeniero de seguridad en aplicaciones .NET &#8211; Con Examen de Certificaci\u00f3n"},"content":{"rendered":"<div class=\"fusion-fullwidth fullwidth-box fusion-builder-row-1 fusion-flex-container nonhundred-percent-fullwidth non-hundred-percent-height-scrolling\" style=\"--awb-border-radius-top-left:0px;--awb-border-radius-top-right:0px;--awb-border-radius-bottom-right:0px;--awb-border-radius-bottom-left:0px;--awb-flex-wrap:wrap;\" ><div class=\"fusion-builder-row fusion-row fusion-flex-align-items-flex-start fusion-flex-content-wrap\" style=\"max-width:1216.8px;margin-left: calc(-4% \/ 2 );margin-right: calc(-4% \/ 2 );\"><div class=\"fusion-layout-column fusion_builder_column fusion-builder-column-0 fusion_builder_column_1_1 1_1 fusion-flex-column\" style=\"--awb-bg-size:cover;--awb-width-large:100%;--awb-margin-top-large:0px;--awb-spacing-right-large:1.92%;--awb-margin-bottom-large:0px;--awb-spacing-left-large:1.92%;--awb-width-medium:100%;--awb-spacing-right-medium:1.92%;--awb-spacing-left-medium:1.92%;--awb-width-small:100%;--awb-spacing-right-small:1.92%;--awb-spacing-left-small:1.92%;\"><div class=\"fusion-column-wrapper fusion-flex-justify-content-flex-start fusion-content-layout-column\"><div class=\"fusion-text fusion-text-1\"><p>El curso pretende desarrollar destrezas y conocimiento cr\u00edtico en los desarrolladores de software en .NET para la implementaci\u00f3n de metodolog\u00edas y pr\u00e1cticas seguras para mejorar la seguridad de las aplicaciones en los ambientes operativos inseguros de la actualidad.<\/p>\n<hr \/>\n<p><strong>Contenidos<\/strong><\/p>\n<p>1. Comprensi\u00f3n de aplicaciones seguras, amenazas y ataques.<\/p>\n<p>2. Recolecci\u00f3n de requerimientos de seguridad.<\/p>\n<p>3. Dise\u00f1o y arquitectura de aplicaciones seguras.<\/p>\n<p>4. Pr\u00e1cticas de codificaci\u00f3n segura para validaci\u00f3n de entradas.<\/p>\n<p>5. Pr\u00e1cticas de codificaci\u00f3n segura para autenticaci\u00f3n y autorizaci\u00f3n.<\/p>\n<p>6. Pr\u00e1cticas de codificaci\u00f3n segura para criptograf\u00eda.<\/p>\n<p>7. Pr\u00e1cticas de codificaci\u00f3n segura para gesti\u00f3n de sesiones.<\/p>\n<p>8. Pr\u00e1cticas de codificaci\u00f3n segura para manejo de errores.<\/p>\n<p>9. Pruebas de seguridad de aplicaciones est\u00e1ticas y din\u00e1micas.<\/p>\n<p>10. Implementaci\u00f3n y mantenimiento seguros.<\/p>\n<hr \/>\n<p><strong>Certificado e Insignia Digital<\/strong><\/p>\n<p>Al finalizar el curso el estudiante obtiene un t\u00edtulo e Insignia digital, socializable en tiempo real basada en tecnolog\u00eda blockchain que permite una vista m\u00e1s completa tras el logro alcanzado por el estudiante al poderla vincular con evidencias del resultado del aprendizaje en su perfil profesional. Es una certificaci\u00f3n segura.<\/p>\n<p><img decoding=\"async\" class=\"lazyload aligncenter size-full wp-image-63561\" src=\"https:\/\/ucenfotec.ac.cr\/ecommerce\/wp-content\/uploads\/sites\/13\/2022\/10\/CIB-916.png\" data-orig-src=\"https:\/\/ucenfotec.ac.cr\/ecommerce\/wp-content\/uploads\/sites\/13\/2022\/10\/CIB-916.png\" alt=\"Ingeniero de seguridad en aplicaciones .NET\" width=\"300\" height=\"300\" srcset=\"data:image\/svg+xml,%3Csvg%20xmlns%3D%27http%3A%2F%2Fwww.w3.org%2F2000%2Fsvg%27%20width%3D%27300%27%20height%3D%27300%27%20viewBox%3D%270%200%20300%20300%27%3E%3Crect%20width%3D%27300%27%20height%3D%27300%27%20fill-opacity%3D%220%22%2F%3E%3C%2Fsvg%3E\" data-srcset=\"https:\/\/ucenfotec.ac.cr\/ecommerce\/wp-content\/uploads\/sites\/13\/2022\/10\/CIB-916-66x66.png 66w, https:\/\/ucenfotec.ac.cr\/ecommerce\/wp-content\/uploads\/sites\/13\/2022\/10\/CIB-916-100x100.png 100w, https:\/\/ucenfotec.ac.cr\/ecommerce\/wp-content\/uploads\/sites\/13\/2022\/10\/CIB-916-150x150.png 150w, https:\/\/ucenfotec.ac.cr\/ecommerce\/wp-content\/uploads\/sites\/13\/2022\/10\/CIB-916-200x200.png 200w, https:\/\/ucenfotec.ac.cr\/ecommerce\/wp-content\/uploads\/sites\/13\/2022\/10\/CIB-916.png 300w\" data-sizes=\"auto\" data-orig-sizes=\"(max-width: 300px) 100vw, 300px\" \/><\/p>\n<hr \/>\n<\/div><\/div><\/div><\/div><\/div>\n","protected":false},"excerpt":{"rendered":"<p><span data-sheets-root=\"1\">Curso con examen en seguridad de aplicaciones .NET, abordando dise\u00f1o, pr\u00e1cticas de codificaci\u00f3n y pruebas de seguridad.<\/span><\/p>\n<p>&nbsp;<\/p>\n","protected":false},"featured_media":59452,"template":"","meta":{"_relevanssi_hide_post":"","_relevanssi_hide_content":"","_relevanssi_pin_for_all":"","_relevanssi_pin_keywords":"","_relevanssi_unpin_keywords":"","_relevanssi_related_keywords":"","_relevanssi_related_include_ids":"","_relevanssi_related_exclude_ids":"","_relevanssi_related_no_append":"","_relevanssi_related_not_related":"","_relevanssi_related_posts":"","_relevanssi_noindex_reason":""},"product_brand":[],"product_cat":[655],"product_tag":[766],"class_list":{"0":"post-67311","1":"product","2":"type-product","3":"status-publish","4":"has-post-thumbnail","6":"product_cat-ciberseguridad","7":"product_tag-seguridad-de-aplicaciones-net","9":"first","10":"instock","11":"virtual","12":"sold-individually","13":"taxable","14":"purchasable","15":"product-type-simple"},"yoast_head":"<!-- This site is optimized with the Yoast SEO Premium plugin v27.4 (Yoast SEO v27.4) - https:\/\/yoast.com\/product\/yoast-seo-premium-wordpress\/ -->\n<title>Ingeniero de seguridad en aplicaciones .NET - Con Examen de Certificaci\u00f3n - Cursos - CENFOTEC<\/title>\n<meta name=\"description\" content=\"Curso que incluye examen de certificaci\u00f3n para ingenieros de seguridad en aplicaciones .NET.\" \/>\n<meta name=\"robots\" content=\"index, follow, max-snippet:-1, max-image-preview:large, max-video-preview:-1\" \/>\n<link rel=\"canonical\" href=\"https:\/\/ucenfotec.ac.cr\/ecommerce\/producto\/ingeniero-de-seguridad-en-aplicaciones-net-con-examen-de-certificacion\/\" \/>\n<meta property=\"og:locale\" content=\"es_ES\" \/>\n<meta property=\"og:type\" content=\"article\" \/>\n<meta property=\"og:title\" content=\"Ingeniero de seguridad en aplicaciones .NET - Con Examen de Certificaci\u00f3n\" \/>\n<meta property=\"og:description\" content=\"Curso que incluye examen de certificaci\u00f3n para ingenieros de seguridad en aplicaciones .NET.\" \/>\n<meta property=\"og:url\" content=\"https:\/\/ucenfotec.ac.cr\/ecommerce\/producto\/ingeniero-de-seguridad-en-aplicaciones-net-con-examen-de-certificacion\/\" \/>\n<meta property=\"og:site_name\" content=\"Cursos - CENFOTEC\" \/>\n<meta property=\"article:modified_time\" content=\"2026-05-11T19:45:46+00:00\" \/>\n<meta property=\"og:image\" content=\"https:\/\/ucenfotec.ac.cr\/ecommerce\/wp-content\/uploads\/sites\/13\/2022\/08\/CIB-916.jpg\" \/>\n\t<meta property=\"og:image:width\" content=\"1920\" \/>\n\t<meta property=\"og:image:height\" content=\"1080\" \/>\n\t<meta property=\"og:image:type\" content=\"image\/jpeg\" \/>\n<meta name=\"twitter:card\" content=\"summary_large_image\" \/>\n<meta name=\"twitter:label1\" content=\"Tiempo de lectura\" \/>\n\t<meta name=\"twitter:data1\" content=\"2 minutos\" \/>\n<script type=\"application\/ld+json\" class=\"yoast-schema-graph\">{\"@context\":\"https:\\\/\\\/schema.org\",\"@graph\":[{\"@type\":\"WebPage\",\"@id\":\"https:\\\/\\\/ucenfotec.ac.cr\\\/ecommerce\\\/producto\\\/ingeniero-de-seguridad-en-aplicaciones-net-con-examen-de-certificacion\\\/\",\"url\":\"https:\\\/\\\/ucenfotec.ac.cr\\\/ecommerce\\\/producto\\\/ingeniero-de-seguridad-en-aplicaciones-net-con-examen-de-certificacion\\\/\",\"name\":\"Ingeniero de seguridad en aplicaciones .NET - Con Examen de Certificaci\u00f3n - Cursos - CENFOTEC\",\"isPartOf\":{\"@id\":\"https:\\\/\\\/ucenfotec.ac.cr\\\/ecommerce\\\/#website\"},\"primaryImageOfPage\":{\"@id\":\"https:\\\/\\\/ucenfotec.ac.cr\\\/ecommerce\\\/producto\\\/ingeniero-de-seguridad-en-aplicaciones-net-con-examen-de-certificacion\\\/#primaryimage\"},\"image\":{\"@id\":\"https:\\\/\\\/ucenfotec.ac.cr\\\/ecommerce\\\/producto\\\/ingeniero-de-seguridad-en-aplicaciones-net-con-examen-de-certificacion\\\/#primaryimage\"},\"thumbnailUrl\":\"https:\\\/\\\/ucenfotec.ac.cr\\\/ecommerce\\\/wp-content\\\/uploads\\\/sites\\\/13\\\/2022\\\/08\\\/CIB-916.jpg\",\"datePublished\":\"2022-12-20T00:39:07+00:00\",\"dateModified\":\"2026-05-11T19:45:46+00:00\",\"description\":\"Curso que incluye examen de certificaci\u00f3n para ingenieros de seguridad en aplicaciones .NET.\",\"breadcrumb\":{\"@id\":\"https:\\\/\\\/ucenfotec.ac.cr\\\/ecommerce\\\/producto\\\/ingeniero-de-seguridad-en-aplicaciones-net-con-examen-de-certificacion\\\/#breadcrumb\"},\"inLanguage\":\"es\",\"potentialAction\":[{\"@type\":\"ReadAction\",\"target\":[\"https:\\\/\\\/ucenfotec.ac.cr\\\/ecommerce\\\/producto\\\/ingeniero-de-seguridad-en-aplicaciones-net-con-examen-de-certificacion\\\/\"]}]},{\"@type\":\"ImageObject\",\"inLanguage\":\"es\",\"@id\":\"https:\\\/\\\/ucenfotec.ac.cr\\\/ecommerce\\\/producto\\\/ingeniero-de-seguridad-en-aplicaciones-net-con-examen-de-certificacion\\\/#primaryimage\",\"url\":\"https:\\\/\\\/ucenfotec.ac.cr\\\/ecommerce\\\/wp-content\\\/uploads\\\/sites\\\/13\\\/2022\\\/08\\\/CIB-916.jpg\",\"contentUrl\":\"https:\\\/\\\/ucenfotec.ac.cr\\\/ecommerce\\\/wp-content\\\/uploads\\\/sites\\\/13\\\/2022\\\/08\\\/CIB-916.jpg\",\"width\":1920,\"height\":1080,\"caption\":\"Ingeniero de seguridad en aplicaciones .NET\"},{\"@type\":\"BreadcrumbList\",\"@id\":\"https:\\\/\\\/ucenfotec.ac.cr\\\/ecommerce\\\/producto\\\/ingeniero-de-seguridad-en-aplicaciones-net-con-examen-de-certificacion\\\/#breadcrumb\",\"itemListElement\":[{\"@type\":\"ListItem\",\"position\":1,\"name\":\"Portada\",\"item\":\"https:\\\/\\\/ucenfotec.ac.cr\\\/ecommerce\\\/\"},{\"@type\":\"ListItem\",\"position\":2,\"name\":\"Todos los Cursos\",\"item\":\"https:\\\/\\\/ucenfotec.ac.cr\\\/ecommerce\\\/todos-los-cursos\\\/\"},{\"@type\":\"ListItem\",\"position\":3,\"name\":\"Ingeniero de seguridad en aplicaciones .NET &#8211; Con Examen de Certificaci\u00f3n\"}]},{\"@type\":\"WebSite\",\"@id\":\"https:\\\/\\\/ucenfotec.ac.cr\\\/ecommerce\\\/#website\",\"url\":\"https:\\\/\\\/ucenfotec.ac.cr\\\/ecommerce\\\/\",\"name\":\"Cursos - CENFOTEC\",\"description\":\"Tienda en l\u00ednea de cursos ofrecidos por CENFOTEC\",\"potentialAction\":[{\"@type\":\"SearchAction\",\"target\":{\"@type\":\"EntryPoint\",\"urlTemplate\":\"https:\\\/\\\/ucenfotec.ac.cr\\\/ecommerce\\\/?s={search_term_string}\"},\"query-input\":{\"@type\":\"PropertyValueSpecification\",\"valueRequired\":true,\"valueName\":\"search_term_string\"}}],\"inLanguage\":\"es\"}]}<\/script>\n<!-- \/ Yoast SEO Premium plugin. -->","yoast_head_json":{"title":"Ingeniero de seguridad en aplicaciones .NET - Con Examen de Certificaci\u00f3n - Cursos - CENFOTEC","description":"Curso que incluye examen de certificaci\u00f3n para ingenieros de seguridad en aplicaciones .NET.","robots":{"index":"index","follow":"follow","max-snippet":"max-snippet:-1","max-image-preview":"max-image-preview:large","max-video-preview":"max-video-preview:-1"},"canonical":"https:\/\/ucenfotec.ac.cr\/ecommerce\/producto\/ingeniero-de-seguridad-en-aplicaciones-net-con-examen-de-certificacion\/","og_locale":"es_ES","og_type":"article","og_title":"Ingeniero de seguridad en aplicaciones .NET - Con Examen de Certificaci\u00f3n","og_description":"Curso que incluye examen de certificaci\u00f3n para ingenieros de seguridad en aplicaciones .NET.","og_url":"https:\/\/ucenfotec.ac.cr\/ecommerce\/producto\/ingeniero-de-seguridad-en-aplicaciones-net-con-examen-de-certificacion\/","og_site_name":"Cursos - CENFOTEC","article_modified_time":"2026-05-11T19:45:46+00:00","og_image":[{"width":1920,"height":1080,"url":"https:\/\/ucenfotec.ac.cr\/ecommerce\/wp-content\/uploads\/sites\/13\/2022\/08\/CIB-916.jpg","type":"image\/jpeg"}],"twitter_card":"summary_large_image","twitter_misc":{"Tiempo de lectura":"2 minutos"},"schema":{"@context":"https:\/\/schema.org","@graph":[{"@type":"WebPage","@id":"https:\/\/ucenfotec.ac.cr\/ecommerce\/producto\/ingeniero-de-seguridad-en-aplicaciones-net-con-examen-de-certificacion\/","url":"https:\/\/ucenfotec.ac.cr\/ecommerce\/producto\/ingeniero-de-seguridad-en-aplicaciones-net-con-examen-de-certificacion\/","name":"Ingeniero de seguridad en aplicaciones .NET - Con Examen de Certificaci\u00f3n - Cursos - CENFOTEC","isPartOf":{"@id":"https:\/\/ucenfotec.ac.cr\/ecommerce\/#website"},"primaryImageOfPage":{"@id":"https:\/\/ucenfotec.ac.cr\/ecommerce\/producto\/ingeniero-de-seguridad-en-aplicaciones-net-con-examen-de-certificacion\/#primaryimage"},"image":{"@id":"https:\/\/ucenfotec.ac.cr\/ecommerce\/producto\/ingeniero-de-seguridad-en-aplicaciones-net-con-examen-de-certificacion\/#primaryimage"},"thumbnailUrl":"https:\/\/ucenfotec.ac.cr\/ecommerce\/wp-content\/uploads\/sites\/13\/2022\/08\/CIB-916.jpg","datePublished":"2022-12-20T00:39:07+00:00","dateModified":"2026-05-11T19:45:46+00:00","description":"Curso que incluye examen de certificaci\u00f3n para ingenieros de seguridad en aplicaciones .NET.","breadcrumb":{"@id":"https:\/\/ucenfotec.ac.cr\/ecommerce\/producto\/ingeniero-de-seguridad-en-aplicaciones-net-con-examen-de-certificacion\/#breadcrumb"},"inLanguage":"es","potentialAction":[{"@type":"ReadAction","target":["https:\/\/ucenfotec.ac.cr\/ecommerce\/producto\/ingeniero-de-seguridad-en-aplicaciones-net-con-examen-de-certificacion\/"]}]},{"@type":"ImageObject","inLanguage":"es","@id":"https:\/\/ucenfotec.ac.cr\/ecommerce\/producto\/ingeniero-de-seguridad-en-aplicaciones-net-con-examen-de-certificacion\/#primaryimage","url":"https:\/\/ucenfotec.ac.cr\/ecommerce\/wp-content\/uploads\/sites\/13\/2022\/08\/CIB-916.jpg","contentUrl":"https:\/\/ucenfotec.ac.cr\/ecommerce\/wp-content\/uploads\/sites\/13\/2022\/08\/CIB-916.jpg","width":1920,"height":1080,"caption":"Ingeniero de seguridad en aplicaciones .NET"},{"@type":"BreadcrumbList","@id":"https:\/\/ucenfotec.ac.cr\/ecommerce\/producto\/ingeniero-de-seguridad-en-aplicaciones-net-con-examen-de-certificacion\/#breadcrumb","itemListElement":[{"@type":"ListItem","position":1,"name":"Portada","item":"https:\/\/ucenfotec.ac.cr\/ecommerce\/"},{"@type":"ListItem","position":2,"name":"Todos los Cursos","item":"https:\/\/ucenfotec.ac.cr\/ecommerce\/todos-los-cursos\/"},{"@type":"ListItem","position":3,"name":"Ingeniero de seguridad en aplicaciones .NET &#8211; Con Examen de Certificaci\u00f3n"}]},{"@type":"WebSite","@id":"https:\/\/ucenfotec.ac.cr\/ecommerce\/#website","url":"https:\/\/ucenfotec.ac.cr\/ecommerce\/","name":"Cursos - CENFOTEC","description":"Tienda en l\u00ednea de cursos ofrecidos por CENFOTEC","potentialAction":[{"@type":"SearchAction","target":{"@type":"EntryPoint","urlTemplate":"https:\/\/ucenfotec.ac.cr\/ecommerce\/?s={search_term_string}"},"query-input":{"@type":"PropertyValueSpecification","valueRequired":true,"valueName":"search_term_string"}}],"inLanguage":"es"}]}},"_links":{"self":[{"href":"https:\/\/ucenfotec.ac.cr\/ecommerce\/wp-json\/wp\/v2\/product\/67311","targetHints":{"allow":["GET"]}}],"collection":[{"href":"https:\/\/ucenfotec.ac.cr\/ecommerce\/wp-json\/wp\/v2\/product"}],"about":[{"href":"https:\/\/ucenfotec.ac.cr\/ecommerce\/wp-json\/wp\/v2\/types\/product"}],"wp:featuredmedia":[{"embeddable":true,"href":"https:\/\/ucenfotec.ac.cr\/ecommerce\/wp-json\/wp\/v2\/media\/59452"}],"wp:attachment":[{"href":"https:\/\/ucenfotec.ac.cr\/ecommerce\/wp-json\/wp\/v2\/media?parent=67311"}],"wp:term":[{"taxonomy":"product_brand","embeddable":true,"href":"https:\/\/ucenfotec.ac.cr\/ecommerce\/wp-json\/wp\/v2\/product_brand?post=67311"},{"taxonomy":"product_cat","embeddable":true,"href":"https:\/\/ucenfotec.ac.cr\/ecommerce\/wp-json\/wp\/v2\/product_cat?post=67311"},{"taxonomy":"product_tag","embeddable":true,"href":"https:\/\/ucenfotec.ac.cr\/ecommerce\/wp-json\/wp\/v2\/product_tag?post=67311"}],"curies":[{"name":"wp","href":"https:\/\/api.w.org\/{rel}","templated":true}]}}