{"id":74843,"date":"2023-10-09T13:52:19","date_gmt":"2023-10-09T19:52:19","guid":{"rendered":"https:\/\/ucenfotec.ac.cr\/ecommerce\/?post_type=product&#038;p=74843"},"modified":"2025-12-15T15:47:04","modified_gmt":"2025-12-15T21:47:04","slug":"taller-de-fabricacion-digital","status":"publish","type":"product","link":"https:\/\/ucenfotec.ac.cr\/ecommerce\/producto\/taller-de-fabricacion-digital\/","title":{"rendered":"Taller de Fabricaci\u00f3n Digital"},"content":{"rendered":"<div class=\"fusion-fullwidth fullwidth-box fusion-builder-row-1 fusion-flex-container nonhundred-percent-fullwidth non-hundred-percent-height-scrolling\" style=\"--awb-border-radius-top-left:0px;--awb-border-radius-top-right:0px;--awb-border-radius-bottom-right:0px;--awb-border-radius-bottom-left:0px;--awb-flex-wrap:wrap;\" ><div class=\"fusion-builder-row fusion-row fusion-flex-align-items-flex-start fusion-flex-content-wrap\" style=\"max-width:1216.8px;margin-left: calc(-4% \/ 2 );margin-right: calc(-4% \/ 2 );\"><div class=\"fusion-layout-column fusion_builder_column fusion-builder-column-0 fusion_builder_column_1_1 1_1 fusion-flex-column\" style=\"--awb-bg-size:cover;--awb-width-large:100%;--awb-margin-top-large:0px;--awb-spacing-right-large:1.92%;--awb-margin-bottom-large:0px;--awb-spacing-left-large:1.92%;--awb-width-medium:100%;--awb-spacing-right-medium:1.92%;--awb-spacing-left-medium:1.92%;--awb-width-small:100%;--awb-spacing-right-small:1.92%;--awb-spacing-left-small:1.92%;\"><div class=\"fusion-column-wrapper fusion-flex-justify-content-flex-start fusion-content-layout-column\"><div class=\"fusion-text fusion-text-1\"><p><span data-sheets-value=\"{\" data-sheets-userformat=\"{\">El Taller de Fabricaci\u00f3n Digital en Makerspace CENFOTEC ofrece una experiencia pr\u00e1ctica y presencial \u00fanica, donde podr\u00e1s explorar la revoluci\u00f3n de la manufactura moderna. Con el poder de la tecnolog\u00eda de dise\u00f1o asistido por computadora, cortadoras l\u00e1ser de alta precisi\u00f3n e impresoras 3D, puedes dar vida a cualquier idea, desde simples adornos navide\u00f1os hasta innovadores proyectos de emprendimiento. En este taller, aprender\u00e1s a manejar eficazmente las herramientas de dise\u00f1o digital disponibles en la web, para luego transformar tus dise\u00f1os en objetos tangibles utilizando m\u00e1quinas de corte l\u00e1ser e impresoras 3D. Estos equipos te permiten trabajar con una variedad de materiales, como madera y pl\u00e1sticos en 2D, as\u00ed como diversos materiales para la impresi\u00f3n 3D. El Makerspace CENFOTEC es un espacio colaborativo que fomenta la innovaci\u00f3n y el aprendizaje, poniendo a tu disposici\u00f3n herramientas y recursos de vanguardia. Nuestro taller de fabricaci\u00f3n digital es 100% pr\u00e1ctico, permiti\u00e9ndote construir y experimentar con tus propias ideas. Ya sea que est\u00e9s interesado en la creaci\u00f3n de art\u00edculos decorativos personalizados, en dar forma a una idea para un nuevo emprendimiento, o en materializar proyectos personales, este taller te proporcionar\u00e1 las habilidades y conocimientos necesarios para hacerlo realidad.<\/span><\/p>\n<p>Convi\u00e9rtete en un creador digital en el Makerspace Cenfotec y descubre las infinitas posibilidades que la fabricaci\u00f3n digital puede ofrecerte.<\/p>\n<hr \/>\n<p><strong>Contenidos<\/strong><\/p>\n<p><span data-sheets-root=\"1\">1. Dise\u00f1o 2D y 3D en tinkercad.<br \/>\n2. Uso y posibilidades de la cortadora l\u00e1ser.<br \/>\n3. Uso de impresoras 3D.<\/span><\/p>\n<hr \/>\n<p><strong>Metodolog\u00eda de Aprendizaje<\/strong><\/p>\n<p>La educaci\u00f3n actual suele limitar a estudiantes, forz\u00e1ndoles a absorber contenidos en lugar de fomentar la soluci\u00f3n colectiva de problemas. En CENFOTEC, buscamos modificar este enfoque mediante nuestra metodolog\u00eda de aprendizaje constructivista llamada 40-40-20.<\/p>\n<p>La t\u00e9cnica 40-40-20 divide el tiempo de clase: 40% el profesor da un charla para inducir al pensamiento aut\u00f3nomo basado en conceptos clave; el siguiente 40% para resolver retos individuales o en grupo, que exigen exploraci\u00f3n, donde el docente es un facilitador; y el 20% restante para una discusi\u00f3n guiada por el profesorado. Para mantener la atenci\u00f3n, consideramos 1 hora lectiva como 50 minutos, especialmente en cursos de 3-4 horas.<\/p>\n<p>Adicionalmente el estudiante deber\u00e1 dedicar una cantidad de horas adicionales para completar retos extraclase que el profesor le asigne.<\/p>\n<div class=\"fusion-aligncenter\"><a class=\"fusion-button button-flat fusion-button-default-size button-default fusion-button-default button-1 fusion-button-default-span fusion-button-default-type\" href=\"https:\/\/ucenfotec.ac.cr\/ecommerce\/metodologia-de-ensenanza-aprendizaje-40-40-20\/\" target=\"_blank\" rel=\"noopener noreferrer\"><span class=\"fusion-button-text\">M\u00e1s detalle<\/span><\/a><\/div>\n<\/div><\/div><\/div><\/div><\/div>\n","protected":false},"excerpt":{"rendered":"<p><span data-sheets-root=\"1\">El curso Taller de Fabricaci\u00f3n Digital est\u00e1 dise\u00f1ado para ense\u00f1ar a los participantes a dise\u00f1ar y fabricar prototipos f\u00edsicos utilizando herramientas de dise\u00f1o 3D y tecnolog\u00edas de fabricaci\u00f3n digital como la impresi\u00f3n 3D y corte l\u00e1ser.<\/span><\/p>\n","protected":false},"featured_media":75839,"template":"","meta":{"_relevanssi_hide_post":"on","_relevanssi_hide_content":"on","_relevanssi_pin_for_all":"","_relevanssi_pin_keywords":"","_relevanssi_unpin_keywords":"","_relevanssi_related_keywords":"","_relevanssi_related_include_ids":"","_relevanssi_related_exclude_ids":"","_relevanssi_related_no_append":"","_relevanssi_related_not_related":"","_relevanssi_related_posts":"","_relevanssi_noindex_reason":"WooCommerce Yoast SEO Relevanssi index exclude"},"product_brand":[],"product_cat":[1087,145],"product_tag":[1484,1489,1472,1482,1485,1471,1475,1479,1487,1480,1470,1486,1476,1473,1152,1477,1474,1451,1481,1488,1478,1483],"class_list":{"0":"post-74843","1":"product","2":"type-product","3":"status-publish","4":"has-post-thumbnail","6":"product_cat-agotado","7":"product_cat-sistemas-inteligentes","8":"product_tag-aprendizaje-presencial","9":"product_tag-conocimientos-tecnicos","10":"product_tag-cortadora-laser","11":"product_tag-creacion-de-adornos-navidenos","12":"product_tag-creacion-y-diseno-de-productos","13":"product_tag-diseno-asistido-por-computadora","14":"product_tag-diseno-digital","15":"product_tag-diseno-en-2d","16":"product_tag-espacio-de-colaboracion","17":"product_tag-fabricacion-con-plastico-y-madera","18":"product_tag-fabricacion-digital","19":"product_tag-habilidades-de-manufactura","20":"product_tag-herramientas-de-diseno-en-linea","21":"product_tag-impresora-3d","22":"product_tag-innovacion","23":"product_tag-makerspace-cenfotec","24":"product_tag-materiales-de-impresion-3d","25":"product_tag-prototipado","26":"product_tag-proyectos-de-emprendimiento","27":"product_tag-proyectos-personales","28":"product_tag-taller-practico","29":"product_tag-tecnologia-de-fabricacion-avanzada","31":"first","32":"outofstock","33":"sold-individually","34":"taxable","35":"shipping-taxable","36":"product-type-variable"},"yoast_head":"<!-- This site is optimized with the Yoast SEO Premium plugin v27.4 (Yoast SEO v27.4) - https:\/\/yoast.com\/product\/yoast-seo-premium-wordpress\/ -->\n<title>Taller de Fabricaci\u00f3n Digital<\/title>\n<meta name=\"description\" content=\"Aprende sobre las t\u00e9cnicas de fabricaci\u00f3n digital y su aplicaci\u00f3n en diversos proyectos.\" \/>\n<meta name=\"robots\" content=\"index, follow, max-snippet:-1, max-image-preview:large, max-video-preview:-1\" \/>\n<link rel=\"canonical\" href=\"https:\/\/ucenfotec.ac.cr\/ecommerce\/producto\/taller-de-fabricacion-digital\/\" \/>\n<meta property=\"og:locale\" content=\"es_ES\" \/>\n<meta property=\"og:type\" content=\"article\" \/>\n<meta property=\"og:title\" content=\"Taller de Fabricaci\u00f3n Digital\" \/>\n<meta property=\"og:description\" content=\"Aprende sobre las t\u00e9cnicas de fabricaci\u00f3n digital y su aplicaci\u00f3n en diversos proyectos.\" \/>\n<meta property=\"og:url\" content=\"https:\/\/ucenfotec.ac.cr\/ecommerce\/producto\/taller-de-fabricacion-digital\/\" \/>\n<meta property=\"og:site_name\" content=\"Cursos - CENFOTEC\" \/>\n<meta property=\"article:modified_time\" content=\"2025-12-15T21:47:04+00:00\" \/>\n<meta property=\"og:image\" content=\"https:\/\/ucenfotec.ac.cr\/ecommerce\/wp-content\/uploads\/sites\/13\/2023\/11\/SINT-642.jpg\" \/>\n\t<meta property=\"og:image:width\" content=\"1920\" \/>\n\t<meta property=\"og:image:height\" content=\"1080\" \/>\n\t<meta property=\"og:image:type\" content=\"image\/jpeg\" \/>\n<meta name=\"twitter:card\" content=\"summary_large_image\" \/>\n<meta name=\"twitter:label1\" content=\"Tiempo de lectura\" \/>\n\t<meta name=\"twitter:data1\" content=\"2 minutos\" \/>\n<script type=\"application\/ld+json\" class=\"yoast-schema-graph\">{\"@context\":\"https:\\\/\\\/schema.org\",\"@graph\":[{\"@type\":\"WebPage\",\"@id\":\"https:\\\/\\\/ucenfotec.ac.cr\\\/ecommerce\\\/producto\\\/taller-de-fabricacion-digital\\\/\",\"url\":\"https:\\\/\\\/ucenfotec.ac.cr\\\/ecommerce\\\/producto\\\/taller-de-fabricacion-digital\\\/\",\"name\":\"Taller de Fabricaci\u00f3n Digital\",\"isPartOf\":{\"@id\":\"https:\\\/\\\/ucenfotec.ac.cr\\\/ecommerce\\\/#website\"},\"primaryImageOfPage\":{\"@id\":\"https:\\\/\\\/ucenfotec.ac.cr\\\/ecommerce\\\/producto\\\/taller-de-fabricacion-digital\\\/#primaryimage\"},\"image\":{\"@id\":\"https:\\\/\\\/ucenfotec.ac.cr\\\/ecommerce\\\/producto\\\/taller-de-fabricacion-digital\\\/#primaryimage\"},\"thumbnailUrl\":\"https:\\\/\\\/ucenfotec.ac.cr\\\/ecommerce\\\/wp-content\\\/uploads\\\/sites\\\/13\\\/2023\\\/11\\\/SINT-642.jpg\",\"datePublished\":\"2023-10-09T19:52:19+00:00\",\"dateModified\":\"2025-12-15T21:47:04+00:00\",\"description\":\"Aprende sobre las t\u00e9cnicas de fabricaci\u00f3n digital y su aplicaci\u00f3n en diversos proyectos.\",\"breadcrumb\":{\"@id\":\"https:\\\/\\\/ucenfotec.ac.cr\\\/ecommerce\\\/producto\\\/taller-de-fabricacion-digital\\\/#breadcrumb\"},\"inLanguage\":\"es\",\"potentialAction\":[{\"@type\":\"ReadAction\",\"target\":[\"https:\\\/\\\/ucenfotec.ac.cr\\\/ecommerce\\\/producto\\\/taller-de-fabricacion-digital\\\/\"]}]},{\"@type\":\"ImageObject\",\"inLanguage\":\"es\",\"@id\":\"https:\\\/\\\/ucenfotec.ac.cr\\\/ecommerce\\\/producto\\\/taller-de-fabricacion-digital\\\/#primaryimage\",\"url\":\"https:\\\/\\\/ucenfotec.ac.cr\\\/ecommerce\\\/wp-content\\\/uploads\\\/sites\\\/13\\\/2023\\\/11\\\/SINT-642.jpg\",\"contentUrl\":\"https:\\\/\\\/ucenfotec.ac.cr\\\/ecommerce\\\/wp-content\\\/uploads\\\/sites\\\/13\\\/2023\\\/11\\\/SINT-642.jpg\",\"width\":1920,\"height\":1080,\"caption\":\"Taller de Fabricaci\u00f3n Digital\"},{\"@type\":\"BreadcrumbList\",\"@id\":\"https:\\\/\\\/ucenfotec.ac.cr\\\/ecommerce\\\/producto\\\/taller-de-fabricacion-digital\\\/#breadcrumb\",\"itemListElement\":[{\"@type\":\"ListItem\",\"position\":1,\"name\":\"Portada\",\"item\":\"https:\\\/\\\/ucenfotec.ac.cr\\\/ecommerce\\\/\"},{\"@type\":\"ListItem\",\"position\":2,\"name\":\"Todos los Cursos\",\"item\":\"https:\\\/\\\/ucenfotec.ac.cr\\\/ecommerce\\\/todos-los-cursos\\\/\"},{\"@type\":\"ListItem\",\"position\":3,\"name\":\"Taller de Fabricaci\u00f3n Digital\"}]},{\"@type\":\"WebSite\",\"@id\":\"https:\\\/\\\/ucenfotec.ac.cr\\\/ecommerce\\\/#website\",\"url\":\"https:\\\/\\\/ucenfotec.ac.cr\\\/ecommerce\\\/\",\"name\":\"Cursos - CENFOTEC\",\"description\":\"Tienda en l\u00ednea de cursos ofrecidos por CENFOTEC\",\"potentialAction\":[{\"@type\":\"SearchAction\",\"target\":{\"@type\":\"EntryPoint\",\"urlTemplate\":\"https:\\\/\\\/ucenfotec.ac.cr\\\/ecommerce\\\/?s={search_term_string}\"},\"query-input\":{\"@type\":\"PropertyValueSpecification\",\"valueRequired\":true,\"valueName\":\"search_term_string\"}}],\"inLanguage\":\"es\"}]}<\/script>\n<!-- \/ Yoast SEO Premium plugin. -->","yoast_head_json":{"title":"Taller de Fabricaci\u00f3n Digital","description":"Aprende sobre las t\u00e9cnicas de fabricaci\u00f3n digital y su aplicaci\u00f3n en diversos proyectos.","robots":{"index":"index","follow":"follow","max-snippet":"max-snippet:-1","max-image-preview":"max-image-preview:large","max-video-preview":"max-video-preview:-1"},"canonical":"https:\/\/ucenfotec.ac.cr\/ecommerce\/producto\/taller-de-fabricacion-digital\/","og_locale":"es_ES","og_type":"article","og_title":"Taller de Fabricaci\u00f3n Digital","og_description":"Aprende sobre las t\u00e9cnicas de fabricaci\u00f3n digital y su aplicaci\u00f3n en diversos proyectos.","og_url":"https:\/\/ucenfotec.ac.cr\/ecommerce\/producto\/taller-de-fabricacion-digital\/","og_site_name":"Cursos - CENFOTEC","article_modified_time":"2025-12-15T21:47:04+00:00","og_image":[{"width":1920,"height":1080,"url":"https:\/\/ucenfotec.ac.cr\/ecommerce\/wp-content\/uploads\/sites\/13\/2023\/11\/SINT-642.jpg","type":"image\/jpeg"}],"twitter_card":"summary_large_image","twitter_misc":{"Tiempo de lectura":"2 minutos"},"schema":{"@context":"https:\/\/schema.org","@graph":[{"@type":"WebPage","@id":"https:\/\/ucenfotec.ac.cr\/ecommerce\/producto\/taller-de-fabricacion-digital\/","url":"https:\/\/ucenfotec.ac.cr\/ecommerce\/producto\/taller-de-fabricacion-digital\/","name":"Taller de Fabricaci\u00f3n Digital","isPartOf":{"@id":"https:\/\/ucenfotec.ac.cr\/ecommerce\/#website"},"primaryImageOfPage":{"@id":"https:\/\/ucenfotec.ac.cr\/ecommerce\/producto\/taller-de-fabricacion-digital\/#primaryimage"},"image":{"@id":"https:\/\/ucenfotec.ac.cr\/ecommerce\/producto\/taller-de-fabricacion-digital\/#primaryimage"},"thumbnailUrl":"https:\/\/ucenfotec.ac.cr\/ecommerce\/wp-content\/uploads\/sites\/13\/2023\/11\/SINT-642.jpg","datePublished":"2023-10-09T19:52:19+00:00","dateModified":"2025-12-15T21:47:04+00:00","description":"Aprende sobre las t\u00e9cnicas de fabricaci\u00f3n digital y su aplicaci\u00f3n en diversos proyectos.","breadcrumb":{"@id":"https:\/\/ucenfotec.ac.cr\/ecommerce\/producto\/taller-de-fabricacion-digital\/#breadcrumb"},"inLanguage":"es","potentialAction":[{"@type":"ReadAction","target":["https:\/\/ucenfotec.ac.cr\/ecommerce\/producto\/taller-de-fabricacion-digital\/"]}]},{"@type":"ImageObject","inLanguage":"es","@id":"https:\/\/ucenfotec.ac.cr\/ecommerce\/producto\/taller-de-fabricacion-digital\/#primaryimage","url":"https:\/\/ucenfotec.ac.cr\/ecommerce\/wp-content\/uploads\/sites\/13\/2023\/11\/SINT-642.jpg","contentUrl":"https:\/\/ucenfotec.ac.cr\/ecommerce\/wp-content\/uploads\/sites\/13\/2023\/11\/SINT-642.jpg","width":1920,"height":1080,"caption":"Taller de Fabricaci\u00f3n Digital"},{"@type":"BreadcrumbList","@id":"https:\/\/ucenfotec.ac.cr\/ecommerce\/producto\/taller-de-fabricacion-digital\/#breadcrumb","itemListElement":[{"@type":"ListItem","position":1,"name":"Portada","item":"https:\/\/ucenfotec.ac.cr\/ecommerce\/"},{"@type":"ListItem","position":2,"name":"Todos los Cursos","item":"https:\/\/ucenfotec.ac.cr\/ecommerce\/todos-los-cursos\/"},{"@type":"ListItem","position":3,"name":"Taller de Fabricaci\u00f3n Digital"}]},{"@type":"WebSite","@id":"https:\/\/ucenfotec.ac.cr\/ecommerce\/#website","url":"https:\/\/ucenfotec.ac.cr\/ecommerce\/","name":"Cursos - CENFOTEC","description":"Tienda en l\u00ednea de cursos ofrecidos por CENFOTEC","potentialAction":[{"@type":"SearchAction","target":{"@type":"EntryPoint","urlTemplate":"https:\/\/ucenfotec.ac.cr\/ecommerce\/?s={search_term_string}"},"query-input":{"@type":"PropertyValueSpecification","valueRequired":true,"valueName":"search_term_string"}}],"inLanguage":"es"}]}},"_links":{"self":[{"href":"https:\/\/ucenfotec.ac.cr\/ecommerce\/wp-json\/wp\/v2\/product\/74843","targetHints":{"allow":["GET"]}}],"collection":[{"href":"https:\/\/ucenfotec.ac.cr\/ecommerce\/wp-json\/wp\/v2\/product"}],"about":[{"href":"https:\/\/ucenfotec.ac.cr\/ecommerce\/wp-json\/wp\/v2\/types\/product"}],"wp:featuredmedia":[{"embeddable":true,"href":"https:\/\/ucenfotec.ac.cr\/ecommerce\/wp-json\/wp\/v2\/media\/75839"}],"wp:attachment":[{"href":"https:\/\/ucenfotec.ac.cr\/ecommerce\/wp-json\/wp\/v2\/media?parent=74843"}],"wp:term":[{"taxonomy":"product_brand","embeddable":true,"href":"https:\/\/ucenfotec.ac.cr\/ecommerce\/wp-json\/wp\/v2\/product_brand?post=74843"},{"taxonomy":"product_cat","embeddable":true,"href":"https:\/\/ucenfotec.ac.cr\/ecommerce\/wp-json\/wp\/v2\/product_cat?post=74843"},{"taxonomy":"product_tag","embeddable":true,"href":"https:\/\/ucenfotec.ac.cr\/ecommerce\/wp-json\/wp\/v2\/product_tag?post=74843"}],"curies":[{"name":"wp","href":"https:\/\/api.w.org\/{rel}","templated":true}]}}