{"id":79068,"date":"2024-02-20T14:44:02","date_gmt":"2024-02-20T20:44:02","guid":{"rendered":"https:\/\/ucenfotec.ac.cr\/ecommerce\/?post_type=product&#038;p=79068"},"modified":"2026-04-13T12:27:27","modified_gmt":"2026-04-13T18:27:27","slug":"inteligencia-artificial-aplicada-a-los-negocios-y-empresas","status":"publish","type":"product","link":"https:\/\/ucenfotec.ac.cr\/ecommerce\/producto\/inteligencia-artificial-aplicada-a-los-negocios-y-empresas\/","title":{"rendered":"Inteligencia artificial aplicada a los negocios y empresas"},"content":{"rendered":"<div class=\"fusion-fullwidth fullwidth-box fusion-builder-row-1 fusion-flex-container nonhundred-percent-fullwidth non-hundred-percent-height-scrolling\" style=\"--awb-border-radius-top-left:0px;--awb-border-radius-top-right:0px;--awb-border-radius-bottom-right:0px;--awb-border-radius-bottom-left:0px;--awb-flex-wrap:wrap;\" ><div class=\"fusion-builder-row fusion-row fusion-flex-align-items-flex-start fusion-flex-content-wrap\" style=\"max-width:1216.8px;margin-left: calc(-4% \/ 2 );margin-right: calc(-4% \/ 2 );\"><div class=\"fusion-layout-column fusion_builder_column fusion-builder-column-0 fusion_builder_column_1_1 1_1 fusion-flex-column\" style=\"--awb-bg-size:cover;--awb-width-large:100%;--awb-margin-top-large:0px;--awb-spacing-right-large:1.92%;--awb-margin-bottom-large:0px;--awb-spacing-left-large:1.92%;--awb-width-medium:100%;--awb-spacing-right-medium:1.92%;--awb-spacing-left-medium:1.92%;--awb-width-small:100%;--awb-spacing-right-small:1.92%;--awb-spacing-left-small:1.92%;\"><div class=\"fusion-column-wrapper fusion-flex-justify-content-flex-start fusion-content-layout-column\"><div class=\"fusion-text fusion-text-1\"><p><span data-sheets-root=\"1\">La inteligencia artificial (IA) es una rama de la inform\u00e1tica que se enfoca en desarrollar sistemas y tecnolog\u00edas capaces de realizar tareas como el razonamiento, la resoluci\u00f3n de problemas, el aprendizaje, la percepci\u00f3n, la optimizaci\u00f3n de procesos, transformando \u00e1reas clave como finanzas, marketing y recursos humanos, comprendiendo las estrategias \u00e9ticas y los desaf\u00edos asociados con su implementaci\u00f3n en los negocios.<\/span><\/p>\n<p><span data-sheets-root=\"1\">Las principales tem\u00e1ticas por abordar en el curso son la introducci\u00f3n a la Inteligencia artificial en los negocios, aplicaciones pr\u00e1cticas en funciones empresariales, y estrategias y consideraciones \u00e9ticas en negocios.<\/span><\/p>\n<p><span data-sheets-root=\"1\">El curso est\u00e1 dise\u00f1ado por competencias y alineado con el marco global de habilidades y competencias para un mundo digital SFIA, por lo que se propone que los estudiantes logren que implementen tecnolog\u00edas digitales en la transformaci\u00f3n de procesos empresariales.<\/span><\/p>\n<hr \/>\n<p><strong>Contenidos<\/strong><\/p>\n<p><span data-sheets-root=\"1\">1. Introducci\u00f3n a la Inteligencia Artificial en los negocios.<br \/>\n2. Aplicaciones pr\u00e1cticas de IA en funciones empresariales.<br \/>\n3. Otras aplicaciones de IA generativa.<br \/>\n4. Estrategias y consideraciones \u00e9ticas de la IA en negocios.<\/span><\/p>\n<hr \/>\n<div>\n<p><strong>Certificado e Insignia Digital<\/strong><\/p>\n<p>Al finalizar el curso el estudiante obtiene un t\u00edtulo e Insignia digital, socializable en tiempo real basada en tecnolog\u00eda blockchain que permite una vista m\u00e1s completa tras el logro alcanzado por el estudiante al poderla vincular con evidencias del resultado del aprendizaje en su perfil profesional. Es una certificaci\u00f3n segura.<\/p>\n<p><a href=\"https:\/\/ucenfotec.ac.cr\/ecommerce\/wp-content\/uploads\/sites\/13\/2024\/02\/SINT-643-Inteligencia-Artificial-Aplicada-a-los-Negocios-y-Empresas.png\"><img decoding=\"async\" class=\"lazyload aligncenter size-medium wp-image-169042\" src=\"https:\/\/ucenfotec.ac.cr\/ecommerce\/wp-content\/uploads\/sites\/13\/2024\/02\/SINT-643-Inteligencia-Artificial-Aplicada-a-los-Negocios-y-Empresas-300x300.png\" data-orig-src=\"https:\/\/ucenfotec.ac.cr\/ecommerce\/wp-content\/uploads\/sites\/13\/2024\/02\/SINT-643-Inteligencia-Artificial-Aplicada-a-los-Negocios-y-Empresas-300x300.png\" alt=\"SINT-643 Inteligencia Artificial Aplicada a los Negocios y Empresas - Universidad CENFOTEC\" width=\"300\" height=\"300\" srcset=\"data:image\/svg+xml,%3Csvg%20xmlns%3D%27http%3A%2F%2Fwww.w3.org%2F2000%2Fsvg%27%20width%3D%27300%27%20height%3D%27300%27%20viewBox%3D%270%200%20300%20300%27%3E%3Crect%20width%3D%27300%27%20height%3D%27300%27%20fill-opacity%3D%220%22%2F%3E%3C%2Fsvg%3E\" data-srcset=\"https:\/\/ucenfotec.ac.cr\/ecommerce\/wp-content\/uploads\/sites\/13\/2024\/02\/SINT-643-Inteligencia-Artificial-Aplicada-a-los-Negocios-y-Empresas-66x66.png 66w, https:\/\/ucenfotec.ac.cr\/ecommerce\/wp-content\/uploads\/sites\/13\/2024\/02\/SINT-643-Inteligencia-Artificial-Aplicada-a-los-Negocios-y-Empresas-100x100.png 100w, https:\/\/ucenfotec.ac.cr\/ecommerce\/wp-content\/uploads\/sites\/13\/2024\/02\/SINT-643-Inteligencia-Artificial-Aplicada-a-los-Negocios-y-Empresas-150x150.png 150w, https:\/\/ucenfotec.ac.cr\/ecommerce\/wp-content\/uploads\/sites\/13\/2024\/02\/SINT-643-Inteligencia-Artificial-Aplicada-a-los-Negocios-y-Empresas-200x200.png 200w, https:\/\/ucenfotec.ac.cr\/ecommerce\/wp-content\/uploads\/sites\/13\/2024\/02\/SINT-643-Inteligencia-Artificial-Aplicada-a-los-Negocios-y-Empresas-300x300.png 300w, https:\/\/ucenfotec.ac.cr\/ecommerce\/wp-content\/uploads\/sites\/13\/2024\/02\/SINT-643-Inteligencia-Artificial-Aplicada-a-los-Negocios-y-Empresas-400x400.png 400w, https:\/\/ucenfotec.ac.cr\/ecommerce\/wp-content\/uploads\/sites\/13\/2024\/02\/SINT-643-Inteligencia-Artificial-Aplicada-a-los-Negocios-y-Empresas-500x500.png 500w, https:\/\/ucenfotec.ac.cr\/ecommerce\/wp-content\/uploads\/sites\/13\/2024\/02\/SINT-643-Inteligencia-Artificial-Aplicada-a-los-Negocios-y-Empresas-600x600.png 600w, https:\/\/ucenfotec.ac.cr\/ecommerce\/wp-content\/uploads\/sites\/13\/2024\/02\/SINT-643-Inteligencia-Artificial-Aplicada-a-los-Negocios-y-Empresas-700x700.png 700w, https:\/\/ucenfotec.ac.cr\/ecommerce\/wp-content\/uploads\/sites\/13\/2024\/02\/SINT-643-Inteligencia-Artificial-Aplicada-a-los-Negocios-y-Empresas-768x768.png 768w, https:\/\/ucenfotec.ac.cr\/ecommerce\/wp-content\/uploads\/sites\/13\/2024\/02\/SINT-643-Inteligencia-Artificial-Aplicada-a-los-Negocios-y-Empresas-800x800.png 800w, https:\/\/ucenfotec.ac.cr\/ecommerce\/wp-content\/uploads\/sites\/13\/2024\/02\/SINT-643-Inteligencia-Artificial-Aplicada-a-los-Negocios-y-Empresas-1024x1024.png 1024w, https:\/\/ucenfotec.ac.cr\/ecommerce\/wp-content\/uploads\/sites\/13\/2024\/02\/SINT-643-Inteligencia-Artificial-Aplicada-a-los-Negocios-y-Empresas.png 1200w\" data-sizes=\"auto\" data-orig-sizes=\"(max-width: 300px) 100vw, 300px\" \/><\/a><\/p>\n<hr \/>\n<\/div>\n<\/div><\/div><\/div><\/div><\/div>\n","protected":false},"excerpt":{"rendered":"<p class=\"ai-optimize-20\"><span data-sheets-root=\"1\">El curso Inteligencia Artificial aplicada a los negocios y empresas est\u00e1 dise\u00f1ado para capacitar a los participantes en la implementaci\u00f3n de IA en funciones empresariales, con un enfoque en la automatizaci\u00f3n, personalizaci\u00f3n y la \u00e9tica en su uso.<\/span><\/p>\n","protected":false},"featured_media":53379,"template":"","meta":{"_relevanssi_hide_post":"","_relevanssi_hide_content":"","_relevanssi_pin_for_all":"","_relevanssi_pin_keywords":"","_relevanssi_unpin_keywords":"","_relevanssi_related_keywords":"","_relevanssi_related_include_ids":"","_relevanssi_related_exclude_ids":"","_relevanssi_related_no_append":"","_relevanssi_related_not_related":"","_relevanssi_related_posts":"","_relevanssi_noindex_reason":""},"product_brand":[],"product_cat":[145],"product_tag":[1532,2490,1537,1858,1538,1008,1859,1861,1534,1535,2461,1539,950,1429,1533,1444,2489,1855,1636,2029,1540,1536],"class_list":{"0":"post-79068","1":"product","2":"type-product","3":"status-publish","4":"has-post-thumbnail","6":"product_cat-sistemas-inteligentes","7":"product_tag-aplicaciones-de-inteligencia-artificial","8":"product_tag-aplicaciones-financieras","9":"product_tag-aprendizajeautomatico","10":"product_tag-automatizacion-de-procesos","11":"product_tag-automatizacionempresarial","12":"product_tag-contabilidad","13":"product_tag-contenido-creativo","14":"product_tag-etica","15":"product_tag-iaennegocios","16":"product_tag-iaparaempresas","17":"product_tag-impacto-socioeconomico","18":"product_tag-innovacionempresarial","19":"product_tag-inteligencia-artificial","20":"product_tag-inteligencia-artificial-generativa","21":"product_tag-inteligenciaartificial","22":"product_tag-marketing","23":"product_tag-negocios","24":"product_tag-publicidad","25":"product_tag-recursos-humanos","26":"product_tag-seleccion-asistida","27":"product_tag-tecnologiaempresarial","28":"product_tag-transformaciondigital","30":"first","31":"instock","32":"sold-individually","33":"taxable","34":"shipping-taxable","35":"purchasable","36":"product-type-variable"},"yoast_head":"<!-- This site is optimized with the Yoast SEO Premium plugin v27.3 (Yoast SEO v27.3) - https:\/\/yoast.com\/product\/yoast-seo-premium-wordpress\/ -->\n<title>Inteligencia artificial aplicada a los negocios y empresas<\/title>\n<meta name=\"description\" content=\"Explora c\u00f3mo implementar soluciones de IA en el \u00e1mbito empresarial para mejorar procesos y resultados.\" \/>\n<meta name=\"robots\" content=\"index, follow, max-snippet:-1, max-image-preview:large, max-video-preview:-1\" \/>\n<link rel=\"canonical\" href=\"https:\/\/ucenfotec.ac.cr\/ecommerce\/producto\/inteligencia-artificial-aplicada-a-los-negocios-y-empresas\/\" \/>\n<meta property=\"og:locale\" content=\"es_ES\" \/>\n<meta property=\"og:type\" content=\"article\" \/>\n<meta property=\"og:title\" content=\"Inteligencia artificial aplicada a los negocios y empresas\" \/>\n<meta property=\"og:description\" content=\"Explora c\u00f3mo implementar soluciones de IA en el \u00e1mbito empresarial para mejorar procesos y resultados.\" \/>\n<meta property=\"og:url\" content=\"https:\/\/ucenfotec.ac.cr\/ecommerce\/producto\/inteligencia-artificial-aplicada-a-los-negocios-y-empresas\/\" \/>\n<meta property=\"og:site_name\" content=\"Cursos - CENFOTEC\" \/>\n<meta property=\"article:modified_time\" content=\"2026-04-13T18:27:27+00:00\" \/>\n<meta property=\"og:image\" content=\"https:\/\/ucenfotec.ac.cr\/ecommerce\/wp-content\/uploads\/sites\/13\/2022\/05\/Intelligent-Systems.jpg\" \/>\n\t<meta property=\"og:image:width\" content=\"500\" \/>\n\t<meta property=\"og:image:height\" content=\"650\" \/>\n\t<meta property=\"og:image:type\" content=\"image\/jpeg\" \/>\n<meta name=\"twitter:card\" content=\"summary_large_image\" \/>\n<meta name=\"twitter:label1\" content=\"Tiempo de lectura\" \/>\n\t<meta name=\"twitter:data1\" content=\"1 minuto\" \/>\n<script type=\"application\/ld+json\" class=\"yoast-schema-graph\">{\"@context\":\"https:\\\/\\\/schema.org\",\"@graph\":[{\"@type\":\"WebPage\",\"@id\":\"https:\\\/\\\/ucenfotec.ac.cr\\\/ecommerce\\\/producto\\\/inteligencia-artificial-aplicada-a-los-negocios-y-empresas\\\/\",\"url\":\"https:\\\/\\\/ucenfotec.ac.cr\\\/ecommerce\\\/producto\\\/inteligencia-artificial-aplicada-a-los-negocios-y-empresas\\\/\",\"name\":\"Inteligencia artificial aplicada a los negocios y empresas\",\"isPartOf\":{\"@id\":\"https:\\\/\\\/ucenfotec.ac.cr\\\/ecommerce\\\/#website\"},\"primaryImageOfPage\":{\"@id\":\"https:\\\/\\\/ucenfotec.ac.cr\\\/ecommerce\\\/producto\\\/inteligencia-artificial-aplicada-a-los-negocios-y-empresas\\\/#primaryimage\"},\"image\":{\"@id\":\"https:\\\/\\\/ucenfotec.ac.cr\\\/ecommerce\\\/producto\\\/inteligencia-artificial-aplicada-a-los-negocios-y-empresas\\\/#primaryimage\"},\"thumbnailUrl\":\"https:\\\/\\\/ucenfotec.ac.cr\\\/ecommerce\\\/wp-content\\\/uploads\\\/sites\\\/13\\\/2022\\\/05\\\/Intelligent-Systems.jpg\",\"datePublished\":\"2024-02-20T20:44:02+00:00\",\"dateModified\":\"2026-04-13T18:27:27+00:00\",\"description\":\"Explora c\u00f3mo implementar soluciones de IA en el \u00e1mbito empresarial para mejorar procesos y resultados.\",\"breadcrumb\":{\"@id\":\"https:\\\/\\\/ucenfotec.ac.cr\\\/ecommerce\\\/producto\\\/inteligencia-artificial-aplicada-a-los-negocios-y-empresas\\\/#breadcrumb\"},\"inLanguage\":\"es\",\"potentialAction\":[{\"@type\":\"ReadAction\",\"target\":[\"https:\\\/\\\/ucenfotec.ac.cr\\\/ecommerce\\\/producto\\\/inteligencia-artificial-aplicada-a-los-negocios-y-empresas\\\/\"]}]},{\"@type\":\"ImageObject\",\"inLanguage\":\"es\",\"@id\":\"https:\\\/\\\/ucenfotec.ac.cr\\\/ecommerce\\\/producto\\\/inteligencia-artificial-aplicada-a-los-negocios-y-empresas\\\/#primaryimage\",\"url\":\"https:\\\/\\\/ucenfotec.ac.cr\\\/ecommerce\\\/wp-content\\\/uploads\\\/sites\\\/13\\\/2022\\\/05\\\/Intelligent-Systems.jpg\",\"contentUrl\":\"https:\\\/\\\/ucenfotec.ac.cr\\\/ecommerce\\\/wp-content\\\/uploads\\\/sites\\\/13\\\/2022\\\/05\\\/Intelligent-Systems.jpg\",\"width\":500,\"height\":650,\"caption\":\"Sistemas Inteligentes Curso Costa Rica - Universidad CENFOTEC\"},{\"@type\":\"BreadcrumbList\",\"@id\":\"https:\\\/\\\/ucenfotec.ac.cr\\\/ecommerce\\\/producto\\\/inteligencia-artificial-aplicada-a-los-negocios-y-empresas\\\/#breadcrumb\",\"itemListElement\":[{\"@type\":\"ListItem\",\"position\":1,\"name\":\"Portada\",\"item\":\"https:\\\/\\\/ucenfotec.ac.cr\\\/ecommerce\\\/\"},{\"@type\":\"ListItem\",\"position\":2,\"name\":\"Todos los Cursos\",\"item\":\"https:\\\/\\\/ucenfotec.ac.cr\\\/ecommerce\\\/todos-los-cursos\\\/\"},{\"@type\":\"ListItem\",\"position\":3,\"name\":\"Inteligencia artificial aplicada a los negocios y empresas\"}]},{\"@type\":\"WebSite\",\"@id\":\"https:\\\/\\\/ucenfotec.ac.cr\\\/ecommerce\\\/#website\",\"url\":\"https:\\\/\\\/ucenfotec.ac.cr\\\/ecommerce\\\/\",\"name\":\"Cursos - CENFOTEC\",\"description\":\"Tienda en l\u00ednea de cursos ofrecidos por CENFOTEC\",\"potentialAction\":[{\"@type\":\"SearchAction\",\"target\":{\"@type\":\"EntryPoint\",\"urlTemplate\":\"https:\\\/\\\/ucenfotec.ac.cr\\\/ecommerce\\\/?s={search_term_string}\"},\"query-input\":{\"@type\":\"PropertyValueSpecification\",\"valueRequired\":true,\"valueName\":\"search_term_string\"}}],\"inLanguage\":\"es\"}]}<\/script>\n<!-- \/ Yoast SEO Premium plugin. -->","yoast_head_json":{"title":"Inteligencia artificial aplicada a los negocios y empresas","description":"Explora c\u00f3mo implementar soluciones de IA en el \u00e1mbito empresarial para mejorar procesos y resultados.","robots":{"index":"index","follow":"follow","max-snippet":"max-snippet:-1","max-image-preview":"max-image-preview:large","max-video-preview":"max-video-preview:-1"},"canonical":"https:\/\/ucenfotec.ac.cr\/ecommerce\/producto\/inteligencia-artificial-aplicada-a-los-negocios-y-empresas\/","og_locale":"es_ES","og_type":"article","og_title":"Inteligencia artificial aplicada a los negocios y empresas","og_description":"Explora c\u00f3mo implementar soluciones de IA en el \u00e1mbito empresarial para mejorar procesos y resultados.","og_url":"https:\/\/ucenfotec.ac.cr\/ecommerce\/producto\/inteligencia-artificial-aplicada-a-los-negocios-y-empresas\/","og_site_name":"Cursos - CENFOTEC","article_modified_time":"2026-04-13T18:27:27+00:00","og_image":[{"width":500,"height":650,"url":"https:\/\/ucenfotec.ac.cr\/ecommerce\/wp-content\/uploads\/sites\/13\/2022\/05\/Intelligent-Systems.jpg","type":"image\/jpeg"}],"twitter_card":"summary_large_image","twitter_misc":{"Tiempo de lectura":"1 minuto"},"schema":{"@context":"https:\/\/schema.org","@graph":[{"@type":"WebPage","@id":"https:\/\/ucenfotec.ac.cr\/ecommerce\/producto\/inteligencia-artificial-aplicada-a-los-negocios-y-empresas\/","url":"https:\/\/ucenfotec.ac.cr\/ecommerce\/producto\/inteligencia-artificial-aplicada-a-los-negocios-y-empresas\/","name":"Inteligencia artificial aplicada a los negocios y empresas","isPartOf":{"@id":"https:\/\/ucenfotec.ac.cr\/ecommerce\/#website"},"primaryImageOfPage":{"@id":"https:\/\/ucenfotec.ac.cr\/ecommerce\/producto\/inteligencia-artificial-aplicada-a-los-negocios-y-empresas\/#primaryimage"},"image":{"@id":"https:\/\/ucenfotec.ac.cr\/ecommerce\/producto\/inteligencia-artificial-aplicada-a-los-negocios-y-empresas\/#primaryimage"},"thumbnailUrl":"https:\/\/ucenfotec.ac.cr\/ecommerce\/wp-content\/uploads\/sites\/13\/2022\/05\/Intelligent-Systems.jpg","datePublished":"2024-02-20T20:44:02+00:00","dateModified":"2026-04-13T18:27:27+00:00","description":"Explora c\u00f3mo implementar soluciones de IA en el \u00e1mbito empresarial para mejorar procesos y resultados.","breadcrumb":{"@id":"https:\/\/ucenfotec.ac.cr\/ecommerce\/producto\/inteligencia-artificial-aplicada-a-los-negocios-y-empresas\/#breadcrumb"},"inLanguage":"es","potentialAction":[{"@type":"ReadAction","target":["https:\/\/ucenfotec.ac.cr\/ecommerce\/producto\/inteligencia-artificial-aplicada-a-los-negocios-y-empresas\/"]}]},{"@type":"ImageObject","inLanguage":"es","@id":"https:\/\/ucenfotec.ac.cr\/ecommerce\/producto\/inteligencia-artificial-aplicada-a-los-negocios-y-empresas\/#primaryimage","url":"https:\/\/ucenfotec.ac.cr\/ecommerce\/wp-content\/uploads\/sites\/13\/2022\/05\/Intelligent-Systems.jpg","contentUrl":"https:\/\/ucenfotec.ac.cr\/ecommerce\/wp-content\/uploads\/sites\/13\/2022\/05\/Intelligent-Systems.jpg","width":500,"height":650,"caption":"Sistemas Inteligentes Curso Costa Rica - Universidad CENFOTEC"},{"@type":"BreadcrumbList","@id":"https:\/\/ucenfotec.ac.cr\/ecommerce\/producto\/inteligencia-artificial-aplicada-a-los-negocios-y-empresas\/#breadcrumb","itemListElement":[{"@type":"ListItem","position":1,"name":"Portada","item":"https:\/\/ucenfotec.ac.cr\/ecommerce\/"},{"@type":"ListItem","position":2,"name":"Todos los Cursos","item":"https:\/\/ucenfotec.ac.cr\/ecommerce\/todos-los-cursos\/"},{"@type":"ListItem","position":3,"name":"Inteligencia artificial aplicada a los negocios y empresas"}]},{"@type":"WebSite","@id":"https:\/\/ucenfotec.ac.cr\/ecommerce\/#website","url":"https:\/\/ucenfotec.ac.cr\/ecommerce\/","name":"Cursos - CENFOTEC","description":"Tienda en l\u00ednea de cursos ofrecidos por CENFOTEC","potentialAction":[{"@type":"SearchAction","target":{"@type":"EntryPoint","urlTemplate":"https:\/\/ucenfotec.ac.cr\/ecommerce\/?s={search_term_string}"},"query-input":{"@type":"PropertyValueSpecification","valueRequired":true,"valueName":"search_term_string"}}],"inLanguage":"es"}]}},"_links":{"self":[{"href":"https:\/\/ucenfotec.ac.cr\/ecommerce\/wp-json\/wp\/v2\/product\/79068","targetHints":{"allow":["GET"]}}],"collection":[{"href":"https:\/\/ucenfotec.ac.cr\/ecommerce\/wp-json\/wp\/v2\/product"}],"about":[{"href":"https:\/\/ucenfotec.ac.cr\/ecommerce\/wp-json\/wp\/v2\/types\/product"}],"wp:featuredmedia":[{"embeddable":true,"href":"https:\/\/ucenfotec.ac.cr\/ecommerce\/wp-json\/wp\/v2\/media\/53379"}],"wp:attachment":[{"href":"https:\/\/ucenfotec.ac.cr\/ecommerce\/wp-json\/wp\/v2\/media?parent=79068"}],"wp:term":[{"taxonomy":"product_brand","embeddable":true,"href":"https:\/\/ucenfotec.ac.cr\/ecommerce\/wp-json\/wp\/v2\/product_brand?post=79068"},{"taxonomy":"product_cat","embeddable":true,"href":"https:\/\/ucenfotec.ac.cr\/ecommerce\/wp-json\/wp\/v2\/product_cat?post=79068"},{"taxonomy":"product_tag","embeddable":true,"href":"https:\/\/ucenfotec.ac.cr\/ecommerce\/wp-json\/wp\/v2\/product_tag?post=79068"}],"curies":[{"name":"wp","href":"https:\/\/api.w.org\/{rel}","templated":true}]}}