{"id":81322,"date":"2024-04-24T16:25:04","date_gmt":"2024-04-24T22:25:04","guid":{"rendered":"https:\/\/ucenfotec.ac.cr\/ecommerce\/?post_type=product&#038;p=81322"},"modified":"2026-04-09T15:32:10","modified_gmt":"2026-04-09T21:32:10","slug":"deep-learning-y-big-data-con-python","status":"publish","type":"product","link":"https:\/\/ucenfotec.ac.cr\/ecommerce\/producto\/deep-learning-y-big-data-con-python\/","title":{"rendered":"Deep Learning y Big Data con Python"},"content":{"rendered":"<div class=\"fusion-fullwidth fullwidth-box fusion-builder-row-1 fusion-flex-container nonhundred-percent-fullwidth non-hundred-percent-height-scrolling\" style=\"--awb-border-radius-top-left:0px;--awb-border-radius-top-right:0px;--awb-border-radius-bottom-right:0px;--awb-border-radius-bottom-left:0px;--awb-flex-wrap:wrap;\" ><div class=\"fusion-builder-row fusion-row fusion-flex-align-items-flex-start fusion-flex-content-wrap\" style=\"max-width:1216.8px;margin-left: calc(-4% \/ 2 );margin-right: calc(-4% \/ 2 );\"><div class=\"fusion-layout-column fusion_builder_column fusion-builder-column-0 fusion_builder_column_1_1 1_1 fusion-flex-column\" style=\"--awb-bg-size:cover;--awb-width-large:100%;--awb-margin-top-large:0px;--awb-spacing-right-large:1.92%;--awb-margin-bottom-large:0px;--awb-spacing-left-large:1.92%;--awb-width-medium:100%;--awb-spacing-right-medium:1.92%;--awb-spacing-left-medium:1.92%;--awb-width-small:100%;--awb-spacing-right-small:1.92%;--awb-spacing-left-small:1.92%;\"><div class=\"fusion-column-wrapper fusion-flex-justify-content-flex-start fusion-content-layout-column\"><div class=\"fusion-text fusion-text-1\"><p>Big data se define como al procesamiento, manipulaci\u00f3n y transformaci\u00f3n de grandes vol\u00famenes de datos en informaci\u00f3n valiosa y patrones significativos. Por su parte, Deep Learning es un subcampo del aprendizaje autom\u00e1tico que utiliza redes neuronales artificiales con m\u00faltiples capas (profundas) para modelar y extraer caracter\u00edsticas complejas de grandes cantidades de datos.<\/p>\n<p>Las principales tem\u00e1ticas por abordar incluyen los fundamentos de Big Data, introducci\u00f3n al Deep Learning, an\u00e1lisis de datos con Python y proyectos pr\u00e1cticos de Deep Learning y Big Data.<\/p>\n<p>El curso est\u00e1 dise\u00f1ado por competencias y alineado con el marco de habilidades SFIA 8, por lo que se propone que los estudiantes logren utilizar de forma general las herramientas de aprendizaje profundo y procesamiento de datos para el an\u00e1lisis eficiente de grandes vol\u00famenes de informaci\u00f3n.<\/p>\n<hr \/>\n<p><strong>Contenidos<\/strong><\/p>\n<p><span data-sheets-root=\"1\">1. Fundamentos de Big Data.<br \/>\n2. Introducci\u00f3n al Deep Learning.<br \/>\n3. An\u00e1lisis de datos con Python.<br \/>\n4. Aplicaciones pr\u00e1cticas de Deep Learning y Big Data.<\/span><\/p>\n<hr \/>\n<p><strong>Certificado e Insignia Digital<\/strong><\/p>\n<p>Al finalizar el curso el estudiante obtiene un t\u00edtulo e Insignia digital, socializable en tiempo real basada en tecnolog\u00eda blockchain que permite una vista m\u00e1s completa tras el logro alcanzado por el estudiante al poderla vincular con evidencias del resultado del aprendizaje en su perfil profesional. Es una certificaci\u00f3n segura.<\/p>\n<p><a href=\"https:\/\/ucenfotec.ac.cr\/ecommerce\/wp-content\/uploads\/sites\/13\/2024\/04\/SINT-646-Deep-Learning-y-Big-Data-con-Python.png\"><img decoding=\"async\" class=\"lazyload aligncenter size-medium wp-image-183109\" src=\"https:\/\/ucenfotec.ac.cr\/ecommerce\/wp-content\/uploads\/sites\/13\/2024\/04\/SINT-646-Deep-Learning-y-Big-Data-con-Python-300x300.png\" data-orig-src=\"https:\/\/ucenfotec.ac.cr\/ecommerce\/wp-content\/uploads\/sites\/13\/2024\/04\/SINT-646-Deep-Learning-y-Big-Data-con-Python-300x300.png\" alt=\"SINT-646 Deep Learning y Big Data con Python - Universidad CENFOTEC\" width=\"300\" height=\"300\" srcset=\"data:image\/svg+xml,%3Csvg%20xmlns%3D%27http%3A%2F%2Fwww.w3.org%2F2000%2Fsvg%27%20width%3D%27300%27%20height%3D%27300%27%20viewBox%3D%270%200%20300%20300%27%3E%3Crect%20width%3D%27300%27%20height%3D%27300%27%20fill-opacity%3D%220%22%2F%3E%3C%2Fsvg%3E\" data-srcset=\"https:\/\/ucenfotec.ac.cr\/ecommerce\/wp-content\/uploads\/sites\/13\/2024\/04\/SINT-646-Deep-Learning-y-Big-Data-con-Python-66x66.png 66w, https:\/\/ucenfotec.ac.cr\/ecommerce\/wp-content\/uploads\/sites\/13\/2024\/04\/SINT-646-Deep-Learning-y-Big-Data-con-Python-100x100.png 100w, https:\/\/ucenfotec.ac.cr\/ecommerce\/wp-content\/uploads\/sites\/13\/2024\/04\/SINT-646-Deep-Learning-y-Big-Data-con-Python-150x150.png 150w, https:\/\/ucenfotec.ac.cr\/ecommerce\/wp-content\/uploads\/sites\/13\/2024\/04\/SINT-646-Deep-Learning-y-Big-Data-con-Python-200x200.png 200w, https:\/\/ucenfotec.ac.cr\/ecommerce\/wp-content\/uploads\/sites\/13\/2024\/04\/SINT-646-Deep-Learning-y-Big-Data-con-Python-300x300.png 300w, https:\/\/ucenfotec.ac.cr\/ecommerce\/wp-content\/uploads\/sites\/13\/2024\/04\/SINT-646-Deep-Learning-y-Big-Data-con-Python-400x400.png 400w, https:\/\/ucenfotec.ac.cr\/ecommerce\/wp-content\/uploads\/sites\/13\/2024\/04\/SINT-646-Deep-Learning-y-Big-Data-con-Python-500x500.png 500w, https:\/\/ucenfotec.ac.cr\/ecommerce\/wp-content\/uploads\/sites\/13\/2024\/04\/SINT-646-Deep-Learning-y-Big-Data-con-Python-600x600.png 600w, https:\/\/ucenfotec.ac.cr\/ecommerce\/wp-content\/uploads\/sites\/13\/2024\/04\/SINT-646-Deep-Learning-y-Big-Data-con-Python-700x700.png 700w, https:\/\/ucenfotec.ac.cr\/ecommerce\/wp-content\/uploads\/sites\/13\/2024\/04\/SINT-646-Deep-Learning-y-Big-Data-con-Python-768x768.png 768w, https:\/\/ucenfotec.ac.cr\/ecommerce\/wp-content\/uploads\/sites\/13\/2024\/04\/SINT-646-Deep-Learning-y-Big-Data-con-Python-800x800.png 800w, https:\/\/ucenfotec.ac.cr\/ecommerce\/wp-content\/uploads\/sites\/13\/2024\/04\/SINT-646-Deep-Learning-y-Big-Data-con-Python-1024x1024.png 1024w, https:\/\/ucenfotec.ac.cr\/ecommerce\/wp-content\/uploads\/sites\/13\/2024\/04\/SINT-646-Deep-Learning-y-Big-Data-con-Python.png 1200w\" data-sizes=\"auto\" data-orig-sizes=\"(max-width: 300px) 100vw, 300px\" \/><\/a><\/p>\n<hr \/>\n<\/div><\/div><\/div><\/div><\/div>\n","protected":false},"excerpt":{"rendered":"<p class=\"ai-optimize-25\"><span data-sheets-root=\"1\">El curso Deep Learning y Big Data con Python est\u00e1 dise\u00f1ado aprender a aplicar t\u00e9cnicas de Deep Learning en grandes vol\u00famenes de datos, con proyectos pr\u00e1cticos para reforzar los conceptos.<\/span><\/p>\n","protected":false},"featured_media":53379,"template":"","meta":{"_relevanssi_hide_post":"on","_relevanssi_hide_content":"on","_relevanssi_pin_for_all":"","_relevanssi_pin_keywords":"","_relevanssi_unpin_keywords":"","_relevanssi_related_keywords":"","_relevanssi_related_include_ids":"","_relevanssi_related_exclude_ids":"","_relevanssi_related_no_append":"","_relevanssi_related_not_related":"","_relevanssi_related_posts":"","_relevanssi_noindex_reason":"WooCommerce Yoast SEO Relevanssi index exclude"},"product_brand":[],"product_cat":[1087,145],"product_tag":[1775,1072,848,1342,842,1236,1235,1062,2051,1227,2050],"class_list":{"0":"post-81322","1":"product","2":"type-product","3":"status-publish","4":"has-post-thumbnail","6":"product_cat-agotado","7":"product_cat-sistemas-inteligentes","8":"product_tag-algoritmos","9":"product_tag-analisis-de-datos","10":"product_tag-big-data","11":"product_tag-deep-learning","12":"product_tag-nube","13":"product_tag-numpy","14":"product_tag-pandas","15":"product_tag-python","16":"product_tag-pytorsh","17":"product_tag-redes-neuronales","18":"product_tag-tesorflow","20":"first","21":"outofstock","22":"sold-individually","23":"taxable","24":"shipping-taxable","25":"product-type-variable"},"yoast_head":"<!-- This site is optimized with the Yoast SEO Premium plugin v27.3 (Yoast SEO v27.3) - https:\/\/yoast.com\/product\/yoast-seo-premium-wordpress\/ -->\n<title>Deep Learning y Big Data con Python<\/title>\n<meta name=\"description\" content=\"Aprende a aplicar Deep Learning en el an\u00e1lisis de grandes vol\u00famenes de datos utilizando Python.\" \/>\n<meta name=\"robots\" content=\"index, follow, max-snippet:-1, max-image-preview:large, max-video-preview:-1\" \/>\n<link rel=\"canonical\" href=\"https:\/\/ucenfotec.ac.cr\/ecommerce\/producto\/deep-learning-y-big-data-con-python\/\" \/>\n<meta property=\"og:locale\" content=\"es_ES\" \/>\n<meta property=\"og:type\" content=\"article\" \/>\n<meta property=\"og:title\" content=\"Deep Learning y Big Data con Python\" \/>\n<meta property=\"og:description\" content=\"Aprende a aplicar Deep Learning en el an\u00e1lisis de grandes vol\u00famenes de datos utilizando Python.\" \/>\n<meta property=\"og:url\" content=\"https:\/\/ucenfotec.ac.cr\/ecommerce\/producto\/deep-learning-y-big-data-con-python\/\" \/>\n<meta property=\"og:site_name\" content=\"Cursos - CENFOTEC\" \/>\n<meta property=\"article:modified_time\" content=\"2026-04-09T21:32:10+00:00\" \/>\n<meta property=\"og:image\" content=\"https:\/\/ucenfotec.ac.cr\/ecommerce\/wp-content\/uploads\/sites\/13\/2022\/05\/Intelligent-Systems.jpg\" \/>\n\t<meta property=\"og:image:width\" content=\"500\" \/>\n\t<meta property=\"og:image:height\" content=\"650\" \/>\n\t<meta property=\"og:image:type\" content=\"image\/jpeg\" \/>\n<meta name=\"twitter:card\" content=\"summary_large_image\" \/>\n<meta name=\"twitter:label1\" content=\"Tiempo de lectura\" \/>\n\t<meta name=\"twitter:data1\" content=\"1 minuto\" \/>\n<script type=\"application\/ld+json\" class=\"yoast-schema-graph\">{\"@context\":\"https:\\\/\\\/schema.org\",\"@graph\":[{\"@type\":\"WebPage\",\"@id\":\"https:\\\/\\\/ucenfotec.ac.cr\\\/ecommerce\\\/producto\\\/deep-learning-y-big-data-con-python\\\/\",\"url\":\"https:\\\/\\\/ucenfotec.ac.cr\\\/ecommerce\\\/producto\\\/deep-learning-y-big-data-con-python\\\/\",\"name\":\"Deep Learning y Big Data con Python\",\"isPartOf\":{\"@id\":\"https:\\\/\\\/ucenfotec.ac.cr\\\/ecommerce\\\/#website\"},\"primaryImageOfPage\":{\"@id\":\"https:\\\/\\\/ucenfotec.ac.cr\\\/ecommerce\\\/producto\\\/deep-learning-y-big-data-con-python\\\/#primaryimage\"},\"image\":{\"@id\":\"https:\\\/\\\/ucenfotec.ac.cr\\\/ecommerce\\\/producto\\\/deep-learning-y-big-data-con-python\\\/#primaryimage\"},\"thumbnailUrl\":\"https:\\\/\\\/ucenfotec.ac.cr\\\/ecommerce\\\/wp-content\\\/uploads\\\/sites\\\/13\\\/2022\\\/05\\\/Intelligent-Systems.jpg\",\"datePublished\":\"2024-04-24T22:25:04+00:00\",\"dateModified\":\"2026-04-09T21:32:10+00:00\",\"description\":\"Aprende a aplicar Deep Learning en el an\u00e1lisis de grandes vol\u00famenes de datos utilizando Python.\",\"breadcrumb\":{\"@id\":\"https:\\\/\\\/ucenfotec.ac.cr\\\/ecommerce\\\/producto\\\/deep-learning-y-big-data-con-python\\\/#breadcrumb\"},\"inLanguage\":\"es\",\"potentialAction\":[{\"@type\":\"ReadAction\",\"target\":[\"https:\\\/\\\/ucenfotec.ac.cr\\\/ecommerce\\\/producto\\\/deep-learning-y-big-data-con-python\\\/\"]}]},{\"@type\":\"ImageObject\",\"inLanguage\":\"es\",\"@id\":\"https:\\\/\\\/ucenfotec.ac.cr\\\/ecommerce\\\/producto\\\/deep-learning-y-big-data-con-python\\\/#primaryimage\",\"url\":\"https:\\\/\\\/ucenfotec.ac.cr\\\/ecommerce\\\/wp-content\\\/uploads\\\/sites\\\/13\\\/2022\\\/05\\\/Intelligent-Systems.jpg\",\"contentUrl\":\"https:\\\/\\\/ucenfotec.ac.cr\\\/ecommerce\\\/wp-content\\\/uploads\\\/sites\\\/13\\\/2022\\\/05\\\/Intelligent-Systems.jpg\",\"width\":500,\"height\":650,\"caption\":\"Sistemas Inteligentes Curso Costa Rica - Universidad CENFOTEC\"},{\"@type\":\"BreadcrumbList\",\"@id\":\"https:\\\/\\\/ucenfotec.ac.cr\\\/ecommerce\\\/producto\\\/deep-learning-y-big-data-con-python\\\/#breadcrumb\",\"itemListElement\":[{\"@type\":\"ListItem\",\"position\":1,\"name\":\"Portada\",\"item\":\"https:\\\/\\\/ucenfotec.ac.cr\\\/ecommerce\\\/\"},{\"@type\":\"ListItem\",\"position\":2,\"name\":\"Todos los Cursos\",\"item\":\"https:\\\/\\\/ucenfotec.ac.cr\\\/ecommerce\\\/todos-los-cursos\\\/\"},{\"@type\":\"ListItem\",\"position\":3,\"name\":\"Deep Learning y Big Data con Python\"}]},{\"@type\":\"WebSite\",\"@id\":\"https:\\\/\\\/ucenfotec.ac.cr\\\/ecommerce\\\/#website\",\"url\":\"https:\\\/\\\/ucenfotec.ac.cr\\\/ecommerce\\\/\",\"name\":\"Cursos - CENFOTEC\",\"description\":\"Tienda en l\u00ednea de cursos ofrecidos por CENFOTEC\",\"potentialAction\":[{\"@type\":\"SearchAction\",\"target\":{\"@type\":\"EntryPoint\",\"urlTemplate\":\"https:\\\/\\\/ucenfotec.ac.cr\\\/ecommerce\\\/?s={search_term_string}\"},\"query-input\":{\"@type\":\"PropertyValueSpecification\",\"valueRequired\":true,\"valueName\":\"search_term_string\"}}],\"inLanguage\":\"es\"}]}<\/script>\n<!-- \/ Yoast SEO Premium plugin. -->","yoast_head_json":{"title":"Deep Learning y Big Data con Python","description":"Aprende a aplicar Deep Learning en el an\u00e1lisis de grandes vol\u00famenes de datos utilizando Python.","robots":{"index":"index","follow":"follow","max-snippet":"max-snippet:-1","max-image-preview":"max-image-preview:large","max-video-preview":"max-video-preview:-1"},"canonical":"https:\/\/ucenfotec.ac.cr\/ecommerce\/producto\/deep-learning-y-big-data-con-python\/","og_locale":"es_ES","og_type":"article","og_title":"Deep Learning y Big Data con Python","og_description":"Aprende a aplicar Deep Learning en el an\u00e1lisis de grandes vol\u00famenes de datos utilizando Python.","og_url":"https:\/\/ucenfotec.ac.cr\/ecommerce\/producto\/deep-learning-y-big-data-con-python\/","og_site_name":"Cursos - CENFOTEC","article_modified_time":"2026-04-09T21:32:10+00:00","og_image":[{"width":500,"height":650,"url":"https:\/\/ucenfotec.ac.cr\/ecommerce\/wp-content\/uploads\/sites\/13\/2022\/05\/Intelligent-Systems.jpg","type":"image\/jpeg"}],"twitter_card":"summary_large_image","twitter_misc":{"Tiempo de lectura":"1 minuto"},"schema":{"@context":"https:\/\/schema.org","@graph":[{"@type":"WebPage","@id":"https:\/\/ucenfotec.ac.cr\/ecommerce\/producto\/deep-learning-y-big-data-con-python\/","url":"https:\/\/ucenfotec.ac.cr\/ecommerce\/producto\/deep-learning-y-big-data-con-python\/","name":"Deep Learning y Big Data con Python","isPartOf":{"@id":"https:\/\/ucenfotec.ac.cr\/ecommerce\/#website"},"primaryImageOfPage":{"@id":"https:\/\/ucenfotec.ac.cr\/ecommerce\/producto\/deep-learning-y-big-data-con-python\/#primaryimage"},"image":{"@id":"https:\/\/ucenfotec.ac.cr\/ecommerce\/producto\/deep-learning-y-big-data-con-python\/#primaryimage"},"thumbnailUrl":"https:\/\/ucenfotec.ac.cr\/ecommerce\/wp-content\/uploads\/sites\/13\/2022\/05\/Intelligent-Systems.jpg","datePublished":"2024-04-24T22:25:04+00:00","dateModified":"2026-04-09T21:32:10+00:00","description":"Aprende a aplicar Deep Learning en el an\u00e1lisis de grandes vol\u00famenes de datos utilizando Python.","breadcrumb":{"@id":"https:\/\/ucenfotec.ac.cr\/ecommerce\/producto\/deep-learning-y-big-data-con-python\/#breadcrumb"},"inLanguage":"es","potentialAction":[{"@type":"ReadAction","target":["https:\/\/ucenfotec.ac.cr\/ecommerce\/producto\/deep-learning-y-big-data-con-python\/"]}]},{"@type":"ImageObject","inLanguage":"es","@id":"https:\/\/ucenfotec.ac.cr\/ecommerce\/producto\/deep-learning-y-big-data-con-python\/#primaryimage","url":"https:\/\/ucenfotec.ac.cr\/ecommerce\/wp-content\/uploads\/sites\/13\/2022\/05\/Intelligent-Systems.jpg","contentUrl":"https:\/\/ucenfotec.ac.cr\/ecommerce\/wp-content\/uploads\/sites\/13\/2022\/05\/Intelligent-Systems.jpg","width":500,"height":650,"caption":"Sistemas Inteligentes Curso Costa Rica - Universidad CENFOTEC"},{"@type":"BreadcrumbList","@id":"https:\/\/ucenfotec.ac.cr\/ecommerce\/producto\/deep-learning-y-big-data-con-python\/#breadcrumb","itemListElement":[{"@type":"ListItem","position":1,"name":"Portada","item":"https:\/\/ucenfotec.ac.cr\/ecommerce\/"},{"@type":"ListItem","position":2,"name":"Todos los Cursos","item":"https:\/\/ucenfotec.ac.cr\/ecommerce\/todos-los-cursos\/"},{"@type":"ListItem","position":3,"name":"Deep Learning y Big Data con Python"}]},{"@type":"WebSite","@id":"https:\/\/ucenfotec.ac.cr\/ecommerce\/#website","url":"https:\/\/ucenfotec.ac.cr\/ecommerce\/","name":"Cursos - CENFOTEC","description":"Tienda en l\u00ednea de cursos ofrecidos por CENFOTEC","potentialAction":[{"@type":"SearchAction","target":{"@type":"EntryPoint","urlTemplate":"https:\/\/ucenfotec.ac.cr\/ecommerce\/?s={search_term_string}"},"query-input":{"@type":"PropertyValueSpecification","valueRequired":true,"valueName":"search_term_string"}}],"inLanguage":"es"}]}},"_links":{"self":[{"href":"https:\/\/ucenfotec.ac.cr\/ecommerce\/wp-json\/wp\/v2\/product\/81322","targetHints":{"allow":["GET"]}}],"collection":[{"href":"https:\/\/ucenfotec.ac.cr\/ecommerce\/wp-json\/wp\/v2\/product"}],"about":[{"href":"https:\/\/ucenfotec.ac.cr\/ecommerce\/wp-json\/wp\/v2\/types\/product"}],"wp:featuredmedia":[{"embeddable":true,"href":"https:\/\/ucenfotec.ac.cr\/ecommerce\/wp-json\/wp\/v2\/media\/53379"}],"wp:attachment":[{"href":"https:\/\/ucenfotec.ac.cr\/ecommerce\/wp-json\/wp\/v2\/media?parent=81322"}],"wp:term":[{"taxonomy":"product_brand","embeddable":true,"href":"https:\/\/ucenfotec.ac.cr\/ecommerce\/wp-json\/wp\/v2\/product_brand?post=81322"},{"taxonomy":"product_cat","embeddable":true,"href":"https:\/\/ucenfotec.ac.cr\/ecommerce\/wp-json\/wp\/v2\/product_cat?post=81322"},{"taxonomy":"product_tag","embeddable":true,"href":"https:\/\/ucenfotec.ac.cr\/ecommerce\/wp-json\/wp\/v2\/product_tag?post=81322"}],"curies":[{"name":"wp","href":"https:\/\/api.w.org\/{rel}","templated":true}]}}