{"id":81325,"date":"2024-04-24T16:33:19","date_gmt":"2024-04-24T22:33:19","guid":{"rendered":"https:\/\/ucenfotec.ac.cr\/ecommerce\/?post_type=product&#038;p=81325"},"modified":"2026-03-23T18:32:13","modified_gmt":"2026-03-24T00:32:13","slug":"vision-en-computadoras-con-python","status":"publish","type":"product","link":"https:\/\/ucenfotec.ac.cr\/ecommerce\/producto\/vision-en-computadoras-con-python\/","title":{"rendered":"Visi\u00f3n en computadoras con Python"},"content":{"rendered":"<div class=\"fusion-fullwidth fullwidth-box fusion-builder-row-1 fusion-flex-container nonhundred-percent-fullwidth non-hundred-percent-height-scrolling\" style=\"--awb-border-radius-top-left:0px;--awb-border-radius-top-right:0px;--awb-border-radius-bottom-right:0px;--awb-border-radius-bottom-left:0px;--awb-flex-wrap:wrap;\" ><div class=\"fusion-builder-row fusion-row fusion-flex-align-items-flex-start fusion-flex-content-wrap\" style=\"max-width:1216.8px;margin-left: calc(-4% \/ 2 );margin-right: calc(-4% \/ 2 );\"><div class=\"fusion-layout-column fusion_builder_column fusion-builder-column-0 fusion_builder_column_1_1 1_1 fusion-flex-column\" style=\"--awb-bg-size:cover;--awb-width-large:100%;--awb-margin-top-large:0px;--awb-spacing-right-large:1.92%;--awb-margin-bottom-large:0px;--awb-spacing-left-large:1.92%;--awb-width-medium:100%;--awb-spacing-right-medium:1.92%;--awb-spacing-left-medium:1.92%;--awb-width-small:100%;--awb-spacing-right-small:1.92%;--awb-spacing-left-small:1.92%;\"><div class=\"fusion-column-wrapper fusion-flex-justify-content-flex-start fusion-content-layout-column\"><div class=\"fusion-text fusion-text-1\"><p><span data-sheets-root=\"1\">La visi\u00f3n en computadoras consiste en la interpretaci\u00f3n y la comprensi\u00f3n de los ordenadores del contenido del mundo visual, como im\u00e1genes, videos y otras entradas gr\u00e1ficas para la extracci\u00f3n de informaci\u00f3n significativa que permita la toma de decisiones basadas en datos procesados.<\/span><\/p>\n<p><span data-sheets-root=\"1\">Las principales tem\u00e1ticas por abordar son los fundamentos de procesamiento de im\u00e1genes y video, la detecci\u00f3n y reconocimiento de objetos, el seguimiento de objetos y an\u00e1lisis de movimiento y las aplicaciones de visi\u00f3n por computadora con proyectos reales<\/span><\/p>\n<p><span data-sheets-root=\"1\">El curso est\u00e1 dise\u00f1ado por competencias y alineado con el marco global de habilidades para un mundo digital SFIA, por lo que se propone que los estudiantes logren responder a un nivel de responsabilidad 3, de manera que identifica problemas y recomienda mejoras a los sistemas de aprendizaje autom\u00e1tico y los datos que ellos utilizan.<\/span><\/p>\n<hr \/>\n<p><strong>Contenidos<\/strong><\/p>\n<p><span data-sheets-root=\"1\">1. Fundamentos de procesamiento de im\u00e1genes y video.<br \/>\n2. Detecci\u00f3n y reconocimiento de objetos.<br \/>\n3. Seguimiento de objetos y an\u00e1lisis de movimiento.<br \/>\n4. Aplicaciones de visi\u00f3n por computadora con proyectos reales.<\/span><\/p>\n<hr \/>\n<p><strong>Certificado e Insignia Digital<\/strong><\/p>\n<p>Al finalizar el curso el estudiante obtiene un t\u00edtulo e Insignia digital, socializable en tiempo real basada en tecnolog\u00eda blockchain que permite una vista m\u00e1s completa tras el logro alcanzado por el estudiante al poderla vincular con evidencias del resultado del aprendizaje en su perfil profesional. Es una certificaci\u00f3n segura.<\/p>\n<p><img decoding=\"async\" class=\"lazyload aligncenter wp-image-116279 size-medium\" src=\"https:\/\/ucenfotec.ac.cr\/ecommerce\/wp-content\/uploads\/sites\/13\/2024\/04\/SINT-647-Vision-de-Computadoras-con-Python-300x300.png\" data-orig-src=\"https:\/\/ucenfotec.ac.cr\/ecommerce\/wp-content\/uploads\/sites\/13\/2024\/04\/SINT-647-Vision-de-Computadoras-con-Python-300x300.png\" alt=\"SINT-647-Vision-de-Computadoras-con-Python\" width=\"300\" height=\"300\" srcset=\"data:image\/svg+xml,%3Csvg%20xmlns%3D%27http%3A%2F%2Fwww.w3.org%2F2000%2Fsvg%27%20width%3D%27300%27%20height%3D%27300%27%20viewBox%3D%270%200%20300%20300%27%3E%3Crect%20width%3D%27300%27%20height%3D%27300%27%20fill-opacity%3D%220%22%2F%3E%3C%2Fsvg%3E\" data-srcset=\"https:\/\/ucenfotec.ac.cr\/ecommerce\/wp-content\/uploads\/sites\/13\/2024\/04\/SINT-647-Vision-de-Computadoras-con-Python-66x66.png 66w, https:\/\/ucenfotec.ac.cr\/ecommerce\/wp-content\/uploads\/sites\/13\/2024\/04\/SINT-647-Vision-de-Computadoras-con-Python-100x100.png 100w, https:\/\/ucenfotec.ac.cr\/ecommerce\/wp-content\/uploads\/sites\/13\/2024\/04\/SINT-647-Vision-de-Computadoras-con-Python-150x150.png 150w, https:\/\/ucenfotec.ac.cr\/ecommerce\/wp-content\/uploads\/sites\/13\/2024\/04\/SINT-647-Vision-de-Computadoras-con-Python-200x200.png 200w, https:\/\/ucenfotec.ac.cr\/ecommerce\/wp-content\/uploads\/sites\/13\/2024\/04\/SINT-647-Vision-de-Computadoras-con-Python-300x300.png 300w, https:\/\/ucenfotec.ac.cr\/ecommerce\/wp-content\/uploads\/sites\/13\/2024\/04\/SINT-647-Vision-de-Computadoras-con-Python-400x400.png 400w, https:\/\/ucenfotec.ac.cr\/ecommerce\/wp-content\/uploads\/sites\/13\/2024\/04\/SINT-647-Vision-de-Computadoras-con-Python-500x500.png 500w, https:\/\/ucenfotec.ac.cr\/ecommerce\/wp-content\/uploads\/sites\/13\/2024\/04\/SINT-647-Vision-de-Computadoras-con-Python-600x600.png 600w, https:\/\/ucenfotec.ac.cr\/ecommerce\/wp-content\/uploads\/sites\/13\/2024\/04\/SINT-647-Vision-de-Computadoras-con-Python-700x700.png 700w, https:\/\/ucenfotec.ac.cr\/ecommerce\/wp-content\/uploads\/sites\/13\/2024\/04\/SINT-647-Vision-de-Computadoras-con-Python-768x768.png 768w, https:\/\/ucenfotec.ac.cr\/ecommerce\/wp-content\/uploads\/sites\/13\/2024\/04\/SINT-647-Vision-de-Computadoras-con-Python-800x800.png 800w, https:\/\/ucenfotec.ac.cr\/ecommerce\/wp-content\/uploads\/sites\/13\/2024\/04\/SINT-647-Vision-de-Computadoras-con-Python-1024x1024.png 1024w, https:\/\/ucenfotec.ac.cr\/ecommerce\/wp-content\/uploads\/sites\/13\/2024\/04\/SINT-647-Vision-de-Computadoras-con-Python.png 1200w\" data-sizes=\"auto\" data-orig-sizes=\"(max-width: 300px) 100vw, 300px\" \/><\/p>\n<hr \/>\n<\/div><\/div><\/div><\/div><\/div>\n","protected":false},"excerpt":{"rendered":"<p class=\"ai-optimize-29\"><span data-sheets-root=\"1\">Este curso est\u00e1 dise\u00f1ado para ense\u00f1ar a los participantes c\u00f3mo utilizar t\u00e9cnicas de visi\u00f3n por computadora para desarrollar aplicaciones que impliquen el an\u00e1lisis de im\u00e1genes y videos, con ejemplos pr\u00e1cticos.<\/span><\/p>\n","protected":false},"featured_media":53379,"template":"","meta":{"_relevanssi_hide_post":"","_relevanssi_hide_content":"","_relevanssi_pin_for_all":"","_relevanssi_pin_keywords":"","_relevanssi_unpin_keywords":"","_relevanssi_related_keywords":"","_relevanssi_related_include_ids":"","_relevanssi_related_exclude_ids":"","_relevanssi_related_no_append":"","_relevanssi_related_not_related":"","_relevanssi_related_posts":"","_relevanssi_noindex_reason":""},"product_brand":[],"product_cat":[145],"product_tag":[2590,1549,1548,1550,2586,2587,1062,2588,2589,2591],"class_list":{"0":"post-81325","1":"product","2":"type-product","3":"status-publish","4":"has-post-thumbnail","6":"product_cat-sistemas-inteligentes","7":"product_tag-analisis-de-movimiento","8":"product_tag-computer-vision","9":"product_tag-ia-con-python","10":"product_tag-image-processing","11":"product_tag-procesamiento-de-imagenes","12":"product_tag-procesamiento-de-video","13":"product_tag-python","14":"product_tag-reconocimiento-de-objetos","15":"product_tag-seguimiento-de-objetos","16":"product_tag-vision-por-computadora","18":"first","19":"instock","20":"virtual","21":"sold-individually","22":"taxable","23":"purchasable","24":"product-type-simple"},"yoast_head":"<!-- This site is optimized with the Yoast SEO Premium plugin v27.4 (Yoast SEO v27.4) - https:\/\/yoast.com\/product\/yoast-seo-premium-wordpress\/ -->\n<title>Visi\u00f3n en computadoras con Python<\/title>\n<meta name=\"description\" content=\"Curso pr\u00e1ctico sobre el desarrollo de aplicaciones de visi\u00f3n por computadora utilizando Python.\" \/>\n<meta name=\"robots\" content=\"index, follow, max-snippet:-1, max-image-preview:large, max-video-preview:-1\" \/>\n<link rel=\"canonical\" href=\"https:\/\/ucenfotec.ac.cr\/ecommerce\/producto\/vision-en-computadoras-con-python\/\" \/>\n<meta property=\"og:locale\" content=\"es_ES\" \/>\n<meta property=\"og:type\" content=\"article\" \/>\n<meta property=\"og:title\" content=\"Visi\u00f3n en computadoras con Python\" \/>\n<meta property=\"og:description\" content=\"Curso pr\u00e1ctico sobre el desarrollo de aplicaciones de visi\u00f3n por computadora utilizando Python.\" \/>\n<meta property=\"og:url\" content=\"https:\/\/ucenfotec.ac.cr\/ecommerce\/producto\/vision-en-computadoras-con-python\/\" \/>\n<meta property=\"og:site_name\" content=\"Cursos - CENFOTEC\" \/>\n<meta property=\"article:modified_time\" content=\"2026-03-24T00:32:13+00:00\" \/>\n<meta property=\"og:image\" content=\"https:\/\/ucenfotec.ac.cr\/ecommerce\/wp-content\/uploads\/sites\/13\/2022\/05\/Intelligent-Systems.jpg\" \/>\n\t<meta property=\"og:image:width\" content=\"500\" \/>\n\t<meta property=\"og:image:height\" content=\"650\" \/>\n\t<meta property=\"og:image:type\" content=\"image\/jpeg\" \/>\n<meta name=\"twitter:card\" content=\"summary_large_image\" \/>\n<meta name=\"twitter:label1\" content=\"Tiempo de lectura\" \/>\n\t<meta name=\"twitter:data1\" content=\"1 minuto\" \/>\n<script type=\"application\/ld+json\" class=\"yoast-schema-graph\">{\"@context\":\"https:\\\/\\\/schema.org\",\"@graph\":[{\"@type\":\"WebPage\",\"@id\":\"https:\\\/\\\/ucenfotec.ac.cr\\\/ecommerce\\\/producto\\\/vision-en-computadoras-con-python\\\/\",\"url\":\"https:\\\/\\\/ucenfotec.ac.cr\\\/ecommerce\\\/producto\\\/vision-en-computadoras-con-python\\\/\",\"name\":\"Visi\u00f3n en computadoras con Python\",\"isPartOf\":{\"@id\":\"https:\\\/\\\/ucenfotec.ac.cr\\\/ecommerce\\\/#website\"},\"primaryImageOfPage\":{\"@id\":\"https:\\\/\\\/ucenfotec.ac.cr\\\/ecommerce\\\/producto\\\/vision-en-computadoras-con-python\\\/#primaryimage\"},\"image\":{\"@id\":\"https:\\\/\\\/ucenfotec.ac.cr\\\/ecommerce\\\/producto\\\/vision-en-computadoras-con-python\\\/#primaryimage\"},\"thumbnailUrl\":\"https:\\\/\\\/ucenfotec.ac.cr\\\/ecommerce\\\/wp-content\\\/uploads\\\/sites\\\/13\\\/2022\\\/05\\\/Intelligent-Systems.jpg\",\"datePublished\":\"2024-04-24T22:33:19+00:00\",\"dateModified\":\"2026-03-24T00:32:13+00:00\",\"description\":\"Curso pr\u00e1ctico sobre el desarrollo de aplicaciones de visi\u00f3n por computadora utilizando Python.\",\"breadcrumb\":{\"@id\":\"https:\\\/\\\/ucenfotec.ac.cr\\\/ecommerce\\\/producto\\\/vision-en-computadoras-con-python\\\/#breadcrumb\"},\"inLanguage\":\"es\",\"potentialAction\":[{\"@type\":\"ReadAction\",\"target\":[\"https:\\\/\\\/ucenfotec.ac.cr\\\/ecommerce\\\/producto\\\/vision-en-computadoras-con-python\\\/\"]}]},{\"@type\":\"ImageObject\",\"inLanguage\":\"es\",\"@id\":\"https:\\\/\\\/ucenfotec.ac.cr\\\/ecommerce\\\/producto\\\/vision-en-computadoras-con-python\\\/#primaryimage\",\"url\":\"https:\\\/\\\/ucenfotec.ac.cr\\\/ecommerce\\\/wp-content\\\/uploads\\\/sites\\\/13\\\/2022\\\/05\\\/Intelligent-Systems.jpg\",\"contentUrl\":\"https:\\\/\\\/ucenfotec.ac.cr\\\/ecommerce\\\/wp-content\\\/uploads\\\/sites\\\/13\\\/2022\\\/05\\\/Intelligent-Systems.jpg\",\"width\":500,\"height\":650,\"caption\":\"Sistemas Inteligentes Curso Costa Rica - Universidad CENFOTEC\"},{\"@type\":\"BreadcrumbList\",\"@id\":\"https:\\\/\\\/ucenfotec.ac.cr\\\/ecommerce\\\/producto\\\/vision-en-computadoras-con-python\\\/#breadcrumb\",\"itemListElement\":[{\"@type\":\"ListItem\",\"position\":1,\"name\":\"Portada\",\"item\":\"https:\\\/\\\/ucenfotec.ac.cr\\\/ecommerce\\\/\"},{\"@type\":\"ListItem\",\"position\":2,\"name\":\"Todos los Cursos\",\"item\":\"https:\\\/\\\/ucenfotec.ac.cr\\\/ecommerce\\\/todos-los-cursos\\\/\"},{\"@type\":\"ListItem\",\"position\":3,\"name\":\"Visi\u00f3n en computadoras con Python\"}]},{\"@type\":\"WebSite\",\"@id\":\"https:\\\/\\\/ucenfotec.ac.cr\\\/ecommerce\\\/#website\",\"url\":\"https:\\\/\\\/ucenfotec.ac.cr\\\/ecommerce\\\/\",\"name\":\"Cursos - CENFOTEC\",\"description\":\"Tienda en l\u00ednea de cursos ofrecidos por CENFOTEC\",\"potentialAction\":[{\"@type\":\"SearchAction\",\"target\":{\"@type\":\"EntryPoint\",\"urlTemplate\":\"https:\\\/\\\/ucenfotec.ac.cr\\\/ecommerce\\\/?s={search_term_string}\"},\"query-input\":{\"@type\":\"PropertyValueSpecification\",\"valueRequired\":true,\"valueName\":\"search_term_string\"}}],\"inLanguage\":\"es\"}]}<\/script>\n<!-- \/ Yoast SEO Premium plugin. -->","yoast_head_json":{"title":"Visi\u00f3n en computadoras con Python","description":"Curso pr\u00e1ctico sobre el desarrollo de aplicaciones de visi\u00f3n por computadora utilizando Python.","robots":{"index":"index","follow":"follow","max-snippet":"max-snippet:-1","max-image-preview":"max-image-preview:large","max-video-preview":"max-video-preview:-1"},"canonical":"https:\/\/ucenfotec.ac.cr\/ecommerce\/producto\/vision-en-computadoras-con-python\/","og_locale":"es_ES","og_type":"article","og_title":"Visi\u00f3n en computadoras con Python","og_description":"Curso pr\u00e1ctico sobre el desarrollo de aplicaciones de visi\u00f3n por computadora utilizando Python.","og_url":"https:\/\/ucenfotec.ac.cr\/ecommerce\/producto\/vision-en-computadoras-con-python\/","og_site_name":"Cursos - CENFOTEC","article_modified_time":"2026-03-24T00:32:13+00:00","og_image":[{"width":500,"height":650,"url":"https:\/\/ucenfotec.ac.cr\/ecommerce\/wp-content\/uploads\/sites\/13\/2022\/05\/Intelligent-Systems.jpg","type":"image\/jpeg"}],"twitter_card":"summary_large_image","twitter_misc":{"Tiempo de lectura":"1 minuto"},"schema":{"@context":"https:\/\/schema.org","@graph":[{"@type":"WebPage","@id":"https:\/\/ucenfotec.ac.cr\/ecommerce\/producto\/vision-en-computadoras-con-python\/","url":"https:\/\/ucenfotec.ac.cr\/ecommerce\/producto\/vision-en-computadoras-con-python\/","name":"Visi\u00f3n en computadoras con Python","isPartOf":{"@id":"https:\/\/ucenfotec.ac.cr\/ecommerce\/#website"},"primaryImageOfPage":{"@id":"https:\/\/ucenfotec.ac.cr\/ecommerce\/producto\/vision-en-computadoras-con-python\/#primaryimage"},"image":{"@id":"https:\/\/ucenfotec.ac.cr\/ecommerce\/producto\/vision-en-computadoras-con-python\/#primaryimage"},"thumbnailUrl":"https:\/\/ucenfotec.ac.cr\/ecommerce\/wp-content\/uploads\/sites\/13\/2022\/05\/Intelligent-Systems.jpg","datePublished":"2024-04-24T22:33:19+00:00","dateModified":"2026-03-24T00:32:13+00:00","description":"Curso pr\u00e1ctico sobre el desarrollo de aplicaciones de visi\u00f3n por computadora utilizando Python.","breadcrumb":{"@id":"https:\/\/ucenfotec.ac.cr\/ecommerce\/producto\/vision-en-computadoras-con-python\/#breadcrumb"},"inLanguage":"es","potentialAction":[{"@type":"ReadAction","target":["https:\/\/ucenfotec.ac.cr\/ecommerce\/producto\/vision-en-computadoras-con-python\/"]}]},{"@type":"ImageObject","inLanguage":"es","@id":"https:\/\/ucenfotec.ac.cr\/ecommerce\/producto\/vision-en-computadoras-con-python\/#primaryimage","url":"https:\/\/ucenfotec.ac.cr\/ecommerce\/wp-content\/uploads\/sites\/13\/2022\/05\/Intelligent-Systems.jpg","contentUrl":"https:\/\/ucenfotec.ac.cr\/ecommerce\/wp-content\/uploads\/sites\/13\/2022\/05\/Intelligent-Systems.jpg","width":500,"height":650,"caption":"Sistemas Inteligentes Curso Costa Rica - Universidad CENFOTEC"},{"@type":"BreadcrumbList","@id":"https:\/\/ucenfotec.ac.cr\/ecommerce\/producto\/vision-en-computadoras-con-python\/#breadcrumb","itemListElement":[{"@type":"ListItem","position":1,"name":"Portada","item":"https:\/\/ucenfotec.ac.cr\/ecommerce\/"},{"@type":"ListItem","position":2,"name":"Todos los Cursos","item":"https:\/\/ucenfotec.ac.cr\/ecommerce\/todos-los-cursos\/"},{"@type":"ListItem","position":3,"name":"Visi\u00f3n en computadoras con Python"}]},{"@type":"WebSite","@id":"https:\/\/ucenfotec.ac.cr\/ecommerce\/#website","url":"https:\/\/ucenfotec.ac.cr\/ecommerce\/","name":"Cursos - CENFOTEC","description":"Tienda en l\u00ednea de cursos ofrecidos por CENFOTEC","potentialAction":[{"@type":"SearchAction","target":{"@type":"EntryPoint","urlTemplate":"https:\/\/ucenfotec.ac.cr\/ecommerce\/?s={search_term_string}"},"query-input":{"@type":"PropertyValueSpecification","valueRequired":true,"valueName":"search_term_string"}}],"inLanguage":"es"}]}},"_links":{"self":[{"href":"https:\/\/ucenfotec.ac.cr\/ecommerce\/wp-json\/wp\/v2\/product\/81325","targetHints":{"allow":["GET"]}}],"collection":[{"href":"https:\/\/ucenfotec.ac.cr\/ecommerce\/wp-json\/wp\/v2\/product"}],"about":[{"href":"https:\/\/ucenfotec.ac.cr\/ecommerce\/wp-json\/wp\/v2\/types\/product"}],"wp:featuredmedia":[{"embeddable":true,"href":"https:\/\/ucenfotec.ac.cr\/ecommerce\/wp-json\/wp\/v2\/media\/53379"}],"wp:attachment":[{"href":"https:\/\/ucenfotec.ac.cr\/ecommerce\/wp-json\/wp\/v2\/media?parent=81325"}],"wp:term":[{"taxonomy":"product_brand","embeddable":true,"href":"https:\/\/ucenfotec.ac.cr\/ecommerce\/wp-json\/wp\/v2\/product_brand?post=81325"},{"taxonomy":"product_cat","embeddable":true,"href":"https:\/\/ucenfotec.ac.cr\/ecommerce\/wp-json\/wp\/v2\/product_cat?post=81325"},{"taxonomy":"product_tag","embeddable":true,"href":"https:\/\/ucenfotec.ac.cr\/ecommerce\/wp-json\/wp\/v2\/product_tag?post=81325"}],"curies":[{"name":"wp","href":"https:\/\/api.w.org\/{rel}","templated":true}]}}