{"id":91360,"date":"2024-09-16T17:07:39","date_gmt":"2024-09-16T23:07:39","guid":{"rendered":"https:\/\/ucenfotec.ac.cr\/ecommerce\/?post_type=product&#038;p=91360"},"modified":"2026-04-07T08:13:29","modified_gmt":"2026-04-07T14:13:29","slug":"fundamentos-de-investigacion-forense-con-examen-de-certificacion","status":"publish","type":"product","link":"https:\/\/ucenfotec.ac.cr\/ecommerce\/producto\/fundamentos-de-investigacion-forense-con-examen-de-certificacion\/","title":{"rendered":"Fundamentos de Investigaci\u00f3n Forense con examen de certificaci\u00f3n"},"content":{"rendered":"<div class=\"fusion-fullwidth fullwidth-box fusion-builder-row-1 fusion-flex-container nonhundred-percent-fullwidth non-hundred-percent-height-scrolling\" style=\"--awb-border-radius-top-left:0px;--awb-border-radius-top-right:0px;--awb-border-radius-bottom-right:0px;--awb-border-radius-bottom-left:0px;--awb-flex-wrap:wrap;\" ><div class=\"fusion-builder-row fusion-row fusion-flex-align-items-flex-start fusion-flex-content-wrap\" style=\"max-width:1216.8px;margin-left: calc(-4% \/ 2 );margin-right: calc(-4% \/ 2 );\"><div class=\"fusion-layout-column fusion_builder_column fusion-builder-column-0 fusion_builder_column_1_1 1_1 fusion-flex-column\" style=\"--awb-bg-size:cover;--awb-width-large:100%;--awb-margin-top-large:0px;--awb-spacing-right-large:1.92%;--awb-margin-bottom-large:0px;--awb-spacing-left-large:1.92%;--awb-width-medium:100%;--awb-spacing-right-medium:1.92%;--awb-spacing-left-medium:1.92%;--awb-width-small:100%;--awb-spacing-right-small:1.92%;--awb-spacing-left-small:1.92%;\"><div class=\"fusion-column-wrapper fusion-flex-justify-content-flex-start fusion-content-layout-column\"><div class=\"fusion-text fusion-text-1\"><p><span data-sheets-root=\"1\">La investigaci\u00f3n forense digital es el proceso de identificar, preservar, analizar y presentar evidencia digital de manera que sea legalmente admisible.<\/span><\/p>\n<p><span data-sheets-root=\"1\">Esta evidencia puede ser utilizada en investigaciones criminales, civiles o corporativas. Abarca un amplio rango de actividades, desde la recuperaci\u00f3n de datos borrados hasta el an\u00e1lisis de patrones de comportamiento en l\u00ednea. En este curso, los estudiantes podr\u00e1n prepararse y presentar el examen para certificaci\u00f3n de Fundamentos en Investigaci\u00f3n Forense Digital de EC-Council.<\/span><\/p>\n<p>Las principales tem\u00e1ticas por abordar en el curso son fundamentos y procesos de investigaci\u00f3n de la computaci\u00f3n forense, sistemas de archivos y discos duros, t\u00e9cnicas anti-forenses e investigaci\u00f3n forense en sistemas operativos y redes.<\/p>\n<p>El curso est\u00e1 dise\u00f1ado por competencias y alineado con el marco global de habilidades y competencias para un mundo digital SFIA8, por lo que se propone que los estudiantes logren responder a un nivel de responsabilidad 3 en el \u00e1rea de An\u00e1lisis Forense Digital (DGFS), de manera que apoyen las investigaciones de an\u00e1lisis forense digital mediante la aplicaci\u00f3n de herramientas y t\u00e9cnicas estandarizadas para investigar dispositivos, recuperen datos da\u00f1ados, eliminados u ocultos en los dispositivos y recopilen informaci\u00f3n y pruebas de manera legalmente admisible.<\/p>\n<hr \/>\n<p><strong>Contenidos<\/strong><\/p>\n<p>1. Fundamentos de Computaci\u00f3n Forense.<\/p>\n<p>2. Proceso de Investigaci\u00f3n en Computaci\u00f3n Forense.<\/p>\n<p>3. Comprendiendo los sistemas de archivos y los discos duros.<\/p>\n<p>4.Adquisici\u00f3n de datos y duplicaci\u00f3n.<\/p>\n<p>5. Evitando t\u00e9cnicas anti-forenses.<\/p>\n<p>6,Investigaci\u00f3n forense en Windows.<\/p>\n<p>7. Investigaci\u00f3n forense en Linux y Mac.<\/p>\n<p>8. Investigaci\u00f3n forense en redes.<\/p>\n<p>9. Investigando ataques Web.<\/p>\n<p>10. Investigaci\u00f3n forense en la Dark Web.<\/p>\n<p>11. Investigando cr\u00edmenes por Email.<\/p>\n<p>12. Investigaci\u00f3n forense de Malware.<\/p>\n<hr \/>\n<p><strong>Certificaci\u00f3n<\/strong><\/p>\n<p><strong>Casa certificadora: <\/strong>EC COUNCIL<br \/>\n<strong>Nombre de la certificaci\u00f3n: <\/strong>Threat Intelligence Essentials (TIE)<\/p>\n<hr \/>\n<p><a href=\"https:\/\/ucenfotec.ac.cr\/ecommerce\/wp-content\/uploads\/sites\/13\/2024\/09\/CIB-930-E-Fundamentos-de-Investigacion-Forense-con-Examen-de-Certificacion.png\"><img decoding=\"async\" class=\"lazyload aligncenter size-full wp-image-183369\" src=\"https:\/\/ucenfotec.ac.cr\/ecommerce\/wp-content\/uploads\/sites\/13\/2024\/09\/CIB-930-E-Fundamentos-de-Investigacion-Forense-con-Examen-de-Certificacion.png\" data-orig-src=\"https:\/\/ucenfotec.ac.cr\/ecommerce\/wp-content\/uploads\/sites\/13\/2024\/09\/CIB-930-E-Fundamentos-de-Investigacion-Forense-con-Examen-de-Certificacion.png\" alt=\"CIB-930-E-Fundamentos de Investigacion Forense con Examen de Certificacion - Universidad CENFOTEC\" width=\"300\" height=\"300\" srcset=\"data:image\/svg+xml,%3Csvg%20xmlns%3D%27http%3A%2F%2Fwww.w3.org%2F2000%2Fsvg%27%20width%3D%27300%27%20height%3D%27300%27%20viewBox%3D%270%200%20300%20300%27%3E%3Crect%20width%3D%27300%27%20height%3D%27300%27%20fill-opacity%3D%220%22%2F%3E%3C%2Fsvg%3E\" data-srcset=\"https:\/\/ucenfotec.ac.cr\/ecommerce\/wp-content\/uploads\/sites\/13\/2024\/09\/CIB-930-E-Fundamentos-de-Investigacion-Forense-con-Examen-de-Certificacion-66x66.png 66w, https:\/\/ucenfotec.ac.cr\/ecommerce\/wp-content\/uploads\/sites\/13\/2024\/09\/CIB-930-E-Fundamentos-de-Investigacion-Forense-con-Examen-de-Certificacion-100x100.png 100w, https:\/\/ucenfotec.ac.cr\/ecommerce\/wp-content\/uploads\/sites\/13\/2024\/09\/CIB-930-E-Fundamentos-de-Investigacion-Forense-con-Examen-de-Certificacion-150x150.png 150w, https:\/\/ucenfotec.ac.cr\/ecommerce\/wp-content\/uploads\/sites\/13\/2024\/09\/CIB-930-E-Fundamentos-de-Investigacion-Forense-con-Examen-de-Certificacion-200x200.png 200w, https:\/\/ucenfotec.ac.cr\/ecommerce\/wp-content\/uploads\/sites\/13\/2024\/09\/CIB-930-E-Fundamentos-de-Investigacion-Forense-con-Examen-de-Certificacion.png 300w\" data-sizes=\"auto\" data-orig-sizes=\"(max-width: 300px) 100vw, 300px\" \/><\/a><\/p>\n<hr \/>\n<\/div><\/div><\/div><\/div><\/div>\n","protected":false},"excerpt":{"rendered":"<p class=\"ai-optimize-25\"><span data-sheets-root=\"1\">Certifique su experiencia en investigaci\u00f3n forense digital. Adquiera conocimientos en computaci\u00f3n forense, sistemas de archivos, t\u00e9cnicas anti-forenses e investigaci\u00f3n en diversos entornos.<\/span><\/p>\n","protected":false},"featured_media":53376,"template":"","meta":{"_relevanssi_hide_post":"on","_relevanssi_hide_content":"on","_relevanssi_pin_for_all":"","_relevanssi_pin_keywords":"","_relevanssi_unpin_keywords":"","_relevanssi_related_keywords":"","_relevanssi_related_include_ids":"","_relevanssi_related_exclude_ids":"","_relevanssi_related_no_append":"","_relevanssi_related_not_related":"","_relevanssi_related_posts":"","_relevanssi_noindex_reason":"WooCommerce Yoast SEO Relevanssi index exclude"},"product_brand":[],"product_cat":[1087,655],"product_tag":[2002,2006,2007,1436,1345,879,2005,2008,794,2003,2004],"class_list":{"0":"post-91360","1":"product","2":"type-product","3":"status-publish","4":"has-post-thumbnail","6":"product_cat-agotado","7":"product_cat-ciberseguridad","8":"product_tag-computacion-forense","9":"product_tag-dark-web","10":"product_tag-email","11":"product_tag-fundamentos","12":"product_tag-investigacion-forense","13":"product_tag-linux","14":"product_tag-mac","15":"product_tag-malware","16":"product_tag-redes","17":"product_tag-tecnicas-anti-forenses","18":"product_tag-windows","20":"first","21":"outofstock","22":"virtual","23":"sold-individually","24":"taxable","25":"product-type-simple"},"yoast_head":"<!-- This site is optimized with the Yoast SEO Premium plugin v27.4 (Yoast SEO v27.4) - https:\/\/yoast.com\/product\/yoast-seo-premium-wordpress\/ -->\n<title>Fundamentos de Investigaci\u00f3n Forense con examen de certificaci\u00f3n<\/title>\n<meta name=\"description\" content=\"Curso que incluye un examen de certificaci\u00f3n sobre investigaci\u00f3n forense.Curso que incluye un examen de certificaci\u00f3n sobre investigaci\u00f3n forense.\" \/>\n<meta name=\"robots\" content=\"index, follow, max-snippet:-1, max-image-preview:large, max-video-preview:-1\" \/>\n<link rel=\"canonical\" href=\"https:\/\/ucenfotec.ac.cr\/ecommerce\/producto\/fundamentos-de-investigacion-forense-con-examen-de-certificacion\/\" \/>\n<meta property=\"og:locale\" content=\"es_ES\" \/>\n<meta property=\"og:type\" content=\"article\" \/>\n<meta property=\"og:title\" content=\"Fundamentos de Investigaci\u00f3n Forense con examen de certificaci\u00f3n\" \/>\n<meta property=\"og:description\" content=\"Curso que incluye un examen de certificaci\u00f3n sobre investigaci\u00f3n forense.Curso que incluye un examen de certificaci\u00f3n sobre investigaci\u00f3n forense.\" \/>\n<meta property=\"og:url\" content=\"https:\/\/ucenfotec.ac.cr\/ecommerce\/producto\/fundamentos-de-investigacion-forense-con-examen-de-certificacion\/\" \/>\n<meta property=\"og:site_name\" content=\"Cursos - CENFOTEC\" \/>\n<meta property=\"article:modified_time\" content=\"2026-04-07T14:13:29+00:00\" \/>\n<meta property=\"og:image\" content=\"https:\/\/ucenfotec.ac.cr\/ecommerce\/wp-content\/uploads\/sites\/13\/2022\/05\/Cybersecurity.jpg\" \/>\n\t<meta property=\"og:image:width\" content=\"500\" \/>\n\t<meta property=\"og:image:height\" content=\"650\" \/>\n\t<meta property=\"og:image:type\" content=\"image\/jpeg\" \/>\n<meta name=\"twitter:card\" content=\"summary_large_image\" \/>\n<meta name=\"twitter:label1\" content=\"Tiempo de lectura\" \/>\n\t<meta name=\"twitter:data1\" content=\"1 minuto\" \/>\n<script type=\"application\/ld+json\" class=\"yoast-schema-graph\">{\"@context\":\"https:\\\/\\\/schema.org\",\"@graph\":[{\"@type\":\"WebPage\",\"@id\":\"https:\\\/\\\/ucenfotec.ac.cr\\\/ecommerce\\\/producto\\\/fundamentos-de-investigacion-forense-con-examen-de-certificacion\\\/\",\"url\":\"https:\\\/\\\/ucenfotec.ac.cr\\\/ecommerce\\\/producto\\\/fundamentos-de-investigacion-forense-con-examen-de-certificacion\\\/\",\"name\":\"Fundamentos de Investigaci\u00f3n Forense con examen de certificaci\u00f3n\",\"isPartOf\":{\"@id\":\"https:\\\/\\\/ucenfotec.ac.cr\\\/ecommerce\\\/#website\"},\"primaryImageOfPage\":{\"@id\":\"https:\\\/\\\/ucenfotec.ac.cr\\\/ecommerce\\\/producto\\\/fundamentos-de-investigacion-forense-con-examen-de-certificacion\\\/#primaryimage\"},\"image\":{\"@id\":\"https:\\\/\\\/ucenfotec.ac.cr\\\/ecommerce\\\/producto\\\/fundamentos-de-investigacion-forense-con-examen-de-certificacion\\\/#primaryimage\"},\"thumbnailUrl\":\"https:\\\/\\\/ucenfotec.ac.cr\\\/ecommerce\\\/wp-content\\\/uploads\\\/sites\\\/13\\\/2022\\\/05\\\/Cybersecurity.jpg\",\"datePublished\":\"2024-09-16T23:07:39+00:00\",\"dateModified\":\"2026-04-07T14:13:29+00:00\",\"description\":\"Curso que incluye un examen de certificaci\u00f3n sobre investigaci\u00f3n forense.Curso que incluye un examen de certificaci\u00f3n sobre investigaci\u00f3n forense.\",\"breadcrumb\":{\"@id\":\"https:\\\/\\\/ucenfotec.ac.cr\\\/ecommerce\\\/producto\\\/fundamentos-de-investigacion-forense-con-examen-de-certificacion\\\/#breadcrumb\"},\"inLanguage\":\"es\",\"potentialAction\":[{\"@type\":\"ReadAction\",\"target\":[\"https:\\\/\\\/ucenfotec.ac.cr\\\/ecommerce\\\/producto\\\/fundamentos-de-investigacion-forense-con-examen-de-certificacion\\\/\"]}]},{\"@type\":\"ImageObject\",\"inLanguage\":\"es\",\"@id\":\"https:\\\/\\\/ucenfotec.ac.cr\\\/ecommerce\\\/producto\\\/fundamentos-de-investigacion-forense-con-examen-de-certificacion\\\/#primaryimage\",\"url\":\"https:\\\/\\\/ucenfotec.ac.cr\\\/ecommerce\\\/wp-content\\\/uploads\\\/sites\\\/13\\\/2022\\\/05\\\/Cybersecurity.jpg\",\"contentUrl\":\"https:\\\/\\\/ucenfotec.ac.cr\\\/ecommerce\\\/wp-content\\\/uploads\\\/sites\\\/13\\\/2022\\\/05\\\/Cybersecurity.jpg\",\"width\":500,\"height\":650,\"caption\":\"Ciberseguridad - Universidad CENFOTEC\"},{\"@type\":\"BreadcrumbList\",\"@id\":\"https:\\\/\\\/ucenfotec.ac.cr\\\/ecommerce\\\/producto\\\/fundamentos-de-investigacion-forense-con-examen-de-certificacion\\\/#breadcrumb\",\"itemListElement\":[{\"@type\":\"ListItem\",\"position\":1,\"name\":\"Portada\",\"item\":\"https:\\\/\\\/ucenfotec.ac.cr\\\/ecommerce\\\/\"},{\"@type\":\"ListItem\",\"position\":2,\"name\":\"Todos los Cursos\",\"item\":\"https:\\\/\\\/ucenfotec.ac.cr\\\/ecommerce\\\/todos-los-cursos\\\/\"},{\"@type\":\"ListItem\",\"position\":3,\"name\":\"Fundamentos de Investigaci\u00f3n Forense con examen de certificaci\u00f3n\"}]},{\"@type\":\"WebSite\",\"@id\":\"https:\\\/\\\/ucenfotec.ac.cr\\\/ecommerce\\\/#website\",\"url\":\"https:\\\/\\\/ucenfotec.ac.cr\\\/ecommerce\\\/\",\"name\":\"Cursos - CENFOTEC\",\"description\":\"Tienda en l\u00ednea de cursos ofrecidos por CENFOTEC\",\"potentialAction\":[{\"@type\":\"SearchAction\",\"target\":{\"@type\":\"EntryPoint\",\"urlTemplate\":\"https:\\\/\\\/ucenfotec.ac.cr\\\/ecommerce\\\/?s={search_term_string}\"},\"query-input\":{\"@type\":\"PropertyValueSpecification\",\"valueRequired\":true,\"valueName\":\"search_term_string\"}}],\"inLanguage\":\"es\"}]}<\/script>\n<!-- \/ Yoast SEO Premium plugin. -->","yoast_head_json":{"title":"Fundamentos de Investigaci\u00f3n Forense con examen de certificaci\u00f3n","description":"Curso que incluye un examen de certificaci\u00f3n sobre investigaci\u00f3n forense.Curso que incluye un examen de certificaci\u00f3n sobre investigaci\u00f3n forense.","robots":{"index":"index","follow":"follow","max-snippet":"max-snippet:-1","max-image-preview":"max-image-preview:large","max-video-preview":"max-video-preview:-1"},"canonical":"https:\/\/ucenfotec.ac.cr\/ecommerce\/producto\/fundamentos-de-investigacion-forense-con-examen-de-certificacion\/","og_locale":"es_ES","og_type":"article","og_title":"Fundamentos de Investigaci\u00f3n Forense con examen de certificaci\u00f3n","og_description":"Curso que incluye un examen de certificaci\u00f3n sobre investigaci\u00f3n forense.Curso que incluye un examen de certificaci\u00f3n sobre investigaci\u00f3n forense.","og_url":"https:\/\/ucenfotec.ac.cr\/ecommerce\/producto\/fundamentos-de-investigacion-forense-con-examen-de-certificacion\/","og_site_name":"Cursos - CENFOTEC","article_modified_time":"2026-04-07T14:13:29+00:00","og_image":[{"width":500,"height":650,"url":"https:\/\/ucenfotec.ac.cr\/ecommerce\/wp-content\/uploads\/sites\/13\/2022\/05\/Cybersecurity.jpg","type":"image\/jpeg"}],"twitter_card":"summary_large_image","twitter_misc":{"Tiempo de lectura":"1 minuto"},"schema":{"@context":"https:\/\/schema.org","@graph":[{"@type":"WebPage","@id":"https:\/\/ucenfotec.ac.cr\/ecommerce\/producto\/fundamentos-de-investigacion-forense-con-examen-de-certificacion\/","url":"https:\/\/ucenfotec.ac.cr\/ecommerce\/producto\/fundamentos-de-investigacion-forense-con-examen-de-certificacion\/","name":"Fundamentos de Investigaci\u00f3n Forense con examen de certificaci\u00f3n","isPartOf":{"@id":"https:\/\/ucenfotec.ac.cr\/ecommerce\/#website"},"primaryImageOfPage":{"@id":"https:\/\/ucenfotec.ac.cr\/ecommerce\/producto\/fundamentos-de-investigacion-forense-con-examen-de-certificacion\/#primaryimage"},"image":{"@id":"https:\/\/ucenfotec.ac.cr\/ecommerce\/producto\/fundamentos-de-investigacion-forense-con-examen-de-certificacion\/#primaryimage"},"thumbnailUrl":"https:\/\/ucenfotec.ac.cr\/ecommerce\/wp-content\/uploads\/sites\/13\/2022\/05\/Cybersecurity.jpg","datePublished":"2024-09-16T23:07:39+00:00","dateModified":"2026-04-07T14:13:29+00:00","description":"Curso que incluye un examen de certificaci\u00f3n sobre investigaci\u00f3n forense.Curso que incluye un examen de certificaci\u00f3n sobre investigaci\u00f3n forense.","breadcrumb":{"@id":"https:\/\/ucenfotec.ac.cr\/ecommerce\/producto\/fundamentos-de-investigacion-forense-con-examen-de-certificacion\/#breadcrumb"},"inLanguage":"es","potentialAction":[{"@type":"ReadAction","target":["https:\/\/ucenfotec.ac.cr\/ecommerce\/producto\/fundamentos-de-investigacion-forense-con-examen-de-certificacion\/"]}]},{"@type":"ImageObject","inLanguage":"es","@id":"https:\/\/ucenfotec.ac.cr\/ecommerce\/producto\/fundamentos-de-investigacion-forense-con-examen-de-certificacion\/#primaryimage","url":"https:\/\/ucenfotec.ac.cr\/ecommerce\/wp-content\/uploads\/sites\/13\/2022\/05\/Cybersecurity.jpg","contentUrl":"https:\/\/ucenfotec.ac.cr\/ecommerce\/wp-content\/uploads\/sites\/13\/2022\/05\/Cybersecurity.jpg","width":500,"height":650,"caption":"Ciberseguridad - Universidad CENFOTEC"},{"@type":"BreadcrumbList","@id":"https:\/\/ucenfotec.ac.cr\/ecommerce\/producto\/fundamentos-de-investigacion-forense-con-examen-de-certificacion\/#breadcrumb","itemListElement":[{"@type":"ListItem","position":1,"name":"Portada","item":"https:\/\/ucenfotec.ac.cr\/ecommerce\/"},{"@type":"ListItem","position":2,"name":"Todos los Cursos","item":"https:\/\/ucenfotec.ac.cr\/ecommerce\/todos-los-cursos\/"},{"@type":"ListItem","position":3,"name":"Fundamentos de Investigaci\u00f3n Forense con examen de certificaci\u00f3n"}]},{"@type":"WebSite","@id":"https:\/\/ucenfotec.ac.cr\/ecommerce\/#website","url":"https:\/\/ucenfotec.ac.cr\/ecommerce\/","name":"Cursos - CENFOTEC","description":"Tienda en l\u00ednea de cursos ofrecidos por CENFOTEC","potentialAction":[{"@type":"SearchAction","target":{"@type":"EntryPoint","urlTemplate":"https:\/\/ucenfotec.ac.cr\/ecommerce\/?s={search_term_string}"},"query-input":{"@type":"PropertyValueSpecification","valueRequired":true,"valueName":"search_term_string"}}],"inLanguage":"es"}]}},"_links":{"self":[{"href":"https:\/\/ucenfotec.ac.cr\/ecommerce\/wp-json\/wp\/v2\/product\/91360","targetHints":{"allow":["GET"]}}],"collection":[{"href":"https:\/\/ucenfotec.ac.cr\/ecommerce\/wp-json\/wp\/v2\/product"}],"about":[{"href":"https:\/\/ucenfotec.ac.cr\/ecommerce\/wp-json\/wp\/v2\/types\/product"}],"wp:featuredmedia":[{"embeddable":true,"href":"https:\/\/ucenfotec.ac.cr\/ecommerce\/wp-json\/wp\/v2\/media\/53376"}],"wp:attachment":[{"href":"https:\/\/ucenfotec.ac.cr\/ecommerce\/wp-json\/wp\/v2\/media?parent=91360"}],"wp:term":[{"taxonomy":"product_brand","embeddable":true,"href":"https:\/\/ucenfotec.ac.cr\/ecommerce\/wp-json\/wp\/v2\/product_brand?post=91360"},{"taxonomy":"product_cat","embeddable":true,"href":"https:\/\/ucenfotec.ac.cr\/ecommerce\/wp-json\/wp\/v2\/product_cat?post=91360"},{"taxonomy":"product_tag","embeddable":true,"href":"https:\/\/ucenfotec.ac.cr\/ecommerce\/wp-json\/wp\/v2\/product_tag?post=91360"}],"curies":[{"name":"wp","href":"https:\/\/api.w.org\/{rel}","templated":true}]}}