{"id":91396,"date":"2024-09-17T12:56:47","date_gmt":"2024-09-17T18:56:47","guid":{"rendered":"https:\/\/ucenfotec.ac.cr\/ecommerce\/?post_type=product&#038;p=91396"},"modified":"2026-01-09T16:06:01","modified_gmt":"2026-01-09T22:06:01","slug":"curso-oficial-de-cissp-de-isc2-con-examen-de-certificacion","status":"publish","type":"product","link":"https:\/\/ucenfotec.ac.cr\/ecommerce\/producto\/curso-oficial-de-cissp-de-isc2-con-examen-de-certificacion\/","title":{"rendered":"Curso oficial de CISSP de ISC2 con examen de certificaci\u00f3n"},"content":{"rendered":"<div class=\"fusion-fullwidth fullwidth-box fusion-builder-row-1 fusion-flex-container nonhundred-percent-fullwidth non-hundred-percent-height-scrolling\" style=\"--awb-border-radius-top-left:0px;--awb-border-radius-top-right:0px;--awb-border-radius-bottom-right:0px;--awb-border-radius-bottom-left:0px;--awb-flex-wrap:wrap;\" ><div class=\"fusion-builder-row fusion-row fusion-flex-align-items-flex-start fusion-flex-content-wrap\" style=\"max-width:1216.8px;margin-left: calc(-4% \/ 2 );margin-right: calc(-4% \/ 2 );\"><div class=\"fusion-layout-column fusion_builder_column fusion-builder-column-0 fusion_builder_column_1_1 1_1 fusion-flex-column\" style=\"--awb-bg-size:cover;--awb-width-large:100%;--awb-margin-top-large:0px;--awb-spacing-right-large:1.92%;--awb-margin-bottom-large:0px;--awb-spacing-left-large:1.92%;--awb-width-medium:100%;--awb-spacing-right-medium:1.92%;--awb-spacing-left-medium:1.92%;--awb-width-small:100%;--awb-spacing-right-small:1.92%;--awb-spacing-left-small:1.92%;\"><div class=\"fusion-column-wrapper fusion-flex-justify-content-flex-start fusion-content-layout-column\"><div class=\"fusion-text fusion-text-1\"><p><span data-sheets-root=\"1\">La certificaci\u00f3n CISSP (Certified Information Systems Security Professional) es una credencial de renombre global en el \u00e1mbito de la seguridad de la informaci\u00f3n, otorgada por la organizaci\u00f3n (ISC)\u00b2 (International Information Systems Security Consortium). Esta certificaci\u00f3n valida el conocimiento y las habilidades de la persona para el dise\u00f1o, la implementaci\u00f3n y la administraci\u00f3n de sistemas de seguridad de la informaci\u00f3n que protejan a las organizaciones contra ataques cada vez m\u00e1s sofisticados. Este curso abarca tem\u00e1ticas como cumplimientos, leyes y reglamentos, continuidad del negocio, protecci\u00f3n de la seguridad de activos, ingenier\u00eda y administraci\u00f3n de la seguridad, control de acceso y gesti\u00f3n de identidad, y evaluaci\u00f3n de seguridad. El curso est\u00e1 dise\u00f1ado por competencias y alineado con el marco de habilidades SFIA 8, por lo que se propone que los estudiantes logren responder a un nivel de habilidad 3 en el \u00e1rea de Seguridad de la Informaci\u00f3n (SCTY), de manera que apliquen y mantengan controles de seguridad espec\u00edficos seg\u00fan la pol\u00edtica de la organizaci\u00f3n y las valoraciones de riesgos locales, identifiquen los riesgos que surgen de potenciales arquitecturas de soluciones t\u00e9cnicas y planteen soluciones o contramedidas alternativas para mitigar los riesgos.<\/span><\/p>\n<hr \/>\n<p><strong>Contenidos<\/strong><\/p>\n<p>1. Gesti\u00f3n de seguridad y riesgos.<\/p>\n<p>2. Seguridad de activos.<\/p>\n<p>3. Ingenier\u00eda de seguridad.<\/p>\n<p>4. Seguridad de comunicaciones y redes.<\/p>\n<p>5. Gesti\u00f3n de identidad y acceso.<\/p>\n<p>6. Evaluaci\u00f3n y pruebas de seguridad.<\/p>\n<p>7. Operaciones de seguridad.<\/p>\n<p>8. Seguridad en el desarrollo de software.<\/p>\n<hr \/>\n<div class=\"fusion-aligncenter\">\n<p><strong>Certificaci\u00f3n<\/strong><\/p>\n<p><strong>Casa certificadora:<\/strong> <span data-sheets-root=\"1\">ISC2<\/span><br \/>\n<strong>Nombre de la certificaci\u00f3n:<\/strong> <span data-sheets-root=\"1\">Certified Information Systems Security Professional (CISSP)<\/span><\/p>\n<\/div>\n<hr \/>\n<\/div><\/div><\/div><\/div><\/div>\n","protected":false},"excerpt":{"rendered":"<p><span data-sheets-root=\"1\">Accede al curso oficial de CISSP y presenta el examen de certificaci\u00f3n para validar tus competencias en seguridad inform\u00e1tica de nivel experto.<\/span><\/p>\n","protected":false},"featured_media":53376,"template":"","meta":{"_relevanssi_hide_post":"","_relevanssi_hide_content":"","_relevanssi_pin_for_all":"","_relevanssi_pin_keywords":"","_relevanssi_unpin_keywords":"","_relevanssi_related_keywords":"","_relevanssi_related_include_ids":"","_relevanssi_related_exclude_ids":"","_relevanssi_related_no_append":"","_relevanssi_related_not_related":"","_relevanssi_related_posts":"","_relevanssi_noindex_reason":""},"product_brand":[],"product_cat":[1087,655],"product_tag":[1421,1420,730,1422,736],"class_list":{"0":"post-91396","1":"product","2":"type-product","3":"status-publish","4":"has-post-thumbnail","6":"product_cat-agotado","7":"product_cat-ciberseguridad","8":"product_tag-isc2","9":"product_tag-certificacion-cissp","10":"product_tag-ciberseguridad","11":"product_tag-ciso","12":"product_tag-seguridad-de-la-informacion","14":"first","15":"outofstock","16":"virtual","17":"sold-individually","18":"taxable","19":"product-type-simple"},"yoast_head":"<!-- This site is optimized with the Yoast SEO Premium plugin v27.3 (Yoast SEO v27.3) - https:\/\/yoast.com\/product\/yoast-seo-premium-wordpress\/ -->\n<title>Curso oficial de CISSP de ISC2 con examen de certificaci\u00f3n<\/title>\n<meta name=\"description\" content=\"Curso que incluye el examen de certificaci\u00f3n CISSP, validando tus conocimientos en seguridad de la informaci\u00f3n.\" \/>\n<meta name=\"robots\" content=\"index, follow, max-snippet:-1, max-image-preview:large, max-video-preview:-1\" \/>\n<link rel=\"canonical\" href=\"https:\/\/ucenfotec.ac.cr\/ecommerce\/producto\/curso-oficial-de-cissp-de-isc2-con-examen-de-certificacion\/\" \/>\n<meta property=\"og:locale\" content=\"es_ES\" \/>\n<meta property=\"og:type\" content=\"article\" \/>\n<meta property=\"og:title\" content=\"Curso oficial de CISSP de ISC2 con examen de certificaci\u00f3n\" \/>\n<meta property=\"og:description\" content=\"Curso que incluye el examen de certificaci\u00f3n CISSP, validando tus conocimientos en seguridad de la informaci\u00f3n.\" \/>\n<meta property=\"og:url\" content=\"https:\/\/ucenfotec.ac.cr\/ecommerce\/producto\/curso-oficial-de-cissp-de-isc2-con-examen-de-certificacion\/\" \/>\n<meta property=\"og:site_name\" content=\"Cursos - CENFOTEC\" \/>\n<meta property=\"article:modified_time\" content=\"2026-01-09T22:06:01+00:00\" \/>\n<meta property=\"og:image\" content=\"https:\/\/ucenfotec.ac.cr\/ecommerce\/wp-content\/uploads\/sites\/13\/2022\/05\/Cybersecurity.jpg\" \/>\n\t<meta property=\"og:image:width\" content=\"500\" \/>\n\t<meta property=\"og:image:height\" content=\"650\" \/>\n\t<meta property=\"og:image:type\" content=\"image\/jpeg\" \/>\n<meta name=\"twitter:card\" content=\"summary_large_image\" \/>\n<meta name=\"twitter:label1\" content=\"Tiempo de lectura\" \/>\n\t<meta name=\"twitter:data1\" content=\"2 minutos\" \/>\n<script type=\"application\/ld+json\" class=\"yoast-schema-graph\">{\"@context\":\"https:\\\/\\\/schema.org\",\"@graph\":[{\"@type\":\"WebPage\",\"@id\":\"https:\\\/\\\/ucenfotec.ac.cr\\\/ecommerce\\\/producto\\\/curso-oficial-de-cissp-de-isc2-con-examen-de-certificacion\\\/\",\"url\":\"https:\\\/\\\/ucenfotec.ac.cr\\\/ecommerce\\\/producto\\\/curso-oficial-de-cissp-de-isc2-con-examen-de-certificacion\\\/\",\"name\":\"Curso oficial de CISSP de ISC2 con examen de certificaci\u00f3n\",\"isPartOf\":{\"@id\":\"https:\\\/\\\/ucenfotec.ac.cr\\\/ecommerce\\\/#website\"},\"primaryImageOfPage\":{\"@id\":\"https:\\\/\\\/ucenfotec.ac.cr\\\/ecommerce\\\/producto\\\/curso-oficial-de-cissp-de-isc2-con-examen-de-certificacion\\\/#primaryimage\"},\"image\":{\"@id\":\"https:\\\/\\\/ucenfotec.ac.cr\\\/ecommerce\\\/producto\\\/curso-oficial-de-cissp-de-isc2-con-examen-de-certificacion\\\/#primaryimage\"},\"thumbnailUrl\":\"https:\\\/\\\/ucenfotec.ac.cr\\\/ecommerce\\\/wp-content\\\/uploads\\\/sites\\\/13\\\/2022\\\/05\\\/Cybersecurity.jpg\",\"datePublished\":\"2024-09-17T18:56:47+00:00\",\"dateModified\":\"2026-01-09T22:06:01+00:00\",\"description\":\"Curso que incluye el examen de certificaci\u00f3n CISSP, validando tus conocimientos en seguridad de la informaci\u00f3n.\",\"breadcrumb\":{\"@id\":\"https:\\\/\\\/ucenfotec.ac.cr\\\/ecommerce\\\/producto\\\/curso-oficial-de-cissp-de-isc2-con-examen-de-certificacion\\\/#breadcrumb\"},\"inLanguage\":\"es\",\"potentialAction\":[{\"@type\":\"ReadAction\",\"target\":[\"https:\\\/\\\/ucenfotec.ac.cr\\\/ecommerce\\\/producto\\\/curso-oficial-de-cissp-de-isc2-con-examen-de-certificacion\\\/\"]}]},{\"@type\":\"ImageObject\",\"inLanguage\":\"es\",\"@id\":\"https:\\\/\\\/ucenfotec.ac.cr\\\/ecommerce\\\/producto\\\/curso-oficial-de-cissp-de-isc2-con-examen-de-certificacion\\\/#primaryimage\",\"url\":\"https:\\\/\\\/ucenfotec.ac.cr\\\/ecommerce\\\/wp-content\\\/uploads\\\/sites\\\/13\\\/2022\\\/05\\\/Cybersecurity.jpg\",\"contentUrl\":\"https:\\\/\\\/ucenfotec.ac.cr\\\/ecommerce\\\/wp-content\\\/uploads\\\/sites\\\/13\\\/2022\\\/05\\\/Cybersecurity.jpg\",\"width\":500,\"height\":650,\"caption\":\"Ciberseguridad - Universidad CENFOTEC\"},{\"@type\":\"BreadcrumbList\",\"@id\":\"https:\\\/\\\/ucenfotec.ac.cr\\\/ecommerce\\\/producto\\\/curso-oficial-de-cissp-de-isc2-con-examen-de-certificacion\\\/#breadcrumb\",\"itemListElement\":[{\"@type\":\"ListItem\",\"position\":1,\"name\":\"Portada\",\"item\":\"https:\\\/\\\/ucenfotec.ac.cr\\\/ecommerce\\\/\"},{\"@type\":\"ListItem\",\"position\":2,\"name\":\"Todos los Cursos\",\"item\":\"https:\\\/\\\/ucenfotec.ac.cr\\\/ecommerce\\\/todos-los-cursos\\\/\"},{\"@type\":\"ListItem\",\"position\":3,\"name\":\"Curso oficial de CISSP de ISC2 con examen de certificaci\u00f3n\"}]},{\"@type\":\"WebSite\",\"@id\":\"https:\\\/\\\/ucenfotec.ac.cr\\\/ecommerce\\\/#website\",\"url\":\"https:\\\/\\\/ucenfotec.ac.cr\\\/ecommerce\\\/\",\"name\":\"Cursos - CENFOTEC\",\"description\":\"Tienda en l\u00ednea de cursos ofrecidos por CENFOTEC\",\"potentialAction\":[{\"@type\":\"SearchAction\",\"target\":{\"@type\":\"EntryPoint\",\"urlTemplate\":\"https:\\\/\\\/ucenfotec.ac.cr\\\/ecommerce\\\/?s={search_term_string}\"},\"query-input\":{\"@type\":\"PropertyValueSpecification\",\"valueRequired\":true,\"valueName\":\"search_term_string\"}}],\"inLanguage\":\"es\"}]}<\/script>\n<!-- \/ Yoast SEO Premium plugin. -->","yoast_head_json":{"title":"Curso oficial de CISSP de ISC2 con examen de certificaci\u00f3n","description":"Curso que incluye el examen de certificaci\u00f3n CISSP, validando tus conocimientos en seguridad de la informaci\u00f3n.","robots":{"index":"index","follow":"follow","max-snippet":"max-snippet:-1","max-image-preview":"max-image-preview:large","max-video-preview":"max-video-preview:-1"},"canonical":"https:\/\/ucenfotec.ac.cr\/ecommerce\/producto\/curso-oficial-de-cissp-de-isc2-con-examen-de-certificacion\/","og_locale":"es_ES","og_type":"article","og_title":"Curso oficial de CISSP de ISC2 con examen de certificaci\u00f3n","og_description":"Curso que incluye el examen de certificaci\u00f3n CISSP, validando tus conocimientos en seguridad de la informaci\u00f3n.","og_url":"https:\/\/ucenfotec.ac.cr\/ecommerce\/producto\/curso-oficial-de-cissp-de-isc2-con-examen-de-certificacion\/","og_site_name":"Cursos - CENFOTEC","article_modified_time":"2026-01-09T22:06:01+00:00","og_image":[{"width":500,"height":650,"url":"https:\/\/ucenfotec.ac.cr\/ecommerce\/wp-content\/uploads\/sites\/13\/2022\/05\/Cybersecurity.jpg","type":"image\/jpeg"}],"twitter_card":"summary_large_image","twitter_misc":{"Tiempo de lectura":"2 minutos"},"schema":{"@context":"https:\/\/schema.org","@graph":[{"@type":"WebPage","@id":"https:\/\/ucenfotec.ac.cr\/ecommerce\/producto\/curso-oficial-de-cissp-de-isc2-con-examen-de-certificacion\/","url":"https:\/\/ucenfotec.ac.cr\/ecommerce\/producto\/curso-oficial-de-cissp-de-isc2-con-examen-de-certificacion\/","name":"Curso oficial de CISSP de ISC2 con examen de certificaci\u00f3n","isPartOf":{"@id":"https:\/\/ucenfotec.ac.cr\/ecommerce\/#website"},"primaryImageOfPage":{"@id":"https:\/\/ucenfotec.ac.cr\/ecommerce\/producto\/curso-oficial-de-cissp-de-isc2-con-examen-de-certificacion\/#primaryimage"},"image":{"@id":"https:\/\/ucenfotec.ac.cr\/ecommerce\/producto\/curso-oficial-de-cissp-de-isc2-con-examen-de-certificacion\/#primaryimage"},"thumbnailUrl":"https:\/\/ucenfotec.ac.cr\/ecommerce\/wp-content\/uploads\/sites\/13\/2022\/05\/Cybersecurity.jpg","datePublished":"2024-09-17T18:56:47+00:00","dateModified":"2026-01-09T22:06:01+00:00","description":"Curso que incluye el examen de certificaci\u00f3n CISSP, validando tus conocimientos en seguridad de la informaci\u00f3n.","breadcrumb":{"@id":"https:\/\/ucenfotec.ac.cr\/ecommerce\/producto\/curso-oficial-de-cissp-de-isc2-con-examen-de-certificacion\/#breadcrumb"},"inLanguage":"es","potentialAction":[{"@type":"ReadAction","target":["https:\/\/ucenfotec.ac.cr\/ecommerce\/producto\/curso-oficial-de-cissp-de-isc2-con-examen-de-certificacion\/"]}]},{"@type":"ImageObject","inLanguage":"es","@id":"https:\/\/ucenfotec.ac.cr\/ecommerce\/producto\/curso-oficial-de-cissp-de-isc2-con-examen-de-certificacion\/#primaryimage","url":"https:\/\/ucenfotec.ac.cr\/ecommerce\/wp-content\/uploads\/sites\/13\/2022\/05\/Cybersecurity.jpg","contentUrl":"https:\/\/ucenfotec.ac.cr\/ecommerce\/wp-content\/uploads\/sites\/13\/2022\/05\/Cybersecurity.jpg","width":500,"height":650,"caption":"Ciberseguridad - Universidad CENFOTEC"},{"@type":"BreadcrumbList","@id":"https:\/\/ucenfotec.ac.cr\/ecommerce\/producto\/curso-oficial-de-cissp-de-isc2-con-examen-de-certificacion\/#breadcrumb","itemListElement":[{"@type":"ListItem","position":1,"name":"Portada","item":"https:\/\/ucenfotec.ac.cr\/ecommerce\/"},{"@type":"ListItem","position":2,"name":"Todos los Cursos","item":"https:\/\/ucenfotec.ac.cr\/ecommerce\/todos-los-cursos\/"},{"@type":"ListItem","position":3,"name":"Curso oficial de CISSP de ISC2 con examen de certificaci\u00f3n"}]},{"@type":"WebSite","@id":"https:\/\/ucenfotec.ac.cr\/ecommerce\/#website","url":"https:\/\/ucenfotec.ac.cr\/ecommerce\/","name":"Cursos - CENFOTEC","description":"Tienda en l\u00ednea de cursos ofrecidos por CENFOTEC","potentialAction":[{"@type":"SearchAction","target":{"@type":"EntryPoint","urlTemplate":"https:\/\/ucenfotec.ac.cr\/ecommerce\/?s={search_term_string}"},"query-input":{"@type":"PropertyValueSpecification","valueRequired":true,"valueName":"search_term_string"}}],"inLanguage":"es"}]}},"_links":{"self":[{"href":"https:\/\/ucenfotec.ac.cr\/ecommerce\/wp-json\/wp\/v2\/product\/91396","targetHints":{"allow":["GET"]}}],"collection":[{"href":"https:\/\/ucenfotec.ac.cr\/ecommerce\/wp-json\/wp\/v2\/product"}],"about":[{"href":"https:\/\/ucenfotec.ac.cr\/ecommerce\/wp-json\/wp\/v2\/types\/product"}],"wp:featuredmedia":[{"embeddable":true,"href":"https:\/\/ucenfotec.ac.cr\/ecommerce\/wp-json\/wp\/v2\/media\/53376"}],"wp:attachment":[{"href":"https:\/\/ucenfotec.ac.cr\/ecommerce\/wp-json\/wp\/v2\/media?parent=91396"}],"wp:term":[{"taxonomy":"product_brand","embeddable":true,"href":"https:\/\/ucenfotec.ac.cr\/ecommerce\/wp-json\/wp\/v2\/product_brand?post=91396"},{"taxonomy":"product_cat","embeddable":true,"href":"https:\/\/ucenfotec.ac.cr\/ecommerce\/wp-json\/wp\/v2\/product_cat?post=91396"},{"taxonomy":"product_tag","embeddable":true,"href":"https:\/\/ucenfotec.ac.cr\/ecommerce\/wp-json\/wp\/v2\/product_tag?post=91396"}],"curies":[{"name":"wp","href":"https:\/\/api.w.org\/{rel}","templated":true}]}}