{"id":92462,"date":"2024-10-03T11:44:27","date_gmt":"2024-10-03T17:44:27","guid":{"rendered":"https:\/\/ucenfotec.ac.cr\/ecommerce\/?post_type=product&#038;p=92462"},"modified":"2026-01-21T08:30:55","modified_gmt":"2026-01-21T14:30:55","slug":"proyecto-integrador-en-inteligencia-artificial","status":"publish","type":"product","link":"https:\/\/ucenfotec.ac.cr\/ecommerce\/producto\/proyecto-integrador-en-inteligencia-artificial\/","title":{"rendered":"Proyecto Integrador en Inteligencia Artificial"},"content":{"rendered":"<div class=\"fusion-fullwidth fullwidth-box fusion-builder-row-1 fusion-flex-container nonhundred-percent-fullwidth non-hundred-percent-height-scrolling\" style=\"--awb-border-radius-top-left:0px;--awb-border-radius-top-right:0px;--awb-border-radius-bottom-right:0px;--awb-border-radius-bottom-left:0px;--awb-flex-wrap:wrap;\" ><div class=\"fusion-builder-row fusion-row fusion-flex-align-items-flex-start fusion-flex-content-wrap\" style=\"max-width:1216.8px;margin-left: calc(-4% \/ 2 );margin-right: calc(-4% \/ 2 );\"><div class=\"fusion-layout-column fusion_builder_column fusion-builder-column-0 fusion_builder_column_1_1 1_1 fusion-flex-column\" style=\"--awb-bg-size:cover;--awb-width-large:100%;--awb-margin-top-large:0px;--awb-spacing-right-large:1.92%;--awb-margin-bottom-large:0px;--awb-spacing-left-large:1.92%;--awb-width-medium:100%;--awb-spacing-right-medium:1.92%;--awb-spacing-left-medium:1.92%;--awb-width-small:100%;--awb-spacing-right-small:1.92%;--awb-spacing-left-small:1.92%;\"><div class=\"fusion-column-wrapper fusion-flex-justify-content-flex-start fusion-content-layout-column\"><div class=\"fusion-text fusion-text-1\"><p><span data-sheets-root=\"1\">La inteligencia artificial (IA) es un campo de la inform\u00e1tica que busca desarrollar sistemas capaces de realizar tareas que normalmente requieren de la inteligencia humana, como el reconocimiento de patrones, el procesamiento del lenguaje, el aprendizaje y la toma de decisiones que se basa en algoritmos y modelos que permiten a las m\u00e1quinas analizar datos, adaptarse y mejorar su desempe\u00f1o con la experiencia.<\/span><\/p>\n<p><span data-sheets-root=\"1\">Las principales tem\u00e1ticas por abordar son el dise\u00f1o de proyectos y la integraci\u00f3n de tecnolog\u00edas de inteligencia artificial, el an\u00e1lisis y gesti\u00f3n de datos, y la presentaci\u00f3n y evaluaci\u00f3n del proyecto.<\/span><\/p>\n<p><span data-sheets-root=\"1\">El curso est\u00e1 dise\u00f1ado por competencias y alineado con el marco global de habilidades y competencias para un mundo digital SFIA, por lo que se propone que los estudiantes logren responder a un nivel de responsabilidad 3, de manera que dise\u00f1an sistemas de IA y de datos que incorporen consideraciones \u00e9ticas.<\/span><\/p>\n<hr \/>\n<p><strong>Contenidos<\/strong><\/p>\n<p><span data-sheets-root=\"1\">1. Definici\u00f3n del Problema y Estrategia de Modelado con IA.<br \/>\n2. Preprocesamiento Avanzado y Selecci\u00f3n de Caracter\u00edsticas.<br \/>\n3. Implementaci\u00f3n y Optimizaci\u00f3n de Modelos de Machine Learning e IA.<br \/>\n4. Visualizaci\u00f3n Avanzada y Comunicaci\u00f3n de Resultados.<\/span><\/p>\n<hr \/>\n<div class=\"fusion-aligncenter\">\n<p><strong>Certificado e Insignia Digital<\/strong><\/p>\n<p>Al finalizar el curso el estudiante obtiene un t\u00edtulo e Insignia digital, socializable en tiempo real basada en tecnolog\u00eda blockchain que permite una vista m\u00e1s completa tras el logro alcanzado por el estudiante al poderla vincular con evidencias del resultado del aprendizaje en su perfil profesional. Es una certificaci\u00f3n segura.<\/p>\n<p><a href=\"https:\/\/ucenfotec.ac.cr\/ecommerce\/wp-content\/uploads\/sites\/13\/2024\/10\/SINT-649-Proyecto-Integrador-en-Inteligencia-Artificial.png\"><img decoding=\"async\" class=\"lazyload aligncenter wp-image-167527 size-medium\" src=\"https:\/\/ucenfotec.ac.cr\/ecommerce\/wp-content\/uploads\/sites\/13\/2024\/10\/SINT-649-Proyecto-Integrador-en-Inteligencia-Artificial-300x300.png\" data-orig-src=\"https:\/\/ucenfotec.ac.cr\/ecommerce\/wp-content\/uploads\/sites\/13\/2024\/10\/SINT-649-Proyecto-Integrador-en-Inteligencia-Artificial-300x300.png\" alt=\"SINT-649-Proyecto-Integrador-en-Inteligencia-Artificial \" width=\"300\" height=\"300\" srcset=\"data:image\/svg+xml,%3Csvg%20xmlns%3D%27http%3A%2F%2Fwww.w3.org%2F2000%2Fsvg%27%20width%3D%27300%27%20height%3D%27300%27%20viewBox%3D%270%200%20300%20300%27%3E%3Crect%20width%3D%27300%27%20height%3D%27300%27%20fill-opacity%3D%220%22%2F%3E%3C%2Fsvg%3E\" data-srcset=\"https:\/\/ucenfotec.ac.cr\/ecommerce\/wp-content\/uploads\/sites\/13\/2024\/10\/SINT-649-Proyecto-Integrador-en-Inteligencia-Artificial-66x66.png 66w, https:\/\/ucenfotec.ac.cr\/ecommerce\/wp-content\/uploads\/sites\/13\/2024\/10\/SINT-649-Proyecto-Integrador-en-Inteligencia-Artificial-100x100.png 100w, https:\/\/ucenfotec.ac.cr\/ecommerce\/wp-content\/uploads\/sites\/13\/2024\/10\/SINT-649-Proyecto-Integrador-en-Inteligencia-Artificial-150x150.png 150w, https:\/\/ucenfotec.ac.cr\/ecommerce\/wp-content\/uploads\/sites\/13\/2024\/10\/SINT-649-Proyecto-Integrador-en-Inteligencia-Artificial-200x200.png 200w, https:\/\/ucenfotec.ac.cr\/ecommerce\/wp-content\/uploads\/sites\/13\/2024\/10\/SINT-649-Proyecto-Integrador-en-Inteligencia-Artificial-300x300.png 300w, https:\/\/ucenfotec.ac.cr\/ecommerce\/wp-content\/uploads\/sites\/13\/2024\/10\/SINT-649-Proyecto-Integrador-en-Inteligencia-Artificial-400x400.png 400w, https:\/\/ucenfotec.ac.cr\/ecommerce\/wp-content\/uploads\/sites\/13\/2024\/10\/SINT-649-Proyecto-Integrador-en-Inteligencia-Artificial-500x500.png 500w, https:\/\/ucenfotec.ac.cr\/ecommerce\/wp-content\/uploads\/sites\/13\/2024\/10\/SINT-649-Proyecto-Integrador-en-Inteligencia-Artificial-600x600.png 600w, https:\/\/ucenfotec.ac.cr\/ecommerce\/wp-content\/uploads\/sites\/13\/2024\/10\/SINT-649-Proyecto-Integrador-en-Inteligencia-Artificial-700x700.png 700w, https:\/\/ucenfotec.ac.cr\/ecommerce\/wp-content\/uploads\/sites\/13\/2024\/10\/SINT-649-Proyecto-Integrador-en-Inteligencia-Artificial-768x768.png 768w, https:\/\/ucenfotec.ac.cr\/ecommerce\/wp-content\/uploads\/sites\/13\/2024\/10\/SINT-649-Proyecto-Integrador-en-Inteligencia-Artificial-800x800.png 800w, https:\/\/ucenfotec.ac.cr\/ecommerce\/wp-content\/uploads\/sites\/13\/2024\/10\/SINT-649-Proyecto-Integrador-en-Inteligencia-Artificial-1024x1024.png 1024w, https:\/\/ucenfotec.ac.cr\/ecommerce\/wp-content\/uploads\/sites\/13\/2024\/10\/SINT-649-Proyecto-Integrador-en-Inteligencia-Artificial.png 1200w\" data-sizes=\"auto\" data-orig-sizes=\"(max-width: 300px) 100vw, 300px\" \/><\/a><\/p>\n<\/div>\n<hr \/>\n<\/div><\/div><\/div><\/div><\/div>\n","protected":false},"excerpt":{"rendered":"<p><span data-sheets-root=\"1\">Este curso est\u00e1 dise\u00f1ado para ense\u00f1ar a los estudiantes a desarrollar y presentar proyectos de IA, integrando diversas tecnolog\u00edas y realizando un an\u00e1lisis detallado de los datos para evaluar los resultados obtenidos.<\/span><\/p>\n","protected":false},"featured_media":53379,"template":"","meta":{"_relevanssi_hide_post":"on","_relevanssi_hide_content":"on","_relevanssi_pin_for_all":"","_relevanssi_pin_keywords":"","_relevanssi_unpin_keywords":"","_relevanssi_related_keywords":"","_relevanssi_related_include_ids":"","_relevanssi_related_exclude_ids":"","_relevanssi_related_no_append":"","_relevanssi_related_not_related":"","_relevanssi_related_posts":"","_relevanssi_noindex_reason":"WooCommerce Yoast SEO Relevanssi index exclude"},"product_brand":[],"product_cat":[1087,145],"product_tag":[2720,2715,2716,1616,1676,2717,1659,849,2718,1227,2719],"class_list":{"0":"post-92462","1":"product","2":"type-product","3":"status-publish","4":"has-post-thumbnail","6":"product_cat-agotado","7":"product_cat-sistemas-inteligentes","8":"product_tag-comunicacion-de-resultados","9":"product_tag-definir-problema","10":"product_tag-estrategias-de-modelado","11":"product_tag-gestion-de-proyectos","12":"product_tag-gestion-de-proyectos-de-ia","13":"product_tag-implementacion-de-modelos","14":"product_tag-inteligencia-atificial","15":"product_tag-machine-learning","16":"product_tag-optimizacion-de-modelos","17":"product_tag-redes-neuronales","18":"product_tag-visualizacion-avanzada","20":"first","21":"outofstock","22":"virtual","23":"sold-individually","24":"taxable","25":"product-type-simple"},"yoast_head":"<!-- This site is optimized with the Yoast SEO Premium plugin v27.4 (Yoast SEO v27.4) - https:\/\/yoast.com\/product\/yoast-seo-premium-wordpress\/ -->\n<title>Proyecto Integrador en Inteligencia Artificial<\/title>\n<meta name=\"description\" content=\"Desarrolla un proyecto integrador aplicando conocimientos de inteligencia artificial en un contexto real.\" \/>\n<meta name=\"robots\" content=\"index, follow, max-snippet:-1, max-image-preview:large, max-video-preview:-1\" \/>\n<link rel=\"canonical\" href=\"https:\/\/ucenfotec.ac.cr\/ecommerce\/producto\/proyecto-integrador-en-inteligencia-artificial\/\" \/>\n<meta property=\"og:locale\" content=\"es_ES\" \/>\n<meta property=\"og:type\" content=\"article\" \/>\n<meta property=\"og:title\" content=\"Proyecto Integrador en Inteligencia Artificial\" \/>\n<meta property=\"og:description\" content=\"Desarrolla un proyecto integrador aplicando conocimientos de inteligencia artificial en un contexto real.\" \/>\n<meta property=\"og:url\" content=\"https:\/\/ucenfotec.ac.cr\/ecommerce\/producto\/proyecto-integrador-en-inteligencia-artificial\/\" \/>\n<meta property=\"og:site_name\" content=\"Cursos - CENFOTEC\" \/>\n<meta property=\"article:modified_time\" content=\"2026-01-21T14:30:55+00:00\" \/>\n<meta property=\"og:image\" content=\"https:\/\/ucenfotec.ac.cr\/ecommerce\/wp-content\/uploads\/sites\/13\/2022\/05\/Intelligent-Systems.jpg\" \/>\n\t<meta property=\"og:image:width\" content=\"500\" \/>\n\t<meta property=\"og:image:height\" content=\"650\" \/>\n\t<meta property=\"og:image:type\" content=\"image\/jpeg\" \/>\n<meta name=\"twitter:card\" content=\"summary_large_image\" \/>\n<meta name=\"twitter:label1\" content=\"Tiempo de lectura\" \/>\n\t<meta name=\"twitter:data1\" content=\"2 minutos\" \/>\n<script type=\"application\/ld+json\" class=\"yoast-schema-graph\">{\"@context\":\"https:\\\/\\\/schema.org\",\"@graph\":[{\"@type\":\"WebPage\",\"@id\":\"https:\\\/\\\/ucenfotec.ac.cr\\\/ecommerce\\\/producto\\\/proyecto-integrador-en-inteligencia-artificial\\\/\",\"url\":\"https:\\\/\\\/ucenfotec.ac.cr\\\/ecommerce\\\/producto\\\/proyecto-integrador-en-inteligencia-artificial\\\/\",\"name\":\"Proyecto Integrador en Inteligencia Artificial\",\"isPartOf\":{\"@id\":\"https:\\\/\\\/ucenfotec.ac.cr\\\/ecommerce\\\/#website\"},\"primaryImageOfPage\":{\"@id\":\"https:\\\/\\\/ucenfotec.ac.cr\\\/ecommerce\\\/producto\\\/proyecto-integrador-en-inteligencia-artificial\\\/#primaryimage\"},\"image\":{\"@id\":\"https:\\\/\\\/ucenfotec.ac.cr\\\/ecommerce\\\/producto\\\/proyecto-integrador-en-inteligencia-artificial\\\/#primaryimage\"},\"thumbnailUrl\":\"https:\\\/\\\/ucenfotec.ac.cr\\\/ecommerce\\\/wp-content\\\/uploads\\\/sites\\\/13\\\/2022\\\/05\\\/Intelligent-Systems.jpg\",\"datePublished\":\"2024-10-03T17:44:27+00:00\",\"dateModified\":\"2026-01-21T14:30:55+00:00\",\"description\":\"Desarrolla un proyecto integrador aplicando conocimientos de inteligencia artificial en un contexto real.\",\"breadcrumb\":{\"@id\":\"https:\\\/\\\/ucenfotec.ac.cr\\\/ecommerce\\\/producto\\\/proyecto-integrador-en-inteligencia-artificial\\\/#breadcrumb\"},\"inLanguage\":\"es\",\"potentialAction\":[{\"@type\":\"ReadAction\",\"target\":[\"https:\\\/\\\/ucenfotec.ac.cr\\\/ecommerce\\\/producto\\\/proyecto-integrador-en-inteligencia-artificial\\\/\"]}]},{\"@type\":\"ImageObject\",\"inLanguage\":\"es\",\"@id\":\"https:\\\/\\\/ucenfotec.ac.cr\\\/ecommerce\\\/producto\\\/proyecto-integrador-en-inteligencia-artificial\\\/#primaryimage\",\"url\":\"https:\\\/\\\/ucenfotec.ac.cr\\\/ecommerce\\\/wp-content\\\/uploads\\\/sites\\\/13\\\/2022\\\/05\\\/Intelligent-Systems.jpg\",\"contentUrl\":\"https:\\\/\\\/ucenfotec.ac.cr\\\/ecommerce\\\/wp-content\\\/uploads\\\/sites\\\/13\\\/2022\\\/05\\\/Intelligent-Systems.jpg\",\"width\":500,\"height\":650,\"caption\":\"Sistemas Inteligentes Curso Costa Rica - Universidad CENFOTEC\"},{\"@type\":\"BreadcrumbList\",\"@id\":\"https:\\\/\\\/ucenfotec.ac.cr\\\/ecommerce\\\/producto\\\/proyecto-integrador-en-inteligencia-artificial\\\/#breadcrumb\",\"itemListElement\":[{\"@type\":\"ListItem\",\"position\":1,\"name\":\"Portada\",\"item\":\"https:\\\/\\\/ucenfotec.ac.cr\\\/ecommerce\\\/\"},{\"@type\":\"ListItem\",\"position\":2,\"name\":\"Todos los Cursos\",\"item\":\"https:\\\/\\\/ucenfotec.ac.cr\\\/ecommerce\\\/todos-los-cursos\\\/\"},{\"@type\":\"ListItem\",\"position\":3,\"name\":\"Proyecto Integrador en Inteligencia Artificial\"}]},{\"@type\":\"WebSite\",\"@id\":\"https:\\\/\\\/ucenfotec.ac.cr\\\/ecommerce\\\/#website\",\"url\":\"https:\\\/\\\/ucenfotec.ac.cr\\\/ecommerce\\\/\",\"name\":\"Cursos - CENFOTEC\",\"description\":\"Tienda en l\u00ednea de cursos ofrecidos por CENFOTEC\",\"potentialAction\":[{\"@type\":\"SearchAction\",\"target\":{\"@type\":\"EntryPoint\",\"urlTemplate\":\"https:\\\/\\\/ucenfotec.ac.cr\\\/ecommerce\\\/?s={search_term_string}\"},\"query-input\":{\"@type\":\"PropertyValueSpecification\",\"valueRequired\":true,\"valueName\":\"search_term_string\"}}],\"inLanguage\":\"es\"}]}<\/script>\n<!-- \/ Yoast SEO Premium plugin. -->","yoast_head_json":{"title":"Proyecto Integrador en Inteligencia Artificial","description":"Desarrolla un proyecto integrador aplicando conocimientos de inteligencia artificial en un contexto real.","robots":{"index":"index","follow":"follow","max-snippet":"max-snippet:-1","max-image-preview":"max-image-preview:large","max-video-preview":"max-video-preview:-1"},"canonical":"https:\/\/ucenfotec.ac.cr\/ecommerce\/producto\/proyecto-integrador-en-inteligencia-artificial\/","og_locale":"es_ES","og_type":"article","og_title":"Proyecto Integrador en Inteligencia Artificial","og_description":"Desarrolla un proyecto integrador aplicando conocimientos de inteligencia artificial en un contexto real.","og_url":"https:\/\/ucenfotec.ac.cr\/ecommerce\/producto\/proyecto-integrador-en-inteligencia-artificial\/","og_site_name":"Cursos - CENFOTEC","article_modified_time":"2026-01-21T14:30:55+00:00","og_image":[{"width":500,"height":650,"url":"https:\/\/ucenfotec.ac.cr\/ecommerce\/wp-content\/uploads\/sites\/13\/2022\/05\/Intelligent-Systems.jpg","type":"image\/jpeg"}],"twitter_card":"summary_large_image","twitter_misc":{"Tiempo de lectura":"2 minutos"},"schema":{"@context":"https:\/\/schema.org","@graph":[{"@type":"WebPage","@id":"https:\/\/ucenfotec.ac.cr\/ecommerce\/producto\/proyecto-integrador-en-inteligencia-artificial\/","url":"https:\/\/ucenfotec.ac.cr\/ecommerce\/producto\/proyecto-integrador-en-inteligencia-artificial\/","name":"Proyecto Integrador en Inteligencia Artificial","isPartOf":{"@id":"https:\/\/ucenfotec.ac.cr\/ecommerce\/#website"},"primaryImageOfPage":{"@id":"https:\/\/ucenfotec.ac.cr\/ecommerce\/producto\/proyecto-integrador-en-inteligencia-artificial\/#primaryimage"},"image":{"@id":"https:\/\/ucenfotec.ac.cr\/ecommerce\/producto\/proyecto-integrador-en-inteligencia-artificial\/#primaryimage"},"thumbnailUrl":"https:\/\/ucenfotec.ac.cr\/ecommerce\/wp-content\/uploads\/sites\/13\/2022\/05\/Intelligent-Systems.jpg","datePublished":"2024-10-03T17:44:27+00:00","dateModified":"2026-01-21T14:30:55+00:00","description":"Desarrolla un proyecto integrador aplicando conocimientos de inteligencia artificial en un contexto real.","breadcrumb":{"@id":"https:\/\/ucenfotec.ac.cr\/ecommerce\/producto\/proyecto-integrador-en-inteligencia-artificial\/#breadcrumb"},"inLanguage":"es","potentialAction":[{"@type":"ReadAction","target":["https:\/\/ucenfotec.ac.cr\/ecommerce\/producto\/proyecto-integrador-en-inteligencia-artificial\/"]}]},{"@type":"ImageObject","inLanguage":"es","@id":"https:\/\/ucenfotec.ac.cr\/ecommerce\/producto\/proyecto-integrador-en-inteligencia-artificial\/#primaryimage","url":"https:\/\/ucenfotec.ac.cr\/ecommerce\/wp-content\/uploads\/sites\/13\/2022\/05\/Intelligent-Systems.jpg","contentUrl":"https:\/\/ucenfotec.ac.cr\/ecommerce\/wp-content\/uploads\/sites\/13\/2022\/05\/Intelligent-Systems.jpg","width":500,"height":650,"caption":"Sistemas Inteligentes Curso Costa Rica - Universidad CENFOTEC"},{"@type":"BreadcrumbList","@id":"https:\/\/ucenfotec.ac.cr\/ecommerce\/producto\/proyecto-integrador-en-inteligencia-artificial\/#breadcrumb","itemListElement":[{"@type":"ListItem","position":1,"name":"Portada","item":"https:\/\/ucenfotec.ac.cr\/ecommerce\/"},{"@type":"ListItem","position":2,"name":"Todos los Cursos","item":"https:\/\/ucenfotec.ac.cr\/ecommerce\/todos-los-cursos\/"},{"@type":"ListItem","position":3,"name":"Proyecto Integrador en Inteligencia Artificial"}]},{"@type":"WebSite","@id":"https:\/\/ucenfotec.ac.cr\/ecommerce\/#website","url":"https:\/\/ucenfotec.ac.cr\/ecommerce\/","name":"Cursos - CENFOTEC","description":"Tienda en l\u00ednea de cursos ofrecidos por CENFOTEC","potentialAction":[{"@type":"SearchAction","target":{"@type":"EntryPoint","urlTemplate":"https:\/\/ucenfotec.ac.cr\/ecommerce\/?s={search_term_string}"},"query-input":{"@type":"PropertyValueSpecification","valueRequired":true,"valueName":"search_term_string"}}],"inLanguage":"es"}]}},"_links":{"self":[{"href":"https:\/\/ucenfotec.ac.cr\/ecommerce\/wp-json\/wp\/v2\/product\/92462","targetHints":{"allow":["GET"]}}],"collection":[{"href":"https:\/\/ucenfotec.ac.cr\/ecommerce\/wp-json\/wp\/v2\/product"}],"about":[{"href":"https:\/\/ucenfotec.ac.cr\/ecommerce\/wp-json\/wp\/v2\/types\/product"}],"wp:featuredmedia":[{"embeddable":true,"href":"https:\/\/ucenfotec.ac.cr\/ecommerce\/wp-json\/wp\/v2\/media\/53379"}],"wp:attachment":[{"href":"https:\/\/ucenfotec.ac.cr\/ecommerce\/wp-json\/wp\/v2\/media?parent=92462"}],"wp:term":[{"taxonomy":"product_brand","embeddable":true,"href":"https:\/\/ucenfotec.ac.cr\/ecommerce\/wp-json\/wp\/v2\/product_brand?post=92462"},{"taxonomy":"product_cat","embeddable":true,"href":"https:\/\/ucenfotec.ac.cr\/ecommerce\/wp-json\/wp\/v2\/product_cat?post=92462"},{"taxonomy":"product_tag","embeddable":true,"href":"https:\/\/ucenfotec.ac.cr\/ecommerce\/wp-json\/wp\/v2\/product_tag?post=92462"}],"curies":[{"name":"wp","href":"https:\/\/api.w.org\/{rel}","templated":true}]}}