{"id":95826,"date":"2024-11-12T11:47:23","date_gmt":"2024-11-12T17:47:23","guid":{"rendered":"https:\/\/ucenfotec.ac.cr\/ecommerce\/?post_type=product&#038;p=95826"},"modified":"2026-02-24T13:48:37","modified_gmt":"2026-02-24T19:48:37","slug":"estructuras-de-datos-avanzados-y-algoritmos-en-python","status":"publish","type":"product","link":"https:\/\/ucenfotec.ac.cr\/ecommerce\/producto\/estructuras-de-datos-avanzados-y-algoritmos-en-python\/","title":{"rendered":"Estructuras de Datos Avanzados y Algoritmos en Python"},"content":{"rendered":"<div class=\"fusion-fullwidth fullwidth-box fusion-builder-row-1 fusion-flex-container nonhundred-percent-fullwidth non-hundred-percent-height-scrolling\" style=\"--awb-border-radius-top-left:0px;--awb-border-radius-top-right:0px;--awb-border-radius-bottom-right:0px;--awb-border-radius-bottom-left:0px;--awb-flex-wrap:wrap;\" ><div class=\"fusion-builder-row fusion-row fusion-flex-align-items-flex-start fusion-flex-content-wrap\" style=\"max-width:1216.8px;margin-left: calc(-4% \/ 2 );margin-right: calc(-4% \/ 2 );\"><div class=\"fusion-layout-column fusion_builder_column fusion-builder-column-0 fusion_builder_column_1_1 1_1 fusion-flex-column\" style=\"--awb-bg-size:cover;--awb-width-large:100%;--awb-margin-top-large:0px;--awb-spacing-right-large:1.92%;--awb-margin-bottom-large:0px;--awb-spacing-left-large:1.92%;--awb-width-medium:100%;--awb-spacing-right-medium:1.92%;--awb-spacing-left-medium:1.92%;--awb-width-small:100%;--awb-spacing-right-small:1.92%;--awb-spacing-left-small:1.92%;\"><div class=\"fusion-column-wrapper fusion-flex-justify-content-flex-start fusion-content-layout-column\"><div class=\"fusion-text fusion-text-1\"><p><span data-sheets-root=\"1\">Python es un lenguaje de programaci\u00f3n de alto nivel, interpretado y de tipado din\u00e1mico que se destaca por su sintaxis clara y legible, lo que facilita su aprendizaje y uso en diversos \u00e1mbitos como desarrollo web, an\u00e1lisis de datos, inteligencia artificial y automatizaci\u00f3n.<\/span><\/p>\n<p><span data-sheets-root=\"1\">Las principales tem\u00e1ticas por abordar en el curso son las estructuras de datos avanzados, mapas y hash tables, m\u00e9todos avanzados y colecciones especializadas y el an\u00e1lisis de algoritmos y manejo de excepciones.<\/span><\/p>\n<p><span data-sheets-root=\"1\">El curso est\u00e1 dise\u00f1ado por competencias y alineado con el marco global de habilidades y competencias para un mundo digital SFIA8, por lo que se propone que los estudiantes logren responder a un nivel de responsabilidad 3, mediante programaci\u00f3n especializada en Python.<\/span><\/p>\n<hr \/>\n<p><strong>Contenidos<\/strong><\/p>\n<p><span data-sheets-root=\"1\">1. Estructuras de Datos Avanzados.<br \/>\n2. Mapas y Hash Tables.<br \/>\n3. M\u00e9todos avanzados y colecciones especializadas.<br \/>\n4. An\u00e1lisis de algoritmos y manejo de excepciones.<\/span><\/p>\n<hr \/>\n<div class=\"fusion-aligncenter\">\n<p><strong>Certificado e Insignia Digital<\/strong><\/p>\n<p>Al finalizar el curso el estudiante obtiene un t\u00edtulo e Insignia digital, socializable en tiempo real basada en tecnolog\u00eda blockchain que permite una vista m\u00e1s completa tras el logro alcanzado por el estudiante al poderla vincular con evidencias del resultado del aprendizaje en su perfil profesional. Es una certificaci\u00f3n segura.<\/p>\n<p><a href=\"https:\/\/ucenfotec.ac.cr\/ecommerce\/wp-content\/uploads\/sites\/13\/2024\/11\/SOFT-703-Estructuras-de-Datos-Avanzados-y-Algoritmos-en-Python.png\"><img decoding=\"async\" class=\"lazyload aligncenter size-full wp-image-175755\" src=\"https:\/\/ucenfotec.ac.cr\/ecommerce\/wp-content\/uploads\/sites\/13\/2024\/11\/SOFT-703-Estructuras-de-Datos-Avanzados-y-Algoritmos-en-Python.png\" data-orig-src=\"https:\/\/ucenfotec.ac.cr\/ecommerce\/wp-content\/uploads\/sites\/13\/2024\/11\/SOFT-703-Estructuras-de-Datos-Avanzados-y-Algoritmos-en-Python.png\" alt=\"SOFT-703-Estructuras de Datos Avanzados y Algoritmos en Python - Universidad CENFOTEC\" width=\"300\" height=\"300\" srcset=\"data:image\/svg+xml,%3Csvg%20xmlns%3D%27http%3A%2F%2Fwww.w3.org%2F2000%2Fsvg%27%20width%3D%27300%27%20height%3D%27300%27%20viewBox%3D%270%200%20300%20300%27%3E%3Crect%20width%3D%27300%27%20height%3D%27300%27%20fill-opacity%3D%220%22%2F%3E%3C%2Fsvg%3E\" data-srcset=\"https:\/\/ucenfotec.ac.cr\/ecommerce\/wp-content\/uploads\/sites\/13\/2024\/11\/SOFT-703-Estructuras-de-Datos-Avanzados-y-Algoritmos-en-Python-66x66.png 66w, https:\/\/ucenfotec.ac.cr\/ecommerce\/wp-content\/uploads\/sites\/13\/2024\/11\/SOFT-703-Estructuras-de-Datos-Avanzados-y-Algoritmos-en-Python-100x100.png 100w, https:\/\/ucenfotec.ac.cr\/ecommerce\/wp-content\/uploads\/sites\/13\/2024\/11\/SOFT-703-Estructuras-de-Datos-Avanzados-y-Algoritmos-en-Python-150x150.png 150w, https:\/\/ucenfotec.ac.cr\/ecommerce\/wp-content\/uploads\/sites\/13\/2024\/11\/SOFT-703-Estructuras-de-Datos-Avanzados-y-Algoritmos-en-Python-200x200.png 200w, https:\/\/ucenfotec.ac.cr\/ecommerce\/wp-content\/uploads\/sites\/13\/2024\/11\/SOFT-703-Estructuras-de-Datos-Avanzados-y-Algoritmos-en-Python.png 300w\" data-sizes=\"auto\" data-orig-sizes=\"(max-width: 300px) 100vw, 300px\" \/><\/a><\/p>\n<\/div>\n<hr \/>\n<\/div><\/div><\/div><\/div><\/div>\n","protected":false},"excerpt":{"rendered":"<p><span data-sheets-root=\"1\">Este curso proporciona los conocimientos necesarios para dominar las estructuras de datos avanzadas y algoritmos en Python, capacitando a los estudiantes para desarrollar aplicaciones eficientes y optimizadas.<\/span><\/p>\n","protected":false},"featured_media":53380,"template":"","meta":{"_relevanssi_hide_post":"on","_relevanssi_hide_content":"on","_relevanssi_pin_for_all":"","_relevanssi_pin_keywords":"","_relevanssi_unpin_keywords":"","_relevanssi_related_keywords":"","_relevanssi_related_include_ids":"","_relevanssi_related_exclude_ids":"","_relevanssi_related_no_append":"","_relevanssi_related_not_related":"","_relevanssi_related_posts":"","_relevanssi_noindex_reason":"WooCommerce Yoast SEO Relevanssi index exclude"},"product_brand":[],"product_cat":[1087,44],"product_tag":[1775,1785,1784,2819,1783,1790,2814,1779,2811,1778,2195,1782,1650,1697,1789,1780,2816,2813,2627,1776,1799,2815,1786,1777,1062,1787,2818,2812,2817,1781,1788],"class_list":{"0":"post-95826","1":"product","2":"type-product","3":"status-publish","4":"has-post-thumbnail","6":"product_cat-agotado","7":"product_cat-ingenieria-del-software","8":"product_tag-algoritmos","9":"product_tag-algoritmos-de-busqueda","10":"product_tag-algoritmos-de-ordenacion","11":"product_tag-analisis-de-algoritmos","12":"product_tag-analisis-de-big-o","13":"product_tag-analisis-de-rendimiento","14":"product_tag-arboles","15":"product_tag-arboles-binarios","16":"product_tag-arrays","17":"product_tag-colas","18":"product_tag-colecciones","19":"product_tag-complejidad-computacional","20":"product_tag-desarrollo-de-software","21":"product_tag-estructuras-de-datos","22":"product_tag-estructuras-eficientes","23":"product_tag-grafos","24":"product_tag-hash-tables","25":"product_tag-heaps","26":"product_tag-listas","27":"product_tag-listas-enlazadas","28":"product_tag-manejo-de-excepciones","29":"product_tag-mapas","30":"product_tag-optimizacion-de-codigo","31":"product_tag-pilas","32":"product_tag-python","33":"product_tag-rendimiento-de-algoritmos","34":"product_tag-reserve","35":"product_tag-sets","36":"product_tag-sort","37":"product_tag-tablas-hash","38":"product_tag-tecnicas-avanzadas-de-programacion","40":"first","41":"outofstock","42":"virtual","43":"sold-individually","44":"taxable","45":"product-type-simple"},"yoast_head":"<!-- This site is optimized with the Yoast SEO Premium plugin v27.4 (Yoast SEO v27.4) - https:\/\/yoast.com\/product\/yoast-seo-premium-wordpress\/ -->\n<title>Estructuras de Datos Avanzados y Algoritmos en Python<\/title>\n<meta name=\"description\" content=\"Aprenda a optimizar aplicaciones y manejar grandes vol\u00famenes de datos utilizando estructuras de datos avanzadas y algoritmos en Python de manera eficiente.\" \/>\n<meta name=\"robots\" content=\"index, follow, max-snippet:-1, max-image-preview:large, max-video-preview:-1\" \/>\n<link rel=\"canonical\" href=\"https:\/\/ucenfotec.ac.cr\/ecommerce\/producto\/estructuras-de-datos-avanzados-y-algoritmos-en-python\/\" \/>\n<meta property=\"og:locale\" content=\"es_ES\" \/>\n<meta property=\"og:type\" content=\"article\" \/>\n<meta property=\"og:title\" content=\"Estructuras de Datos Avanzados y Algoritmos en Python\" \/>\n<meta property=\"og:description\" content=\"Aprenda a optimizar aplicaciones y manejar grandes vol\u00famenes de datos utilizando estructuras de datos avanzadas y algoritmos en Python de manera eficiente.\" \/>\n<meta property=\"og:url\" content=\"https:\/\/ucenfotec.ac.cr\/ecommerce\/producto\/estructuras-de-datos-avanzados-y-algoritmos-en-python\/\" \/>\n<meta property=\"og:site_name\" content=\"Cursos - CENFOTEC\" \/>\n<meta property=\"article:modified_time\" content=\"2026-02-24T19:48:37+00:00\" \/>\n<meta property=\"og:image\" content=\"https:\/\/ucenfotec.ac.cr\/ecommerce\/wp-content\/uploads\/sites\/13\/2022\/05\/Software-Engineering.jpg\" \/>\n\t<meta property=\"og:image:width\" content=\"500\" \/>\n\t<meta property=\"og:image:height\" content=\"650\" \/>\n\t<meta property=\"og:image:type\" content=\"image\/jpeg\" \/>\n<meta name=\"twitter:card\" content=\"summary_large_image\" \/>\n<meta name=\"twitter:label1\" content=\"Tiempo de lectura\" \/>\n\t<meta name=\"twitter:data1\" content=\"1 minuto\" \/>\n<script type=\"application\/ld+json\" class=\"yoast-schema-graph\">{\"@context\":\"https:\\\/\\\/schema.org\",\"@graph\":[{\"@type\":\"WebPage\",\"@id\":\"https:\\\/\\\/ucenfotec.ac.cr\\\/ecommerce\\\/producto\\\/estructuras-de-datos-avanzados-y-algoritmos-en-python\\\/\",\"url\":\"https:\\\/\\\/ucenfotec.ac.cr\\\/ecommerce\\\/producto\\\/estructuras-de-datos-avanzados-y-algoritmos-en-python\\\/\",\"name\":\"Estructuras de Datos Avanzados y Algoritmos en Python\",\"isPartOf\":{\"@id\":\"https:\\\/\\\/ucenfotec.ac.cr\\\/ecommerce\\\/#website\"},\"primaryImageOfPage\":{\"@id\":\"https:\\\/\\\/ucenfotec.ac.cr\\\/ecommerce\\\/producto\\\/estructuras-de-datos-avanzados-y-algoritmos-en-python\\\/#primaryimage\"},\"image\":{\"@id\":\"https:\\\/\\\/ucenfotec.ac.cr\\\/ecommerce\\\/producto\\\/estructuras-de-datos-avanzados-y-algoritmos-en-python\\\/#primaryimage\"},\"thumbnailUrl\":\"https:\\\/\\\/ucenfotec.ac.cr\\\/ecommerce\\\/wp-content\\\/uploads\\\/sites\\\/13\\\/2022\\\/05\\\/Software-Engineering.jpg\",\"datePublished\":\"2024-11-12T17:47:23+00:00\",\"dateModified\":\"2026-02-24T19:48:37+00:00\",\"description\":\"Aprenda a optimizar aplicaciones y manejar grandes vol\u00famenes de datos utilizando estructuras de datos avanzadas y algoritmos en Python de manera eficiente.\",\"breadcrumb\":{\"@id\":\"https:\\\/\\\/ucenfotec.ac.cr\\\/ecommerce\\\/producto\\\/estructuras-de-datos-avanzados-y-algoritmos-en-python\\\/#breadcrumb\"},\"inLanguage\":\"es\",\"potentialAction\":[{\"@type\":\"ReadAction\",\"target\":[\"https:\\\/\\\/ucenfotec.ac.cr\\\/ecommerce\\\/producto\\\/estructuras-de-datos-avanzados-y-algoritmos-en-python\\\/\"]}]},{\"@type\":\"ImageObject\",\"inLanguage\":\"es\",\"@id\":\"https:\\\/\\\/ucenfotec.ac.cr\\\/ecommerce\\\/producto\\\/estructuras-de-datos-avanzados-y-algoritmos-en-python\\\/#primaryimage\",\"url\":\"https:\\\/\\\/ucenfotec.ac.cr\\\/ecommerce\\\/wp-content\\\/uploads\\\/sites\\\/13\\\/2022\\\/05\\\/Software-Engineering.jpg\",\"contentUrl\":\"https:\\\/\\\/ucenfotec.ac.cr\\\/ecommerce\\\/wp-content\\\/uploads\\\/sites\\\/13\\\/2022\\\/05\\\/Software-Engineering.jpg\",\"width\":500,\"height\":650,\"caption\":\"Ingenier\u00eda del Software - Universidad CENFOTEC\"},{\"@type\":\"BreadcrumbList\",\"@id\":\"https:\\\/\\\/ucenfotec.ac.cr\\\/ecommerce\\\/producto\\\/estructuras-de-datos-avanzados-y-algoritmos-en-python\\\/#breadcrumb\",\"itemListElement\":[{\"@type\":\"ListItem\",\"position\":1,\"name\":\"Portada\",\"item\":\"https:\\\/\\\/ucenfotec.ac.cr\\\/ecommerce\\\/\"},{\"@type\":\"ListItem\",\"position\":2,\"name\":\"Todos los Cursos\",\"item\":\"https:\\\/\\\/ucenfotec.ac.cr\\\/ecommerce\\\/todos-los-cursos\\\/\"},{\"@type\":\"ListItem\",\"position\":3,\"name\":\"Estructuras de Datos Avanzados y Algoritmos en Python\"}]},{\"@type\":\"WebSite\",\"@id\":\"https:\\\/\\\/ucenfotec.ac.cr\\\/ecommerce\\\/#website\",\"url\":\"https:\\\/\\\/ucenfotec.ac.cr\\\/ecommerce\\\/\",\"name\":\"Cursos - CENFOTEC\",\"description\":\"Tienda en l\u00ednea de cursos ofrecidos por CENFOTEC\",\"potentialAction\":[{\"@type\":\"SearchAction\",\"target\":{\"@type\":\"EntryPoint\",\"urlTemplate\":\"https:\\\/\\\/ucenfotec.ac.cr\\\/ecommerce\\\/?s={search_term_string}\"},\"query-input\":{\"@type\":\"PropertyValueSpecification\",\"valueRequired\":true,\"valueName\":\"search_term_string\"}}],\"inLanguage\":\"es\"}]}<\/script>\n<!-- \/ Yoast SEO Premium plugin. -->","yoast_head_json":{"title":"Estructuras de Datos Avanzados y Algoritmos en Python","description":"Aprenda a optimizar aplicaciones y manejar grandes vol\u00famenes de datos utilizando estructuras de datos avanzadas y algoritmos en Python de manera eficiente.","robots":{"index":"index","follow":"follow","max-snippet":"max-snippet:-1","max-image-preview":"max-image-preview:large","max-video-preview":"max-video-preview:-1"},"canonical":"https:\/\/ucenfotec.ac.cr\/ecommerce\/producto\/estructuras-de-datos-avanzados-y-algoritmos-en-python\/","og_locale":"es_ES","og_type":"article","og_title":"Estructuras de Datos Avanzados y Algoritmos en Python","og_description":"Aprenda a optimizar aplicaciones y manejar grandes vol\u00famenes de datos utilizando estructuras de datos avanzadas y algoritmos en Python de manera eficiente.","og_url":"https:\/\/ucenfotec.ac.cr\/ecommerce\/producto\/estructuras-de-datos-avanzados-y-algoritmos-en-python\/","og_site_name":"Cursos - CENFOTEC","article_modified_time":"2026-02-24T19:48:37+00:00","og_image":[{"width":500,"height":650,"url":"https:\/\/ucenfotec.ac.cr\/ecommerce\/wp-content\/uploads\/sites\/13\/2022\/05\/Software-Engineering.jpg","type":"image\/jpeg"}],"twitter_card":"summary_large_image","twitter_misc":{"Tiempo de lectura":"1 minuto"},"schema":{"@context":"https:\/\/schema.org","@graph":[{"@type":"WebPage","@id":"https:\/\/ucenfotec.ac.cr\/ecommerce\/producto\/estructuras-de-datos-avanzados-y-algoritmos-en-python\/","url":"https:\/\/ucenfotec.ac.cr\/ecommerce\/producto\/estructuras-de-datos-avanzados-y-algoritmos-en-python\/","name":"Estructuras de Datos Avanzados y Algoritmos en Python","isPartOf":{"@id":"https:\/\/ucenfotec.ac.cr\/ecommerce\/#website"},"primaryImageOfPage":{"@id":"https:\/\/ucenfotec.ac.cr\/ecommerce\/producto\/estructuras-de-datos-avanzados-y-algoritmos-en-python\/#primaryimage"},"image":{"@id":"https:\/\/ucenfotec.ac.cr\/ecommerce\/producto\/estructuras-de-datos-avanzados-y-algoritmos-en-python\/#primaryimage"},"thumbnailUrl":"https:\/\/ucenfotec.ac.cr\/ecommerce\/wp-content\/uploads\/sites\/13\/2022\/05\/Software-Engineering.jpg","datePublished":"2024-11-12T17:47:23+00:00","dateModified":"2026-02-24T19:48:37+00:00","description":"Aprenda a optimizar aplicaciones y manejar grandes vol\u00famenes de datos utilizando estructuras de datos avanzadas y algoritmos en Python de manera eficiente.","breadcrumb":{"@id":"https:\/\/ucenfotec.ac.cr\/ecommerce\/producto\/estructuras-de-datos-avanzados-y-algoritmos-en-python\/#breadcrumb"},"inLanguage":"es","potentialAction":[{"@type":"ReadAction","target":["https:\/\/ucenfotec.ac.cr\/ecommerce\/producto\/estructuras-de-datos-avanzados-y-algoritmos-en-python\/"]}]},{"@type":"ImageObject","inLanguage":"es","@id":"https:\/\/ucenfotec.ac.cr\/ecommerce\/producto\/estructuras-de-datos-avanzados-y-algoritmos-en-python\/#primaryimage","url":"https:\/\/ucenfotec.ac.cr\/ecommerce\/wp-content\/uploads\/sites\/13\/2022\/05\/Software-Engineering.jpg","contentUrl":"https:\/\/ucenfotec.ac.cr\/ecommerce\/wp-content\/uploads\/sites\/13\/2022\/05\/Software-Engineering.jpg","width":500,"height":650,"caption":"Ingenier\u00eda del Software - Universidad CENFOTEC"},{"@type":"BreadcrumbList","@id":"https:\/\/ucenfotec.ac.cr\/ecommerce\/producto\/estructuras-de-datos-avanzados-y-algoritmos-en-python\/#breadcrumb","itemListElement":[{"@type":"ListItem","position":1,"name":"Portada","item":"https:\/\/ucenfotec.ac.cr\/ecommerce\/"},{"@type":"ListItem","position":2,"name":"Todos los Cursos","item":"https:\/\/ucenfotec.ac.cr\/ecommerce\/todos-los-cursos\/"},{"@type":"ListItem","position":3,"name":"Estructuras de Datos Avanzados y Algoritmos en Python"}]},{"@type":"WebSite","@id":"https:\/\/ucenfotec.ac.cr\/ecommerce\/#website","url":"https:\/\/ucenfotec.ac.cr\/ecommerce\/","name":"Cursos - CENFOTEC","description":"Tienda en l\u00ednea de cursos ofrecidos por CENFOTEC","potentialAction":[{"@type":"SearchAction","target":{"@type":"EntryPoint","urlTemplate":"https:\/\/ucenfotec.ac.cr\/ecommerce\/?s={search_term_string}"},"query-input":{"@type":"PropertyValueSpecification","valueRequired":true,"valueName":"search_term_string"}}],"inLanguage":"es"}]}},"_links":{"self":[{"href":"https:\/\/ucenfotec.ac.cr\/ecommerce\/wp-json\/wp\/v2\/product\/95826","targetHints":{"allow":["GET"]}}],"collection":[{"href":"https:\/\/ucenfotec.ac.cr\/ecommerce\/wp-json\/wp\/v2\/product"}],"about":[{"href":"https:\/\/ucenfotec.ac.cr\/ecommerce\/wp-json\/wp\/v2\/types\/product"}],"wp:featuredmedia":[{"embeddable":true,"href":"https:\/\/ucenfotec.ac.cr\/ecommerce\/wp-json\/wp\/v2\/media\/53380"}],"wp:attachment":[{"href":"https:\/\/ucenfotec.ac.cr\/ecommerce\/wp-json\/wp\/v2\/media?parent=95826"}],"wp:term":[{"taxonomy":"product_brand","embeddable":true,"href":"https:\/\/ucenfotec.ac.cr\/ecommerce\/wp-json\/wp\/v2\/product_brand?post=95826"},{"taxonomy":"product_cat","embeddable":true,"href":"https:\/\/ucenfotec.ac.cr\/ecommerce\/wp-json\/wp\/v2\/product_cat?post=95826"},{"taxonomy":"product_tag","embeddable":true,"href":"https:\/\/ucenfotec.ac.cr\/ecommerce\/wp-json\/wp\/v2\/product_tag?post=95826"}],"curies":[{"name":"wp","href":"https:\/\/api.w.org\/{rel}","templated":true}]}}